{"id":427,"date":"2020-12-08T08:40:45","date_gmt":"2020-12-08T08:40:45","guid":{"rendered":"https:\/\/www.digitwin-ce.com?post_type=product&#038;p=427"},"modified":"2025-12-01T16:27:55","modified_gmt":"2025-12-01T16:27:55","slug":"ea-tool-advanced-2","status":"publish","type":"product","link":"https:\/\/www.digitwin-ce.com\/en\/product\/ea-tool-advanced-2\/","title":{"rendered":"Bizzdesign Advanced"},"content":{"rendered":"<p>This course will help you master the various elements of the Bizzdesign Enterprise Studio architectural platform and its methodology. You will learn how to use the ArchiMate\u00ae language within the powerful Bizzdesign software. Learn how Bizzdesign Enterprise Studio helps model, analyze, and transform the structure of your organization. Practical examples and exercises will allow you to easily put what you learn into practice.<\/p>\n<p>The training is designed for advanced. You will gain advanced practical knowledge for working with the modeling tool Bizzdesign Enterprise Studio, in which you will be able to apply knowledge of notations such as TOGAF, ArchiMate, UML, or BPMN in digital form.<\/p>","protected":false},"excerpt":{"rendered":"<p>Tento kurz V\u00e1m pom\u00f4\u017ee zvl\u00e1dnu\u0165 r\u00f4zne prvky architektonickej platformy Bizzdesign Enterprise Studio a jej metodol\u00f3giu. Nau\u010d\u00edte sa ako vyu\u017e\u00edva\u0165 jazyk ArchiMate\u00ae v r\u00e1mci v\u00fdkonn\u00e9ho softv\u00e9ru spolo\u010dnosti Bizzdesign. Dozviete sa, ako Bizzdesign Enterprise Studio pom\u00e1ha modelova\u0165, analyzova\u0165 a transformova\u0165 \u0161trukt\u00faru Va\u0161ej organiz\u00e1cie. Praktick\u00e9 pr\u00edklady a cvi\u010denia V\u00e1m umo\u017enia \u013eahko prenies\u0165 to, \u010do sa nau\u010d\u00edte do praxe. &hellip;<\/p>\n<p class=\"read-more\"> <a class=\"\" href=\"https:\/\/www.digitwin-ce.com\/en\/product\/ea-tool-advanced-2\/\"> <span class=\"screen-reader-text\">Bizzdesign Advanced<\/span> Read More &raquo;<\/a><\/p>","protected":false},"featured_media":448,"comment_status":"closed","ping_status":"closed","template":"","meta":{"_mi_skip_tracking":false,"ngg_post_thumbnail":0},"yoast_head":"<!-- This site is optimized with the Yoast SEO plugin v18.2 - https:\/\/yoast.com\/wordpress\/plugins\/seo\/ -->\n<title>Bizzdesign Advanced - digitWin<\/title>\n<meta name=\"description\" content=\"\u0160kolenie je ur\u010den\u00e9 pre pokro\u010dil\u00fdch. Z\u00edskate roz\u0161iruj\u00face praktick\u00e9 poznatky pre pr\u00e1cu s modelovac\u00edm n\u00e1strojom Bizzdesign Enterprise Studio, v ktorom budete vedie\u0165 aplikova\u0165 poznatky not\u00e1ci\u00ed ako TOGAF, ArchiMate, UML, \u010di BPMN do digit\u00e1lnej formy.\" \/>\n<meta name=\"robots\" content=\"index, follow, max-snippet:-1, max-image-preview:large, max-video-preview:-1\" \/>\n<link rel=\"canonical\" href=\"https:\/\/www.digitwin-ce.com\/en\/product\/ea-tool-advanced-2\/\" \/>\n<meta property=\"og:locale\" content=\"en_US\" \/>\n<meta property=\"og:type\" content=\"article\" \/>\n<meta property=\"og:title\" content=\"Bizzdesign Advanced - digitWin\" \/>\n<meta property=\"og:description\" content=\"\u0160kolenie je ur\u010den\u00e9 pre pokro\u010dil\u00fdch. Z\u00edskate roz\u0161iruj\u00face praktick\u00e9 poznatky pre pr\u00e1cu s modelovac\u00edm n\u00e1strojom Bizzdesign Enterprise Studio, v ktorom budete vedie\u0165 aplikova\u0165 poznatky not\u00e1ci\u00ed ako TOGAF, ArchiMate, UML, \u010di BPMN do digit\u00e1lnej formy.\" \/>\n<meta property=\"og:url\" content=\"https:\/\/www.digitwin-ce.com\/en\/product\/ea-tool-advanced-2\/\" \/>\n<meta property=\"og:site_name\" content=\"digitWin\" \/>\n<meta property=\"article:modified_time\" content=\"2025-12-01T16:27:55+00:00\" \/>\n<meta property=\"og:image\" content=\"https:\/\/www.digitwin-ce.com\/wp-content\/uploads\/2020\/12\/EA-TOOL_advanced.png\" \/>\n\t<meta property=\"og:image:width\" content=\"300\" \/>\n\t<meta property=\"og:image:height\" content=\"300\" \/>\n\t<meta property=\"og:image:type\" content=\"image\/png\" \/>\n<meta name=\"twitter:card\" content=\"summary_large_image\" \/>\n<meta name=\"twitter:label1\" content=\"Est. reading time\" \/>\n\t<meta name=\"twitter:data1\" content=\"1 minute\" \/>\n<script type=\"application\/ld+json\" class=\"yoast-schema-graph\">{\"@context\":\"https:\/\/schema.org\",\"@graph\":[{\"@type\":\"Organization\",\"@id\":\"https:\/\/www.digitwin-ce.com\/#organization\",\"name\":\"digitWin, s.r.o.\",\"url\":\"https:\/\/www.digitwin-ce.com\/\",\"sameAs\":[\"https:\/\/www.linkedin.com\/company\/digitwin-ce\/about\/\"],\"logo\":{\"@type\":\"ImageObject\",\"@id\":\"https:\/\/www.digitwin-ce.com\/#logo\",\"inLanguage\":\"en-US\",\"url\":\"https:\/\/www.digitwin-ce.com\/wp-content\/uploads\/2021\/03\/digitWin_logo_small.png\",\"contentUrl\":\"https:\/\/www.digitwin-ce.com\/wp-content\/uploads\/2021\/03\/digitWin_logo_small.png\",\"width\":410,\"height\":200,\"caption\":\"digitWin, s.r.o.\"},\"image\":{\"@id\":\"https:\/\/www.digitwin-ce.com\/#logo\"}},{\"@type\":\"WebSite\",\"@id\":\"https:\/\/www.digitwin-ce.com\/#website\",\"url\":\"https:\/\/www.digitwin-ce.com\/\",\"name\":\"digitWin\",\"description\":\"holistick\u00e1 architekt\u00fara \/ enterprise n\u00e1stroj \/ rie\u0161enie\",\"publisher\":{\"@id\":\"https:\/\/www.digitwin-ce.com\/#organization\"},\"potentialAction\":[{\"@type\":\"SearchAction\",\"target\":{\"@type\":\"EntryPoint\",\"urlTemplate\":\"https:\/\/www.digitwin-ce.com\/?s={search_term_string}\"},\"query-input\":\"required name=search_term_string\"}],\"inLanguage\":\"en-US\"},{\"@type\":\"ImageObject\",\"@id\":\"https:\/\/www.digitwin-ce.com\/product\/ea-tool-advanced-2\/#primaryimage\",\"inLanguage\":\"en-US\",\"url\":\"https:\/\/www.digitwin-ce.com\/wp-content\/uploads\/2020\/12\/EA-TOOL_advanced.png\",\"contentUrl\":\"https:\/\/www.digitwin-ce.com\/wp-content\/uploads\/2020\/12\/EA-TOOL_advanced.png\",\"width\":300,\"height\":300,\"caption\":\"ea tool advanced training\"},{\"@type\":\"WebPage\",\"@id\":\"https:\/\/www.digitwin-ce.com\/product\/ea-tool-advanced-2\/#webpage\",\"url\":\"https:\/\/www.digitwin-ce.com\/product\/ea-tool-advanced-2\/\",\"name\":\"Bizzdesign Advanced - digitWin\",\"isPartOf\":{\"@id\":\"https:\/\/www.digitwin-ce.com\/#website\"},\"primaryImageOfPage\":{\"@id\":\"https:\/\/www.digitwin-ce.com\/product\/ea-tool-advanced-2\/#primaryimage\"},\"datePublished\":\"2020-12-08T08:40:45+00:00\",\"dateModified\":\"2025-12-01T16:27:55+00:00\",\"description\":\"\u0160kolenie je ur\u010den\u00e9 pre pokro\u010dil\u00fdch. Z\u00edskate roz\u0161iruj\u00face praktick\u00e9 poznatky pre pr\u00e1cu s modelovac\u00edm n\u00e1strojom Bizzdesign Enterprise Studio, v ktorom budete vedie\u0165 aplikova\u0165 poznatky not\u00e1ci\u00ed ako TOGAF, ArchiMate, UML, \u010di BPMN do digit\u00e1lnej formy.\",\"breadcrumb\":{\"@id\":\"https:\/\/www.digitwin-ce.com\/product\/ea-tool-advanced-2\/#breadcrumb\"},\"inLanguage\":\"en-US\",\"potentialAction\":[{\"@type\":\"ReadAction\",\"target\":[\"https:\/\/www.digitwin-ce.com\/product\/ea-tool-advanced-2\/\"]}]},{\"@type\":\"BreadcrumbList\",\"@id\":\"https:\/\/www.digitwin-ce.com\/product\/ea-tool-advanced-2\/#breadcrumb\",\"itemListElement\":[{\"@type\":\"ListItem\",\"position\":1,\"name\":\"Domovsk\u00e1 str\u00e1nka\",\"item\":\"https:\/\/www.digitwin-ce.com\/\"},{\"@type\":\"ListItem\",\"position\":2,\"name\":\"\"},{\"@type\":\"ListItem\",\"position\":3,\"name\":\"Bizzdesign Advanced\"}]}]}<\/script>\n<!-- \/ Yoast SEO plugin. -->","yoast_head_json":{"title":"Bizzdesign Advanced - digitWin","description":"\u0160kolenie je ur\u010den\u00e9 pre pokro\u010dil\u00fdch. Z\u00edskate roz\u0161iruj\u00face praktick\u00e9 poznatky pre pr\u00e1cu s modelovac\u00edm n\u00e1strojom Bizzdesign Enterprise Studio, v ktorom budete vedie\u0165 aplikova\u0165 poznatky not\u00e1ci\u00ed ako TOGAF, ArchiMate, UML, \u010di BPMN do digit\u00e1lnej formy.","robots":{"index":"index","follow":"follow","max-snippet":"max-snippet:-1","max-image-preview":"max-image-preview:large","max-video-preview":"max-video-preview:-1"},"canonical":"https:\/\/www.digitwin-ce.com\/en\/product\/ea-tool-advanced-2\/","og_locale":"en_US","og_type":"article","og_title":"Bizzdesign Advanced - digitWin","og_description":"\u0160kolenie je ur\u010den\u00e9 pre pokro\u010dil\u00fdch. Z\u00edskate roz\u0161iruj\u00face praktick\u00e9 poznatky pre pr\u00e1cu s modelovac\u00edm n\u00e1strojom Bizzdesign Enterprise Studio, v ktorom budete vedie\u0165 aplikova\u0165 poznatky not\u00e1ci\u00ed ako TOGAF, ArchiMate, UML, \u010di BPMN do digit\u00e1lnej formy.","og_url":"https:\/\/www.digitwin-ce.com\/en\/product\/ea-tool-advanced-2\/","og_site_name":"digitWin","article_modified_time":"2025-12-01T16:27:55+00:00","og_image":[{"width":300,"height":300,"url":"https:\/\/www.digitwin-ce.com\/wp-content\/uploads\/2020\/12\/EA-TOOL_advanced.png","type":"image\/png"}],"twitter_card":"summary_large_image","twitter_misc":{"Est. reading time":"1 minute"},"schema":{"@context":"https:\/\/schema.org","@graph":[{"@type":"Organization","@id":"https:\/\/www.digitwin-ce.com\/#organization","name":"digitWin, s.r.o.","url":"https:\/\/www.digitwin-ce.com\/","sameAs":["https:\/\/www.linkedin.com\/company\/digitwin-ce\/about\/"],"logo":{"@type":"ImageObject","@id":"https:\/\/www.digitwin-ce.com\/#logo","inLanguage":"en-US","url":"https:\/\/www.digitwin-ce.com\/wp-content\/uploads\/2021\/03\/digitWin_logo_small.png","contentUrl":"https:\/\/www.digitwin-ce.com\/wp-content\/uploads\/2021\/03\/digitWin_logo_small.png","width":410,"height":200,"caption":"digitWin, s.r.o."},"image":{"@id":"https:\/\/www.digitwin-ce.com\/#logo"}},{"@type":"WebSite","@id":"https:\/\/www.digitwin-ce.com\/#website","url":"https:\/\/www.digitwin-ce.com\/","name":"digitWin","description":"holistick\u00e1 architekt\u00fara \/ enterprise n\u00e1stroj \/ rie\u0161enie","publisher":{"@id":"https:\/\/www.digitwin-ce.com\/#organization"},"potentialAction":[{"@type":"SearchAction","target":{"@type":"EntryPoint","urlTemplate":"https:\/\/www.digitwin-ce.com\/?s={search_term_string}"},"query-input":"required name=search_term_string"}],"inLanguage":"en-US"},{"@type":"ImageObject","@id":"https:\/\/www.digitwin-ce.com\/product\/ea-tool-advanced-2\/#primaryimage","inLanguage":"en-US","url":"https:\/\/www.digitwin-ce.com\/wp-content\/uploads\/2020\/12\/EA-TOOL_advanced.png","contentUrl":"https:\/\/www.digitwin-ce.com\/wp-content\/uploads\/2020\/12\/EA-TOOL_advanced.png","width":300,"height":300,"caption":"ea tool advanced training"},{"@type":"WebPage","@id":"https:\/\/www.digitwin-ce.com\/product\/ea-tool-advanced-2\/#webpage","url":"https:\/\/www.digitwin-ce.com\/product\/ea-tool-advanced-2\/","name":"Bizzdesign Advanced - digitWin","isPartOf":{"@id":"https:\/\/www.digitwin-ce.com\/#website"},"primaryImageOfPage":{"@id":"https:\/\/www.digitwin-ce.com\/product\/ea-tool-advanced-2\/#primaryimage"},"datePublished":"2020-12-08T08:40:45+00:00","dateModified":"2025-12-01T16:27:55+00:00","description":"\u0160kolenie je ur\u010den\u00e9 pre pokro\u010dil\u00fdch. Z\u00edskate roz\u0161iruj\u00face praktick\u00e9 poznatky pre pr\u00e1cu s modelovac\u00edm n\u00e1strojom Bizzdesign Enterprise Studio, v ktorom budete vedie\u0165 aplikova\u0165 poznatky not\u00e1ci\u00ed ako TOGAF, ArchiMate, UML, \u010di BPMN do digit\u00e1lnej formy.","breadcrumb":{"@id":"https:\/\/www.digitwin-ce.com\/product\/ea-tool-advanced-2\/#breadcrumb"},"inLanguage":"en-US","potentialAction":[{"@type":"ReadAction","target":["https:\/\/www.digitwin-ce.com\/product\/ea-tool-advanced-2\/"]}]},{"@type":"BreadcrumbList","@id":"https:\/\/www.digitwin-ce.com\/product\/ea-tool-advanced-2\/#breadcrumb","itemListElement":[{"@type":"ListItem","position":1,"name":"Domovsk\u00e1 str\u00e1nka","item":"https:\/\/www.digitwin-ce.com\/"},{"@type":"ListItem","position":2,"name":""},{"@type":"ListItem","position":3,"name":"Bizzdesign Advanced"}]}]}},"_links":{"self":[{"href":"https:\/\/www.digitwin-ce.com\/en\/wp-json\/wp\/v2\/product\/427"}],"collection":[{"href":"https:\/\/www.digitwin-ce.com\/en\/wp-json\/wp\/v2\/product"}],"about":[{"href":"https:\/\/www.digitwin-ce.com\/en\/wp-json\/wp\/v2\/types\/product"}],"replies":[{"embeddable":true,"href":"https:\/\/www.digitwin-ce.com\/en\/wp-json\/wp\/v2\/comments?post=427"}],"wp:featuredmedia":[{"embeddable":true,"href":"https:\/\/www.digitwin-ce.com\/en\/wp-json\/wp\/v2\/media\/448"}],"wp:attachment":[{"href":"https:\/\/www.digitwin-ce.com\/en\/wp-json\/wp\/v2\/media?parent=427"}],"curies":[{"name":"wp","href":"https:\/\/api.w.org\/{rel}","templated":true}]}}