{"id":853,"date":"2020-12-14T13:43:11","date_gmt":"2020-12-14T13:43:11","guid":{"rendered":"https:\/\/www.digitwin-ce.com?page_id=853"},"modified":"2025-12-01T16:34:15","modified_gmt":"2025-12-01T16:34:15","slug":"skolenia","status":"publish","type":"page","link":"https:\/\/www.digitwin-ce.com\/en\/trainings\/","title":{"rendered":"Trainings"},"content":{"rendered":"<h1 class=\"has-text-align-center ba-title\"><strong>TRAININGS<\/strong><\/h1>\n\n\n\n<div class=\"row justify-content-center mt-5 mb-2 w-1200 button-row\">\n\n<!--button id=\"btn-archi-indi\" class=\"w-240\"><strong>ArchiMate<\/strong> Jednotlivec<\/button-->\n<!--button id=\"btn-archi-inco\" class=\"w-240\"><strong>ArchiMate<\/strong> In Company<\/button-->\n \n<!--button id=\"btn-togaf-indi\" class=\"w-240\"><strong>TOGAF<\/strong> Jednotlivec<\/button-->\n<!--button id=\"btn-togaf-inco\" class=\"w-240\"><strong>TOGAF<\/strong> In Company<\/button-->\n<\/div>\n<div class=\"d-flex justify-content-center w-1200 button-row\"-->\n<button id=\"btn-bizz-indi\" class=\"w-240\"><strong>Bizzdesign<\/strong> Individual<\/button>\n<button id=\"btn-bizz-inco\" class=\"w-240\"><strong>Bizzdesign<\/strong> In Company<\/button>\n<!--button id=\"btn-boo-indi\" class=\"w-240\"><strong>Bootcamp<\/strong> Jednotlivec<\/button-->\n<!--button id=\"btn-boo-inco\" class=\"w-240\"><strong>Bootcamp<\/strong> In Company<\/button-->\n<\/div>\n \n<div id=\"archi-indi\" class=\"row hiden justify-content-center counters customContainer mt-4 mb-4 text-center sectionDivider\">\n<div class=\"col-lg-12 col-md-12 col-sm-12 m-auto\"> <div class=\"row justify-content-center categoriesBlock\"><div class=\"woocommerce columns-4 individul-product\"><\/div><\/div><\/div>\n<\/div>\n<div id=\"archi-inco\" class=\"row hiden justify-content-center counters customContainer mt-4 mb-4 text-center sectionDivider\">\n<div class=\"col-lg-12 col-md-12 col-sm-12 m-auto\"> <div class=\"row justify-content-center categoriesBlock\"><div class=\"woocommerce columns-4\"><\/div><\/div><\/div>\n<\/div>\n<div id=\"togaf-indi\" class=\"row hiden justify-content-center counters customContainer mt-4 mb-4 text-center sectionDivider\">\n<div class=\"col-lg-12 col-md-12 col-sm-12 m-auto\"> <div class=\"row justify-content-center categoriesBlock\"><div class=\"woocommerce columns-3\"><\/div><\/div><\/div>\n<\/div>\n<div id=\"togaf-inco\" class=\"row hiden justify-content-center counters customContainer mt-4 mb-4 text-center sectionDivider\">\n<div class=\"col-lg-12 col-md-12 col-sm-12 m-auto\"> <div class=\"row justify-content-center categoriesBlock\"><div class=\"woocommerce columns-3\"><\/div><\/div><\/div>\n<\/div>\n<div id=\"bizz-indi\" class=\"row hiden visible  justify-content-center counters customContainer mt-4 mb-4 text-center sectionDivider\">\n<div class=\"col-lg-12 col-md-12 col-sm-12 m-auto\"> <div class=\"row justify-content-center categoriesBlock\"><div class=\"woocommerce columns-4\"><ul class=\"products columns-4\">\n<li class=\"product type-product post-413 status-publish first instock product_cat-jednotlivec product_tag-bizzdesign has-post-thumbnail virtual taxable purchasable product-type-simple\">\n\t<\/li>\n<li class=\"product type-product post-412 status-publish instock product_cat-jednotlivec product_tag-bizzdesign has-post-thumbnail virtual taxable purchasable product-type-simple\">\n\t<\/li>\n<li class=\"product type-product post-411 status-publish instock product_cat-jednotlivec product_tag-bizzdesign has-post-thumbnail virtual taxable purchasable product-type-simple\">\n\t<\/li>\n<li class=\"product type-product post-410 status-publish last instock product_cat-jednotlivec product_tag-bizzdesign has-post-thumbnail virtual taxable purchasable product-type-simple\">\n\t<\/li>\n<\/ul>\n<\/div><\/div><\/div>\n<\/div>\n<div id=\"bizz-inco\" class=\"row hiden justify-content-center counters customContainer mt-4 mb-4 text-center sectionDivider\">\n<div class=\"col-lg-12 col-md-12 col-sm-12 m-auto\"> <div class=\"row justify-content-center categoriesBlock\"><div class=\"woocommerce columns-4\"><ul class=\"products columns-4\">\n<li class=\"product type-product post-429 status-publish first instock product_cat-in-company product_tag-bizzdesign has-post-thumbnail virtual taxable purchasable product-type-simple\">\n\t<\/li>\n<li class=\"product type-product post-428 status-publish instock product_cat-in-company product_tag-bizzdesign has-post-thumbnail virtual taxable purchasable product-type-simple\">\n\t<\/li>\n<li class=\"product type-product post-427 status-publish instock product_cat-in-company product_tag-bizzdesign has-post-thumbnail virtual taxable purchasable product-type-simple\">\n\t<\/li>\n<li class=\"product type-product post-426 status-publish last instock product_cat-in-company product_tag-bizzdesign has-post-thumbnail virtual taxable purchasable product-type-simple\">\n\t<\/li>\n<\/ul>\n<\/div><\/div><\/div>\n<\/div>\n<div id=\"boo-indi\" class=\"row hiden justify-content-center counters customContainer mt-4 mb-4 text-center sectionDivider\">\n<div class=\"col-lg-12 col-md-12 col-sm-12 m-auto\"> <div class=\"row justify-content-center categoriesBlock\"><div class=\"woocommerce columns-3\"><\/div><\/div><\/div>\n<\/div>\n<div id=\"boo-inco\" class=\"row hiden justify-content-center counters customContainer mt-4 mb-4 text-center sectionDivider\">\n<div class=\"col-lg-12 col-md-12 col-sm-12 m-auto\"> <div class=\"row justify-content-center categoriesBlock\"><div class=\"woocommerce columns-3\"><\/div><\/div><\/div>\n<\/div>","protected":false},"excerpt":{"rendered":"<p>\u0160KOLENIA Bizzdesign Jednotlivec Bizzdesign In Company<\/p>","protected":false},"author":1,"featured_media":0,"parent":0,"menu_order":0,"comment_status":"closed","ping_status":"closed","template":"","meta":{"_mi_skip_tracking":false,"ngg_post_thumbnail":0},"yoast_head":"<!-- This site is optimized with the Yoast SEO plugin v18.2 - https:\/\/yoast.com\/wordpress\/plugins\/seo\/ -->\n<title>\u0160kolenia - digitWin<\/title>\n<meta name=\"description\" content=\"Pon\u00fakame \u0161kolenia architektonickej not\u00e1cie, r\u00e1mca a n\u00e1stroja. Na\u0161im z\u00e1kazn\u00edkom pred\u00e1vame dlhoro\u010dn\u00e9 sk\u00fasenosti z oblasti enterprise architekt\u00fary.\" \/>\n<meta name=\"robots\" content=\"index, follow, max-snippet:-1, max-image-preview:large, max-video-preview:-1\" \/>\n<link rel=\"canonical\" href=\"https:\/\/digitwin-ce.com\/skolenia\/\" \/>\n<meta property=\"og:locale\" content=\"en_US\" \/>\n<meta property=\"og:type\" content=\"article\" \/>\n<meta property=\"og:title\" content=\"\u0160kolenia - digitWin\" \/>\n<meta property=\"og:description\" content=\"Pon\u00fakame \u0161kolenia architektonickej not\u00e1cie, r\u00e1mca a n\u00e1stroja. Na\u0161im z\u00e1kazn\u00edkom pred\u00e1vame dlhoro\u010dn\u00e9 sk\u00fasenosti z oblasti enterprise architekt\u00fary.\" \/>\n<meta property=\"og:url\" content=\"https:\/\/digitwin-ce.com\/skolenia\/\" \/>\n<meta property=\"og:site_name\" content=\"digitWin\" \/>\n<meta property=\"article:modified_time\" content=\"2025-12-01T16:34:15+00:00\" \/>\n<meta name=\"twitter:card\" content=\"summary_large_image\" \/>\n<meta name=\"twitter:label1\" content=\"Est. reading time\" \/>\n\t<meta name=\"twitter:data1\" content=\"1 minute\" \/>\n<script type=\"application\/ld+json\" class=\"yoast-schema-graph\">{\"@context\":\"https:\/\/schema.org\",\"@graph\":[{\"@type\":\"Organization\",\"@id\":\"https:\/\/www.digitwin-ce.com\/#organization\",\"name\":\"digitWin, s.r.o.\",\"url\":\"https:\/\/www.digitwin-ce.com\/\",\"sameAs\":[\"https:\/\/www.linkedin.com\/company\/digitwin-ce\/about\/\"],\"logo\":{\"@type\":\"ImageObject\",\"@id\":\"https:\/\/www.digitwin-ce.com\/#logo\",\"inLanguage\":\"en-US\",\"url\":\"https:\/\/www.digitwin-ce.com\/wp-content\/uploads\/2021\/03\/digitWin_logo_small.png\",\"contentUrl\":\"https:\/\/www.digitwin-ce.com\/wp-content\/uploads\/2021\/03\/digitWin_logo_small.png\",\"width\":410,\"height\":200,\"caption\":\"digitWin, s.r.o.\"},\"image\":{\"@id\":\"https:\/\/www.digitwin-ce.com\/#logo\"}},{\"@type\":\"WebSite\",\"@id\":\"https:\/\/www.digitwin-ce.com\/#website\",\"url\":\"https:\/\/www.digitwin-ce.com\/\",\"name\":\"digitWin\",\"description\":\"holistick\u00e1 architekt\u00fara \/ enterprise n\u00e1stroj \/ rie\u0161enie\",\"publisher\":{\"@id\":\"https:\/\/www.digitwin-ce.com\/#organization\"},\"potentialAction\":[{\"@type\":\"SearchAction\",\"target\":{\"@type\":\"EntryPoint\",\"urlTemplate\":\"https:\/\/www.digitwin-ce.com\/?s={search_term_string}\"},\"query-input\":\"required name=search_term_string\"}],\"inLanguage\":\"en-US\"},{\"@type\":\"WebPage\",\"@id\":\"https:\/\/digitwin-ce.com\/skolenia\/#webpage\",\"url\":\"https:\/\/digitwin-ce.com\/skolenia\/\",\"name\":\"\u0160kolenia - digitWin\",\"isPartOf\":{\"@id\":\"https:\/\/www.digitwin-ce.com\/#website\"},\"datePublished\":\"2020-12-14T13:43:11+00:00\",\"dateModified\":\"2025-12-01T16:34:15+00:00\",\"description\":\"Pon\u00fakame \u0161kolenia architektonickej not\u00e1cie, r\u00e1mca a n\u00e1stroja. Na\u0161im z\u00e1kazn\u00edkom pred\u00e1vame dlhoro\u010dn\u00e9 sk\u00fasenosti z oblasti enterprise architekt\u00fary.\",\"breadcrumb\":{\"@id\":\"https:\/\/digitwin-ce.com\/skolenia\/#breadcrumb\"},\"inLanguage\":\"en-US\",\"potentialAction\":[{\"@type\":\"ReadAction\",\"target\":[\"https:\/\/digitwin-ce.com\/skolenia\/\"]}]},{\"@type\":\"BreadcrumbList\",\"@id\":\"https:\/\/digitwin-ce.com\/skolenia\/#breadcrumb\",\"itemListElement\":[{\"@type\":\"ListItem\",\"position\":1,\"name\":\"Domovsk\u00e1 str\u00e1nka\",\"item\":\"https:\/\/www.digitwin-ce.com\/\"},{\"@type\":\"ListItem\",\"position\":2,\"name\":\"\u0160kolenia\"}]}]}<\/script>\n<!-- \/ Yoast SEO plugin. -->","yoast_head_json":{"title":"\u0160kolenia - digitWin","description":"Pon\u00fakame \u0161kolenia architektonickej not\u00e1cie, r\u00e1mca a n\u00e1stroja. Na\u0161im z\u00e1kazn\u00edkom pred\u00e1vame dlhoro\u010dn\u00e9 sk\u00fasenosti z oblasti enterprise architekt\u00fary.","robots":{"index":"index","follow":"follow","max-snippet":"max-snippet:-1","max-image-preview":"max-image-preview:large","max-video-preview":"max-video-preview:-1"},"canonical":"https:\/\/digitwin-ce.com\/skolenia\/","og_locale":"en_US","og_type":"article","og_title":"\u0160kolenia - digitWin","og_description":"Pon\u00fakame \u0161kolenia architektonickej not\u00e1cie, r\u00e1mca a n\u00e1stroja. Na\u0161im z\u00e1kazn\u00edkom pred\u00e1vame dlhoro\u010dn\u00e9 sk\u00fasenosti z oblasti enterprise architekt\u00fary.","og_url":"https:\/\/digitwin-ce.com\/skolenia\/","og_site_name":"digitWin","article_modified_time":"2025-12-01T16:34:15+00:00","twitter_card":"summary_large_image","twitter_misc":{"Est. reading time":"1 minute"},"schema":{"@context":"https:\/\/schema.org","@graph":[{"@type":"Organization","@id":"https:\/\/www.digitwin-ce.com\/#organization","name":"digitWin, s.r.o.","url":"https:\/\/www.digitwin-ce.com\/","sameAs":["https:\/\/www.linkedin.com\/company\/digitwin-ce\/about\/"],"logo":{"@type":"ImageObject","@id":"https:\/\/www.digitwin-ce.com\/#logo","inLanguage":"en-US","url":"https:\/\/www.digitwin-ce.com\/wp-content\/uploads\/2021\/03\/digitWin_logo_small.png","contentUrl":"https:\/\/www.digitwin-ce.com\/wp-content\/uploads\/2021\/03\/digitWin_logo_small.png","width":410,"height":200,"caption":"digitWin, s.r.o."},"image":{"@id":"https:\/\/www.digitwin-ce.com\/#logo"}},{"@type":"WebSite","@id":"https:\/\/www.digitwin-ce.com\/#website","url":"https:\/\/www.digitwin-ce.com\/","name":"digitWin","description":"holistick\u00e1 architekt\u00fara \/ enterprise n\u00e1stroj \/ rie\u0161enie","publisher":{"@id":"https:\/\/www.digitwin-ce.com\/#organization"},"potentialAction":[{"@type":"SearchAction","target":{"@type":"EntryPoint","urlTemplate":"https:\/\/www.digitwin-ce.com\/?s={search_term_string}"},"query-input":"required name=search_term_string"}],"inLanguage":"en-US"},{"@type":"WebPage","@id":"https:\/\/digitwin-ce.com\/skolenia\/#webpage","url":"https:\/\/digitwin-ce.com\/skolenia\/","name":"\u0160kolenia - digitWin","isPartOf":{"@id":"https:\/\/www.digitwin-ce.com\/#website"},"datePublished":"2020-12-14T13:43:11+00:00","dateModified":"2025-12-01T16:34:15+00:00","description":"Pon\u00fakame \u0161kolenia architektonickej not\u00e1cie, r\u00e1mca a n\u00e1stroja. Na\u0161im z\u00e1kazn\u00edkom pred\u00e1vame dlhoro\u010dn\u00e9 sk\u00fasenosti z oblasti enterprise architekt\u00fary.","breadcrumb":{"@id":"https:\/\/digitwin-ce.com\/skolenia\/#breadcrumb"},"inLanguage":"en-US","potentialAction":[{"@type":"ReadAction","target":["https:\/\/digitwin-ce.com\/skolenia\/"]}]},{"@type":"BreadcrumbList","@id":"https:\/\/digitwin-ce.com\/skolenia\/#breadcrumb","itemListElement":[{"@type":"ListItem","position":1,"name":"Domovsk\u00e1 str\u00e1nka","item":"https:\/\/www.digitwin-ce.com\/"},{"@type":"ListItem","position":2,"name":"\u0160kolenia"}]}]}},"_links":{"self":[{"href":"https:\/\/www.digitwin-ce.com\/en\/wp-json\/wp\/v2\/pages\/853"}],"collection":[{"href":"https:\/\/www.digitwin-ce.com\/en\/wp-json\/wp\/v2\/pages"}],"about":[{"href":"https:\/\/www.digitwin-ce.com\/en\/wp-json\/wp\/v2\/types\/page"}],"author":[{"embeddable":true,"href":"https:\/\/www.digitwin-ce.com\/en\/wp-json\/wp\/v2\/users\/1"}],"replies":[{"embeddable":true,"href":"https:\/\/www.digitwin-ce.com\/en\/wp-json\/wp\/v2\/comments?post=853"}],"version-history":[{"count":6,"href":"https:\/\/www.digitwin-ce.com\/en\/wp-json\/wp\/v2\/pages\/853\/revisions"}],"predecessor-version":[{"id":4291,"href":"https:\/\/www.digitwin-ce.com\/en\/wp-json\/wp\/v2\/pages\/853\/revisions\/4291"}],"wp:attachment":[{"href":"https:\/\/www.digitwin-ce.com\/en\/wp-json\/wp\/v2\/media?parent=853"}],"curies":[{"name":"wp","href":"https:\/\/api.w.org\/{rel}","templated":true}]}}