{"id":7,"date":"2020-12-02T13:48:07","date_gmt":"2020-12-02T13:48:07","guid":{"rendered":"https:\/\/www.digitwin-ce.com?page_id=7"},"modified":"2022-04-12T07:29:54","modified_gmt":"2022-04-12T07:29:54","slug":"biznis-oblasti","status":"publish","type":"page","link":"https:\/\/www.digitwin-ce.com\/en\/business-areas\/","title":{"rendered":"Business areas"},"content":{"rendered":"<h1 class=\"has-text-align-center ba-title\"><strong>BUSINESS AREAS<\/strong><\/h1>\n\n\n\n<h4 class=\"has-text-align-center ba-subtitle\">One source, one tool, a lot of perspectives.<\/h4>\n\n\n\n<div class=\"wp-block-columns\">\n<div class=\"wp-block-column ba-cart\">\n<div class=\"wp-block-image\"><figure class=\"aligncenter size-large\"><img loading=\"lazy\" width=\"260\" height=\"195\" src=\"https:\/\/www.digitwin-ce.com\/wp-content\/uploads\/2021\/03\/agile_transformation-1.png\" alt=\"\" class=\"wp-image-3351\" srcset=\"https:\/\/www.digitwin-ce.com\/wp-content\/uploads\/2021\/03\/agile_transformation-1.png 260w, https:\/\/www.digitwin-ce.com\/wp-content\/uploads\/2021\/03\/agile_transformation-1-16x12.png 16w\" sizes=\"(max-width: 260px) 100vw, 260px\" \/><\/figure><\/div>\n\n\n\n<h3 class=\"has-text-align-center\"><strong>Agile Digital Transformation<\/strong><\/h3>\n\n\n\n<p class=\"has-text-align-center\">Ensure a fast and well-timed delivery of innovation and digital products and services !<\/p>\n\n\n\n<a class=\"ba-link\" rel=\"noopener noreferrer\" target=\"_blank\" href=\"\/en\/biznis-oblasti\/optimalizacia-fungovania\/\">Optimization of Operations \u2192<\/a>\n<a class=\"ba-link\" rel=\"noopener noreferrer\" target=\"_blank\" href=\"\/en\/biznis-oblasti\/optimalizacia-it-zdrojov\/\">Optimization of IT resources \u2192<\/a>\n<a class=\"ba-link\" rel=\"noopener noreferrer\" target=\"_blank\" href=\"\/en\/biznis-oblasti\/racionalizacia-a-mapovanie-dat\/\">Data rationalization and mapping \u2192<\/a>\n<a class=\"ba-link\" rel=\"noopener noreferrer\" target=\"_blank\" href=\"\/en\/biznis-oblasti\/zavedenie-manazmentu-rizik-a-bezpecnosti\/\">Implementation of Risk and Security management \u2192<\/a>\n\n\n\n<p><\/p>\n<\/div>\n\n\n\n<div class=\"wp-block-column ba-cart\">\n<figure class=\"wp-block-image size-large\"><img loading=\"lazy\" width=\"800\" height=\"600\" src=\"https:\/\/www.digitwin-ce.comwp-content\/uploads\/2020\/12\/EPM.png\" alt=\"\" class=\"wp-image-635\" srcset=\"https:\/\/www.digitwin-ce.com\/wp-content\/uploads\/2020\/12\/EPM.png 800w, https:\/\/www.digitwin-ce.com\/wp-content\/uploads\/2020\/12\/EPM-300x225.png 300w, https:\/\/www.digitwin-ce.com\/wp-content\/uploads\/2020\/12\/EPM-768x576.png 768w, https:\/\/www.digitwin-ce.com\/wp-content\/uploads\/2020\/12\/EPM-16x12.png 16w\" sizes=\"(max-width: 800px) 100vw, 800px\" \/><\/figure>\n\n\n\n<h3 class=\"has-text-align-center\"><strong>Enterprise <strong>Portfolio Management<\/strong><\/strong><\/h3>\n\n\n\n<p class=\"has-text-align-center\">Make smart priority decisions on your organization\u2019s change initiatives !<\/p>\n\n\n\n<a class=\"ba-link\" rel=\"noopener noreferrer\" target=\"_blank\" href=\"\/en\/biznis-oblasti\/racionalizacia-aplikacneho-portfolia\/\">Application portfolio rationalization \u2192<\/a>\n<a class=\"ba-link\" rel=\"noopener noreferrer\" target=\"_blank\" href=\"\/en\/biznis-oblasti\/migracia-do-cloudu\/\">Cloud migration \u2192<\/a>\n<a class=\"ba-link\" rel=\"noopener noreferrer\" target=\"_blank\" href=\"\/en\/biznis-oblasti\/racionalizacia-infrastruktury\/\">Infrastructure rationalization \u2192<\/a>\n<a class=\"ba-link\" rel=\"noopener noreferrer\" target=\"_blank\" href=\"\/en\/biznis-oblasti\/medziaplikacne-zavislosti\/\">Application interdependencies \u2192<\/a>\n<a class=\"ba-link\" rel=\"noopener noreferrer\" target=\"_blank\" href=\"\/en\/biznis-oblasti\/migracia-infrastruktury\/\">Infrastructure migration \u2192<\/a>\n<\/div>\n\n\n\n<div class=\"wp-block-column ba-cart\">\n<figure class=\"wp-block-image size-large\"><img loading=\"lazy\" width=\"800\" height=\"600\" src=\"https:\/\/www.digitwin-ce.comwp-content\/uploads\/2020\/12\/BPM.png\" alt=\"\" class=\"wp-image-631\" srcset=\"https:\/\/www.digitwin-ce.com\/wp-content\/uploads\/2020\/12\/BPM.png 800w, https:\/\/www.digitwin-ce.com\/wp-content\/uploads\/2020\/12\/BPM-300x225.png 300w, https:\/\/www.digitwin-ce.com\/wp-content\/uploads\/2020\/12\/BPM-768x576.png 768w, https:\/\/www.digitwin-ce.com\/wp-content\/uploads\/2020\/12\/BPM-16x12.png 16w\" sizes=\"(max-width: 800px) 100vw, 800px\" \/><\/figure>\n\n\n\n<h3 class=\"has-text-align-center\"><strong>Business Process Management<\/strong><\/h3>\n\n\n\n<p class=\"has-text-align-center\">Optimize business processes and deliver more value with less resources !<\/p>\n\n\n\n<a class=\"ba-link\" rel=\"noopener noreferrer\" target=\"_blank\" href=\"\/en\/biznis-oblasti\/optimalizacia-procesov\/\">Process optimization \u2192<\/a>\n\n\n\n<p><\/p>\n<\/div>\n<\/div>\n\n\n\n<div class=\"wp-block-columns\">\n<div class=\"wp-block-column ba-cart\">\n<figure class=\"wp-block-image size-large\"><img loading=\"lazy\" width=\"800\" height=\"600\" src=\"https:\/\/www.digitwin-ce.comwp-content\/uploads\/2020\/12\/BMS.png\" alt=\"\" class=\"wp-image-1173\" srcset=\"https:\/\/www.digitwin-ce.com\/wp-content\/uploads\/2020\/12\/BMS.png 800w, https:\/\/www.digitwin-ce.com\/wp-content\/uploads\/2020\/12\/BMS-300x225.png 300w, https:\/\/www.digitwin-ce.com\/wp-content\/uploads\/2020\/12\/BMS-768x576.png 768w, https:\/\/www.digitwin-ce.com\/wp-content\/uploads\/2020\/12\/BMS-16x12.png 16w\" sizes=\"(max-width: 800px) 100vw, 800px\" \/><\/figure>\n\n\n\n<h3 class=\"has-text-align-center\"><strong>Business Model &amp; Strategy<\/strong><\/h3>\n\n\n\n<p class=\"has-text-align-center\">Design a business strategy for the digital age and connect it with the operations and processes of execution in your organization !<\/p>\n\n\n\n<a class=\"ba-link\" rel=\"noopener noreferrer\" target=\"_blank\" href=\"\/en\/biznis-oblasti\/podpora-definicie-biznis-modelu\/\">Support of Business model definition \u2192<\/a>\n<a class=\"ba-link\" rel=\"noopener noreferrer\" target=\"_blank\" href=\"\/en\/biznis-oblasti\/podpora-definicie-vizie-a-strategie-firmy\/\">Support of Business vision and strategy \u2192<\/a>\n<a class=\"ba-link\" rel=\"noopener noreferrer\" target=\"_blank\" href=\"\/en\/biznis-oblasti\/podpora-iniciativ-zameranych-na-zakaznicke-potreby\/\">Support of initiatives focused on customer needs \u2192<\/a>\n<a class=\"ba-link\" rel=\"noopener noreferrer\" target=\"_blank\" href=\"\/en\/biznis-oblasti\/podpora-naplnania-strategie\/\">Support of strategy achievement \u2192<\/a>\n<a class=\"ba-link\" rel=\"noopener noreferrer\" target=\"_blank\" href=\"\/en\/biznis-oblasti\/racionalizacia-produktoveho-portfolia\/\">Product portfolio rationalization \u2192<\/a>\n\n\n\n<p><\/p>\n<\/div>\n\n\n\n<div class=\"wp-block-column ba-cart\">\n<figure class=\"wp-block-image size-large\"><img loading=\"lazy\" width=\"800\" height=\"600\" src=\"https:\/\/www.digitwin-ce.comwp-content\/uploads\/2020\/12\/GRC.png\" alt=\"\" class=\"wp-image-637\" srcset=\"https:\/\/www.digitwin-ce.com\/wp-content\/uploads\/2020\/12\/GRC.png 800w, https:\/\/www.digitwin-ce.com\/wp-content\/uploads\/2020\/12\/GRC-300x225.png 300w, https:\/\/www.digitwin-ce.com\/wp-content\/uploads\/2020\/12\/GRC-768x576.png 768w, https:\/\/www.digitwin-ce.com\/wp-content\/uploads\/2020\/12\/GRC-16x12.png 16w\" sizes=\"(max-width: 800px) 100vw, 800px\" \/><\/figure>\n\n\n\n<h3 class=\"has-text-align-center\"><strong><strong><strong>Governance, Risk &amp; Compliance<\/strong><\/strong><\/strong><\/h3>\n\n\n\n<p class=\"has-text-align-center\">Manage technology and information risk and execute an integral information security strategy !<\/p>\n\n\n\n<a class=\"ba-link\" rel=\"noopener noreferrer\" target=\"_blank\" href=\"\/en\/biznis-oblasti\/podpora-business-continuity-management-a-disaster-recovery\/\">Support of Business continuity management and disaster recovery \u2192<\/a>\n<a class=\"ba-link\" rel=\"noopener noreferrer\" target=\"_blank\" href=\"\/en\/biznis-oblasti\/podpora-vykonavania-zmien-kontrolovanym-sposobom\/\">Support of change realization on a controlled way \u2192<\/a>\n\n\n\n<p><\/p>\n<\/div>\n\n\n\n<div class=\"wp-block-column ba-cart\">\n<figure class=\"wp-block-image size-large\"><img loading=\"lazy\" width=\"800\" height=\"600\" src=\"https:\/\/www.digitwin-ce.comwp-content\/uploads\/2020\/12\/DMM.png\" alt=\"\" class=\"wp-image-643\" srcset=\"https:\/\/www.digitwin-ce.com\/wp-content\/uploads\/2020\/12\/DMM.png 800w, https:\/\/www.digitwin-ce.com\/wp-content\/uploads\/2020\/12\/DMM-300x225.png 300w, https:\/\/www.digitwin-ce.com\/wp-content\/uploads\/2020\/12\/DMM-768x576.png 768w, https:\/\/www.digitwin-ce.com\/wp-content\/uploads\/2020\/12\/DMM-16x12.png 16w\" sizes=\"(max-width: 800px) 100vw, 800px\" \/><\/figure>\n\n\n\n<h3 class=\"has-text-align-center\"><strong><strong>Decision Making &amp; Management<\/strong><\/strong><\/h3>\n\n\n\n<p class=\"has-text-align-center\">Lead your enterprise transformation by making better and faster decisions based on data and information !<\/p>\n\n\n\n<a class=\"ba-link\" rel=\"noopener noreferrer\" target=\"_blank\" href=\"\/en\/biznis-oblasti\/business-kritickost-komponentov-organizacie\/\">Business criticality of organizational components \u2192<\/a>\n<a class=\"ba-link\" rel=\"noopener noreferrer\" target=\"_blank\" href=\"\/en\/biznis-oblasti\/podpora-agilnej-organizacie\/\">Support of an agile organization \u2192<\/a>\n<a class=\"ba-link\" rel=\"noopener noreferrer\" target=\"_blank\" href=\"\/en\/biznis-oblasti\/podpora-projektoveho-manazmentu\/\">Support of project management \u2192<\/a>\n<a class=\"ba-link\" rel=\"noopener noreferrer\" target=\"_blank\" href=\"\/en\/biznis-oblasti\/podpora-vykonavania-manazerskych-analyz-napr-swot\/\">Support of management analyses (e.g. SWOT) \u2192<\/a>\n\n\n\n<p><\/p>\n<\/div>\n<\/div>\n\n\n\n<div class=\"wp-block-group action-button\"><div class=\"wp-block-group__inner-container\">\n<p><\/p>\n\n\n\n<h1 class=\"has-text-align-center\"><strong>Do not know where to start?<\/strong><\/h1>\n\n\n\n<div class=\"wp-block-buttons aligncenter\">\n<div class=\"wp-block-button\"><a class=\"wp-block-button__link\" href=\"https:\/\/www.digitwin-ce.com\/en\/demo-trial-poc\/?selectedValue=Bli%C5%BE%C5%A1ie%20inform%C3%A1cie%20o%20n%C3%A1stroji%20Bizzdesign\" target=\"_blank\" rel=\"noreferrer noopener\">Let's discuss<\/a><\/div>\n<\/div>\n<\/div><\/div>","protected":false},"excerpt":{"rendered":"<p>BIZNIS OBLASTI Jeden zdroj, jeden n\u00e1stroj, mnoho perspekt\u00edv. Agile Digital Transformation Zabezpe\u010dte r\u00fdchle a dobre na\u010dasovan\u00e9 dodanie inov\u00e1cii a digit\u00e1lnych produktov a slu\u017eieb ! Optimaliz\u00e1cia fungovania \u2192 Optimaliz\u00e1cia IT zdrojov \u2192 Racionaliz\u00e1cia a\u202fmapovanie d\u00e1t \u2192 Zavedenie mana\u017ementu riz\u00edk a\u202fbezpe\u010dnosti \u2192 Enterprise Portfolio Management Robte smart rozhodnutia o priorit\u00e1ch pri realiz\u00e1cii zmeny vo Va\u0161ej organizacii ! &hellip;<\/p>\n<p class=\"read-more\"> <a class=\"\" href=\"https:\/\/www.digitwin-ce.com\/en\/business-areas\/\"> <span class=\"screen-reader-text\">Business areas<\/span> Read More &raquo;<\/a><\/p>","protected":false},"author":1,"featured_media":0,"parent":0,"menu_order":0,"comment_status":"closed","ping_status":"closed","template":"","meta":{"_mi_skip_tracking":false,"ngg_post_thumbnail":0},"yoast_head":"<!-- This site is optimized with the Yoast SEO plugin v18.2 - https:\/\/yoast.com\/wordpress\/plugins\/seo\/ -->\n<title>Biznis oblasti - digitWin<\/title>\n<meta name=\"description\" content=\"Jednotliv\u00e9 biznis oblasti ako celok vytv\u00e1raj\u00fa holistick\u00fa enterprise architekt\u00faru, prostredn\u00edctvom ktorej sa realizuj\u00fa zmeny, a to na z\u00e1klade d\u00e1t.\" \/>\n<meta name=\"robots\" content=\"index, follow, max-snippet:-1, max-image-preview:large, max-video-preview:-1\" \/>\n<link rel=\"canonical\" href=\"https:\/\/digitwin-ce.com\/biznis-oblasti\/\" \/>\n<meta property=\"og:locale\" content=\"en_US\" \/>\n<meta property=\"og:type\" content=\"article\" \/>\n<meta property=\"og:title\" content=\"Biznis oblasti - digitWin\" \/>\n<meta property=\"og:description\" content=\"Jednotliv\u00e9 biznis oblasti ako celok vytv\u00e1raj\u00fa holistick\u00fa enterprise architekt\u00faru, prostredn\u00edctvom ktorej sa realizuj\u00fa zmeny, a to na z\u00e1klade d\u00e1t.\" \/>\n<meta property=\"og:url\" content=\"https:\/\/digitwin-ce.com\/biznis-oblasti\/\" \/>\n<meta property=\"og:site_name\" content=\"digitWin\" \/>\n<meta property=\"article:modified_time\" content=\"2022-04-12T07:29:54+00:00\" \/>\n<meta property=\"og:image\" content=\"https:\/\/www.digitwin-ce.com\/wp-content\/uploads\/2021\/03\/agile_transformation-1.png\" \/>\n<meta name=\"twitter:card\" content=\"summary_large_image\" \/>\n<meta name=\"twitter:label1\" content=\"Est. reading time\" \/>\n\t<meta name=\"twitter:data1\" content=\"3 minutes\" \/>\n<script type=\"application\/ld+json\" class=\"yoast-schema-graph\">{\"@context\":\"https:\/\/schema.org\",\"@graph\":[{\"@type\":\"Organization\",\"@id\":\"https:\/\/www.digitwin-ce.com\/#organization\",\"name\":\"digitWin, s.r.o.\",\"url\":\"https:\/\/www.digitwin-ce.com\/\",\"sameAs\":[\"https:\/\/www.linkedin.com\/company\/digitwin-ce\/about\/\"],\"logo\":{\"@type\":\"ImageObject\",\"@id\":\"https:\/\/www.digitwin-ce.com\/#logo\",\"inLanguage\":\"en-US\",\"url\":\"https:\/\/www.digitwin-ce.com\/wp-content\/uploads\/2021\/03\/digitWin_logo_small.png\",\"contentUrl\":\"https:\/\/www.digitwin-ce.com\/wp-content\/uploads\/2021\/03\/digitWin_logo_small.png\",\"width\":410,\"height\":200,\"caption\":\"digitWin, s.r.o.\"},\"image\":{\"@id\":\"https:\/\/www.digitwin-ce.com\/#logo\"}},{\"@type\":\"WebSite\",\"@id\":\"https:\/\/www.digitwin-ce.com\/#website\",\"url\":\"https:\/\/www.digitwin-ce.com\/\",\"name\":\"digitWin\",\"description\":\"holistick\u00e1 architekt\u00fara \/ enterprise n\u00e1stroj \/ rie\u0161enie\",\"publisher\":{\"@id\":\"https:\/\/www.digitwin-ce.com\/#organization\"},\"potentialAction\":[{\"@type\":\"SearchAction\",\"target\":{\"@type\":\"EntryPoint\",\"urlTemplate\":\"https:\/\/www.digitwin-ce.com\/?s={search_term_string}\"},\"query-input\":\"required name=search_term_string\"}],\"inLanguage\":\"en-US\"},{\"@type\":\"ImageObject\",\"@id\":\"https:\/\/digitwin-ce.com\/biznis-oblasti\/#primaryimage\",\"inLanguage\":\"en-US\",\"url\":\"https:\/\/www.digitwin-ce.com\/wp-content\/uploads\/2021\/03\/agile_transformation-1.png\",\"contentUrl\":\"https:\/\/www.digitwin-ce.com\/wp-content\/uploads\/2021\/03\/agile_transformation-1.png\",\"width\":260,\"height\":195},{\"@type\":\"WebPage\",\"@id\":\"https:\/\/digitwin-ce.com\/biznis-oblasti\/#webpage\",\"url\":\"https:\/\/digitwin-ce.com\/biznis-oblasti\/\",\"name\":\"Biznis oblasti - digitWin\",\"isPartOf\":{\"@id\":\"https:\/\/www.digitwin-ce.com\/#website\"},\"primaryImageOfPage\":{\"@id\":\"https:\/\/digitwin-ce.com\/biznis-oblasti\/#primaryimage\"},\"datePublished\":\"2020-12-02T13:48:07+00:00\",\"dateModified\":\"2022-04-12T07:29:54+00:00\",\"description\":\"Jednotliv\u00e9 biznis oblasti ako celok vytv\u00e1raj\u00fa holistick\u00fa enterprise architekt\u00faru, prostredn\u00edctvom ktorej sa realizuj\u00fa zmeny, a to na z\u00e1klade d\u00e1t.\",\"breadcrumb\":{\"@id\":\"https:\/\/digitwin-ce.com\/biznis-oblasti\/#breadcrumb\"},\"inLanguage\":\"en-US\",\"potentialAction\":[{\"@type\":\"ReadAction\",\"target\":[\"https:\/\/digitwin-ce.com\/biznis-oblasti\/\"]}]},{\"@type\":\"BreadcrumbList\",\"@id\":\"https:\/\/digitwin-ce.com\/biznis-oblasti\/#breadcrumb\",\"itemListElement\":[{\"@type\":\"ListItem\",\"position\":1,\"name\":\"Domovsk\u00e1 str\u00e1nka\",\"item\":\"https:\/\/www.digitwin-ce.com\/\"},{\"@type\":\"ListItem\",\"position\":2,\"name\":\"Biznis oblasti\"}]}]}<\/script>\n<!-- \/ Yoast SEO plugin. -->","yoast_head_json":{"title":"Biznis oblasti - digitWin","description":"Jednotliv\u00e9 biznis oblasti ako celok vytv\u00e1raj\u00fa holistick\u00fa enterprise architekt\u00faru, prostredn\u00edctvom ktorej sa realizuj\u00fa zmeny, a to na z\u00e1klade d\u00e1t.","robots":{"index":"index","follow":"follow","max-snippet":"max-snippet:-1","max-image-preview":"max-image-preview:large","max-video-preview":"max-video-preview:-1"},"canonical":"https:\/\/digitwin-ce.com\/biznis-oblasti\/","og_locale":"en_US","og_type":"article","og_title":"Biznis oblasti - digitWin","og_description":"Jednotliv\u00e9 biznis oblasti ako celok vytv\u00e1raj\u00fa holistick\u00fa enterprise architekt\u00faru, prostredn\u00edctvom ktorej sa realizuj\u00fa zmeny, a to na z\u00e1klade d\u00e1t.","og_url":"https:\/\/digitwin-ce.com\/biznis-oblasti\/","og_site_name":"digitWin","article_modified_time":"2022-04-12T07:29:54+00:00","og_image":[{"url":"https:\/\/www.digitwin-ce.com\/wp-content\/uploads\/2021\/03\/agile_transformation-1.png"}],"twitter_card":"summary_large_image","twitter_misc":{"Est. reading time":"3 minutes"},"schema":{"@context":"https:\/\/schema.org","@graph":[{"@type":"Organization","@id":"https:\/\/www.digitwin-ce.com\/#organization","name":"digitWin, s.r.o.","url":"https:\/\/www.digitwin-ce.com\/","sameAs":["https:\/\/www.linkedin.com\/company\/digitwin-ce\/about\/"],"logo":{"@type":"ImageObject","@id":"https:\/\/www.digitwin-ce.com\/#logo","inLanguage":"en-US","url":"https:\/\/www.digitwin-ce.com\/wp-content\/uploads\/2021\/03\/digitWin_logo_small.png","contentUrl":"https:\/\/www.digitwin-ce.com\/wp-content\/uploads\/2021\/03\/digitWin_logo_small.png","width":410,"height":200,"caption":"digitWin, s.r.o."},"image":{"@id":"https:\/\/www.digitwin-ce.com\/#logo"}},{"@type":"WebSite","@id":"https:\/\/www.digitwin-ce.com\/#website","url":"https:\/\/www.digitwin-ce.com\/","name":"digitWin","description":"holistick\u00e1 architekt\u00fara \/ enterprise n\u00e1stroj \/ rie\u0161enie","publisher":{"@id":"https:\/\/www.digitwin-ce.com\/#organization"},"potentialAction":[{"@type":"SearchAction","target":{"@type":"EntryPoint","urlTemplate":"https:\/\/www.digitwin-ce.com\/?s={search_term_string}"},"query-input":"required name=search_term_string"}],"inLanguage":"en-US"},{"@type":"ImageObject","@id":"https:\/\/digitwin-ce.com\/biznis-oblasti\/#primaryimage","inLanguage":"en-US","url":"https:\/\/www.digitwin-ce.com\/wp-content\/uploads\/2021\/03\/agile_transformation-1.png","contentUrl":"https:\/\/www.digitwin-ce.com\/wp-content\/uploads\/2021\/03\/agile_transformation-1.png","width":260,"height":195},{"@type":"WebPage","@id":"https:\/\/digitwin-ce.com\/biznis-oblasti\/#webpage","url":"https:\/\/digitwin-ce.com\/biznis-oblasti\/","name":"Biznis oblasti - digitWin","isPartOf":{"@id":"https:\/\/www.digitwin-ce.com\/#website"},"primaryImageOfPage":{"@id":"https:\/\/digitwin-ce.com\/biznis-oblasti\/#primaryimage"},"datePublished":"2020-12-02T13:48:07+00:00","dateModified":"2022-04-12T07:29:54+00:00","description":"Jednotliv\u00e9 biznis oblasti ako celok vytv\u00e1raj\u00fa holistick\u00fa enterprise architekt\u00faru, prostredn\u00edctvom ktorej sa realizuj\u00fa zmeny, a to na z\u00e1klade d\u00e1t.","breadcrumb":{"@id":"https:\/\/digitwin-ce.com\/biznis-oblasti\/#breadcrumb"},"inLanguage":"en-US","potentialAction":[{"@type":"ReadAction","target":["https:\/\/digitwin-ce.com\/biznis-oblasti\/"]}]},{"@type":"BreadcrumbList","@id":"https:\/\/digitwin-ce.com\/biznis-oblasti\/#breadcrumb","itemListElement":[{"@type":"ListItem","position":1,"name":"Domovsk\u00e1 str\u00e1nka","item":"https:\/\/www.digitwin-ce.com\/"},{"@type":"ListItem","position":2,"name":"Biznis oblasti"}]}]}},"_links":{"self":[{"href":"https:\/\/www.digitwin-ce.com\/en\/wp-json\/wp\/v2\/pages\/7"}],"collection":[{"href":"https:\/\/www.digitwin-ce.com\/en\/wp-json\/wp\/v2\/pages"}],"about":[{"href":"https:\/\/www.digitwin-ce.com\/en\/wp-json\/wp\/v2\/types\/page"}],"author":[{"embeddable":true,"href":"https:\/\/www.digitwin-ce.com\/en\/wp-json\/wp\/v2\/users\/1"}],"replies":[{"embeddable":true,"href":"https:\/\/www.digitwin-ce.com\/en\/wp-json\/wp\/v2\/comments?post=7"}],"version-history":[{"count":6,"href":"https:\/\/www.digitwin-ce.com\/en\/wp-json\/wp\/v2\/pages\/7\/revisions"}],"predecessor-version":[{"id":4061,"href":"https:\/\/www.digitwin-ce.com\/en\/wp-json\/wp\/v2\/pages\/7\/revisions\/4061"}],"wp:attachment":[{"href":"https:\/\/www.digitwin-ce.com\/en\/wp-json\/wp\/v2\/media?parent=7"}],"curies":[{"name":"wp","href":"https:\/\/api.w.org\/{rel}","templated":true}]}}