{"id":6,"date":"2020-12-02T13:48:07","date_gmt":"2020-12-02T13:48:07","guid":{"rendered":"https:\/\/www.digitwin-ce.com?page_id=6"},"modified":"2025-09-25T09:45:03","modified_gmt":"2025-09-25T09:45:03","slug":"holisticky-enterprise-architektonicky-nastroj-a-riesenie","status":"publish","type":"page","link":"https:\/\/www.digitwin-ce.com\/en\/","title":{"rendered":"Holistick\u00e1 architekt\u00fara \/ enterprise n\u00e1stroj \/ rie\u0161enie"},"content":{"rendered":"<div class=\"wp-block-group alignwide front-welcome\"><div class=\"wp-block-group__inner-container\">\n<div class=\"wp-block-columns custom-block\">\n<div class=\"wp-block-column is-vertically-aligned-center left-front\" style=\"flex-basis:33.33%\">\n<h1 class=\"has-text-align-left subtitle sub cmt-2\"><strong>HOLISTIC<\/strong><\/h1>\n\n\n\n<h1 class=\"subtitle sub\"><strong>ENTERPRISE<\/strong><\/h1>\n\n\n\n<h1 class=\"subtitle sub cmb-2\"><strong>ARCHITECTURE<\/strong><\/h1>\n<\/div>\n\n\n\n<div class=\"wp-block-column\" style=\"flex-basis:66.66%\">\n<figure id=\"hiddendesc\" class=\"wp-block-image size-large story\"><img src=\"https:\/\/www.digitwin-ce.com\/wp-content\/uploads\/2021\/03\/text_EN.png\" alt=\"\" class=\"wp-image-2573\"><\/figure>\n<div id=\"showDesc\" class=\"showDesccl\" style=\"display: block;\"><\/div>\n<figure id=\"visibledesc\" class=\"wp-block-image size-large\"><img src=\"https:\/\/www.digitwin-ce.com\/wp-content\/uploads\/2021\/03\/zakladny.png\"><\/figure>\n<\/div>\n<\/div>\n\n\n\n<div class=\"wp-block-group primary-backg front-title-w\"><div class=\"wp-block-group__inner-container\">\n<h1 class=\"has-text-align-center w-60 fs3\"><strong>HOLISTIC VIEW. DECISION MAKING <nobr>AND MANAGEMENT<\/nobr> OF ENTERPRISE BASED ON DATA.<\/strong><\/h1>\n<\/div><\/div>\n\n\n\n<p><\/p>\n<\/div><\/div>\n\n\n\n<div class=\"wp-block-group about-block front-title-w\"><div class=\"wp-block-group__inner-container\">\n<h1 class=\"has-text-align-center highlighted-title\"><strong>BIZZDESIGN<\/strong> <strong>CEE PARTNER<\/strong>\u200b<\/h1>\n\n\n\n<h2 class=\"has-text-align-center w-60\"><strong>WE SUPPORT ORGANIZATIONS <nobr>IN DESIGNING<\/nobr> <nobr>AND REALIZING<\/nobr> BUSINESS CHANGE<\/strong><\/h2>\n\n\n\n<p><\/p>\n<\/div><\/div>\n\n\n\n<div class=\"wp-block-group primary-backg front-title-w\"><div class=\"wp-block-group__inner-container\">\n<h1 class=\"has-text-align-center w-60 fs3\"><strong>ONE COMMUNICATION PLATFORM<br>FOR ALL STAKEHOLDERS.<br>SINGLE SOURCE OF TRUTH.<\/strong><\/h1>\n<\/div><\/div>\n\n\n\n<div class=\"wp-block-group alignwide main-title\"><div class=\"wp-block-group__inner-container\">\n<div class=\"wp-block-image primary-backgr\"><figure class=\"aligncenter size-large\"><img loading=\"lazy\" width=\"700\" height=\"470\" src=\"https:\/\/www.digitwin-ce.comwp-content\/uploads\/2021\/02\/obrazok_4.png\" alt=\"\" class=\"wp-image-1714\" srcset=\"https:\/\/www.digitwin-ce.com\/wp-content\/uploads\/2021\/02\/obrazok_4.png 700w, https:\/\/www.digitwin-ce.com\/wp-content\/uploads\/2021\/02\/obrazok_4-300x201.png 300w, https:\/\/www.digitwin-ce.com\/wp-content\/uploads\/2021\/02\/obrazok_4-16x12.png 16w\" sizes=\"(max-width: 700px) 100vw, 700px\" \/><\/figure><\/div>\n<\/div><\/div>\n\n\n\n<div class=\"wp-block-group main-title\"><div class=\"wp-block-group__inner-container\">\n<h1 class=\"has-text-align-center\"><strong>CONVINCE YOURSELF<\/strong><\/h1>\n\n\n\n<h2 class=\"has-text-align-center\"><strong>TRIAL \/ PoC \/  assisted PoC \/ VALUE SPRINTS<\/strong><\/h2>\n<\/div><\/div>\n\n\n\n<div class=\"wp-block-group alignwide contact-block has-background\" style=\"background-color:#ffffff\"><div class=\"wp-block-group__inner-container\">\n<div class=\"wp-block-group\"><div class=\"wp-block-group__inner-container\">\n<h1 class=\"has-text-align-left\"><strong>READY TO DISCUSS?<\/strong><\/h1>\n\n\n\n<p><\/p>\n<\/div><\/div>\n\n\n\n<div class=\"wp-block-columns contact-section\">\n<div class=\"wp-block-column\">\n<h2 class=\"has-text-align-center\"><strong>Zuzana Behov\u00e1<\/strong><\/h2>\n\n\n\n<h4 class=\"has-text-align-center contact-subtitle has-white-color has-text-color\"><strong>Chief Commercial Officer<\/strong><\/h4>\n\n\n\n<a class=\"has-text-align-center\" href=\"mailto:z.behova@digitwin-ce.com\"><i class=\"fa fa-envelope\"><\/i><strong>z.behova@digitwin-ce.com<\/strong><\/a>\n\n\n\n<a class=\"has-text-align-center\" href=\"tel:+420602374299\"><i class=\"fa fa-phone\"><\/i><strong>+420 602 374 299<\/strong><\/a>\n<\/div>\n\n\n\n<div class=\"wp-block-column\">\n<h2 class=\"has-text-align-center\"><strong>Krist\u00edna Hol\u00edkov\u00e1<\/strong><\/h2>\n\n\n\n<h4 class=\"has-text-align-center contact-subtitle has-white-color has-text-color\"><strong>Chief Technology Officer<\/strong><\/h4>\n\n\n\n<a class=\"has-text-align-center\" href=\"mailto:k.holikova@digitwin-ce.com\"><i class=\"fa fa-envelope\"><\/i><strong>k.holikova@digitwin-ce.com<\/strong><\/a>\n\n\n\n<a class=\"has-text-align-center\" href=\"tel:+421917774891\"><i class=\"fa fa-phone\"><\/i><strong>+421 917 774 891<\/strong><\/a>\n\n\n\n<p><\/p>\n<\/div>\n<\/div>\n<\/div><\/div>\n\n\n\n<div class=\"wp-block-columns\">\n<div class=\"wp-block-column terciary-backg front-title-w\">\n<div class=\"p-50\">\n<h1 class=\"has-text-align-center w-60 fs3\"><strong>SUBSCRIBE TO OUR NEWSLETTER.<\/strong><\/h1>\n<div class=\"wpforms-container wpforms-container-full\" id=\"wpforms-3576\"><form id=\"wpforms-form-3576\" class=\"wpforms-validate wpforms-form\" data-formid=\"3576\" method=\"post\" enctype=\"multipart\/form-data\" action=\"\/en\/wp-json\/wp\/v2\/pages\/6\" data-token=\"88736fbab31a30537d30c72ec51e53d7\" data-trp-original-action=\"\/en\/wp-json\/wp\/v2\/pages\/6\"><noscript class=\"wpforms-error-noscript\">Please enable JavaScript in your browser to complete this form.<\/noscript><div class=\"wpforms-field-container\"><div id=\"wpforms-3576-field_1-container\" class=\"wpforms-field wpforms-field-email\" data-field-id=\"1\"><input type=\"email\" id=\"wpforms-3576-field_1\" class=\"wpforms-field-small wpforms-field-required\" name=\"wpforms[fields][1]\" placeholder=\"Enter your email ...\" required><\/div><\/div><div class=\"wpforms-submit-container\"><input type=\"hidden\" name=\"wpforms[id]\" value=\"3576\"><input type=\"hidden\" name=\"wpforms[author]\" value=\"1\"><button type=\"submit\" name=\"wpforms[submit]\" id=\"wpforms-submit-3576\" class=\"wpforms-submit\" data-alt-text=\"Odosielam\" data-submit-text=\"Potvrdi\u0165\" aria-live=\"assertive\" value=\"wpforms-submit\">Confirm<\/button><\/div><input type=\"hidden\" name=\"trp-form-language\" value=\"en\"\/><\/form><\/div>  <!-- .wpforms-container -->\n<\/div>\n\n\n\n<p><\/p>\n<\/div>\n<\/div>","protected":false},"excerpt":{"rendered":"<p>SUBSCRIBE TO OUR NEWSLETTER.<\/p>","protected":false},"author":1,"featured_media":0,"parent":0,"menu_order":0,"comment_status":"closed","ping_status":"closed","template":"","meta":{"_mi_skip_tracking":false,"ngg_post_thumbnail":0},"yoast_head":"<!-- This site is optimized with the Yoast SEO plugin v18.2 - https:\/\/yoast.com\/wordpress\/plugins\/seo\/ -->\n<title>Holistick\u00e1 architekt\u00fara \/ enterprise n\u00e1stroj \/ rie\u0161enie - digitWin<\/title>\n<meta name=\"description\" content=\"Holistick\u00e1 Enterprise Architekt\u00fara - celostn\u00fd poh\u013ead, rozhodovanie a riadenie organiz\u00e1cie na z\u00e1kalde d\u00e1t. Podporujeme organiz\u00e1cie v realiz\u00e1cii zmeny.\" \/>\n<meta name=\"robots\" content=\"index, follow, max-snippet:-1, max-image-preview:large, max-video-preview:-1\" \/>\n<link rel=\"canonical\" href=\"https:\/\/digitwin-ce.com\" \/>\n<meta property=\"og:locale\" content=\"en_US\" \/>\n<meta property=\"og:type\" content=\"article\" \/>\n<meta property=\"og:title\" content=\"Holistick\u00e1 architekt\u00fara \/ enterprise n\u00e1stroj \/ rie\u0161enie - digitWin\" \/>\n<meta property=\"og:description\" content=\"Holistick\u00e1 Enterprise Architekt\u00fara - celostn\u00fd poh\u013ead, rozhodovanie a riadenie organiz\u00e1cie na z\u00e1kalde d\u00e1t. Podporujeme organiz\u00e1cie v realiz\u00e1cii zmeny.\" \/>\n<meta property=\"og:url\" content=\"https:\/\/digitwin-ce.com\" \/>\n<meta property=\"og:site_name\" content=\"digitWin\" \/>\n<meta property=\"article:modified_time\" content=\"2025-09-25T09:45:03+00:00\" \/>\n<meta property=\"og:image\" content=\"https:\/\/www.digitwin-ce.com\/wp-content\/uploads\/2021\/03\/text_SK.png\" \/>\n<meta name=\"twitter:card\" content=\"summary_large_image\" \/>\n<meta name=\"twitter:label1\" content=\"Est. reading time\" \/>\n\t<meta name=\"twitter:data1\" content=\"1 minute\" \/>\n<script type=\"application\/ld+json\" class=\"yoast-schema-graph\">{\"@context\":\"https:\/\/schema.org\",\"@graph\":[{\"@type\":\"Organization\",\"@id\":\"https:\/\/www.digitwin-ce.com\/#organization\",\"name\":\"digitWin, s.r.o.\",\"url\":\"https:\/\/www.digitwin-ce.com\/\",\"sameAs\":[\"https:\/\/www.linkedin.com\/company\/digitwin-ce\/about\/\"],\"logo\":{\"@type\":\"ImageObject\",\"@id\":\"https:\/\/www.digitwin-ce.com\/#logo\",\"inLanguage\":\"en-US\",\"url\":\"https:\/\/www.digitwin-ce.com\/wp-content\/uploads\/2021\/03\/digitWin_logo_small.png\",\"contentUrl\":\"https:\/\/www.digitwin-ce.com\/wp-content\/uploads\/2021\/03\/digitWin_logo_small.png\",\"width\":410,\"height\":200,\"caption\":\"digitWin, s.r.o.\"},\"image\":{\"@id\":\"https:\/\/www.digitwin-ce.com\/#logo\"}},{\"@type\":\"WebSite\",\"@id\":\"https:\/\/www.digitwin-ce.com\/#website\",\"url\":\"https:\/\/www.digitwin-ce.com\/\",\"name\":\"digitWin\",\"description\":\"holistick\u00e1 architekt\u00fara \/ enterprise n\u00e1stroj \/ rie\u0161enie\",\"publisher\":{\"@id\":\"https:\/\/www.digitwin-ce.com\/#organization\"},\"potentialAction\":[{\"@type\":\"SearchAction\",\"target\":{\"@type\":\"EntryPoint\",\"urlTemplate\":\"https:\/\/www.digitwin-ce.com\/?s={search_term_string}\"},\"query-input\":\"required name=search_term_string\"}],\"inLanguage\":\"en-US\"},{\"@type\":\"ImageObject\",\"@id\":\"https:\/\/digitwin-ce.com#primaryimage\",\"inLanguage\":\"en-US\",\"url\":\"https:\/\/www.digitwin-ce.com\/wp-content\/uploads\/2021\/03\/text_SK.png\",\"contentUrl\":\"https:\/\/www.digitwin-ce.com\/wp-content\/uploads\/2021\/03\/text_SK.png\",\"width\":1920,\"height\":1187,\"caption\":\"holistick\u00e1 enterprise architekt\u00fara\"},{\"@type\":\"WebPage\",\"@id\":\"https:\/\/digitwin-ce.com#webpage\",\"url\":\"https:\/\/digitwin-ce.com\",\"name\":\"Holistick\u00e1 architekt\u00fara \/ enterprise n\u00e1stroj \/ rie\u0161enie - digitWin\",\"isPartOf\":{\"@id\":\"https:\/\/www.digitwin-ce.com\/#website\"},\"primaryImageOfPage\":{\"@id\":\"https:\/\/digitwin-ce.com#primaryimage\"},\"datePublished\":\"2020-12-02T13:48:07+00:00\",\"dateModified\":\"2025-09-25T09:45:03+00:00\",\"description\":\"Holistick\u00e1 Enterprise Architekt\u00fara - celostn\u00fd poh\u013ead, rozhodovanie a riadenie organiz\u00e1cie na z\u00e1kalde d\u00e1t. Podporujeme organiz\u00e1cie v realiz\u00e1cii zmeny.\",\"breadcrumb\":{\"@id\":\"https:\/\/digitwin-ce.com#breadcrumb\"},\"inLanguage\":\"en-US\",\"potentialAction\":[{\"@type\":\"ReadAction\",\"target\":[\"https:\/\/digitwin-ce.com\"]}]},{\"@type\":\"BreadcrumbList\",\"@id\":\"https:\/\/digitwin-ce.com#breadcrumb\",\"itemListElement\":[{\"@type\":\"ListItem\",\"position\":1,\"name\":\"Domovsk\u00e1 str\u00e1nka\",\"item\":\"https:\/\/www.digitwin-ce.com\/\"},{\"@type\":\"ListItem\",\"position\":2,\"name\":\"Holistick\u00e1 architekt\u00fara \/ enterprise n\u00e1stroj \/ rie\u0161enie\"}]}]}<\/script>\n<!-- \/ Yoast SEO plugin. -->","yoast_head_json":{"title":"Holistick\u00e1 architekt\u00fara \/ enterprise n\u00e1stroj \/ rie\u0161enie - digitWin","description":"Holistick\u00e1 Enterprise Architekt\u00fara - celostn\u00fd poh\u013ead, rozhodovanie a riadenie organiz\u00e1cie na z\u00e1kalde d\u00e1t. Podporujeme organiz\u00e1cie v realiz\u00e1cii zmeny.","robots":{"index":"index","follow":"follow","max-snippet":"max-snippet:-1","max-image-preview":"max-image-preview:large","max-video-preview":"max-video-preview:-1"},"canonical":"https:\/\/digitwin-ce.com","og_locale":"en_US","og_type":"article","og_title":"Holistick\u00e1 architekt\u00fara \/ enterprise n\u00e1stroj \/ rie\u0161enie - digitWin","og_description":"Holistick\u00e1 Enterprise Architekt\u00fara - celostn\u00fd poh\u013ead, rozhodovanie a riadenie organiz\u00e1cie na z\u00e1kalde d\u00e1t. Podporujeme organiz\u00e1cie v realiz\u00e1cii zmeny.","og_url":"https:\/\/digitwin-ce.com","og_site_name":"digitWin","article_modified_time":"2025-09-25T09:45:03+00:00","og_image":[{"url":"https:\/\/www.digitwin-ce.com\/wp-content\/uploads\/2021\/03\/text_SK.png"}],"twitter_card":"summary_large_image","twitter_misc":{"Est. reading time":"1 minute"},"schema":{"@context":"https:\/\/schema.org","@graph":[{"@type":"Organization","@id":"https:\/\/www.digitwin-ce.com\/#organization","name":"digitWin, s.r.o.","url":"https:\/\/www.digitwin-ce.com\/","sameAs":["https:\/\/www.linkedin.com\/company\/digitwin-ce\/about\/"],"logo":{"@type":"ImageObject","@id":"https:\/\/www.digitwin-ce.com\/#logo","inLanguage":"en-US","url":"https:\/\/www.digitwin-ce.com\/wp-content\/uploads\/2021\/03\/digitWin_logo_small.png","contentUrl":"https:\/\/www.digitwin-ce.com\/wp-content\/uploads\/2021\/03\/digitWin_logo_small.png","width":410,"height":200,"caption":"digitWin, s.r.o."},"image":{"@id":"https:\/\/www.digitwin-ce.com\/#logo"}},{"@type":"WebSite","@id":"https:\/\/www.digitwin-ce.com\/#website","url":"https:\/\/www.digitwin-ce.com\/","name":"digitWin","description":"holistick\u00e1 architekt\u00fara \/ enterprise n\u00e1stroj \/ rie\u0161enie","publisher":{"@id":"https:\/\/www.digitwin-ce.com\/#organization"},"potentialAction":[{"@type":"SearchAction","target":{"@type":"EntryPoint","urlTemplate":"https:\/\/www.digitwin-ce.com\/?s={search_term_string}"},"query-input":"required name=search_term_string"}],"inLanguage":"en-US"},{"@type":"ImageObject","@id":"https:\/\/digitwin-ce.com#primaryimage","inLanguage":"en-US","url":"https:\/\/www.digitwin-ce.com\/wp-content\/uploads\/2021\/03\/text_SK.png","contentUrl":"https:\/\/www.digitwin-ce.com\/wp-content\/uploads\/2021\/03\/text_SK.png","width":1920,"height":1187,"caption":"holistick\u00e1 enterprise architekt\u00fara"},{"@type":"WebPage","@id":"https:\/\/digitwin-ce.com#webpage","url":"https:\/\/digitwin-ce.com","name":"Holistick\u00e1 architekt\u00fara \/ enterprise n\u00e1stroj \/ rie\u0161enie - digitWin","isPartOf":{"@id":"https:\/\/www.digitwin-ce.com\/#website"},"primaryImageOfPage":{"@id":"https:\/\/digitwin-ce.com#primaryimage"},"datePublished":"2020-12-02T13:48:07+00:00","dateModified":"2025-09-25T09:45:03+00:00","description":"Holistick\u00e1 Enterprise Architekt\u00fara - celostn\u00fd poh\u013ead, rozhodovanie a riadenie organiz\u00e1cie na z\u00e1kalde d\u00e1t. Podporujeme organiz\u00e1cie v realiz\u00e1cii zmeny.","breadcrumb":{"@id":"https:\/\/digitwin-ce.com#breadcrumb"},"inLanguage":"en-US","potentialAction":[{"@type":"ReadAction","target":["https:\/\/digitwin-ce.com"]}]},{"@type":"BreadcrumbList","@id":"https:\/\/digitwin-ce.com#breadcrumb","itemListElement":[{"@type":"ListItem","position":1,"name":"Domovsk\u00e1 str\u00e1nka","item":"https:\/\/www.digitwin-ce.com\/"},{"@type":"ListItem","position":2,"name":"Holistick\u00e1 architekt\u00fara \/ enterprise n\u00e1stroj \/ rie\u0161enie"}]}]}},"_links":{"self":[{"href":"https:\/\/www.digitwin-ce.com\/en\/wp-json\/wp\/v2\/pages\/6"}],"collection":[{"href":"https:\/\/www.digitwin-ce.com\/en\/wp-json\/wp\/v2\/pages"}],"about":[{"href":"https:\/\/www.digitwin-ce.com\/en\/wp-json\/wp\/v2\/types\/page"}],"author":[{"embeddable":true,"href":"https:\/\/www.digitwin-ce.com\/en\/wp-json\/wp\/v2\/users\/1"}],"replies":[{"embeddable":true,"href":"https:\/\/www.digitwin-ce.com\/en\/wp-json\/wp\/v2\/comments?post=6"}],"version-history":[{"count":6,"href":"https:\/\/www.digitwin-ce.com\/en\/wp-json\/wp\/v2\/pages\/6\/revisions"}],"predecessor-version":[{"id":4283,"href":"https:\/\/www.digitwin-ce.com\/en\/wp-json\/wp\/v2\/pages\/6\/revisions\/4283"}],"wp:attachment":[{"href":"https:\/\/www.digitwin-ce.com\/en\/wp-json\/wp\/v2\/media?parent=6"}],"curies":[{"name":"wp","href":"https:\/\/api.w.org\/{rel}","templated":true}]}}