{"id":3269,"date":"2021-03-10T15:26:19","date_gmt":"2021-03-10T15:26:19","guid":{"rendered":"https:\/\/www.digitwin-ce.com\/?page_id=3269"},"modified":"2021-03-10T18:03:15","modified_gmt":"2021-03-10T18:03:15","slug":"podpora-vykonavania-manazerskych-analyz-napr-swot","status":"publish","type":"page","link":"https:\/\/www.digitwin-ce.com\/en\/business-areas\/support-of-management-analyses-eg-swot\/","title":{"rendered":"Support of management analyses (e.g. SWOT)"},"content":{"rendered":"<h1 class=\"has-text-align-center ba-title\"><strong>Support of management analyses (e.g. SWOT)<\/strong><\/h1>\n\n\n\n<h4 class=\"highlighted-subtitle mb-7\"><strong><em>Analyze organizational change using real-time data for quick and correct decision-making.<\/em><\/strong><\/h4>\n\n\n\n<div class=\"wp-block-columns\">\n<div class=\"wp-block-column hover-cart\">\n<h2 class=\"has-text-align-center\"><strong>Key challenges<\/strong><\/h2>\n\n\n\n<p class=\"custom-list has-text-align-center\"><i class=\"fa fa-check\"><\/i> the proposed changes are not sufficiently effective<\/p>\n\n\n\n<p class=\"custom-list has-text-align-center\"><i class=\"fa fa-check\"><\/i> the analysis does not include all necessary data factors<\/p>\n\n\n\n<p class=\"custom-list has-text-align-center\"><i class=\"fa fa-check\"><\/i> there are a series of errors and incorrect decisions\u00ed<\/p>\n<\/div>\n\n\n\n<div class=\"wp-block-column hover-cart\">\n<h2 class=\"has-text-align-center\"><strong>Achieved goals<\/strong><\/h2>\n\n\n\n<p class=\"custom-list has-text-align-center\"><i class=\"fa fa-check\"><\/i> use of all relevant data to achieve an objective analysis<\/p>\n\n\n\n<p><\/p>\n<\/div>\n<\/div>\n\n\n\n<p class=\"aligne-middle\">The implementation of any change in the organization is subject to prior analysis to ensure that the change is as effective as possible by minimizing possible risks. Analytical work must be carried out thoroughly using data in real time. The absence of these elements of the analysis means that the proposed changes are not sufficiently effective, the analysis does not include all the necessary factors of the data, there are a number of errors and incorrect decisions.<\/p>\n\n\n\n<p class=\"UC-desc aligne-middle\">Managerial analyzes, which are not only on paper, but which are digitized and directly connected to the objects of the operational model, can save a lot of analytical work in transforming the results of analyzes into the implementation itself. In addition to the digital representation of the results of analyzes, it is also possible to use the built-in clear analytical options, reports or heat maps using the digital twin.<\/p>\n\n\n\n\n\t<div class='ngg-imagebrowser default-view'\n         id='ngg-imagebrowser-12afbc1a6f9aec10f490c6529477e8c6-3269'\n         data-nextgen-gallery-id=\"12afbc1a6f9aec10f490c6529477e8c6\">\n\n        <h3>Business Model Canvas<\/h3>\n\n\t\t<div id=\"ngg-image-0\" class=\"pic\" >\n        \n        <a href='https:\/\/www.digitwin-ce.com\/wp-content\/gallery\/poswot\/Business-Model-Canvas.png'\n           title=' '\n           data-src=\"https:\/\/www.digitwin-ce.com\/wp-content\/gallery\/poswot\/Business-Model-Canvas.png\"\n           data-thumbnail=\"https:\/\/www.digitwin-ce.com\/wp-content\/gallery\/poswot\/thumbs\/thumbs_Business-Model-Canvas.png\"\n           data-image-id=\"60\"\n           data-title=\"Business Model Canvas\"\n           data-description=\" \"\n           class=\"ngg-simplelightbox\" rel=\"12afbc1a6f9aec10f490c6529477e8c6\">\n            <img title='Business Model Canvas'\n                 alt='Business Model Canvas'\n                 src='https:\/\/www.digitwin-ce.com\/wp-content\/gallery\/poswot\/Business-Model-Canvas.png'\/>\n        <\/a>\n\t    \n        <\/div> \n\n        <div class='ngg-imagebrowser-nav'>\n\n            <div class='back'>\n                <a class='ngg-browser-prev'\n                   id='ngg-prev-61'\n                   href='https:\/\/www.digitwin-ce.com\/en\/business-areas\/support-of-management-analyses-eg-swot\/nggallery\/image\/balanced-scorecard-1\/'>\n                    <i class=\"fa fa-chevron-left\" aria-hidden=\"true\"><\/i>\n                <\/a>\n            <\/div>\n\n            <div class='next'>\n                <a class='ngg-browser-next'\n                   id='ngg-next-59'\n                   href='https:\/\/www.digitwin-ce.com\/en\/business-areas\/support-of-management-analyses-eg-swot\/nggallery\/image\/pestel-1\/'>\n                    <i class=\"fa fa-chevron-right\" aria-hidden=\"true\"><\/i>\n                <\/a>\n            <\/div>\n\n            <div class='counter'>\n                Image                1                of                3            <\/div>\n\n            <div class='ngg-imagebrowser-desc'>\n                <p> <\/p>\n            <\/div>\n\n        <\/div>\n    <\/div>\n\n\n\n\n\n<p><\/p>","protected":false},"excerpt":{"rendered":"<p>Podpora vykon\u00e1vania mana\u017e\u00e9rskych anal\u00fdz (napr. SWOT) Analyzujte organiza\u010dn\u00e9 zmeny s\u202fvyu\u017eit\u00edm d\u00e1t v\u202fre\u00e1lnom \u010dase za \u00fa\u010delom r\u00fdchleho a\u202fspr\u00e1vneho rozhodovania. K\u013e\u00fa\u010dov\u00e9 v\u00fdzvy navrhovan\u00e9 zmeny nemaj\u00fa dostato\u010dn\u00fa efekt\u00edvnos\u0165 anal\u00fdza nezah\u0155\u0148a v\u0161etky potrebn\u00e9 faktory a\u202fd\u00e1ta doch\u00e1dza k\u202fvzniku ch\u00fdb a\u202fnespr\u00e1vnych rozhodnut\u00ed Dosiahnut\u00e9 ciele vyu\u017eitie v\u0161etk\u00fdch relevantn\u00fdch d\u00e1t pre docielenie objekt\u00edvnej anal\u00fdzy Realiz\u00e1cia akejko\u013evek zmeny v\u202forganiz\u00e1cii podlieha predo\u0161lej anal\u00fdze, ktor\u00e1 m\u00e1 &hellip;<\/p>\n<p class=\"read-more\"> <a class=\"\" href=\"https:\/\/www.digitwin-ce.com\/en\/business-areas\/support-of-management-analyses-eg-swot\/\"> <span class=\"screen-reader-text\">Support of management analyses (e.g. SWOT)<\/span> Read More &raquo;<\/a><\/p>","protected":false},"author":1,"featured_media":0,"parent":7,"menu_order":0,"comment_status":"closed","ping_status":"closed","template":"","meta":{"_mi_skip_tracking":false,"ngg_post_thumbnail":0},"yoast_head":"<!-- This site is optimized with the Yoast SEO plugin v18.2 - https:\/\/yoast.com\/wordpress\/plugins\/seo\/ -->\n<title>Podpora vykon\u00e1vania mana\u017e\u00e9rskych anal\u00fdz (napr. SWOT) - digitWin<\/title>\n<meta name=\"description\" content=\"Analyzujte organiza\u010dn\u00e9 zmeny s\u202fvyu\u017eit\u00edm d\u00e1t v\u202fre\u00e1lnom \u010dase za \u00fa\u010delom r\u00fdchleho a\u202fspr\u00e1vneho rozhodovania.\" \/>\n<meta name=\"robots\" content=\"index, follow, max-snippet:-1, max-image-preview:large, max-video-preview:-1\" \/>\n<link rel=\"canonical\" href=\"https:\/\/digitwin-ce.com\/biznis-oblasti\/podpora-vykonavania-manazerskych-analyz-napr-swot\/\" \/>\n<meta property=\"og:locale\" content=\"en_US\" \/>\n<meta property=\"og:type\" content=\"article\" \/>\n<meta property=\"og:title\" content=\"Podpora vykon\u00e1vania mana\u017e\u00e9rskych anal\u00fdz (napr. SWOT) - digitWin\" \/>\n<meta property=\"og:description\" content=\"Analyzujte organiza\u010dn\u00e9 zmeny s\u202fvyu\u017eit\u00edm d\u00e1t v\u202fre\u00e1lnom \u010dase za \u00fa\u010delom r\u00fdchleho a\u202fspr\u00e1vneho rozhodovania.\" \/>\n<meta property=\"og:url\" content=\"https:\/\/digitwin-ce.com\/biznis-oblasti\/podpora-vykonavania-manazerskych-analyz-napr-swot\/\" \/>\n<meta property=\"og:site_name\" content=\"digitWin\" \/>\n<meta property=\"article:modified_time\" content=\"2021-03-10T18:03:15+00:00\" \/>\n<meta name=\"twitter:card\" content=\"summary_large_image\" \/>\n<meta name=\"twitter:label1\" content=\"Est. reading time\" \/>\n\t<meta name=\"twitter:data1\" content=\"1 minute\" \/>\n<script type=\"application\/ld+json\" class=\"yoast-schema-graph\">{\"@context\":\"https:\/\/schema.org\",\"@graph\":[{\"@type\":\"Organization\",\"@id\":\"https:\/\/www.digitwin-ce.com\/#organization\",\"name\":\"digitWin, s.r.o.\",\"url\":\"https:\/\/www.digitwin-ce.com\/\",\"sameAs\":[\"https:\/\/www.linkedin.com\/company\/digitwin-ce\/about\/\"],\"logo\":{\"@type\":\"ImageObject\",\"@id\":\"https:\/\/www.digitwin-ce.com\/#logo\",\"inLanguage\":\"en-US\",\"url\":\"https:\/\/www.digitwin-ce.com\/wp-content\/uploads\/2021\/03\/digitWin_logo_small.png\",\"contentUrl\":\"https:\/\/www.digitwin-ce.com\/wp-content\/uploads\/2021\/03\/digitWin_logo_small.png\",\"width\":410,\"height\":200,\"caption\":\"digitWin, s.r.o.\"},\"image\":{\"@id\":\"https:\/\/www.digitwin-ce.com\/#logo\"}},{\"@type\":\"WebSite\",\"@id\":\"https:\/\/www.digitwin-ce.com\/#website\",\"url\":\"https:\/\/www.digitwin-ce.com\/\",\"name\":\"digitWin\",\"description\":\"holistick\u00e1 architekt\u00fara \/ enterprise n\u00e1stroj \/ rie\u0161enie\",\"publisher\":{\"@id\":\"https:\/\/www.digitwin-ce.com\/#organization\"},\"potentialAction\":[{\"@type\":\"SearchAction\",\"target\":{\"@type\":\"EntryPoint\",\"urlTemplate\":\"https:\/\/www.digitwin-ce.com\/?s={search_term_string}\"},\"query-input\":\"required name=search_term_string\"}],\"inLanguage\":\"en-US\"},{\"@type\":\"WebPage\",\"@id\":\"https:\/\/digitwin-ce.com\/biznis-oblasti\/podpora-vykonavania-manazerskych-analyz-napr-swot\/#webpage\",\"url\":\"https:\/\/digitwin-ce.com\/biznis-oblasti\/podpora-vykonavania-manazerskych-analyz-napr-swot\/\",\"name\":\"Podpora vykon\u00e1vania mana\u017e\u00e9rskych anal\u00fdz (napr. SWOT) - digitWin\",\"isPartOf\":{\"@id\":\"https:\/\/www.digitwin-ce.com\/#website\"},\"datePublished\":\"2021-03-10T15:26:19+00:00\",\"dateModified\":\"2021-03-10T18:03:15+00:00\",\"description\":\"Analyzujte organiza\u010dn\u00e9 zmeny s\u202fvyu\u017eit\u00edm d\u00e1t v\u202fre\u00e1lnom \u010dase za \u00fa\u010delom r\u00fdchleho a\u202fspr\u00e1vneho rozhodovania.\",\"breadcrumb\":{\"@id\":\"https:\/\/digitwin-ce.com\/biznis-oblasti\/podpora-vykonavania-manazerskych-analyz-napr-swot\/#breadcrumb\"},\"inLanguage\":\"en-US\",\"potentialAction\":[{\"@type\":\"ReadAction\",\"target\":[\"https:\/\/digitwin-ce.com\/biznis-oblasti\/podpora-vykonavania-manazerskych-analyz-napr-swot\/\"]}]},{\"@type\":\"BreadcrumbList\",\"@id\":\"https:\/\/digitwin-ce.com\/biznis-oblasti\/podpora-vykonavania-manazerskych-analyz-napr-swot\/#breadcrumb\",\"itemListElement\":[{\"@type\":\"ListItem\",\"position\":1,\"name\":\"Domovsk\u00e1 str\u00e1nka\",\"item\":\"https:\/\/www.digitwin-ce.com\/\"},{\"@type\":\"ListItem\",\"position\":2,\"name\":\"Biznis oblasti\",\"item\":\"https:\/\/www.digitwin-ce.com\/biznis-oblasti\/\"},{\"@type\":\"ListItem\",\"position\":3,\"name\":\"Podpora vykon\u00e1vania mana\u017e\u00e9rskych anal\u00fdz (napr. SWOT)\"}]}]}<\/script>\n<!-- \/ Yoast SEO plugin. -->","yoast_head_json":{"title":"Podpora vykon\u00e1vania mana\u017e\u00e9rskych anal\u00fdz (napr. SWOT) - digitWin","description":"Analyzujte organiza\u010dn\u00e9 zmeny s\u202fvyu\u017eit\u00edm d\u00e1t v\u202fre\u00e1lnom \u010dase za \u00fa\u010delom r\u00fdchleho a\u202fspr\u00e1vneho rozhodovania.","robots":{"index":"index","follow":"follow","max-snippet":"max-snippet:-1","max-image-preview":"max-image-preview:large","max-video-preview":"max-video-preview:-1"},"canonical":"https:\/\/digitwin-ce.com\/biznis-oblasti\/podpora-vykonavania-manazerskych-analyz-napr-swot\/","og_locale":"en_US","og_type":"article","og_title":"Podpora vykon\u00e1vania mana\u017e\u00e9rskych anal\u00fdz (napr. SWOT) - digitWin","og_description":"Analyzujte organiza\u010dn\u00e9 zmeny s\u202fvyu\u017eit\u00edm d\u00e1t v\u202fre\u00e1lnom \u010dase za \u00fa\u010delom r\u00fdchleho a\u202fspr\u00e1vneho rozhodovania.","og_url":"https:\/\/digitwin-ce.com\/biznis-oblasti\/podpora-vykonavania-manazerskych-analyz-napr-swot\/","og_site_name":"digitWin","article_modified_time":"2021-03-10T18:03:15+00:00","twitter_card":"summary_large_image","twitter_misc":{"Est. reading time":"1 minute"},"schema":{"@context":"https:\/\/schema.org","@graph":[{"@type":"Organization","@id":"https:\/\/www.digitwin-ce.com\/#organization","name":"digitWin, s.r.o.","url":"https:\/\/www.digitwin-ce.com\/","sameAs":["https:\/\/www.linkedin.com\/company\/digitwin-ce\/about\/"],"logo":{"@type":"ImageObject","@id":"https:\/\/www.digitwin-ce.com\/#logo","inLanguage":"en-US","url":"https:\/\/www.digitwin-ce.com\/wp-content\/uploads\/2021\/03\/digitWin_logo_small.png","contentUrl":"https:\/\/www.digitwin-ce.com\/wp-content\/uploads\/2021\/03\/digitWin_logo_small.png","width":410,"height":200,"caption":"digitWin, s.r.o."},"image":{"@id":"https:\/\/www.digitwin-ce.com\/#logo"}},{"@type":"WebSite","@id":"https:\/\/www.digitwin-ce.com\/#website","url":"https:\/\/www.digitwin-ce.com\/","name":"digitWin","description":"holistick\u00e1 architekt\u00fara \/ enterprise n\u00e1stroj \/ rie\u0161enie","publisher":{"@id":"https:\/\/www.digitwin-ce.com\/#organization"},"potentialAction":[{"@type":"SearchAction","target":{"@type":"EntryPoint","urlTemplate":"https:\/\/www.digitwin-ce.com\/?s={search_term_string}"},"query-input":"required name=search_term_string"}],"inLanguage":"en-US"},{"@type":"WebPage","@id":"https:\/\/digitwin-ce.com\/biznis-oblasti\/podpora-vykonavania-manazerskych-analyz-napr-swot\/#webpage","url":"https:\/\/digitwin-ce.com\/biznis-oblasti\/podpora-vykonavania-manazerskych-analyz-napr-swot\/","name":"Podpora vykon\u00e1vania mana\u017e\u00e9rskych anal\u00fdz (napr. SWOT) - digitWin","isPartOf":{"@id":"https:\/\/www.digitwin-ce.com\/#website"},"datePublished":"2021-03-10T15:26:19+00:00","dateModified":"2021-03-10T18:03:15+00:00","description":"Analyzujte organiza\u010dn\u00e9 zmeny s\u202fvyu\u017eit\u00edm d\u00e1t v\u202fre\u00e1lnom \u010dase za \u00fa\u010delom r\u00fdchleho a\u202fspr\u00e1vneho rozhodovania.","breadcrumb":{"@id":"https:\/\/digitwin-ce.com\/biznis-oblasti\/podpora-vykonavania-manazerskych-analyz-napr-swot\/#breadcrumb"},"inLanguage":"en-US","potentialAction":[{"@type":"ReadAction","target":["https:\/\/digitwin-ce.com\/biznis-oblasti\/podpora-vykonavania-manazerskych-analyz-napr-swot\/"]}]},{"@type":"BreadcrumbList","@id":"https:\/\/digitwin-ce.com\/biznis-oblasti\/podpora-vykonavania-manazerskych-analyz-napr-swot\/#breadcrumb","itemListElement":[{"@type":"ListItem","position":1,"name":"Domovsk\u00e1 str\u00e1nka","item":"https:\/\/www.digitwin-ce.com\/"},{"@type":"ListItem","position":2,"name":"Biznis oblasti","item":"https:\/\/www.digitwin-ce.com\/biznis-oblasti\/"},{"@type":"ListItem","position":3,"name":"Podpora vykon\u00e1vania mana\u017e\u00e9rskych anal\u00fdz (napr. SWOT)"}]}]}},"_links":{"self":[{"href":"https:\/\/www.digitwin-ce.com\/en\/wp-json\/wp\/v2\/pages\/3269"}],"collection":[{"href":"https:\/\/www.digitwin-ce.com\/en\/wp-json\/wp\/v2\/pages"}],"about":[{"href":"https:\/\/www.digitwin-ce.com\/en\/wp-json\/wp\/v2\/types\/page"}],"author":[{"embeddable":true,"href":"https:\/\/www.digitwin-ce.com\/en\/wp-json\/wp\/v2\/users\/1"}],"replies":[{"embeddable":true,"href":"https:\/\/www.digitwin-ce.com\/en\/wp-json\/wp\/v2\/comments?post=3269"}],"version-history":[{"count":1,"href":"https:\/\/www.digitwin-ce.com\/en\/wp-json\/wp\/v2\/pages\/3269\/revisions"}],"predecessor-version":[{"id":3270,"href":"https:\/\/www.digitwin-ce.com\/en\/wp-json\/wp\/v2\/pages\/3269\/revisions\/3270"}],"up":[{"embeddable":true,"href":"https:\/\/www.digitwin-ce.com\/en\/wp-json\/wp\/v2\/pages\/7"}],"wp:attachment":[{"href":"https:\/\/www.digitwin-ce.com\/en\/wp-json\/wp\/v2\/media?parent=3269"}],"curies":[{"name":"wp","href":"https:\/\/api.w.org\/{rel}","templated":true}]}}