{"id":3263,"date":"2021-03-10T15:15:08","date_gmt":"2021-03-10T15:15:08","guid":{"rendered":"https:\/\/www.digitwin-ce.com\/?page_id=3263"},"modified":"2021-03-10T17:59:26","modified_gmt":"2021-03-10T17:59:26","slug":"podpora-agilnej-organizacie","status":"publish","type":"page","link":"https:\/\/www.digitwin-ce.com\/en\/business-areas\/support-of-an-agile-organization\/","title":{"rendered":"Support of an agile organization"},"content":{"rendered":"<h1 class=\"has-text-align-center ba-title\"><strong>Support of an agile organization<\/strong><\/h1>\n\n\n\n<h4 class=\"highlighted-subtitle mb-7\"><strong><em>Manage an agile approach within your activities and get the most out of this approach.<\/em><\/strong><\/h4>\n\n\n\n<div class=\"wp-block-columns\">\n<div class=\"wp-block-column hover-cart\">\n<h2 class=\"has-text-align-center\"><strong>Key challenges<\/strong><\/h2>\n\n\n\n<p class=\"custom-list has-text-align-center\"><i class=\"fa fa-check\"><\/i> uncoordinated action by teams causes delays and duplication<\/p>\n\n\n\n<p class=\"custom-list has-text-align-center\"><i class=\"fa fa-check\"><\/i> there is a waste of personnel, financial and time resources<\/p>\n\n\n\n<p class=\"custom-list has-text-align-center\"><i class=\"fa fa-check\"><\/i> security threats arise and cause damage<\/p>\n\n\n\n<p class=\"custom-list has-text-align-center\"><i class=\"fa fa-check\"><\/i> partial goals end in failure<\/p>\n<\/div>\n\n\n\n<div class=\"wp-block-column hover-cart\">\n<h2 class=\"has-text-align-center\"><strong>Achieved goals<\/strong><\/h2>\n\n\n\n<p class=\"custom-list has-text-align-center\"><i class=\"fa fa-check\"><\/i> time savings<\/p>\n\n\n\n<p class=\"custom-list has-text-align-center\"><i class=\"fa fa-check\"><\/i> financial cost savings<\/p>\n\n\n\n<p class=\"custom-list has-text-align-center\"><i class=\"fa fa-check\"><\/i> efficient use of human resources<\/p>\n\n\n\n<p><\/p>\n<\/div>\n<\/div>\n\n\n\n<p class=\"aligne-middle\">An agile approach to the implementation of activities within the organization can contribute to cost reductions. However, such an approach requires adequate management of processes, people, information systems, or threat management, in order to successfully use its potential. The absence of management causes the uncoordinated activities of teams to cause delays and duplications, there is a waste of human, financial and time resources, security threats arise and cause damage, and partial goals end in failure.<\/p>\n\n\n\n<p class=\"UC-desc aligne-middle\">Implementing agile changes in organizations in a controlled manner is a challenge that organizations must address. The architectural model (digital twin) of an organization can help with these problems by bringing a single place of truth to the functioning of the organization. Above it, it is possible to perform agile planning and gradually capture individual increments of architectural changes while offering time, capacity and functional dependencies of individual agile teams.<\/p>\n\n\n\n\n\t<div class='ngg-imagebrowser default-view'\n         id='ngg-imagebrowser-d4ce849e6646f1c9b6c668004af8b147-3263'\n         data-nextgen-gallery-id=\"d4ce849e6646f1c9b6c668004af8b147\">\n\n        <h3>Organizational Structure<\/h3>\n\n\t\t<div id=\"ngg-image-0\" class=\"pic\" >\n        \n        <a href='https:\/\/www.digitwin-ce.com\/wp-content\/gallery\/poagil\/Organizational-Structure.png'\n           title=' '\n           data-src=\"https:\/\/www.digitwin-ce.com\/wp-content\/gallery\/poagil\/Organizational-Structure.png\"\n           data-thumbnail=\"https:\/\/www.digitwin-ce.com\/wp-content\/gallery\/poagil\/thumbs\/thumbs_Organizational-Structure.png\"\n           data-image-id=\"78\"\n           data-title=\"Organizational Structure\"\n           data-description=\" \"\n           class=\"ngg-simplelightbox\" rel=\"d4ce849e6646f1c9b6c668004af8b147\">\n            <img title='Organizational Structure'\n                 alt='Organizational Structure'\n                 src='https:\/\/www.digitwin-ce.com\/wp-content\/gallery\/poagil\/Organizational-Structure.png'\/>\n        <\/a>\n\t    \n        <\/div> \n\n        <div class='ngg-imagebrowser-nav'>\n\n            <div class='back'>\n                <a class='ngg-browser-prev'\n                   id='ngg-prev-79'\n                   href='https:\/\/www.digitwin-ce.com\/en\/business-areas\/support-of-an-agile-organization\/nggallery\/image\/application-portfolio-risk-analysis-1\/'>\n                    <i class=\"fa fa-chevron-left\" aria-hidden=\"true\"><\/i>\n                <\/a>\n            <\/div>\n\n            <div class='next'>\n                <a class='ngg-browser-next'\n                   id='ngg-next-80'\n                   href='https:\/\/www.digitwin-ce.com\/en\/business-areas\/support-of-an-agile-organization\/nggallery\/image\/impact-analysis-1\/'>\n                    <i class=\"fa fa-chevron-right\" aria-hidden=\"true\"><\/i>\n                <\/a>\n            <\/div>\n\n            <div class='counter'>\n                Image                1                of                3            <\/div>\n\n            <div class='ngg-imagebrowser-desc'>\n                <p> <\/p>\n            <\/div>\n\n        <\/div>\n    <\/div>\n\n\n\n\n\n<p><\/p>","protected":false},"excerpt":{"rendered":"<p>Podpora agilnej organiz\u00e1cie Mana\u017eujte agiln\u00fd pr\u00edstup v\u202fr\u00e1mci Va\u0161ich \u010dinnost\u00ed a\u202fz\u00edskajte maximum z\u202fvyu\u017eitia tohto pr\u00edstupu. K\u013e\u00fa\u010dov\u00e9 v\u00fdzvy nekoordinovan\u00e1 \u010dinnos\u0165 t\u00edmov sp\u00f4sobuje ome\u0161kania a\u202fvznik duplic\u00edt doch\u00e1dza k\u202fplytvaniu person\u00e1lnych, finan\u010dn\u00fdch a\u202f\u010dasov\u00fdch zdrojov vznikaj\u00fa bezpe\u010dnostn\u00e9 hrozby a\u202frizik\u00e1 sp\u00f4sobuj\u00face \u0161kody \u010diastkov\u00e9 vyt\u00fd\u010den\u00e9 ciele kon\u010dia ne\u00faspechom Dosiahnut\u00e9 ciele \u00faspora \u010dasu \u00faspora finan\u010dn\u00fdch n\u00e1kladov efekt\u00edvne vyu\u017eitie person\u00e1lnych zdrojov Agiln\u00fd pr\u00edstup k\u202frealiz\u00e1ci\u00ed \u010dinnost\u00ed &hellip;<\/p>\n<p class=\"read-more\"> <a class=\"\" href=\"https:\/\/www.digitwin-ce.com\/en\/business-areas\/support-of-an-agile-organization\/\"> <span class=\"screen-reader-text\">Support of an agile organization<\/span> Read More &raquo;<\/a><\/p>","protected":false},"author":1,"featured_media":0,"parent":7,"menu_order":0,"comment_status":"closed","ping_status":"closed","template":"","meta":{"_mi_skip_tracking":false,"ngg_post_thumbnail":0},"yoast_head":"<!-- This site is optimized with the Yoast SEO plugin v18.2 - https:\/\/yoast.com\/wordpress\/plugins\/seo\/ -->\n<title>Podpora agilnej organiz\u00e1cie - digitWin<\/title>\n<meta name=\"description\" content=\"Mana\u017eujte agiln\u00fd pr\u00edstup v\u202fr\u00e1mci Va\u0161ich \u010dinnost\u00ed a\u202fz\u00edskajte maximum z\u202fvyu\u017eitia tohto pr\u00edstupu.\" \/>\n<meta name=\"robots\" content=\"index, follow, max-snippet:-1, max-image-preview:large, max-video-preview:-1\" \/>\n<link rel=\"canonical\" href=\"https:\/\/digitwin-ce.com\/biznis-oblasti\/podpora-agilnej-organizacie\/\" \/>\n<meta property=\"og:locale\" content=\"en_US\" \/>\n<meta property=\"og:type\" content=\"article\" \/>\n<meta property=\"og:title\" content=\"Podpora agilnej organiz\u00e1cie - digitWin\" \/>\n<meta property=\"og:description\" content=\"Mana\u017eujte agiln\u00fd pr\u00edstup v\u202fr\u00e1mci Va\u0161ich \u010dinnost\u00ed a\u202fz\u00edskajte maximum z\u202fvyu\u017eitia tohto pr\u00edstupu.\" \/>\n<meta property=\"og:url\" content=\"https:\/\/digitwin-ce.com\/biznis-oblasti\/podpora-agilnej-organizacie\/\" \/>\n<meta property=\"og:site_name\" content=\"digitWin\" \/>\n<meta property=\"article:modified_time\" content=\"2021-03-10T17:59:26+00:00\" \/>\n<meta name=\"twitter:card\" content=\"summary_large_image\" \/>\n<meta name=\"twitter:label1\" content=\"Est. reading time\" \/>\n\t<meta name=\"twitter:data1\" content=\"1 minute\" \/>\n<script type=\"application\/ld+json\" class=\"yoast-schema-graph\">{\"@context\":\"https:\/\/schema.org\",\"@graph\":[{\"@type\":\"Organization\",\"@id\":\"https:\/\/www.digitwin-ce.com\/#organization\",\"name\":\"digitWin, s.r.o.\",\"url\":\"https:\/\/www.digitwin-ce.com\/\",\"sameAs\":[\"https:\/\/www.linkedin.com\/company\/digitwin-ce\/about\/\"],\"logo\":{\"@type\":\"ImageObject\",\"@id\":\"https:\/\/www.digitwin-ce.com\/#logo\",\"inLanguage\":\"en-US\",\"url\":\"https:\/\/www.digitwin-ce.com\/wp-content\/uploads\/2021\/03\/digitWin_logo_small.png\",\"contentUrl\":\"https:\/\/www.digitwin-ce.com\/wp-content\/uploads\/2021\/03\/digitWin_logo_small.png\",\"width\":410,\"height\":200,\"caption\":\"digitWin, s.r.o.\"},\"image\":{\"@id\":\"https:\/\/www.digitwin-ce.com\/#logo\"}},{\"@type\":\"WebSite\",\"@id\":\"https:\/\/www.digitwin-ce.com\/#website\",\"url\":\"https:\/\/www.digitwin-ce.com\/\",\"name\":\"digitWin\",\"description\":\"holistick\u00e1 architekt\u00fara \/ enterprise n\u00e1stroj \/ rie\u0161enie\",\"publisher\":{\"@id\":\"https:\/\/www.digitwin-ce.com\/#organization\"},\"potentialAction\":[{\"@type\":\"SearchAction\",\"target\":{\"@type\":\"EntryPoint\",\"urlTemplate\":\"https:\/\/www.digitwin-ce.com\/?s={search_term_string}\"},\"query-input\":\"required name=search_term_string\"}],\"inLanguage\":\"en-US\"},{\"@type\":\"WebPage\",\"@id\":\"https:\/\/digitwin-ce.com\/biznis-oblasti\/podpora-agilnej-organizacie\/#webpage\",\"url\":\"https:\/\/digitwin-ce.com\/biznis-oblasti\/podpora-agilnej-organizacie\/\",\"name\":\"Podpora agilnej organiz\u00e1cie - digitWin\",\"isPartOf\":{\"@id\":\"https:\/\/www.digitwin-ce.com\/#website\"},\"datePublished\":\"2021-03-10T15:15:08+00:00\",\"dateModified\":\"2021-03-10T17:59:26+00:00\",\"description\":\"Mana\u017eujte agiln\u00fd pr\u00edstup v\u202fr\u00e1mci Va\u0161ich \u010dinnost\u00ed a\u202fz\u00edskajte maximum z\u202fvyu\u017eitia tohto pr\u00edstupu.\",\"breadcrumb\":{\"@id\":\"https:\/\/digitwin-ce.com\/biznis-oblasti\/podpora-agilnej-organizacie\/#breadcrumb\"},\"inLanguage\":\"en-US\",\"potentialAction\":[{\"@type\":\"ReadAction\",\"target\":[\"https:\/\/digitwin-ce.com\/biznis-oblasti\/podpora-agilnej-organizacie\/\"]}]},{\"@type\":\"BreadcrumbList\",\"@id\":\"https:\/\/digitwin-ce.com\/biznis-oblasti\/podpora-agilnej-organizacie\/#breadcrumb\",\"itemListElement\":[{\"@type\":\"ListItem\",\"position\":1,\"name\":\"Domovsk\u00e1 str\u00e1nka\",\"item\":\"https:\/\/www.digitwin-ce.com\/\"},{\"@type\":\"ListItem\",\"position\":2,\"name\":\"Biznis oblasti\",\"item\":\"https:\/\/www.digitwin-ce.com\/biznis-oblasti\/\"},{\"@type\":\"ListItem\",\"position\":3,\"name\":\"Podpora agilnej organiz\u00e1cie\"}]}]}<\/script>\n<!-- \/ Yoast SEO plugin. -->","yoast_head_json":{"title":"Podpora agilnej organiz\u00e1cie - digitWin","description":"Mana\u017eujte agiln\u00fd pr\u00edstup v\u202fr\u00e1mci Va\u0161ich \u010dinnost\u00ed a\u202fz\u00edskajte maximum z\u202fvyu\u017eitia tohto pr\u00edstupu.","robots":{"index":"index","follow":"follow","max-snippet":"max-snippet:-1","max-image-preview":"max-image-preview:large","max-video-preview":"max-video-preview:-1"},"canonical":"https:\/\/digitwin-ce.com\/biznis-oblasti\/podpora-agilnej-organizacie\/","og_locale":"en_US","og_type":"article","og_title":"Podpora agilnej organiz\u00e1cie - digitWin","og_description":"Mana\u017eujte agiln\u00fd pr\u00edstup v\u202fr\u00e1mci Va\u0161ich \u010dinnost\u00ed a\u202fz\u00edskajte maximum z\u202fvyu\u017eitia tohto pr\u00edstupu.","og_url":"https:\/\/digitwin-ce.com\/biznis-oblasti\/podpora-agilnej-organizacie\/","og_site_name":"digitWin","article_modified_time":"2021-03-10T17:59:26+00:00","twitter_card":"summary_large_image","twitter_misc":{"Est. reading time":"1 minute"},"schema":{"@context":"https:\/\/schema.org","@graph":[{"@type":"Organization","@id":"https:\/\/www.digitwin-ce.com\/#organization","name":"digitWin, s.r.o.","url":"https:\/\/www.digitwin-ce.com\/","sameAs":["https:\/\/www.linkedin.com\/company\/digitwin-ce\/about\/"],"logo":{"@type":"ImageObject","@id":"https:\/\/www.digitwin-ce.com\/#logo","inLanguage":"en-US","url":"https:\/\/www.digitwin-ce.com\/wp-content\/uploads\/2021\/03\/digitWin_logo_small.png","contentUrl":"https:\/\/www.digitwin-ce.com\/wp-content\/uploads\/2021\/03\/digitWin_logo_small.png","width":410,"height":200,"caption":"digitWin, s.r.o."},"image":{"@id":"https:\/\/www.digitwin-ce.com\/#logo"}},{"@type":"WebSite","@id":"https:\/\/www.digitwin-ce.com\/#website","url":"https:\/\/www.digitwin-ce.com\/","name":"digitWin","description":"holistick\u00e1 architekt\u00fara \/ enterprise n\u00e1stroj \/ rie\u0161enie","publisher":{"@id":"https:\/\/www.digitwin-ce.com\/#organization"},"potentialAction":[{"@type":"SearchAction","target":{"@type":"EntryPoint","urlTemplate":"https:\/\/www.digitwin-ce.com\/?s={search_term_string}"},"query-input":"required name=search_term_string"}],"inLanguage":"en-US"},{"@type":"WebPage","@id":"https:\/\/digitwin-ce.com\/biznis-oblasti\/podpora-agilnej-organizacie\/#webpage","url":"https:\/\/digitwin-ce.com\/biznis-oblasti\/podpora-agilnej-organizacie\/","name":"Podpora agilnej organiz\u00e1cie - digitWin","isPartOf":{"@id":"https:\/\/www.digitwin-ce.com\/#website"},"datePublished":"2021-03-10T15:15:08+00:00","dateModified":"2021-03-10T17:59:26+00:00","description":"Mana\u017eujte agiln\u00fd pr\u00edstup v\u202fr\u00e1mci Va\u0161ich \u010dinnost\u00ed a\u202fz\u00edskajte maximum z\u202fvyu\u017eitia tohto pr\u00edstupu.","breadcrumb":{"@id":"https:\/\/digitwin-ce.com\/biznis-oblasti\/podpora-agilnej-organizacie\/#breadcrumb"},"inLanguage":"en-US","potentialAction":[{"@type":"ReadAction","target":["https:\/\/digitwin-ce.com\/biznis-oblasti\/podpora-agilnej-organizacie\/"]}]},{"@type":"BreadcrumbList","@id":"https:\/\/digitwin-ce.com\/biznis-oblasti\/podpora-agilnej-organizacie\/#breadcrumb","itemListElement":[{"@type":"ListItem","position":1,"name":"Domovsk\u00e1 str\u00e1nka","item":"https:\/\/www.digitwin-ce.com\/"},{"@type":"ListItem","position":2,"name":"Biznis oblasti","item":"https:\/\/www.digitwin-ce.com\/biznis-oblasti\/"},{"@type":"ListItem","position":3,"name":"Podpora agilnej organiz\u00e1cie"}]}]}},"_links":{"self":[{"href":"https:\/\/www.digitwin-ce.com\/en\/wp-json\/wp\/v2\/pages\/3263"}],"collection":[{"href":"https:\/\/www.digitwin-ce.com\/en\/wp-json\/wp\/v2\/pages"}],"about":[{"href":"https:\/\/www.digitwin-ce.com\/en\/wp-json\/wp\/v2\/types\/page"}],"author":[{"embeddable":true,"href":"https:\/\/www.digitwin-ce.com\/en\/wp-json\/wp\/v2\/users\/1"}],"replies":[{"embeddable":true,"href":"https:\/\/www.digitwin-ce.com\/en\/wp-json\/wp\/v2\/comments?post=3263"}],"version-history":[{"count":1,"href":"https:\/\/www.digitwin-ce.com\/en\/wp-json\/wp\/v2\/pages\/3263\/revisions"}],"predecessor-version":[{"id":3264,"href":"https:\/\/www.digitwin-ce.com\/en\/wp-json\/wp\/v2\/pages\/3263\/revisions\/3264"}],"up":[{"embeddable":true,"href":"https:\/\/www.digitwin-ce.com\/en\/wp-json\/wp\/v2\/pages\/7"}],"wp:attachment":[{"href":"https:\/\/www.digitwin-ce.com\/en\/wp-json\/wp\/v2\/media?parent=3263"}],"curies":[{"name":"wp","href":"https:\/\/api.w.org\/{rel}","templated":true}]}}