{"id":3260,"date":"2021-03-10T15:08:30","date_gmt":"2021-03-10T15:08:30","guid":{"rendered":"https:\/\/www.digitwin-ce.com\/?page_id=3260"},"modified":"2021-03-10T17:54:22","modified_gmt":"2021-03-10T17:54:22","slug":"business-kritickost-komponentov-organizacie","status":"publish","type":"page","link":"https:\/\/www.digitwin-ce.com\/en\/business-areas\/business-criticality-of-organizational-components\/","title":{"rendered":"Business criticality of organizational components"},"content":{"rendered":"<h1 class=\"has-text-align-center ba-title\"><strong>Business criticality of organizational components<\/strong><\/h1>\n\n\n\n<h4 class=\"highlighted-subtitle mb-7\"><strong><em>Identify critical components of your organization and use them to support the growth of your organization.<\/em><\/strong><\/h4>\n\n\n\n<div class=\"wp-block-columns\">\n<div class=\"wp-block-column hover-cart\">\n<h2 class=\"has-text-align-center\"><strong>Key challenges<\/strong><\/h2>\n\n\n\n<p class=\"custom-list has-text-align-center\"><i class=\"fa fa-check\"><\/i> attention is drawn to incorrect organizational components<\/p>\n\n\n\n<p class=\"custom-list has-text-align-center\"><i class=\"fa fa-check\"><\/i> there is a waste of personnel, financial and time resources<\/p>\n\n\n\n<p class=\"custom-list has-text-align-center\"><i class=\"fa fa-check\"><\/i> there is a failure of projects and changes in organizations that have long-term negative consequences<\/p>\n<\/div>\n\n\n\n<div class=\"wp-block-column hover-cart\">\n<h2 class=\"has-text-align-center\"><strong>Achieved goals<\/strong><\/h2>\n\n\n\n<p class=\"custom-list has-text-align-center\"><i class=\"fa fa-check\"><\/i> time savings<\/p>\n\n\n\n<p class=\"custom-list has-text-align-center\"><i class=\"fa fa-check\"><\/i> financial cost savings<\/p>\n\n\n\n<p class=\"custom-list has-text-align-center\"><i class=\"fa fa-check\"><\/i> savings of human resources<\/p>\n\n\n\n<p class=\"custom-list has-text-align-center\"><i class=\"fa fa-check\"><\/i> correctly identified critical components of the organization<\/p>\n<\/div>\n<\/div>\n\n\n\n<p class=\"aligne-middle\">Organizations focus primarily on the implementation and improvement of critical products, services, processes, etc. components of the organization. The mere incorrect evaluation of the criticality of these components causes attention to be paid to incorrect organizational components, there is a waste of personnel, financial and time resources, there is a failure of projects and changes in organizations, which have long-term negative consequences.<\/p>\n\n\n\n<p class=\"UC-desc aligne-middle\">Not all components involved in the functioning of an organization are equally critical, and not all components support business critical services. By analyzing, mapping and evaluating the business criticality of components by connecting them to business critical services, it is possible to make data-based decisions on further investments or modifications. For business critical services, it is necessary to prepare an operating model that uses components with higher demands on availability, \"disaster recovery\" and so on. Without capturing direct as well as hidden dependencies, the criticality information of components is lost, which carries a high risk of looking into the provision of critical services.<\/p>\n\n\n\n\n\t<div class='ngg-imagebrowser default-view'\n         id='ngg-imagebrowser-34dae015ece0e03659f7eaa795fed715-3260'\n         data-nextgen-gallery-id=\"34dae015ece0e03659f7eaa795fed715\">\n\n        <h3>Application Portfolio Risk Analysis<\/h3>\n\n\t\t<div id=\"ngg-image-0\" class=\"pic\" >\n        \n        <a href='https:\/\/www.digitwin-ce.com\/wp-content\/gallery\/bizkri\/Application-Portfolio-Risk-Analysis.png'\n           title=' '\n           data-src=\"https:\/\/www.digitwin-ce.com\/wp-content\/gallery\/bizkri\/Application-Portfolio-Risk-Analysis.png\"\n           data-thumbnail=\"https:\/\/www.digitwin-ce.com\/wp-content\/gallery\/bizkri\/thumbs\/thumbs_Application-Portfolio-Risk-Analysis.png\"\n           data-image-id=\"73\"\n           data-title=\"Application Portfolio Risk Analysis\"\n           data-description=\" \"\n           class=\"ngg-simplelightbox\" rel=\"34dae015ece0e03659f7eaa795fed715\">\n            <img title='Application Portfolio Risk Analysis'\n                 alt='Application Portfolio Risk Analysis'\n                 src='https:\/\/www.digitwin-ce.com\/wp-content\/gallery\/bizkri\/Application-Portfolio-Risk-Analysis.png'\/>\n        <\/a>\n\t    \n        <\/div> \n\n        <div class='ngg-imagebrowser-nav'>\n\n            <div class='back'>\n                <a class='ngg-browser-prev'\n                   id='ngg-prev-74'\n                   href='https:\/\/www.digitwin-ce.com\/en\/business-areas\/business-criticality-of-organizational-components\/nggallery\/image\/risk-security-management-1\/'>\n                    <i class=\"fa fa-chevron-left\" aria-hidden=\"true\"><\/i>\n                <\/a>\n            <\/div>\n\n            <div class='next'>\n                <a class='ngg-browser-next'\n                   id='ngg-next-72'\n                   href='https:\/\/www.digitwin-ce.com\/en\/business-areas\/business-criticality-of-organizational-components\/nggallery\/image\/application-classification-2\/'>\n                    <i class=\"fa fa-chevron-right\" aria-hidden=\"true\"><\/i>\n                <\/a>\n            <\/div>\n\n            <div class='counter'>\n                Image                1                of                3            <\/div>\n\n            <div class='ngg-imagebrowser-desc'>\n                <p> <\/p>\n            <\/div>\n\n        <\/div>\n    <\/div>\n\n\n\n\n\n<p><\/p>","protected":false},"excerpt":{"rendered":"<p>Business kritickos\u0165 komponentov organiz\u00e1cie Identifikujte kritick\u00e9 komponenty Va\u0161ej organiz\u00e1cie a\u202fvyu\u017eite ich pre podporenie rastu va\u0161ej organiz\u00e1cie. K\u013e\u00fa\u010dov\u00e9 v\u00fdzvy upriamuje sa pozornos\u0165 na nespr\u00e1vne organiza\u010dn\u00e9 komponenty doch\u00e1dza k\u202fplytvaniu person\u00e1lnych, finan\u010dn\u00fdch a\u202f\u010dasov\u00fdch zdrojov nast\u00e1va zlyhanie projektov a\u202fzmien v\u202forganiz\u00e1ci\u00ed, ktor\u00e9 maj\u00fa dlhodob\u00e9 negat\u00edvne n\u00e1sledky Dosiahnut\u00e9 ciele \u00faspora \u010dasu \u00faspora finan\u010dn\u00fdch n\u00e1kladov \u00faspora person\u00e1lnych zdrojov korektne identifikovan\u00e9 kritick\u00e9 komponenty &hellip;<\/p>\n<p class=\"read-more\"> <a class=\"\" href=\"https:\/\/www.digitwin-ce.com\/en\/business-areas\/business-criticality-of-organizational-components\/\"> <span class=\"screen-reader-text\">Business criticality of organizational components<\/span> Read More &raquo;<\/a><\/p>","protected":false},"author":1,"featured_media":0,"parent":7,"menu_order":0,"comment_status":"closed","ping_status":"closed","template":"","meta":{"_mi_skip_tracking":false,"ngg_post_thumbnail":0},"yoast_head":"<!-- This site is optimized with the Yoast SEO plugin v18.2 - https:\/\/yoast.com\/wordpress\/plugins\/seo\/ -->\n<title>Business kritickos\u0165 komponentov organiz\u00e1cie - digitWin<\/title>\n<meta name=\"description\" content=\"Identifikujte kritick\u00e9 komponenty Va\u0161ej organiz\u00e1cie a\u202fvyu\u017eite ich pre podporenie rastu va\u0161ej organiz\u00e1cie.\" \/>\n<meta name=\"robots\" content=\"index, follow, max-snippet:-1, max-image-preview:large, max-video-preview:-1\" \/>\n<link rel=\"canonical\" href=\"https:\/\/digitwin-ce.com\/biznis-oblasti\/business-kritickost-komponentov-organizacie\/\" \/>\n<meta property=\"og:locale\" content=\"en_US\" \/>\n<meta property=\"og:type\" content=\"article\" \/>\n<meta property=\"og:title\" content=\"Business kritickos\u0165 komponentov organiz\u00e1cie - digitWin\" \/>\n<meta property=\"og:description\" content=\"Identifikujte kritick\u00e9 komponenty Va\u0161ej organiz\u00e1cie a\u202fvyu\u017eite ich pre podporenie rastu va\u0161ej organiz\u00e1cie.\" \/>\n<meta property=\"og:url\" content=\"https:\/\/digitwin-ce.com\/biznis-oblasti\/business-kritickost-komponentov-organizacie\/\" \/>\n<meta property=\"og:site_name\" content=\"digitWin\" \/>\n<meta property=\"article:modified_time\" content=\"2021-03-10T17:54:22+00:00\" \/>\n<meta name=\"twitter:card\" content=\"summary_large_image\" \/>\n<meta name=\"twitter:label1\" content=\"Est. reading time\" \/>\n\t<meta name=\"twitter:data1\" content=\"1 minute\" \/>\n<script type=\"application\/ld+json\" class=\"yoast-schema-graph\">{\"@context\":\"https:\/\/schema.org\",\"@graph\":[{\"@type\":\"Organization\",\"@id\":\"https:\/\/www.digitwin-ce.com\/#organization\",\"name\":\"digitWin, s.r.o.\",\"url\":\"https:\/\/www.digitwin-ce.com\/\",\"sameAs\":[\"https:\/\/www.linkedin.com\/company\/digitwin-ce\/about\/\"],\"logo\":{\"@type\":\"ImageObject\",\"@id\":\"https:\/\/www.digitwin-ce.com\/#logo\",\"inLanguage\":\"en-US\",\"url\":\"https:\/\/www.digitwin-ce.com\/wp-content\/uploads\/2021\/03\/digitWin_logo_small.png\",\"contentUrl\":\"https:\/\/www.digitwin-ce.com\/wp-content\/uploads\/2021\/03\/digitWin_logo_small.png\",\"width\":410,\"height\":200,\"caption\":\"digitWin, s.r.o.\"},\"image\":{\"@id\":\"https:\/\/www.digitwin-ce.com\/#logo\"}},{\"@type\":\"WebSite\",\"@id\":\"https:\/\/www.digitwin-ce.com\/#website\",\"url\":\"https:\/\/www.digitwin-ce.com\/\",\"name\":\"digitWin\",\"description\":\"holistick\u00e1 architekt\u00fara \/ enterprise n\u00e1stroj \/ rie\u0161enie\",\"publisher\":{\"@id\":\"https:\/\/www.digitwin-ce.com\/#organization\"},\"potentialAction\":[{\"@type\":\"SearchAction\",\"target\":{\"@type\":\"EntryPoint\",\"urlTemplate\":\"https:\/\/www.digitwin-ce.com\/?s={search_term_string}\"},\"query-input\":\"required name=search_term_string\"}],\"inLanguage\":\"en-US\"},{\"@type\":\"WebPage\",\"@id\":\"https:\/\/digitwin-ce.com\/biznis-oblasti\/business-kritickost-komponentov-organizacie\/#webpage\",\"url\":\"https:\/\/digitwin-ce.com\/biznis-oblasti\/business-kritickost-komponentov-organizacie\/\",\"name\":\"Business kritickos\u0165 komponentov organiz\u00e1cie - digitWin\",\"isPartOf\":{\"@id\":\"https:\/\/www.digitwin-ce.com\/#website\"},\"datePublished\":\"2021-03-10T15:08:30+00:00\",\"dateModified\":\"2021-03-10T17:54:22+00:00\",\"description\":\"Identifikujte kritick\u00e9 komponenty Va\u0161ej organiz\u00e1cie a\u202fvyu\u017eite ich pre podporenie rastu va\u0161ej organiz\u00e1cie.\",\"breadcrumb\":{\"@id\":\"https:\/\/digitwin-ce.com\/biznis-oblasti\/business-kritickost-komponentov-organizacie\/#breadcrumb\"},\"inLanguage\":\"en-US\",\"potentialAction\":[{\"@type\":\"ReadAction\",\"target\":[\"https:\/\/digitwin-ce.com\/biznis-oblasti\/business-kritickost-komponentov-organizacie\/\"]}]},{\"@type\":\"BreadcrumbList\",\"@id\":\"https:\/\/digitwin-ce.com\/biznis-oblasti\/business-kritickost-komponentov-organizacie\/#breadcrumb\",\"itemListElement\":[{\"@type\":\"ListItem\",\"position\":1,\"name\":\"Domovsk\u00e1 str\u00e1nka\",\"item\":\"https:\/\/www.digitwin-ce.com\/\"},{\"@type\":\"ListItem\",\"position\":2,\"name\":\"Biznis oblasti\",\"item\":\"https:\/\/www.digitwin-ce.com\/biznis-oblasti\/\"},{\"@type\":\"ListItem\",\"position\":3,\"name\":\"Business kritickos\u0165 komponentov organiz\u00e1cie\"}]}]}<\/script>\n<!-- \/ Yoast SEO plugin. -->","yoast_head_json":{"title":"Business kritickos\u0165 komponentov organiz\u00e1cie - digitWin","description":"Identifikujte kritick\u00e9 komponenty Va\u0161ej organiz\u00e1cie a\u202fvyu\u017eite ich pre podporenie rastu va\u0161ej organiz\u00e1cie.","robots":{"index":"index","follow":"follow","max-snippet":"max-snippet:-1","max-image-preview":"max-image-preview:large","max-video-preview":"max-video-preview:-1"},"canonical":"https:\/\/digitwin-ce.com\/biznis-oblasti\/business-kritickost-komponentov-organizacie\/","og_locale":"en_US","og_type":"article","og_title":"Business kritickos\u0165 komponentov organiz\u00e1cie - digitWin","og_description":"Identifikujte kritick\u00e9 komponenty Va\u0161ej organiz\u00e1cie a\u202fvyu\u017eite ich pre podporenie rastu va\u0161ej organiz\u00e1cie.","og_url":"https:\/\/digitwin-ce.com\/biznis-oblasti\/business-kritickost-komponentov-organizacie\/","og_site_name":"digitWin","article_modified_time":"2021-03-10T17:54:22+00:00","twitter_card":"summary_large_image","twitter_misc":{"Est. reading time":"1 minute"},"schema":{"@context":"https:\/\/schema.org","@graph":[{"@type":"Organization","@id":"https:\/\/www.digitwin-ce.com\/#organization","name":"digitWin, s.r.o.","url":"https:\/\/www.digitwin-ce.com\/","sameAs":["https:\/\/www.linkedin.com\/company\/digitwin-ce\/about\/"],"logo":{"@type":"ImageObject","@id":"https:\/\/www.digitwin-ce.com\/#logo","inLanguage":"en-US","url":"https:\/\/www.digitwin-ce.com\/wp-content\/uploads\/2021\/03\/digitWin_logo_small.png","contentUrl":"https:\/\/www.digitwin-ce.com\/wp-content\/uploads\/2021\/03\/digitWin_logo_small.png","width":410,"height":200,"caption":"digitWin, s.r.o."},"image":{"@id":"https:\/\/www.digitwin-ce.com\/#logo"}},{"@type":"WebSite","@id":"https:\/\/www.digitwin-ce.com\/#website","url":"https:\/\/www.digitwin-ce.com\/","name":"digitWin","description":"holistick\u00e1 architekt\u00fara \/ enterprise n\u00e1stroj \/ rie\u0161enie","publisher":{"@id":"https:\/\/www.digitwin-ce.com\/#organization"},"potentialAction":[{"@type":"SearchAction","target":{"@type":"EntryPoint","urlTemplate":"https:\/\/www.digitwin-ce.com\/?s={search_term_string}"},"query-input":"required name=search_term_string"}],"inLanguage":"en-US"},{"@type":"WebPage","@id":"https:\/\/digitwin-ce.com\/biznis-oblasti\/business-kritickost-komponentov-organizacie\/#webpage","url":"https:\/\/digitwin-ce.com\/biznis-oblasti\/business-kritickost-komponentov-organizacie\/","name":"Business kritickos\u0165 komponentov organiz\u00e1cie - digitWin","isPartOf":{"@id":"https:\/\/www.digitwin-ce.com\/#website"},"datePublished":"2021-03-10T15:08:30+00:00","dateModified":"2021-03-10T17:54:22+00:00","description":"Identifikujte kritick\u00e9 komponenty Va\u0161ej organiz\u00e1cie a\u202fvyu\u017eite ich pre podporenie rastu va\u0161ej organiz\u00e1cie.","breadcrumb":{"@id":"https:\/\/digitwin-ce.com\/biznis-oblasti\/business-kritickost-komponentov-organizacie\/#breadcrumb"},"inLanguage":"en-US","potentialAction":[{"@type":"ReadAction","target":["https:\/\/digitwin-ce.com\/biznis-oblasti\/business-kritickost-komponentov-organizacie\/"]}]},{"@type":"BreadcrumbList","@id":"https:\/\/digitwin-ce.com\/biznis-oblasti\/business-kritickost-komponentov-organizacie\/#breadcrumb","itemListElement":[{"@type":"ListItem","position":1,"name":"Domovsk\u00e1 str\u00e1nka","item":"https:\/\/www.digitwin-ce.com\/"},{"@type":"ListItem","position":2,"name":"Biznis oblasti","item":"https:\/\/www.digitwin-ce.com\/biznis-oblasti\/"},{"@type":"ListItem","position":3,"name":"Business kritickos\u0165 komponentov organiz\u00e1cie"}]}]}},"_links":{"self":[{"href":"https:\/\/www.digitwin-ce.com\/en\/wp-json\/wp\/v2\/pages\/3260"}],"collection":[{"href":"https:\/\/www.digitwin-ce.com\/en\/wp-json\/wp\/v2\/pages"}],"about":[{"href":"https:\/\/www.digitwin-ce.com\/en\/wp-json\/wp\/v2\/types\/page"}],"author":[{"embeddable":true,"href":"https:\/\/www.digitwin-ce.com\/en\/wp-json\/wp\/v2\/users\/1"}],"replies":[{"embeddable":true,"href":"https:\/\/www.digitwin-ce.com\/en\/wp-json\/wp\/v2\/comments?post=3260"}],"version-history":[{"count":1,"href":"https:\/\/www.digitwin-ce.com\/en\/wp-json\/wp\/v2\/pages\/3260\/revisions"}],"predecessor-version":[{"id":3261,"href":"https:\/\/www.digitwin-ce.com\/en\/wp-json\/wp\/v2\/pages\/3260\/revisions\/3261"}],"up":[{"embeddable":true,"href":"https:\/\/www.digitwin-ce.com\/en\/wp-json\/wp\/v2\/pages\/7"}],"wp:attachment":[{"href":"https:\/\/www.digitwin-ce.com\/en\/wp-json\/wp\/v2\/media?parent=3260"}],"curies":[{"name":"wp","href":"https:\/\/api.w.org\/{rel}","templated":true}]}}