{"id":3254,"date":"2021-03-10T14:55:41","date_gmt":"2021-03-10T14:55:41","guid":{"rendered":"https:\/\/www.digitwin-ce.com\/?page_id=3254"},"modified":"2021-03-10T18:00:13","modified_gmt":"2021-03-10T18:00:13","slug":"podpora-business-continuity-management-a-disaster-recovery","status":"publish","type":"page","link":"https:\/\/www.digitwin-ce.com\/en\/business-areas\/support-of-business-continuity-management-and-disaster-recovery\/","title":{"rendered":"Support of Business continuity management and disaster recovery"},"content":{"rendered":"<h1 class=\"has-text-align-center ba-title\"><strong>Support of Business continuity management and disaster recovery<\/strong><\/h1>\n\n\n\n<h4 class=\"highlighted-subtitle mb-7\"><strong><em>Ensure continuous delivery of your products and services and eliminate the occurrence and mitigate the impact of risks on your organization.<\/em><\/strong><\/h4>\n\n\n\n<div class=\"wp-block-columns\">\n<div class=\"wp-block-column hover-cart\">\n<h2 class=\"has-text-align-center\"><strong>Key challenges<\/strong><\/h2>\n\n\n\n<p class=\"custom-list has-text-align-center\"><i class=\"fa fa-check\"><\/i> risks are in the nature of disasters and cause extensive damage<\/p>\n\n\n\n<p class=\"custom-list has-text-align-center\"><i class=\"fa fa-check\"><\/i> there is a failure of delivered products and services<\/p>\n\n\n\n<p class=\"custom-list has-text-align-center\"><i class=\"fa fa-check\"><\/i> there is irreversible damage to the organization<\/p>\n<\/div>\n\n\n\n<div class=\"wp-block-column hover-cart\">\n<h2 class=\"has-text-align-center\"><strong>Achieved goals<\/strong><\/h2>\n\n\n\n<p class=\"custom-list has-text-align-center\"><i class=\"fa fa-check\"><\/i> elimination of risks<\/p>\n\n\n\n<p class=\"custom-list has-text-align-center\"><i class=\"fa fa-check\"><\/i> ensuring the continuous supply of products and services<\/p>\n\n\n\n<p><\/p>\n<\/div>\n<\/div>\n\n\n\n<p class=\"aligne-middle\">An important factor in the delivery of products and services is ensuring their continuous supply and eliminating the emergence of possible risks. Several approaches are designed for this, the absence of organizations in which causes the risks of the nature of disasters and causes extensive damage, there is a failure of delivered products and services, there is irreversible damage to the organization.<\/p>\n\n\n\n<p class=\"UC-desc aligne-middle\">\u202fThe quality of services provided is the number 1 priority of most organizations. Any downtime in the provision of services poses a reputational risk or loss of customers, which will ultimately affect the organization's revenue. The areas of \"Business continuity management\" and \"Disaster recovery\" come as a way to minimize the risks of service outages, or shorten the time needed to restore supply after a service outage. Thanks to the digital representation of the operational model, which includes the individual technological components, it is possible to perform simulations of the effects of \"disasters\". Thanks to this, it is possible to better prepare for or prevent disasters.<\/p>\n\n\n\n\n\t<div class='ngg-imagebrowser default-view'\n         id='ngg-imagebrowser-5064d2f8382f4c738cfe9e1b0655b7f8-3254'\n         data-nextgen-gallery-id=\"5064d2f8382f4c738cfe9e1b0655b7f8\">\n\n        <h3>Impact Analysis<\/h3>\n\n\t\t<div id=\"ngg-image-0\" class=\"pic\" >\n        \n        <a href='https:\/\/www.digitwin-ce.com\/wp-content\/gallery\/podbuscon\/Impact-Analysis.png'\n           title=' '\n           data-src=\"https:\/\/www.digitwin-ce.com\/wp-content\/gallery\/podbuscon\/Impact-Analysis.png\"\n           data-thumbnail=\"https:\/\/www.digitwin-ce.com\/wp-content\/gallery\/podbuscon\/thumbs\/thumbs_Impact-Analysis.png\"\n           data-image-id=\"84\"\n           data-title=\"Impact Analysis\"\n           data-description=\" \"\n           class=\"ngg-simplelightbox\" rel=\"5064d2f8382f4c738cfe9e1b0655b7f8\">\n            <img title='Impact Analysis'\n                 alt='Impact Analysis'\n                 src='https:\/\/www.digitwin-ce.com\/wp-content\/gallery\/podbuscon\/Impact-Analysis.png'\/>\n        <\/a>\n\t    \n        <\/div> \n\n        <div class='ngg-imagebrowser-nav'>\n\n            <div class='back'>\n                <a class='ngg-browser-prev'\n                   id='ngg-prev-83'\n                   href='https:\/\/www.digitwin-ce.com\/en\/business-areas\/support-of-business-continuity-management-and-disaster-recovery\/nggallery\/image\/risk-heat-map-2\/'>\n                    <i class=\"fa fa-chevron-left\" aria-hidden=\"true\"><\/i>\n                <\/a>\n            <\/div>\n\n            <div class='next'>\n                <a class='ngg-browser-next'\n                   id='ngg-next-85'\n                   href='https:\/\/www.digitwin-ce.com\/en\/business-areas\/support-of-business-continuity-management-and-disaster-recovery\/nggallery\/image\/technology-infrastructure-2\/'>\n                    <i class=\"fa fa-chevron-right\" aria-hidden=\"true\"><\/i>\n                <\/a>\n            <\/div>\n\n            <div class='counter'>\n                Image                1                of                3            <\/div>\n\n            <div class='ngg-imagebrowser-desc'>\n                <p> <\/p>\n            <\/div>\n\n        <\/div>\n    <\/div>\n\n\n\n\n\n<p><\/p>","protected":false},"excerpt":{"rendered":"<p>Podpora business continuity management a disaster recovery Zabezpe\u010dte kontinu\u00e1lnu dod\u00e1vku va\u0161ich produktov a\u202fslu\u017eieb a\u202feliminujte vznik a mitigujte\u202fvplyv riz\u00edk na Va\u0161u organiz\u00e1ciu. K\u013e\u00fa\u010dov\u00e9 v\u00fdzvy rizik\u00e1 maj\u00fa charakter katastrof a\u202fsp\u00f4sobuj\u00fa rozsiahle \u0161kody doch\u00e1dza k\u202fv\u00fdpadku dod\u00e1van\u00fdch produktov a\u202f slu\u017eieb doch\u00e1dza k\u202fnen\u00e1vratn\u00fdm \u0161kod\u00e1m na organiz\u00e1cii Dosiahnut\u00e9 ciele elimin\u00e1cia vzniku riz\u00edk zabezpe\u010denie kontinu\u00e1lnej dod\u00e1vky produktov a\u202fslu\u017eieb D\u00f4le\u017eit\u00fdm faktorom pri dod\u00e1van\u00ed &hellip;<\/p>\n<p class=\"read-more\"> <a class=\"\" href=\"https:\/\/www.digitwin-ce.com\/en\/business-areas\/support-of-business-continuity-management-and-disaster-recovery\/\"> <span class=\"screen-reader-text\">Support of Business continuity management and disaster recovery<\/span> Read More &raquo;<\/a><\/p>","protected":false},"author":1,"featured_media":0,"parent":7,"menu_order":0,"comment_status":"closed","ping_status":"closed","template":"","meta":{"_mi_skip_tracking":false,"ngg_post_thumbnail":0},"yoast_head":"<!-- This site is optimized with the Yoast SEO plugin v18.2 - https:\/\/yoast.com\/wordpress\/plugins\/seo\/ -->\n<title>Podpora business continuity management a disaster recovery - digitWin<\/title>\n<meta name=\"description\" content=\"Zabezpe\u010dte kontinu\u00e1lnu dod\u00e1vku va\u0161ich produktov a\u202fslu\u017eieb a\u202feliminujte vznik a mitigujte\u202fvplyv riz\u00edk na Va\u0161u organiz\u00e1ciu.\" \/>\n<meta name=\"robots\" content=\"index, follow, max-snippet:-1, max-image-preview:large, max-video-preview:-1\" \/>\n<link rel=\"canonical\" href=\"https:\/\/digitwin-ce.com\/biznis-oblasti\/podpora-business-continuity-management-a-disaster-recovery\/\" \/>\n<meta property=\"og:locale\" content=\"en_US\" \/>\n<meta property=\"og:type\" content=\"article\" \/>\n<meta property=\"og:title\" content=\"Podpora business continuity management a disaster recovery - digitWin\" \/>\n<meta property=\"og:description\" content=\"Zabezpe\u010dte kontinu\u00e1lnu dod\u00e1vku va\u0161ich produktov a\u202fslu\u017eieb a\u202feliminujte vznik a mitigujte\u202fvplyv riz\u00edk na Va\u0161u organiz\u00e1ciu.\" \/>\n<meta property=\"og:url\" content=\"https:\/\/digitwin-ce.com\/biznis-oblasti\/podpora-business-continuity-management-a-disaster-recovery\/\" \/>\n<meta property=\"og:site_name\" content=\"digitWin\" \/>\n<meta property=\"article:modified_time\" content=\"2021-03-10T18:00:13+00:00\" \/>\n<meta name=\"twitter:card\" content=\"summary_large_image\" \/>\n<meta name=\"twitter:label1\" content=\"Est. reading time\" \/>\n\t<meta name=\"twitter:data1\" content=\"1 minute\" \/>\n<script type=\"application\/ld+json\" class=\"yoast-schema-graph\">{\"@context\":\"https:\/\/schema.org\",\"@graph\":[{\"@type\":\"Organization\",\"@id\":\"https:\/\/www.digitwin-ce.com\/#organization\",\"name\":\"digitWin, s.r.o.\",\"url\":\"https:\/\/www.digitwin-ce.com\/\",\"sameAs\":[\"https:\/\/www.linkedin.com\/company\/digitwin-ce\/about\/\"],\"logo\":{\"@type\":\"ImageObject\",\"@id\":\"https:\/\/www.digitwin-ce.com\/#logo\",\"inLanguage\":\"en-US\",\"url\":\"https:\/\/www.digitwin-ce.com\/wp-content\/uploads\/2021\/03\/digitWin_logo_small.png\",\"contentUrl\":\"https:\/\/www.digitwin-ce.com\/wp-content\/uploads\/2021\/03\/digitWin_logo_small.png\",\"width\":410,\"height\":200,\"caption\":\"digitWin, s.r.o.\"},\"image\":{\"@id\":\"https:\/\/www.digitwin-ce.com\/#logo\"}},{\"@type\":\"WebSite\",\"@id\":\"https:\/\/www.digitwin-ce.com\/#website\",\"url\":\"https:\/\/www.digitwin-ce.com\/\",\"name\":\"digitWin\",\"description\":\"holistick\u00e1 architekt\u00fara \/ enterprise n\u00e1stroj \/ rie\u0161enie\",\"publisher\":{\"@id\":\"https:\/\/www.digitwin-ce.com\/#organization\"},\"potentialAction\":[{\"@type\":\"SearchAction\",\"target\":{\"@type\":\"EntryPoint\",\"urlTemplate\":\"https:\/\/www.digitwin-ce.com\/?s={search_term_string}\"},\"query-input\":\"required name=search_term_string\"}],\"inLanguage\":\"en-US\"},{\"@type\":\"WebPage\",\"@id\":\"https:\/\/digitwin-ce.com\/biznis-oblasti\/podpora-business-continuity-management-a-disaster-recovery\/#webpage\",\"url\":\"https:\/\/digitwin-ce.com\/biznis-oblasti\/podpora-business-continuity-management-a-disaster-recovery\/\",\"name\":\"Podpora business continuity management a disaster recovery - digitWin\",\"isPartOf\":{\"@id\":\"https:\/\/www.digitwin-ce.com\/#website\"},\"datePublished\":\"2021-03-10T14:55:41+00:00\",\"dateModified\":\"2021-03-10T18:00:13+00:00\",\"description\":\"Zabezpe\u010dte kontinu\u00e1lnu dod\u00e1vku va\u0161ich produktov a\u202fslu\u017eieb a\u202feliminujte vznik a mitigujte\u202fvplyv riz\u00edk na Va\u0161u organiz\u00e1ciu.\",\"breadcrumb\":{\"@id\":\"https:\/\/digitwin-ce.com\/biznis-oblasti\/podpora-business-continuity-management-a-disaster-recovery\/#breadcrumb\"},\"inLanguage\":\"en-US\",\"potentialAction\":[{\"@type\":\"ReadAction\",\"target\":[\"https:\/\/digitwin-ce.com\/biznis-oblasti\/podpora-business-continuity-management-a-disaster-recovery\/\"]}]},{\"@type\":\"BreadcrumbList\",\"@id\":\"https:\/\/digitwin-ce.com\/biznis-oblasti\/podpora-business-continuity-management-a-disaster-recovery\/#breadcrumb\",\"itemListElement\":[{\"@type\":\"ListItem\",\"position\":1,\"name\":\"Domovsk\u00e1 str\u00e1nka\",\"item\":\"https:\/\/www.digitwin-ce.com\/\"},{\"@type\":\"ListItem\",\"position\":2,\"name\":\"Biznis oblasti\",\"item\":\"https:\/\/www.digitwin-ce.com\/biznis-oblasti\/\"},{\"@type\":\"ListItem\",\"position\":3,\"name\":\"Podpora business continuity management a disaster recovery\"}]}]}<\/script>\n<!-- \/ Yoast SEO plugin. -->","yoast_head_json":{"title":"Podpora business continuity management a disaster recovery - digitWin","description":"Zabezpe\u010dte kontinu\u00e1lnu dod\u00e1vku va\u0161ich produktov a\u202fslu\u017eieb a\u202feliminujte vznik a mitigujte\u202fvplyv riz\u00edk na Va\u0161u organiz\u00e1ciu.","robots":{"index":"index","follow":"follow","max-snippet":"max-snippet:-1","max-image-preview":"max-image-preview:large","max-video-preview":"max-video-preview:-1"},"canonical":"https:\/\/digitwin-ce.com\/biznis-oblasti\/podpora-business-continuity-management-a-disaster-recovery\/","og_locale":"en_US","og_type":"article","og_title":"Podpora business continuity management a disaster recovery - digitWin","og_description":"Zabezpe\u010dte kontinu\u00e1lnu dod\u00e1vku va\u0161ich produktov a\u202fslu\u017eieb a\u202feliminujte vznik a mitigujte\u202fvplyv riz\u00edk na Va\u0161u organiz\u00e1ciu.","og_url":"https:\/\/digitwin-ce.com\/biznis-oblasti\/podpora-business-continuity-management-a-disaster-recovery\/","og_site_name":"digitWin","article_modified_time":"2021-03-10T18:00:13+00:00","twitter_card":"summary_large_image","twitter_misc":{"Est. reading time":"1 minute"},"schema":{"@context":"https:\/\/schema.org","@graph":[{"@type":"Organization","@id":"https:\/\/www.digitwin-ce.com\/#organization","name":"digitWin, s.r.o.","url":"https:\/\/www.digitwin-ce.com\/","sameAs":["https:\/\/www.linkedin.com\/company\/digitwin-ce\/about\/"],"logo":{"@type":"ImageObject","@id":"https:\/\/www.digitwin-ce.com\/#logo","inLanguage":"en-US","url":"https:\/\/www.digitwin-ce.com\/wp-content\/uploads\/2021\/03\/digitWin_logo_small.png","contentUrl":"https:\/\/www.digitwin-ce.com\/wp-content\/uploads\/2021\/03\/digitWin_logo_small.png","width":410,"height":200,"caption":"digitWin, s.r.o."},"image":{"@id":"https:\/\/www.digitwin-ce.com\/#logo"}},{"@type":"WebSite","@id":"https:\/\/www.digitwin-ce.com\/#website","url":"https:\/\/www.digitwin-ce.com\/","name":"digitWin","description":"holistick\u00e1 architekt\u00fara \/ enterprise n\u00e1stroj \/ rie\u0161enie","publisher":{"@id":"https:\/\/www.digitwin-ce.com\/#organization"},"potentialAction":[{"@type":"SearchAction","target":{"@type":"EntryPoint","urlTemplate":"https:\/\/www.digitwin-ce.com\/?s={search_term_string}"},"query-input":"required name=search_term_string"}],"inLanguage":"en-US"},{"@type":"WebPage","@id":"https:\/\/digitwin-ce.com\/biznis-oblasti\/podpora-business-continuity-management-a-disaster-recovery\/#webpage","url":"https:\/\/digitwin-ce.com\/biznis-oblasti\/podpora-business-continuity-management-a-disaster-recovery\/","name":"Podpora business continuity management a disaster recovery - digitWin","isPartOf":{"@id":"https:\/\/www.digitwin-ce.com\/#website"},"datePublished":"2021-03-10T14:55:41+00:00","dateModified":"2021-03-10T18:00:13+00:00","description":"Zabezpe\u010dte kontinu\u00e1lnu dod\u00e1vku va\u0161ich produktov a\u202fslu\u017eieb a\u202feliminujte vznik a mitigujte\u202fvplyv riz\u00edk na Va\u0161u organiz\u00e1ciu.","breadcrumb":{"@id":"https:\/\/digitwin-ce.com\/biznis-oblasti\/podpora-business-continuity-management-a-disaster-recovery\/#breadcrumb"},"inLanguage":"en-US","potentialAction":[{"@type":"ReadAction","target":["https:\/\/digitwin-ce.com\/biznis-oblasti\/podpora-business-continuity-management-a-disaster-recovery\/"]}]},{"@type":"BreadcrumbList","@id":"https:\/\/digitwin-ce.com\/biznis-oblasti\/podpora-business-continuity-management-a-disaster-recovery\/#breadcrumb","itemListElement":[{"@type":"ListItem","position":1,"name":"Domovsk\u00e1 str\u00e1nka","item":"https:\/\/www.digitwin-ce.com\/"},{"@type":"ListItem","position":2,"name":"Biznis oblasti","item":"https:\/\/www.digitwin-ce.com\/biznis-oblasti\/"},{"@type":"ListItem","position":3,"name":"Podpora business continuity management a disaster recovery"}]}]}},"_links":{"self":[{"href":"https:\/\/www.digitwin-ce.com\/en\/wp-json\/wp\/v2\/pages\/3254"}],"collection":[{"href":"https:\/\/www.digitwin-ce.com\/en\/wp-json\/wp\/v2\/pages"}],"about":[{"href":"https:\/\/www.digitwin-ce.com\/en\/wp-json\/wp\/v2\/types\/page"}],"author":[{"embeddable":true,"href":"https:\/\/www.digitwin-ce.com\/en\/wp-json\/wp\/v2\/users\/1"}],"replies":[{"embeddable":true,"href":"https:\/\/www.digitwin-ce.com\/en\/wp-json\/wp\/v2\/comments?post=3254"}],"version-history":[{"count":1,"href":"https:\/\/www.digitwin-ce.com\/en\/wp-json\/wp\/v2\/pages\/3254\/revisions"}],"predecessor-version":[{"id":3255,"href":"https:\/\/www.digitwin-ce.com\/en\/wp-json\/wp\/v2\/pages\/3254\/revisions\/3255"}],"up":[{"embeddable":true,"href":"https:\/\/www.digitwin-ce.com\/en\/wp-json\/wp\/v2\/pages\/7"}],"wp:attachment":[{"href":"https:\/\/www.digitwin-ce.com\/en\/wp-json\/wp\/v2\/media?parent=3254"}],"curies":[{"name":"wp","href":"https:\/\/api.w.org\/{rel}","templated":true}]}}