{"id":3242,"date":"2021-03-10T11:38:05","date_gmt":"2021-03-10T11:38:05","guid":{"rendered":"https:\/\/www.digitwin-ce.com\/?page_id=3242"},"modified":"2021-03-10T18:01:16","modified_gmt":"2021-03-10T18:01:16","slug":"podpora-definicie-vizie-a-strategie-firmy","status":"publish","type":"page","link":"https:\/\/www.digitwin-ce.com\/en\/business-areas\/support-of-business-vision-and-strategy\/","title":{"rendered":"Support of Business vision and strategy"},"content":{"rendered":"<h1 class=\"has-text-align-center ba-title\"><strong>Support of Business vision and strategy<\/strong><\/h1>\n\n\n\n<h4 class=\"highlighted-subtitle mb-7\"><strong><em>Establish a successful strategy for your organization that will allow you to effectively achieve all defined goals.<\/em><\/strong><\/h4>\n\n\n\n<div class=\"wp-block-columns\">\n<div class=\"wp-block-column hover-cart\">\n<h2 class=\"has-text-align-center\"><strong>Key challenges<\/strong><\/h2>\n\n\n\n<p class=\"custom-list has-text-align-center\"><i class=\"fa fa-check\"><\/i> the organization performs unnecessary activities<\/p>\n\n\n\n<p class=\"custom-list has-text-align-center\"><i class=\"fa fa-check\"><\/i> there is a waste of personnel, time and financial resources<\/p>\n\n\n\n<p class=\"custom-list has-text-align-center\"><i class=\"fa fa-check\"><\/i> the organization will not ultimately achieve the set goals<\/p>\n<\/div>\n\n\n\n<div class=\"wp-block-column hover-cart\">\n<h2 class=\"has-text-align-center\"><strong>Achieved goals<\/strong><\/h2>\n\n\n\n<p class=\"custom-list has-text-align-center\"><i class=\"fa fa-check\"><\/i> setting the right and successful strategy<\/p>\n\n\n\n<p class=\"custom-list has-text-align-center\"><i class=\"fa fa-check\"><\/i> achieving the set goals<\/p>\n\n\n\n<p><\/p>\n<\/div>\n<\/div>\n\n\n\n<p class=\"aligne-middle\">Each organization has defined goals to pursue. The individual goals guide the strategy that the organization chooses in order to achieve them. However, determining the right strategy to achieve the goals set is not a trivial problem. Improperly set strategy causes the organization to perform unnecessary activities, there is a waste of personnel, time and financial resources, the organization will not ultimately achieve the set goals.<\/p>\n\n\n\n<p class=\"UC-desc aligne-middle\">Objectivized and digitized visions and strategies of the company can be included in the digital twin and connected to the current but also the future operating model. This makes it possible to quickly identify the complexity of the chosen goals, which significantly speeds up the selection of those goals that have the greatest possible benefit on the one hand, and their implementation will be as simple as possible. Individual alternatives can be simulated, analyzed or displayed in the form of tailor-made clear reports or temperature maps. It also includes support for business analyzes such as SWOT, five-force porters and the like, and their subsequent interconnection with architectural objects.<\/p>\n\n\n\n\n\t<div class='ngg-imagebrowser default-view'\n         id='ngg-imagebrowser-13faa8c4c83151da76291cd4ac257bd9-3242'\n         data-nextgen-gallery-id=\"13faa8c4c83151da76291cd4ac257bd9\">\n\n        <h3>Business Outcome Journey Map<\/h3>\n\n\t\t<div id=\"ngg-image-0\" class=\"pic\" >\n        \n        <a href='https:\/\/www.digitwin-ce.com\/wp-content\/gallery\/podefvs\/Business-Outcome-Journey-Map.png'\n           title=' '\n           data-src=\"https:\/\/www.digitwin-ce.com\/wp-content\/gallery\/podefvs\/Business-Outcome-Journey-Map.png\"\n           data-thumbnail=\"https:\/\/www.digitwin-ce.com\/wp-content\/gallery\/podefvs\/thumbs\/thumbs_Business-Outcome-Journey-Map.png\"\n           data-image-id=\"54\"\n           data-title=\"Business Outcome Journey Map\"\n           data-description=\" \"\n           class=\"ngg-simplelightbox\" rel=\"13faa8c4c83151da76291cd4ac257bd9\">\n            <img title='Business Outcome Journey Map'\n                 alt='Business Outcome Journey Map'\n                 src='https:\/\/www.digitwin-ce.com\/wp-content\/gallery\/podefvs\/Business-Outcome-Journey-Map.png'\/>\n        <\/a>\n\t    \n        <\/div> \n\n        <div class='ngg-imagebrowser-nav'>\n\n            <div class='back'>\n                <a class='ngg-browser-prev'\n                   id='ngg-prev-55'\n                   href='https:\/\/www.digitwin-ce.com\/en\/business-areas\/support-of-business-vision-and-strategy\/nggallery\/image\/pestel\/'>\n                    <i class=\"fa fa-chevron-left\" aria-hidden=\"true\"><\/i>\n                <\/a>\n            <\/div>\n\n            <div class='next'>\n                <a class='ngg-browser-next'\n                   id='ngg-next-53'\n                   href='https:\/\/www.digitwin-ce.com\/en\/business-areas\/support-of-business-vision-and-strategy\/nggallery\/image\/scenario-analysis\/'>\n                    <i class=\"fa fa-chevron-right\" aria-hidden=\"true\"><\/i>\n                <\/a>\n            <\/div>\n\n            <div class='counter'>\n                Image                1                of                3            <\/div>\n\n            <div class='ngg-imagebrowser-desc'>\n                <p> <\/p>\n            <\/div>\n\n        <\/div>\n    <\/div>\n\n\n\n\n\n<p><\/p>","protected":false},"excerpt":{"rendered":"<p>Podpora defin\u00edcie v\u00edzie a strat\u00e9gie firmy Stanovte \u00faspe\u0161n\u00fa strat\u00e9giu Va\u0161ej organiz\u00e1cie, ktor\u00e1 V\u00e1m umo\u017en\u00ed efekt\u00edvne dosiahnu\u0165 v\u0161etky definovan\u00e9 ciele. K\u013e\u00fa\u010dov\u00e9 v\u00fdzvy organiz\u00e1cia vykon\u00e1va nepotrebn\u00e9 \u010dinnost doch\u00e1dza k\u202fplytvaniu person\u00e1lnych, \u010dasov\u00fdch a\u202ffinan\u010dn\u00fdch zdrojov organiz\u00e1cia v\u202fkone\u010dnom d\u00f4sledku nedosiahne stanoven\u00e9 ciele Dosiahnut\u00e9 ciele stanovenie spr\u00e1vnej a\u202f\u00faspe\u0161nej strat\u00e9gie dosiahnutie vyt\u00fd\u010den\u00fdch cie\u013eov Ka\u017ed\u00e1 organiz\u00e1cia m\u00e1 definovan\u00e9 ciele, za ktor\u00fdmi smeruje. Jednotliv\u00e9 &hellip;<\/p>\n<p class=\"read-more\"> <a class=\"\" href=\"https:\/\/www.digitwin-ce.com\/en\/business-areas\/support-of-business-vision-and-strategy\/\"> <span class=\"screen-reader-text\">Support of Business vision and strategy<\/span> Read More &raquo;<\/a><\/p>","protected":false},"author":1,"featured_media":0,"parent":7,"menu_order":0,"comment_status":"closed","ping_status":"closed","template":"","meta":{"_mi_skip_tracking":false,"ngg_post_thumbnail":0},"yoast_head":"<!-- This site is optimized with the Yoast SEO plugin v18.2 - https:\/\/yoast.com\/wordpress\/plugins\/seo\/ -->\n<title>Podpora defin\u00edcie v\u00edzie a strat\u00e9gie firmy - digitWin<\/title>\n<meta name=\"description\" content=\"Stanovte \u00faspe\u0161n\u00fa strat\u00e9giu Va\u0161ej organiz\u00e1cie, ktor\u00e1 V\u00e1m umo\u017en\u00ed efekt\u00edvne dosiahnu\u0165 v\u0161etky definovan\u00e9 ciele.\" \/>\n<meta name=\"robots\" content=\"index, follow, max-snippet:-1, max-image-preview:large, max-video-preview:-1\" \/>\n<link rel=\"canonical\" href=\"https:\/\/digitwin-ce.com\/biznis-oblasti\/podpora-definicie-vizie-a-strategie-firmy\/\" \/>\n<meta property=\"og:locale\" content=\"en_US\" \/>\n<meta property=\"og:type\" content=\"article\" \/>\n<meta property=\"og:title\" content=\"Podpora defin\u00edcie v\u00edzie a strat\u00e9gie firmy - digitWin\" \/>\n<meta property=\"og:description\" content=\"Stanovte \u00faspe\u0161n\u00fa strat\u00e9giu Va\u0161ej organiz\u00e1cie, ktor\u00e1 V\u00e1m umo\u017en\u00ed efekt\u00edvne dosiahnu\u0165 v\u0161etky definovan\u00e9 ciele.\" \/>\n<meta property=\"og:url\" content=\"https:\/\/digitwin-ce.com\/biznis-oblasti\/podpora-definicie-vizie-a-strategie-firmy\/\" \/>\n<meta property=\"og:site_name\" content=\"digitWin\" \/>\n<meta property=\"article:modified_time\" content=\"2021-03-10T18:01:16+00:00\" \/>\n<meta name=\"twitter:card\" content=\"summary_large_image\" \/>\n<meta name=\"twitter:label1\" content=\"Est. reading time\" \/>\n\t<meta name=\"twitter:data1\" content=\"1 minute\" \/>\n<script type=\"application\/ld+json\" class=\"yoast-schema-graph\">{\"@context\":\"https:\/\/schema.org\",\"@graph\":[{\"@type\":\"Organization\",\"@id\":\"https:\/\/www.digitwin-ce.com\/#organization\",\"name\":\"digitWin, s.r.o.\",\"url\":\"https:\/\/www.digitwin-ce.com\/\",\"sameAs\":[\"https:\/\/www.linkedin.com\/company\/digitwin-ce\/about\/\"],\"logo\":{\"@type\":\"ImageObject\",\"@id\":\"https:\/\/www.digitwin-ce.com\/#logo\",\"inLanguage\":\"en-US\",\"url\":\"https:\/\/www.digitwin-ce.com\/wp-content\/uploads\/2021\/03\/digitWin_logo_small.png\",\"contentUrl\":\"https:\/\/www.digitwin-ce.com\/wp-content\/uploads\/2021\/03\/digitWin_logo_small.png\",\"width\":410,\"height\":200,\"caption\":\"digitWin, s.r.o.\"},\"image\":{\"@id\":\"https:\/\/www.digitwin-ce.com\/#logo\"}},{\"@type\":\"WebSite\",\"@id\":\"https:\/\/www.digitwin-ce.com\/#website\",\"url\":\"https:\/\/www.digitwin-ce.com\/\",\"name\":\"digitWin\",\"description\":\"holistick\u00e1 architekt\u00fara \/ enterprise n\u00e1stroj \/ rie\u0161enie\",\"publisher\":{\"@id\":\"https:\/\/www.digitwin-ce.com\/#organization\"},\"potentialAction\":[{\"@type\":\"SearchAction\",\"target\":{\"@type\":\"EntryPoint\",\"urlTemplate\":\"https:\/\/www.digitwin-ce.com\/?s={search_term_string}\"},\"query-input\":\"required name=search_term_string\"}],\"inLanguage\":\"en-US\"},{\"@type\":\"WebPage\",\"@id\":\"https:\/\/digitwin-ce.com\/biznis-oblasti\/podpora-definicie-vizie-a-strategie-firmy\/#webpage\",\"url\":\"https:\/\/digitwin-ce.com\/biznis-oblasti\/podpora-definicie-vizie-a-strategie-firmy\/\",\"name\":\"Podpora defin\u00edcie v\u00edzie a strat\u00e9gie firmy - digitWin\",\"isPartOf\":{\"@id\":\"https:\/\/www.digitwin-ce.com\/#website\"},\"datePublished\":\"2021-03-10T11:38:05+00:00\",\"dateModified\":\"2021-03-10T18:01:16+00:00\",\"description\":\"Stanovte \u00faspe\u0161n\u00fa strat\u00e9giu Va\u0161ej organiz\u00e1cie, ktor\u00e1 V\u00e1m umo\u017en\u00ed efekt\u00edvne dosiahnu\u0165 v\u0161etky definovan\u00e9 ciele.\",\"breadcrumb\":{\"@id\":\"https:\/\/digitwin-ce.com\/biznis-oblasti\/podpora-definicie-vizie-a-strategie-firmy\/#breadcrumb\"},\"inLanguage\":\"en-US\",\"potentialAction\":[{\"@type\":\"ReadAction\",\"target\":[\"https:\/\/digitwin-ce.com\/biznis-oblasti\/podpora-definicie-vizie-a-strategie-firmy\/\"]}]},{\"@type\":\"BreadcrumbList\",\"@id\":\"https:\/\/digitwin-ce.com\/biznis-oblasti\/podpora-definicie-vizie-a-strategie-firmy\/#breadcrumb\",\"itemListElement\":[{\"@type\":\"ListItem\",\"position\":1,\"name\":\"Domovsk\u00e1 str\u00e1nka\",\"item\":\"https:\/\/www.digitwin-ce.com\/\"},{\"@type\":\"ListItem\",\"position\":2,\"name\":\"Biznis oblasti\",\"item\":\"https:\/\/www.digitwin-ce.com\/biznis-oblasti\/\"},{\"@type\":\"ListItem\",\"position\":3,\"name\":\"Podpora defin\u00edcie v\u00edzie a strat\u00e9gie firmy\"}]}]}<\/script>\n<!-- \/ Yoast SEO plugin. -->","yoast_head_json":{"title":"Podpora defin\u00edcie v\u00edzie a strat\u00e9gie firmy - digitWin","description":"Stanovte \u00faspe\u0161n\u00fa strat\u00e9giu Va\u0161ej organiz\u00e1cie, ktor\u00e1 V\u00e1m umo\u017en\u00ed efekt\u00edvne dosiahnu\u0165 v\u0161etky definovan\u00e9 ciele.","robots":{"index":"index","follow":"follow","max-snippet":"max-snippet:-1","max-image-preview":"max-image-preview:large","max-video-preview":"max-video-preview:-1"},"canonical":"https:\/\/digitwin-ce.com\/biznis-oblasti\/podpora-definicie-vizie-a-strategie-firmy\/","og_locale":"en_US","og_type":"article","og_title":"Podpora defin\u00edcie v\u00edzie a strat\u00e9gie firmy - digitWin","og_description":"Stanovte \u00faspe\u0161n\u00fa strat\u00e9giu Va\u0161ej organiz\u00e1cie, ktor\u00e1 V\u00e1m umo\u017en\u00ed efekt\u00edvne dosiahnu\u0165 v\u0161etky definovan\u00e9 ciele.","og_url":"https:\/\/digitwin-ce.com\/biznis-oblasti\/podpora-definicie-vizie-a-strategie-firmy\/","og_site_name":"digitWin","article_modified_time":"2021-03-10T18:01:16+00:00","twitter_card":"summary_large_image","twitter_misc":{"Est. reading time":"1 minute"},"schema":{"@context":"https:\/\/schema.org","@graph":[{"@type":"Organization","@id":"https:\/\/www.digitwin-ce.com\/#organization","name":"digitWin, s.r.o.","url":"https:\/\/www.digitwin-ce.com\/","sameAs":["https:\/\/www.linkedin.com\/company\/digitwin-ce\/about\/"],"logo":{"@type":"ImageObject","@id":"https:\/\/www.digitwin-ce.com\/#logo","inLanguage":"en-US","url":"https:\/\/www.digitwin-ce.com\/wp-content\/uploads\/2021\/03\/digitWin_logo_small.png","contentUrl":"https:\/\/www.digitwin-ce.com\/wp-content\/uploads\/2021\/03\/digitWin_logo_small.png","width":410,"height":200,"caption":"digitWin, s.r.o."},"image":{"@id":"https:\/\/www.digitwin-ce.com\/#logo"}},{"@type":"WebSite","@id":"https:\/\/www.digitwin-ce.com\/#website","url":"https:\/\/www.digitwin-ce.com\/","name":"digitWin","description":"holistick\u00e1 architekt\u00fara \/ enterprise n\u00e1stroj \/ rie\u0161enie","publisher":{"@id":"https:\/\/www.digitwin-ce.com\/#organization"},"potentialAction":[{"@type":"SearchAction","target":{"@type":"EntryPoint","urlTemplate":"https:\/\/www.digitwin-ce.com\/?s={search_term_string}"},"query-input":"required name=search_term_string"}],"inLanguage":"en-US"},{"@type":"WebPage","@id":"https:\/\/digitwin-ce.com\/biznis-oblasti\/podpora-definicie-vizie-a-strategie-firmy\/#webpage","url":"https:\/\/digitwin-ce.com\/biznis-oblasti\/podpora-definicie-vizie-a-strategie-firmy\/","name":"Podpora defin\u00edcie v\u00edzie a strat\u00e9gie firmy - digitWin","isPartOf":{"@id":"https:\/\/www.digitwin-ce.com\/#website"},"datePublished":"2021-03-10T11:38:05+00:00","dateModified":"2021-03-10T18:01:16+00:00","description":"Stanovte \u00faspe\u0161n\u00fa strat\u00e9giu Va\u0161ej organiz\u00e1cie, ktor\u00e1 V\u00e1m umo\u017en\u00ed efekt\u00edvne dosiahnu\u0165 v\u0161etky definovan\u00e9 ciele.","breadcrumb":{"@id":"https:\/\/digitwin-ce.com\/biznis-oblasti\/podpora-definicie-vizie-a-strategie-firmy\/#breadcrumb"},"inLanguage":"en-US","potentialAction":[{"@type":"ReadAction","target":["https:\/\/digitwin-ce.com\/biznis-oblasti\/podpora-definicie-vizie-a-strategie-firmy\/"]}]},{"@type":"BreadcrumbList","@id":"https:\/\/digitwin-ce.com\/biznis-oblasti\/podpora-definicie-vizie-a-strategie-firmy\/#breadcrumb","itemListElement":[{"@type":"ListItem","position":1,"name":"Domovsk\u00e1 str\u00e1nka","item":"https:\/\/www.digitwin-ce.com\/"},{"@type":"ListItem","position":2,"name":"Biznis oblasti","item":"https:\/\/www.digitwin-ce.com\/biznis-oblasti\/"},{"@type":"ListItem","position":3,"name":"Podpora defin\u00edcie v\u00edzie a strat\u00e9gie firmy"}]}]}},"_links":{"self":[{"href":"https:\/\/www.digitwin-ce.com\/en\/wp-json\/wp\/v2\/pages\/3242"}],"collection":[{"href":"https:\/\/www.digitwin-ce.com\/en\/wp-json\/wp\/v2\/pages"}],"about":[{"href":"https:\/\/www.digitwin-ce.com\/en\/wp-json\/wp\/v2\/types\/page"}],"author":[{"embeddable":true,"href":"https:\/\/www.digitwin-ce.com\/en\/wp-json\/wp\/v2\/users\/1"}],"replies":[{"embeddable":true,"href":"https:\/\/www.digitwin-ce.com\/en\/wp-json\/wp\/v2\/comments?post=3242"}],"version-history":[{"count":1,"href":"https:\/\/www.digitwin-ce.com\/en\/wp-json\/wp\/v2\/pages\/3242\/revisions"}],"predecessor-version":[{"id":3243,"href":"https:\/\/www.digitwin-ce.com\/en\/wp-json\/wp\/v2\/pages\/3242\/revisions\/3243"}],"up":[{"embeddable":true,"href":"https:\/\/www.digitwin-ce.com\/en\/wp-json\/wp\/v2\/pages\/7"}],"wp:attachment":[{"href":"https:\/\/www.digitwin-ce.com\/en\/wp-json\/wp\/v2\/media?parent=3242"}],"curies":[{"name":"wp","href":"https:\/\/api.w.org\/{rel}","templated":true}]}}