{"id":3239,"date":"2021-03-10T11:32:27","date_gmt":"2021-03-10T11:32:27","guid":{"rendered":"https:\/\/www.digitwin-ce.com\/?page_id=3239"},"modified":"2021-03-10T18:00:42","modified_gmt":"2021-03-10T18:00:42","slug":"podpora-definicie-biznis-modelu","status":"publish","type":"page","link":"https:\/\/www.digitwin-ce.com\/en\/business-areas\/support-of-business-model-definition\/","title":{"rendered":"Support of Business model definition"},"content":{"rendered":"<h1 class=\"has-text-align-center ba-title\"><strong>Support of Business model definition<\/strong><\/h1>\n\n\n\n<h4 class=\"highlighted-subtitle mb-7\"><strong><em>Define your business model correctly in order to effectively achieve the set goals and market.<\/em><\/strong><\/h4>\n\n\n\n<div class=\"wp-block-columns\">\n<div class=\"wp-block-column hover-cart\">\n<h2 class=\"has-text-align-center\"><strong>Key challenges<\/strong><\/h2>\n\n\n\n<p class=\"custom-list has-text-align-center\"><i class=\"fa fa-check\"><\/i> the organization performs unnecessary processes<\/p>\n\n\n\n<p class=\"custom-list has-text-align-center\"><i class=\"fa fa-check\"><\/i> there is a waste of personnel, financial and time resources<\/p>\n\n\n\n<p class=\"custom-list has-text-align-center\"><i class=\"fa fa-check\"><\/i> the organization is unable to achieve the set goals<\/p>\n<\/div>\n\n\n\n<div class=\"wp-block-column hover-cart\">\n<h2 class=\"has-text-align-center\"><strong>Achieved goals<\/strong><\/h2>\n\n\n\n<p class=\"custom-list has-text-align-center\"><i class=\"fa fa-check\"><\/i> time savings<\/p>\n\n\n\n<p class=\"custom-list has-text-align-center\"><i class=\"fa fa-check\"><\/i> financial cost savings<\/p>\n\n\n\n<p class=\"custom-list has-text-align-center\"><i class=\"fa fa-check\"><\/i> savings of human resources<\/p>\n\n\n\n<p class=\"custom-list has-text-align-center\"><i class=\"fa fa-check\"><\/i> achievement of set goals and growth of the organization<\/p>\n<\/div>\n<\/div>\n\n\n\n<p class=\"aligne-middle\">The business model is one of the basic pillars that defines the organization, its direction and operation. A properly defined business model is a key factor that determines the success or failure of an organization. An incorrectly defined business model causes the organization to perform unnecessary processes, there is a waste of personnel, financial and time resources, the organization is unable to achieve the set goals.<\/p>\n\n\n\n<p class=\"UC-desc aligne-middle\">Defining a business model that meets the defined goals of the organization and supports the set strategies is an important task of senior management. The digital twin allows you to work with individual parts of the business model in the form of a digital representation and connect them to the current as well as the future operating model. This enhances the added value of a single data repository for an organization's operation, resulting in previously unknown analyzes. The connections of stored data can be presented in the form of clear reports or temperature maps and thus make data-based decisions to the business model of the organization. The business model (Lean canvas) is a part of the architecture and it is possible to connect it with individual objects of the architecture.<\/p>\n\n\n\n\n\t<div class='ngg-imagebrowser default-view'\n         id='ngg-imagebrowser-670e1dca4e61e03597f0f05d212f76b5-3239'\n         data-nextgen-gallery-id=\"670e1dca4e61e03597f0f05d212f76b5\">\n\n        <h3>Business Ecosystem<\/h3>\n\n\t\t<div id=\"ngg-image-0\" class=\"pic\" >\n        \n        <a href='https:\/\/www.digitwin-ce.com\/wp-content\/gallery\/podefbm\/Business-Ecosystem.png'\n           title=' '\n           data-src=\"https:\/\/www.digitwin-ce.com\/wp-content\/gallery\/podefbm\/Business-Ecosystem.png\"\n           data-thumbnail=\"https:\/\/www.digitwin-ce.com\/wp-content\/gallery\/podefbm\/thumbs\/thumbs_Business-Ecosystem.png\"\n           data-image-id=\"50\"\n           data-title=\"Business Ecosystem\"\n           data-description=\" \"\n           class=\"ngg-simplelightbox\" rel=\"670e1dca4e61e03597f0f05d212f76b5\">\n            <img title='Business Ecosystem'\n                 alt='Business Ecosystem'\n                 src='https:\/\/www.digitwin-ce.com\/wp-content\/gallery\/podefbm\/Business-Ecosystem.png'\/>\n        <\/a>\n\t    \n        <\/div> \n\n        <div class='ngg-imagebrowser-nav'>\n\n            <div class='back'>\n                <a class='ngg-browser-prev'\n                   id='ngg-prev-52'\n                   href='https:\/\/www.digitwin-ce.com\/en\/business-areas\/support-of-business-model-definition\/nggallery\/image\/business-model-canvas\/'>\n                    <i class=\"fa fa-chevron-left\" aria-hidden=\"true\"><\/i>\n                <\/a>\n            <\/div>\n\n            <div class='next'>\n                <a class='ngg-browser-next'\n                   id='ngg-next-51'\n                   href='https:\/\/www.digitwin-ce.com\/en\/business-areas\/support-of-business-model-definition\/nggallery\/image\/business-motivation-model\/'>\n                    <i class=\"fa fa-chevron-right\" aria-hidden=\"true\"><\/i>\n                <\/a>\n            <\/div>\n\n            <div class='counter'>\n                Image                1                of                3            <\/div>\n\n            <div class='ngg-imagebrowser-desc'>\n                <p> <\/p>\n            <\/div>\n\n        <\/div>\n    <\/div>\n\n\n\n\n\n<p><\/p>","protected":false},"excerpt":{"rendered":"<p>Podpora defin\u00edcie biznis modelu Definujte V\u00e1\u0161 biznis model korektne za \u00fa\u010delom efekt\u00edvneho dosiahnutia stanoven\u00fdch cie\u013eov \u202fuplatnenia sa na trhu. K\u013e\u00fa\u010dov\u00e9 v\u00fdzvy organiz\u00e1cia vykon\u00e1va nepotrebn\u00e9 procesy doch\u00e1dza k\u202fplytvaniu person\u00e1lnych, finan\u010dn\u00fdch a\u202f\u010dasov\u00fdch zdrojov organiz\u00e1cia nedok\u00e1\u017ee dosiahnu\u0165 naplnenie stanoven\u00fdch cie\u013eov Dosiahnut\u00e9 ciele \u00faspora \u010dasu \u00faspora finan\u010dn\u00fdch n\u00e1kladov \u00faspora person\u00e1lnych zdrojov dosiahnutie stanoven\u00fdch cie\u013eov a rast organiz\u00e1cie Biznis model &hellip;<\/p>\n<p class=\"read-more\"> <a class=\"\" href=\"https:\/\/www.digitwin-ce.com\/en\/business-areas\/support-of-business-model-definition\/\"> <span class=\"screen-reader-text\">Support of Business model definition<\/span> Read More &raquo;<\/a><\/p>","protected":false},"author":1,"featured_media":0,"parent":7,"menu_order":0,"comment_status":"closed","ping_status":"closed","template":"","meta":{"_mi_skip_tracking":false,"ngg_post_thumbnail":0},"yoast_head":"<!-- This site is optimized with the Yoast SEO plugin v18.2 - https:\/\/yoast.com\/wordpress\/plugins\/seo\/ -->\n<title>Podpora defin\u00edcie biznis modelu - digitWin<\/title>\n<meta name=\"description\" content=\"Definujte V\u00e1\u0161 biznis model korektne za \u00fa\u010delom efekt\u00edvneho dosiahnutia stanoven\u00fdch cie\u013eov \u202fuplatnenia sa na trhu.\" \/>\n<meta name=\"robots\" content=\"index, follow, max-snippet:-1, max-image-preview:large, max-video-preview:-1\" \/>\n<link rel=\"canonical\" href=\"https:\/\/digitwin-ce.com\/biznis-oblasti\/podpora-definicie-biznis-modelu\/\" \/>\n<meta property=\"og:locale\" content=\"en_US\" \/>\n<meta property=\"og:type\" content=\"article\" \/>\n<meta property=\"og:title\" content=\"Podpora defin\u00edcie biznis modelu - digitWin\" \/>\n<meta property=\"og:description\" content=\"Definujte V\u00e1\u0161 biznis model korektne za \u00fa\u010delom efekt\u00edvneho dosiahnutia stanoven\u00fdch cie\u013eov \u202fuplatnenia sa na trhu.\" \/>\n<meta property=\"og:url\" content=\"https:\/\/digitwin-ce.com\/biznis-oblasti\/podpora-definicie-biznis-modelu\/\" \/>\n<meta property=\"og:site_name\" content=\"digitWin\" \/>\n<meta property=\"article:modified_time\" content=\"2021-03-10T18:00:42+00:00\" \/>\n<meta name=\"twitter:card\" content=\"summary_large_image\" \/>\n<meta name=\"twitter:label1\" content=\"Est. reading time\" \/>\n\t<meta name=\"twitter:data1\" content=\"1 minute\" \/>\n<script type=\"application\/ld+json\" class=\"yoast-schema-graph\">{\"@context\":\"https:\/\/schema.org\",\"@graph\":[{\"@type\":\"Organization\",\"@id\":\"https:\/\/www.digitwin-ce.com\/#organization\",\"name\":\"digitWin, s.r.o.\",\"url\":\"https:\/\/www.digitwin-ce.com\/\",\"sameAs\":[\"https:\/\/www.linkedin.com\/company\/digitwin-ce\/about\/\"],\"logo\":{\"@type\":\"ImageObject\",\"@id\":\"https:\/\/www.digitwin-ce.com\/#logo\",\"inLanguage\":\"en-US\",\"url\":\"https:\/\/www.digitwin-ce.com\/wp-content\/uploads\/2021\/03\/digitWin_logo_small.png\",\"contentUrl\":\"https:\/\/www.digitwin-ce.com\/wp-content\/uploads\/2021\/03\/digitWin_logo_small.png\",\"width\":410,\"height\":200,\"caption\":\"digitWin, s.r.o.\"},\"image\":{\"@id\":\"https:\/\/www.digitwin-ce.com\/#logo\"}},{\"@type\":\"WebSite\",\"@id\":\"https:\/\/www.digitwin-ce.com\/#website\",\"url\":\"https:\/\/www.digitwin-ce.com\/\",\"name\":\"digitWin\",\"description\":\"holistick\u00e1 architekt\u00fara \/ enterprise n\u00e1stroj \/ rie\u0161enie\",\"publisher\":{\"@id\":\"https:\/\/www.digitwin-ce.com\/#organization\"},\"potentialAction\":[{\"@type\":\"SearchAction\",\"target\":{\"@type\":\"EntryPoint\",\"urlTemplate\":\"https:\/\/www.digitwin-ce.com\/?s={search_term_string}\"},\"query-input\":\"required name=search_term_string\"}],\"inLanguage\":\"en-US\"},{\"@type\":\"WebPage\",\"@id\":\"https:\/\/digitwin-ce.com\/biznis-oblasti\/podpora-definicie-biznis-modelu\/#webpage\",\"url\":\"https:\/\/digitwin-ce.com\/biznis-oblasti\/podpora-definicie-biznis-modelu\/\",\"name\":\"Podpora defin\u00edcie biznis modelu - digitWin\",\"isPartOf\":{\"@id\":\"https:\/\/www.digitwin-ce.com\/#website\"},\"datePublished\":\"2021-03-10T11:32:27+00:00\",\"dateModified\":\"2021-03-10T18:00:42+00:00\",\"description\":\"Definujte V\u00e1\u0161 biznis model korektne za \u00fa\u010delom efekt\u00edvneho dosiahnutia stanoven\u00fdch cie\u013eov \u202fuplatnenia sa na trhu.\",\"breadcrumb\":{\"@id\":\"https:\/\/digitwin-ce.com\/biznis-oblasti\/podpora-definicie-biznis-modelu\/#breadcrumb\"},\"inLanguage\":\"en-US\",\"potentialAction\":[{\"@type\":\"ReadAction\",\"target\":[\"https:\/\/digitwin-ce.com\/biznis-oblasti\/podpora-definicie-biznis-modelu\/\"]}]},{\"@type\":\"BreadcrumbList\",\"@id\":\"https:\/\/digitwin-ce.com\/biznis-oblasti\/podpora-definicie-biznis-modelu\/#breadcrumb\",\"itemListElement\":[{\"@type\":\"ListItem\",\"position\":1,\"name\":\"Domovsk\u00e1 str\u00e1nka\",\"item\":\"https:\/\/www.digitwin-ce.com\/\"},{\"@type\":\"ListItem\",\"position\":2,\"name\":\"Biznis oblasti\",\"item\":\"https:\/\/www.digitwin-ce.com\/biznis-oblasti\/\"},{\"@type\":\"ListItem\",\"position\":3,\"name\":\"Podpora defin\u00edcie biznis modelu\"}]}]}<\/script>\n<!-- \/ Yoast SEO plugin. -->","yoast_head_json":{"title":"Podpora defin\u00edcie biznis modelu - digitWin","description":"Definujte V\u00e1\u0161 biznis model korektne za \u00fa\u010delom efekt\u00edvneho dosiahnutia stanoven\u00fdch cie\u013eov \u202fuplatnenia sa na trhu.","robots":{"index":"index","follow":"follow","max-snippet":"max-snippet:-1","max-image-preview":"max-image-preview:large","max-video-preview":"max-video-preview:-1"},"canonical":"https:\/\/digitwin-ce.com\/biznis-oblasti\/podpora-definicie-biznis-modelu\/","og_locale":"en_US","og_type":"article","og_title":"Podpora defin\u00edcie biznis modelu - digitWin","og_description":"Definujte V\u00e1\u0161 biznis model korektne za \u00fa\u010delom efekt\u00edvneho dosiahnutia stanoven\u00fdch cie\u013eov \u202fuplatnenia sa na trhu.","og_url":"https:\/\/digitwin-ce.com\/biznis-oblasti\/podpora-definicie-biznis-modelu\/","og_site_name":"digitWin","article_modified_time":"2021-03-10T18:00:42+00:00","twitter_card":"summary_large_image","twitter_misc":{"Est. reading time":"1 minute"},"schema":{"@context":"https:\/\/schema.org","@graph":[{"@type":"Organization","@id":"https:\/\/www.digitwin-ce.com\/#organization","name":"digitWin, s.r.o.","url":"https:\/\/www.digitwin-ce.com\/","sameAs":["https:\/\/www.linkedin.com\/company\/digitwin-ce\/about\/"],"logo":{"@type":"ImageObject","@id":"https:\/\/www.digitwin-ce.com\/#logo","inLanguage":"en-US","url":"https:\/\/www.digitwin-ce.com\/wp-content\/uploads\/2021\/03\/digitWin_logo_small.png","contentUrl":"https:\/\/www.digitwin-ce.com\/wp-content\/uploads\/2021\/03\/digitWin_logo_small.png","width":410,"height":200,"caption":"digitWin, s.r.o."},"image":{"@id":"https:\/\/www.digitwin-ce.com\/#logo"}},{"@type":"WebSite","@id":"https:\/\/www.digitwin-ce.com\/#website","url":"https:\/\/www.digitwin-ce.com\/","name":"digitWin","description":"holistick\u00e1 architekt\u00fara \/ enterprise n\u00e1stroj \/ rie\u0161enie","publisher":{"@id":"https:\/\/www.digitwin-ce.com\/#organization"},"potentialAction":[{"@type":"SearchAction","target":{"@type":"EntryPoint","urlTemplate":"https:\/\/www.digitwin-ce.com\/?s={search_term_string}"},"query-input":"required name=search_term_string"}],"inLanguage":"en-US"},{"@type":"WebPage","@id":"https:\/\/digitwin-ce.com\/biznis-oblasti\/podpora-definicie-biznis-modelu\/#webpage","url":"https:\/\/digitwin-ce.com\/biznis-oblasti\/podpora-definicie-biznis-modelu\/","name":"Podpora defin\u00edcie biznis modelu - digitWin","isPartOf":{"@id":"https:\/\/www.digitwin-ce.com\/#website"},"datePublished":"2021-03-10T11:32:27+00:00","dateModified":"2021-03-10T18:00:42+00:00","description":"Definujte V\u00e1\u0161 biznis model korektne za \u00fa\u010delom efekt\u00edvneho dosiahnutia stanoven\u00fdch cie\u013eov \u202fuplatnenia sa na trhu.","breadcrumb":{"@id":"https:\/\/digitwin-ce.com\/biznis-oblasti\/podpora-definicie-biznis-modelu\/#breadcrumb"},"inLanguage":"en-US","potentialAction":[{"@type":"ReadAction","target":["https:\/\/digitwin-ce.com\/biznis-oblasti\/podpora-definicie-biznis-modelu\/"]}]},{"@type":"BreadcrumbList","@id":"https:\/\/digitwin-ce.com\/biznis-oblasti\/podpora-definicie-biznis-modelu\/#breadcrumb","itemListElement":[{"@type":"ListItem","position":1,"name":"Domovsk\u00e1 str\u00e1nka","item":"https:\/\/www.digitwin-ce.com\/"},{"@type":"ListItem","position":2,"name":"Biznis oblasti","item":"https:\/\/www.digitwin-ce.com\/biznis-oblasti\/"},{"@type":"ListItem","position":3,"name":"Podpora defin\u00edcie biznis modelu"}]}]}},"_links":{"self":[{"href":"https:\/\/www.digitwin-ce.com\/en\/wp-json\/wp\/v2\/pages\/3239"}],"collection":[{"href":"https:\/\/www.digitwin-ce.com\/en\/wp-json\/wp\/v2\/pages"}],"about":[{"href":"https:\/\/www.digitwin-ce.com\/en\/wp-json\/wp\/v2\/types\/page"}],"author":[{"embeddable":true,"href":"https:\/\/www.digitwin-ce.com\/en\/wp-json\/wp\/v2\/users\/1"}],"replies":[{"embeddable":true,"href":"https:\/\/www.digitwin-ce.com\/en\/wp-json\/wp\/v2\/comments?post=3239"}],"version-history":[{"count":1,"href":"https:\/\/www.digitwin-ce.com\/en\/wp-json\/wp\/v2\/pages\/3239\/revisions"}],"predecessor-version":[{"id":3240,"href":"https:\/\/www.digitwin-ce.com\/en\/wp-json\/wp\/v2\/pages\/3239\/revisions\/3240"}],"up":[{"embeddable":true,"href":"https:\/\/www.digitwin-ce.com\/en\/wp-json\/wp\/v2\/pages\/7"}],"wp:attachment":[{"href":"https:\/\/www.digitwin-ce.com\/en\/wp-json\/wp\/v2\/media?parent=3239"}],"curies":[{"name":"wp","href":"https:\/\/api.w.org\/{rel}","templated":true}]}}