{"id":3232,"date":"2021-03-10T11:13:17","date_gmt":"2021-03-10T11:13:17","guid":{"rendered":"https:\/\/www.digitwin-ce.com\/?page_id=3232"},"modified":"2021-03-10T17:57:01","modified_gmt":"2021-03-10T17:57:01","slug":"migracia-infrastruktury","status":"publish","type":"page","link":"https:\/\/www.digitwin-ce.com\/en\/business-areas\/infrastructure-migration\/","title":{"rendered":"Infrastructure migration"},"content":{"rendered":"<h1 class=\"has-text-align-center ba-title\"><strong>Infrastructure migration<\/strong><\/h1>\n\n\n\n<h4 class=\"highlighted-subtitle mb-7\"><strong><em>Achieve the successful implementation of a technology infrastructure migration project with the efficient use of your organization's resources.<\/em><\/strong><\/h4>\n\n\n\n<div class=\"wp-block-columns\">\n<div class=\"wp-block-column hover-cart\">\n<h2 class=\"has-text-align-center\"><strong>Key challenges<\/strong><\/h2>\n\n\n\n<p class=\"custom-list has-text-align-center\"><i class=\"fa fa-check\"><\/i> the technological infrastructure migration project is being extended and overpriced<\/p>\n\n\n\n<p class=\"custom-list has-text-align-center\"><i class=\"fa fa-check\"><\/i> there is a partial or total failure of the migration project<\/p>\n\n\n\n<p class=\"custom-list has-text-align-center\"><i class=\"fa fa-check\"><\/i> there is damage to the technologies and data they work with<\/p>\n<\/div>\n\n\n\n<div class=\"wp-block-column hover-cart\">\n<h2 class=\"has-text-align-center\"><strong>Achieved goals<\/strong><\/h2>\n\n\n\n<p class=\"custom-list has-text-align-center\"><i class=\"fa fa-check\"><\/i> time savings<\/p>\n\n\n\n<p class=\"custom-list has-text-align-center\"><i class=\"fa fa-check\"><\/i> financial cost savings<\/p>\n\n\n\n<p class=\"custom-list has-text-align-center\"><i class=\"fa fa-check\"><\/i> savings of human resources<\/p>\n\n\n\n<p class=\"custom-list has-text-align-center\"><i class=\"fa fa-check\"><\/i> successful implementation of the technological infrastructure migration project<\/p>\n<\/div>\n<\/div>\n\n\n\n<p class=\"aligne-middle\">Applications supporting the implementation of key business products and services of the organization use a wide range of different technologies. However, it is necessary to keep individual technologies up-to-date with the current standards of the trend, and sometimes it is necessary to change the technology portfolio. The lack of knowledge of the technological infrastructure and the planning of its migration causes the migration of the technological infrastructure to lengthen and become more expensive, there is a partial or total failure of the migration project, there is damage to the technologies and data used by them.<\/p>\n\n\n\n<p class=\"UC-desc aligne-middle\">The transfer of infrastructure between data centers is standardly implemented by large projects, which bring long-term analysis and planning. Thanks to the digitization of knowledge of the structure and management of individual infrastructure components, the organization's digital twin can significantly reduce the time required for the analysis of impacts between technological components as well as on the operated applications. The migration project is also supported by built-in analytical options, appropriately selected visualizations or reports.<\/p>\n\n\n\n\n\t<div class='ngg-imagebrowser default-view'\n         id='ngg-imagebrowser-cc8997e4f1f69db7b821779ec2023af8-3232'\n         data-nextgen-gallery-id=\"cc8997e4f1f69db7b821779ec2023af8\">\n\n        <h3>Technology Infrastructure<\/h3>\n\n\t\t<div id=\"ngg-image-0\" class=\"pic\" >\n        \n        <a href='https:\/\/www.digitwin-ce.com\/wp-content\/gallery\/miinf\/Technology-Infrastructure.png'\n           title=' '\n           data-src=\"https:\/\/www.digitwin-ce.com\/wp-content\/gallery\/miinf\/Technology-Infrastructure.png\"\n           data-thumbnail=\"https:\/\/www.digitwin-ce.com\/wp-content\/gallery\/miinf\/thumbs\/thumbs_Technology-Infrastructure.png\"\n           data-image-id=\"46\"\n           data-title=\"Technology Infrastructure\"\n           data-description=\" \"\n           class=\"ngg-simplelightbox\" rel=\"cc8997e4f1f69db7b821779ec2023af8\">\n            <img title='Technology Infrastructure'\n                 alt='Technology Infrastructure'\n                 src='https:\/\/www.digitwin-ce.com\/wp-content\/gallery\/miinf\/Technology-Infrastructure.png'\/>\n        <\/a>\n\t    \n        <\/div> \n\n        <div class='ngg-imagebrowser-nav'>\n\n            <div class='back'>\n                <a class='ngg-browser-prev'\n                   id='ngg-prev-47'\n                   href='https:\/\/www.digitwin-ce.com\/en\/business-areas\/infrastructure-migration\/nggallery\/image\/project-roadmap-1\/'>\n                    <i class=\"fa fa-chevron-left\" aria-hidden=\"true\"><\/i>\n                <\/a>\n            <\/div>\n\n            <div class='next'>\n                <a class='ngg-browser-next'\n                   id='ngg-next-49'\n                   href='https:\/\/www.digitwin-ce.com\/en\/business-areas\/infrastructure-migration\/nggallery\/image\/technology-lifecycle-1\/'>\n                    <i class=\"fa fa-chevron-right\" aria-hidden=\"true\"><\/i>\n                <\/a>\n            <\/div>\n\n            <div class='counter'>\n                Image                1                of                4            <\/div>\n\n            <div class='ngg-imagebrowser-desc'>\n                <p> <\/p>\n            <\/div>\n\n        <\/div>\n    <\/div>\n\n\n\n\n\n<p><\/p>","protected":false},"excerpt":{"rendered":"<p>Migr\u00e1cia infra\u0161trukt\u00fary Dosiahnite \u00faspe\u0161n\u00fa realiz\u00e1ciu projektu migr\u00e1cie technologickej infra\u0161trukt\u00fary s\u202fefekt\u00edvne vyu\u017eit\u00fdmi zdrojmi va\u0161ej organiz\u00e1cie. K\u013e\u00fa\u010dov\u00e9 v\u00fdzvy projekt migr\u00e1cie technologickej infra\u0161trukt\u00fary sa predl\u017euje a\u202fpredra\u017euje doch\u00e1dza k\u202f\u010diasto\u010dn\u00e9mu alebo celkov\u00e9mu zlyhaniu projektu migr\u00e1cie doch\u00e1dza k\u202fpo\u0161kodeniu technol\u00f3gi\u00ed a\u202fd\u00e1t, s\u202fktor\u00fdmi pracuj\u00fa Dosiahnut\u00e9 ciele \u00faspora \u010dasu \u00faspora finan\u010dn\u00fdch n\u00e1kladov \u00faspora person\u00e1lnych zdrojov \u00faspe\u0161n\u00e1 realiz\u00e1cia projektu migr\u00e1cie technologickej infra\u0161trukt\u00fary Aplik\u00e1cie podporuj\u00face realiz\u00e1ciu &hellip;<\/p>\n<p class=\"read-more\"> <a class=\"\" href=\"https:\/\/www.digitwin-ce.com\/en\/business-areas\/infrastructure-migration\/\"> <span class=\"screen-reader-text\">Infrastructure migration<\/span> Read More &raquo;<\/a><\/p>","protected":false},"author":1,"featured_media":0,"parent":7,"menu_order":0,"comment_status":"closed","ping_status":"closed","template":"","meta":{"_mi_skip_tracking":false,"ngg_post_thumbnail":0},"yoast_head":"<!-- This site is optimized with the Yoast SEO plugin v18.2 - https:\/\/yoast.com\/wordpress\/plugins\/seo\/ -->\n<title>Migr\u00e1cia infra\u0161trukt\u00fary - digitWin<\/title>\n<meta name=\"description\" content=\"Dosiahnite \u00faspe\u0161n\u00fa realiz\u00e1ciu projektu migr\u00e1cie technologickej infra\u0161trukt\u00fary s\u202fefekt\u00edvne vyu\u017eit\u00fdmi zdrojmi va\u0161ej organiz\u00e1cie.\" \/>\n<meta name=\"robots\" content=\"index, follow, max-snippet:-1, max-image-preview:large, max-video-preview:-1\" \/>\n<link rel=\"canonical\" href=\"https:\/\/digitwin-ce.com\/biznis-oblasti\/migracia-infrastruktury\/\" \/>\n<meta property=\"og:locale\" content=\"en_US\" \/>\n<meta property=\"og:type\" content=\"article\" \/>\n<meta property=\"og:title\" content=\"Migr\u00e1cia infra\u0161trukt\u00fary - digitWin\" \/>\n<meta property=\"og:description\" content=\"Dosiahnite \u00faspe\u0161n\u00fa realiz\u00e1ciu projektu migr\u00e1cie technologickej infra\u0161trukt\u00fary s\u202fefekt\u00edvne vyu\u017eit\u00fdmi zdrojmi va\u0161ej organiz\u00e1cie.\" \/>\n<meta property=\"og:url\" content=\"https:\/\/digitwin-ce.com\/biznis-oblasti\/migracia-infrastruktury\/\" \/>\n<meta property=\"og:site_name\" content=\"digitWin\" \/>\n<meta property=\"article:modified_time\" content=\"2021-03-10T17:57:01+00:00\" \/>\n<meta name=\"twitter:card\" content=\"summary_large_image\" \/>\n<meta name=\"twitter:label1\" content=\"Est. reading time\" \/>\n\t<meta name=\"twitter:data1\" content=\"1 minute\" \/>\n<script type=\"application\/ld+json\" class=\"yoast-schema-graph\">{\"@context\":\"https:\/\/schema.org\",\"@graph\":[{\"@type\":\"Organization\",\"@id\":\"https:\/\/www.digitwin-ce.com\/#organization\",\"name\":\"digitWin, s.r.o.\",\"url\":\"https:\/\/www.digitwin-ce.com\/\",\"sameAs\":[\"https:\/\/www.linkedin.com\/company\/digitwin-ce\/about\/\"],\"logo\":{\"@type\":\"ImageObject\",\"@id\":\"https:\/\/www.digitwin-ce.com\/#logo\",\"inLanguage\":\"en-US\",\"url\":\"https:\/\/www.digitwin-ce.com\/wp-content\/uploads\/2021\/03\/digitWin_logo_small.png\",\"contentUrl\":\"https:\/\/www.digitwin-ce.com\/wp-content\/uploads\/2021\/03\/digitWin_logo_small.png\",\"width\":410,\"height\":200,\"caption\":\"digitWin, s.r.o.\"},\"image\":{\"@id\":\"https:\/\/www.digitwin-ce.com\/#logo\"}},{\"@type\":\"WebSite\",\"@id\":\"https:\/\/www.digitwin-ce.com\/#website\",\"url\":\"https:\/\/www.digitwin-ce.com\/\",\"name\":\"digitWin\",\"description\":\"holistick\u00e1 architekt\u00fara \/ enterprise n\u00e1stroj \/ rie\u0161enie\",\"publisher\":{\"@id\":\"https:\/\/www.digitwin-ce.com\/#organization\"},\"potentialAction\":[{\"@type\":\"SearchAction\",\"target\":{\"@type\":\"EntryPoint\",\"urlTemplate\":\"https:\/\/www.digitwin-ce.com\/?s={search_term_string}\"},\"query-input\":\"required name=search_term_string\"}],\"inLanguage\":\"en-US\"},{\"@type\":\"WebPage\",\"@id\":\"https:\/\/digitwin-ce.com\/biznis-oblasti\/migracia-infrastruktury\/#webpage\",\"url\":\"https:\/\/digitwin-ce.com\/biznis-oblasti\/migracia-infrastruktury\/\",\"name\":\"Migr\u00e1cia infra\u0161trukt\u00fary - digitWin\",\"isPartOf\":{\"@id\":\"https:\/\/www.digitwin-ce.com\/#website\"},\"datePublished\":\"2021-03-10T11:13:17+00:00\",\"dateModified\":\"2021-03-10T17:57:01+00:00\",\"description\":\"Dosiahnite \u00faspe\u0161n\u00fa realiz\u00e1ciu projektu migr\u00e1cie technologickej infra\u0161trukt\u00fary s\u202fefekt\u00edvne vyu\u017eit\u00fdmi zdrojmi va\u0161ej organiz\u00e1cie.\",\"breadcrumb\":{\"@id\":\"https:\/\/digitwin-ce.com\/biznis-oblasti\/migracia-infrastruktury\/#breadcrumb\"},\"inLanguage\":\"en-US\",\"potentialAction\":[{\"@type\":\"ReadAction\",\"target\":[\"https:\/\/digitwin-ce.com\/biznis-oblasti\/migracia-infrastruktury\/\"]}]},{\"@type\":\"BreadcrumbList\",\"@id\":\"https:\/\/digitwin-ce.com\/biznis-oblasti\/migracia-infrastruktury\/#breadcrumb\",\"itemListElement\":[{\"@type\":\"ListItem\",\"position\":1,\"name\":\"Domovsk\u00e1 str\u00e1nka\",\"item\":\"https:\/\/www.digitwin-ce.com\/\"},{\"@type\":\"ListItem\",\"position\":2,\"name\":\"Biznis oblasti\",\"item\":\"https:\/\/www.digitwin-ce.com\/biznis-oblasti\/\"},{\"@type\":\"ListItem\",\"position\":3,\"name\":\"Migr\u00e1cia infra\u0161trukt\u00fary\"}]}]}<\/script>\n<!-- \/ Yoast SEO plugin. -->","yoast_head_json":{"title":"Migr\u00e1cia infra\u0161trukt\u00fary - digitWin","description":"Dosiahnite \u00faspe\u0161n\u00fa realiz\u00e1ciu projektu migr\u00e1cie technologickej infra\u0161trukt\u00fary s\u202fefekt\u00edvne vyu\u017eit\u00fdmi zdrojmi va\u0161ej organiz\u00e1cie.","robots":{"index":"index","follow":"follow","max-snippet":"max-snippet:-1","max-image-preview":"max-image-preview:large","max-video-preview":"max-video-preview:-1"},"canonical":"https:\/\/digitwin-ce.com\/biznis-oblasti\/migracia-infrastruktury\/","og_locale":"en_US","og_type":"article","og_title":"Migr\u00e1cia infra\u0161trukt\u00fary - digitWin","og_description":"Dosiahnite \u00faspe\u0161n\u00fa realiz\u00e1ciu projektu migr\u00e1cie technologickej infra\u0161trukt\u00fary s\u202fefekt\u00edvne vyu\u017eit\u00fdmi zdrojmi va\u0161ej organiz\u00e1cie.","og_url":"https:\/\/digitwin-ce.com\/biznis-oblasti\/migracia-infrastruktury\/","og_site_name":"digitWin","article_modified_time":"2021-03-10T17:57:01+00:00","twitter_card":"summary_large_image","twitter_misc":{"Est. reading time":"1 minute"},"schema":{"@context":"https:\/\/schema.org","@graph":[{"@type":"Organization","@id":"https:\/\/www.digitwin-ce.com\/#organization","name":"digitWin, s.r.o.","url":"https:\/\/www.digitwin-ce.com\/","sameAs":["https:\/\/www.linkedin.com\/company\/digitwin-ce\/about\/"],"logo":{"@type":"ImageObject","@id":"https:\/\/www.digitwin-ce.com\/#logo","inLanguage":"en-US","url":"https:\/\/www.digitwin-ce.com\/wp-content\/uploads\/2021\/03\/digitWin_logo_small.png","contentUrl":"https:\/\/www.digitwin-ce.com\/wp-content\/uploads\/2021\/03\/digitWin_logo_small.png","width":410,"height":200,"caption":"digitWin, s.r.o."},"image":{"@id":"https:\/\/www.digitwin-ce.com\/#logo"}},{"@type":"WebSite","@id":"https:\/\/www.digitwin-ce.com\/#website","url":"https:\/\/www.digitwin-ce.com\/","name":"digitWin","description":"holistick\u00e1 architekt\u00fara \/ enterprise n\u00e1stroj \/ rie\u0161enie","publisher":{"@id":"https:\/\/www.digitwin-ce.com\/#organization"},"potentialAction":[{"@type":"SearchAction","target":{"@type":"EntryPoint","urlTemplate":"https:\/\/www.digitwin-ce.com\/?s={search_term_string}"},"query-input":"required name=search_term_string"}],"inLanguage":"en-US"},{"@type":"WebPage","@id":"https:\/\/digitwin-ce.com\/biznis-oblasti\/migracia-infrastruktury\/#webpage","url":"https:\/\/digitwin-ce.com\/biznis-oblasti\/migracia-infrastruktury\/","name":"Migr\u00e1cia infra\u0161trukt\u00fary - digitWin","isPartOf":{"@id":"https:\/\/www.digitwin-ce.com\/#website"},"datePublished":"2021-03-10T11:13:17+00:00","dateModified":"2021-03-10T17:57:01+00:00","description":"Dosiahnite \u00faspe\u0161n\u00fa realiz\u00e1ciu projektu migr\u00e1cie technologickej infra\u0161trukt\u00fary s\u202fefekt\u00edvne vyu\u017eit\u00fdmi zdrojmi va\u0161ej organiz\u00e1cie.","breadcrumb":{"@id":"https:\/\/digitwin-ce.com\/biznis-oblasti\/migracia-infrastruktury\/#breadcrumb"},"inLanguage":"en-US","potentialAction":[{"@type":"ReadAction","target":["https:\/\/digitwin-ce.com\/biznis-oblasti\/migracia-infrastruktury\/"]}]},{"@type":"BreadcrumbList","@id":"https:\/\/digitwin-ce.com\/biznis-oblasti\/migracia-infrastruktury\/#breadcrumb","itemListElement":[{"@type":"ListItem","position":1,"name":"Domovsk\u00e1 str\u00e1nka","item":"https:\/\/www.digitwin-ce.com\/"},{"@type":"ListItem","position":2,"name":"Biznis oblasti","item":"https:\/\/www.digitwin-ce.com\/biznis-oblasti\/"},{"@type":"ListItem","position":3,"name":"Migr\u00e1cia infra\u0161trukt\u00fary"}]}]}},"_links":{"self":[{"href":"https:\/\/www.digitwin-ce.com\/en\/wp-json\/wp\/v2\/pages\/3232"}],"collection":[{"href":"https:\/\/www.digitwin-ce.com\/en\/wp-json\/wp\/v2\/pages"}],"about":[{"href":"https:\/\/www.digitwin-ce.com\/en\/wp-json\/wp\/v2\/types\/page"}],"author":[{"embeddable":true,"href":"https:\/\/www.digitwin-ce.com\/en\/wp-json\/wp\/v2\/users\/1"}],"replies":[{"embeddable":true,"href":"https:\/\/www.digitwin-ce.com\/en\/wp-json\/wp\/v2\/comments?post=3232"}],"version-history":[{"count":2,"href":"https:\/\/www.digitwin-ce.com\/en\/wp-json\/wp\/v2\/pages\/3232\/revisions"}],"predecessor-version":[{"id":3236,"href":"https:\/\/www.digitwin-ce.com\/en\/wp-json\/wp\/v2\/pages\/3232\/revisions\/3236"}],"up":[{"embeddable":true,"href":"https:\/\/www.digitwin-ce.com\/en\/wp-json\/wp\/v2\/pages\/7"}],"wp:attachment":[{"href":"https:\/\/www.digitwin-ce.com\/en\/wp-json\/wp\/v2\/media?parent=3232"}],"curies":[{"name":"wp","href":"https:\/\/api.w.org\/{rel}","templated":true}]}}