{"id":3229,"date":"2021-03-10T11:08:21","date_gmt":"2021-03-10T11:08:21","guid":{"rendered":"https:\/\/www.digitwin-ce.com\/?page_id=3229"},"modified":"2021-03-10T17:55:17","modified_gmt":"2021-03-10T17:55:17","slug":"medziaplikacne-zavislosti","status":"publish","type":"page","link":"https:\/\/www.digitwin-ce.com\/en\/business-areas\/application-interdependencies\/","title":{"rendered":"Application interdependencies"},"content":{"rendered":"<h1 class=\"has-text-align-center ba-title\"><strong>Application interdependencies<\/strong><\/h1>\n\n\n\n<h4 class=\"highlighted-subtitle mb-7\"><strong><em>Know all the dependencies between your applications and use their potential to the fullest extent of the resources spent on their development and maintenance.<\/em><\/strong><\/h4>\n\n\n\n<div class=\"wp-block-columns\">\n<div class=\"wp-block-column hover-cart\">\n<h2 class=\"has-text-align-center\"><strong>Key challenges<\/strong><\/h2>\n\n\n\n<p class=\"custom-list has-text-align-center\"><i class=\"fa fa-check\"><\/i> the execution of application processes is prolonged<\/p>\n\n\n\n<p class=\"custom-list has-text-align-center\"><i class=\"fa fa-check\"><\/i> communication errors and data loss occur in applications<\/p>\n\n\n\n<p class=\"custom-list has-text-align-center\"><i class=\"fa fa-check\"><\/i> maintenance and additional application development are becoming more expensive<\/p>\n<\/div>\n\n\n\n<div class=\"wp-block-column hover-cart\">\n<h2 class=\"has-text-align-center\"><strong>Achieved goals<\/strong><\/h2>\n\n\n\n<p class=\"custom-list has-text-align-center\"><i class=\"fa fa-check\"><\/i> time savings<\/p>\n\n\n\n<p class=\"custom-list has-text-align-center\"><i class=\"fa fa-check\"><\/i> financial cost savings<\/p>\n\n\n\n<p class=\"custom-list has-text-align-center\"><i class=\"fa fa-check\"><\/i> savings of human resources<\/p>\n\n\n\n<p><\/p>\n<\/div>\n<\/div>\n\n\n\n<p class=\"aligne-middle\">Organizations use information systems to support their activities, which simplifies work and reduces the amount of resources spent. Individual information systems and applications are interconnected and their mutual cooperation is a necessary prerequisite for the effective functioning of the organization. The absence of knowledge of dependencies between applications causes the execution of application processes to be prolonged, there are errors in the communication of astrata data in applications, maintenance and additional development of applications are becoming more expensive.<\/p>\n\n\n\n<p class=\"UC-desc aligne-middle\">By mapping and capturing currently used applications, together with the interconnection of their data flows and mutual cooperation, it is possible to support the performed analyzes without hidden dependencies. In addition, analyzes are performed in a shorter time and with greater accuracy. Individual dependencies can be displayed in the form of prepared visualizations or reports.<\/p>\n\n\n\n\n\t<div class='ngg-imagebrowser default-view'\n         id='ngg-imagebrowser-6c0ecbb05d77eb4e203395031086c4c1-3229'\n         data-nextgen-gallery-id=\"6c0ecbb05d77eb4e203395031086c4c1\">\n\n        <h3>Application Infrastructure<\/h3>\n\n\t\t<div id=\"ngg-image-0\" class=\"pic\" >\n        \n        <a href='https:\/\/www.digitwin-ce.com\/wp-content\/gallery\/medzappl\/Application-Infrastructure.png'\n           title=' '\n           data-src=\"https:\/\/www.digitwin-ce.com\/wp-content\/gallery\/medzappl\/Application-Infrastructure.png\"\n           data-thumbnail=\"https:\/\/www.digitwin-ce.com\/wp-content\/gallery\/medzappl\/thumbs\/thumbs_Application-Infrastructure.png\"\n           data-image-id=\"44\"\n           data-title=\"Application Infrastructure\"\n           data-description=\" \"\n           class=\"ngg-simplelightbox\" rel=\"6c0ecbb05d77eb4e203395031086c4c1\">\n            <img title='Application Infrastructure'\n                 alt='Application Infrastructure'\n                 src='https:\/\/www.digitwin-ce.com\/wp-content\/gallery\/medzappl\/Application-Infrastructure.png'\/>\n        <\/a>\n\t    \n        <\/div> \n\n        <div class='ngg-imagebrowser-nav'>\n\n            <div class='back'>\n                <a class='ngg-browser-prev'\n                   id='ngg-prev-43'\n                   href='https:\/\/www.digitwin-ce.com\/en\/business-areas\/application-interdependencies\/nggallery\/image\/application-classification-1\/'>\n                    <i class=\"fa fa-chevron-left\" aria-hidden=\"true\"><\/i>\n                <\/a>\n            <\/div>\n\n            <div class='next'>\n                <a class='ngg-browser-next'\n                   id='ngg-next-45'\n                   href='https:\/\/www.digitwin-ce.com\/en\/business-areas\/application-interdependencies\/nggallery\/image\/epm-2\/'>\n                    <i class=\"fa fa-chevron-right\" aria-hidden=\"true\"><\/i>\n                <\/a>\n            <\/div>\n\n            <div class='counter'>\n                Image                1                of                3            <\/div>\n\n            <div class='ngg-imagebrowser-desc'>\n                <p> <\/p>\n            <\/div>\n\n        <\/div>\n    <\/div>\n\n\n\n\n\n<p><\/p>","protected":false},"excerpt":{"rendered":"<p>Medziaplika\u010dn\u00e9 z\u00e1vislosti Poznajte v\u0161etky z\u00e1vislosti medzi va\u0161imi aplik\u00e1ciami a\u202fvyu\u017eite ich potenci\u00e1l naplno s\u202fminimom vynalo\u017een\u00fdch prostriedkov na ich v\u00fdvoj a\u202f\u00fadr\u017ebu. K\u013e\u00fa\u010dov\u00e9 v\u00fdzvy doch\u00e1dza k\u202fpredl\u017eovaniu vykon\u00e1vania aplika\u010dn\u00fdch procesov vznikaj\u00fa chyby komunik\u00e1cie \u202fstrata d\u00e1t v\u202faplik\u00e1ci\u00e1ch \u00fadr\u017eba a\u202fdodato\u010dn\u00fd v\u00fdvoj aplik\u00e1ci\u00ed sa predra\u017euj\u00fa Dosiahnut\u00e9 ciele \u00faspora \u010dasu \u00faspora finan\u010dn\u00fdch n\u00e1kladov \u00faspora person\u00e1lnych zdrojov Organiz\u00e1cie pre podporu svojich \u010dinnost\u00ed vyu\u017e\u00edvaj\u00fa informa\u010dn\u00e9 &hellip;<\/p>\n<p class=\"read-more\"> <a class=\"\" href=\"https:\/\/www.digitwin-ce.com\/en\/business-areas\/application-interdependencies\/\"> <span class=\"screen-reader-text\">Application interdependencies<\/span> Read More &raquo;<\/a><\/p>","protected":false},"author":1,"featured_media":0,"parent":7,"menu_order":0,"comment_status":"closed","ping_status":"closed","template":"","meta":{"_mi_skip_tracking":false,"ngg_post_thumbnail":0},"yoast_head":"<!-- This site is optimized with the Yoast SEO plugin v18.2 - https:\/\/yoast.com\/wordpress\/plugins\/seo\/ -->\n<title>Medziaplika\u010dn\u00e9 z\u00e1vislosti - digitWin<\/title>\n<meta name=\"description\" content=\"Poznajte v\u0161etky z\u00e1vislosti medzi va\u0161imi aplik\u00e1ciami a\u202fvyu\u017eite ich potenci\u00e1l naplno s\u202fminimom vynalo\u017een\u00fdch prostriedkov na ich v\u00fdvoj a\u202f\u00fadr\u017ebu.\" \/>\n<meta name=\"robots\" content=\"index, follow, max-snippet:-1, max-image-preview:large, max-video-preview:-1\" \/>\n<link rel=\"canonical\" href=\"https:\/\/digitwin-ce.com\/biznis-oblasti\/medziaplikacne-zavislosti\/\" \/>\n<meta property=\"og:locale\" content=\"en_US\" \/>\n<meta property=\"og:type\" content=\"article\" \/>\n<meta property=\"og:title\" content=\"Medziaplika\u010dn\u00e9 z\u00e1vislosti - digitWin\" \/>\n<meta property=\"og:description\" content=\"Poznajte v\u0161etky z\u00e1vislosti medzi va\u0161imi aplik\u00e1ciami a\u202fvyu\u017eite ich potenci\u00e1l naplno s\u202fminimom vynalo\u017een\u00fdch prostriedkov na ich v\u00fdvoj a\u202f\u00fadr\u017ebu.\" \/>\n<meta property=\"og:url\" content=\"https:\/\/digitwin-ce.com\/biznis-oblasti\/medziaplikacne-zavislosti\/\" \/>\n<meta property=\"og:site_name\" content=\"digitWin\" \/>\n<meta property=\"article:modified_time\" content=\"2021-03-10T17:55:17+00:00\" \/>\n<meta name=\"twitter:card\" content=\"summary_large_image\" \/>\n<meta name=\"twitter:label1\" content=\"Est. reading time\" \/>\n\t<meta name=\"twitter:data1\" content=\"1 minute\" \/>\n<script type=\"application\/ld+json\" class=\"yoast-schema-graph\">{\"@context\":\"https:\/\/schema.org\",\"@graph\":[{\"@type\":\"Organization\",\"@id\":\"https:\/\/www.digitwin-ce.com\/#organization\",\"name\":\"digitWin, s.r.o.\",\"url\":\"https:\/\/www.digitwin-ce.com\/\",\"sameAs\":[\"https:\/\/www.linkedin.com\/company\/digitwin-ce\/about\/\"],\"logo\":{\"@type\":\"ImageObject\",\"@id\":\"https:\/\/www.digitwin-ce.com\/#logo\",\"inLanguage\":\"en-US\",\"url\":\"https:\/\/www.digitwin-ce.com\/wp-content\/uploads\/2021\/03\/digitWin_logo_small.png\",\"contentUrl\":\"https:\/\/www.digitwin-ce.com\/wp-content\/uploads\/2021\/03\/digitWin_logo_small.png\",\"width\":410,\"height\":200,\"caption\":\"digitWin, s.r.o.\"},\"image\":{\"@id\":\"https:\/\/www.digitwin-ce.com\/#logo\"}},{\"@type\":\"WebSite\",\"@id\":\"https:\/\/www.digitwin-ce.com\/#website\",\"url\":\"https:\/\/www.digitwin-ce.com\/\",\"name\":\"digitWin\",\"description\":\"holistick\u00e1 architekt\u00fara \/ enterprise n\u00e1stroj \/ rie\u0161enie\",\"publisher\":{\"@id\":\"https:\/\/www.digitwin-ce.com\/#organization\"},\"potentialAction\":[{\"@type\":\"SearchAction\",\"target\":{\"@type\":\"EntryPoint\",\"urlTemplate\":\"https:\/\/www.digitwin-ce.com\/?s={search_term_string}\"},\"query-input\":\"required name=search_term_string\"}],\"inLanguage\":\"en-US\"},{\"@type\":\"WebPage\",\"@id\":\"https:\/\/digitwin-ce.com\/biznis-oblasti\/medziaplikacne-zavislosti\/#webpage\",\"url\":\"https:\/\/digitwin-ce.com\/biznis-oblasti\/medziaplikacne-zavislosti\/\",\"name\":\"Medziaplika\u010dn\u00e9 z\u00e1vislosti - digitWin\",\"isPartOf\":{\"@id\":\"https:\/\/www.digitwin-ce.com\/#website\"},\"datePublished\":\"2021-03-10T11:08:21+00:00\",\"dateModified\":\"2021-03-10T17:55:17+00:00\",\"description\":\"Poznajte v\u0161etky z\u00e1vislosti medzi va\u0161imi aplik\u00e1ciami a\u202fvyu\u017eite ich potenci\u00e1l naplno s\u202fminimom vynalo\u017een\u00fdch prostriedkov na ich v\u00fdvoj a\u202f\u00fadr\u017ebu.\",\"breadcrumb\":{\"@id\":\"https:\/\/digitwin-ce.com\/biznis-oblasti\/medziaplikacne-zavislosti\/#breadcrumb\"},\"inLanguage\":\"en-US\",\"potentialAction\":[{\"@type\":\"ReadAction\",\"target\":[\"https:\/\/digitwin-ce.com\/biznis-oblasti\/medziaplikacne-zavislosti\/\"]}]},{\"@type\":\"BreadcrumbList\",\"@id\":\"https:\/\/digitwin-ce.com\/biznis-oblasti\/medziaplikacne-zavislosti\/#breadcrumb\",\"itemListElement\":[{\"@type\":\"ListItem\",\"position\":1,\"name\":\"Domovsk\u00e1 str\u00e1nka\",\"item\":\"https:\/\/www.digitwin-ce.com\/\"},{\"@type\":\"ListItem\",\"position\":2,\"name\":\"Biznis oblasti\",\"item\":\"https:\/\/www.digitwin-ce.com\/biznis-oblasti\/\"},{\"@type\":\"ListItem\",\"position\":3,\"name\":\"Medziaplika\u010dn\u00e9 z\u00e1vislosti\"}]}]}<\/script>\n<!-- \/ Yoast SEO plugin. -->","yoast_head_json":{"title":"Medziaplika\u010dn\u00e9 z\u00e1vislosti - digitWin","description":"Poznajte v\u0161etky z\u00e1vislosti medzi va\u0161imi aplik\u00e1ciami a\u202fvyu\u017eite ich potenci\u00e1l naplno s\u202fminimom vynalo\u017een\u00fdch prostriedkov na ich v\u00fdvoj a\u202f\u00fadr\u017ebu.","robots":{"index":"index","follow":"follow","max-snippet":"max-snippet:-1","max-image-preview":"max-image-preview:large","max-video-preview":"max-video-preview:-1"},"canonical":"https:\/\/digitwin-ce.com\/biznis-oblasti\/medziaplikacne-zavislosti\/","og_locale":"en_US","og_type":"article","og_title":"Medziaplika\u010dn\u00e9 z\u00e1vislosti - digitWin","og_description":"Poznajte v\u0161etky z\u00e1vislosti medzi va\u0161imi aplik\u00e1ciami a\u202fvyu\u017eite ich potenci\u00e1l naplno s\u202fminimom vynalo\u017een\u00fdch prostriedkov na ich v\u00fdvoj a\u202f\u00fadr\u017ebu.","og_url":"https:\/\/digitwin-ce.com\/biznis-oblasti\/medziaplikacne-zavislosti\/","og_site_name":"digitWin","article_modified_time":"2021-03-10T17:55:17+00:00","twitter_card":"summary_large_image","twitter_misc":{"Est. reading time":"1 minute"},"schema":{"@context":"https:\/\/schema.org","@graph":[{"@type":"Organization","@id":"https:\/\/www.digitwin-ce.com\/#organization","name":"digitWin, s.r.o.","url":"https:\/\/www.digitwin-ce.com\/","sameAs":["https:\/\/www.linkedin.com\/company\/digitwin-ce\/about\/"],"logo":{"@type":"ImageObject","@id":"https:\/\/www.digitwin-ce.com\/#logo","inLanguage":"en-US","url":"https:\/\/www.digitwin-ce.com\/wp-content\/uploads\/2021\/03\/digitWin_logo_small.png","contentUrl":"https:\/\/www.digitwin-ce.com\/wp-content\/uploads\/2021\/03\/digitWin_logo_small.png","width":410,"height":200,"caption":"digitWin, s.r.o."},"image":{"@id":"https:\/\/www.digitwin-ce.com\/#logo"}},{"@type":"WebSite","@id":"https:\/\/www.digitwin-ce.com\/#website","url":"https:\/\/www.digitwin-ce.com\/","name":"digitWin","description":"holistick\u00e1 architekt\u00fara \/ enterprise n\u00e1stroj \/ rie\u0161enie","publisher":{"@id":"https:\/\/www.digitwin-ce.com\/#organization"},"potentialAction":[{"@type":"SearchAction","target":{"@type":"EntryPoint","urlTemplate":"https:\/\/www.digitwin-ce.com\/?s={search_term_string}"},"query-input":"required name=search_term_string"}],"inLanguage":"en-US"},{"@type":"WebPage","@id":"https:\/\/digitwin-ce.com\/biznis-oblasti\/medziaplikacne-zavislosti\/#webpage","url":"https:\/\/digitwin-ce.com\/biznis-oblasti\/medziaplikacne-zavislosti\/","name":"Medziaplika\u010dn\u00e9 z\u00e1vislosti - digitWin","isPartOf":{"@id":"https:\/\/www.digitwin-ce.com\/#website"},"datePublished":"2021-03-10T11:08:21+00:00","dateModified":"2021-03-10T17:55:17+00:00","description":"Poznajte v\u0161etky z\u00e1vislosti medzi va\u0161imi aplik\u00e1ciami a\u202fvyu\u017eite ich potenci\u00e1l naplno s\u202fminimom vynalo\u017een\u00fdch prostriedkov na ich v\u00fdvoj a\u202f\u00fadr\u017ebu.","breadcrumb":{"@id":"https:\/\/digitwin-ce.com\/biznis-oblasti\/medziaplikacne-zavislosti\/#breadcrumb"},"inLanguage":"en-US","potentialAction":[{"@type":"ReadAction","target":["https:\/\/digitwin-ce.com\/biznis-oblasti\/medziaplikacne-zavislosti\/"]}]},{"@type":"BreadcrumbList","@id":"https:\/\/digitwin-ce.com\/biznis-oblasti\/medziaplikacne-zavislosti\/#breadcrumb","itemListElement":[{"@type":"ListItem","position":1,"name":"Domovsk\u00e1 str\u00e1nka","item":"https:\/\/www.digitwin-ce.com\/"},{"@type":"ListItem","position":2,"name":"Biznis oblasti","item":"https:\/\/www.digitwin-ce.com\/biznis-oblasti\/"},{"@type":"ListItem","position":3,"name":"Medziaplika\u010dn\u00e9 z\u00e1vislosti"}]}]}},"_links":{"self":[{"href":"https:\/\/www.digitwin-ce.com\/en\/wp-json\/wp\/v2\/pages\/3229"}],"collection":[{"href":"https:\/\/www.digitwin-ce.com\/en\/wp-json\/wp\/v2\/pages"}],"about":[{"href":"https:\/\/www.digitwin-ce.com\/en\/wp-json\/wp\/v2\/types\/page"}],"author":[{"embeddable":true,"href":"https:\/\/www.digitwin-ce.com\/en\/wp-json\/wp\/v2\/users\/1"}],"replies":[{"embeddable":true,"href":"https:\/\/www.digitwin-ce.com\/en\/wp-json\/wp\/v2\/comments?post=3229"}],"version-history":[{"count":1,"href":"https:\/\/www.digitwin-ce.com\/en\/wp-json\/wp\/v2\/pages\/3229\/revisions"}],"predecessor-version":[{"id":3230,"href":"https:\/\/www.digitwin-ce.com\/en\/wp-json\/wp\/v2\/pages\/3229\/revisions\/3230"}],"up":[{"embeddable":true,"href":"https:\/\/www.digitwin-ce.com\/en\/wp-json\/wp\/v2\/pages\/7"}],"wp:attachment":[{"href":"https:\/\/www.digitwin-ce.com\/en\/wp-json\/wp\/v2\/media?parent=3229"}],"curies":[{"name":"wp","href":"https:\/\/api.w.org\/{rel}","templated":true}]}}