{"id":3223,"date":"2021-03-10T10:55:29","date_gmt":"2021-03-10T10:55:29","guid":{"rendered":"https:\/\/www.digitwin-ce.com\/?page_id=3223"},"modified":"2021-03-10T18:05:53","modified_gmt":"2021-03-10T18:05:53","slug":"zavedenie-manazmentu-rizik-a-bezpecnosti","status":"publish","type":"page","link":"https:\/\/www.digitwin-ce.com\/en\/business-areas\/implementation-of-risk-and-security-management\/","title":{"rendered":"Implementation of Risk and Security management"},"content":{"rendered":"<h1 class=\"has-text-align-center ba-title\"><strong>Implementation of Risk and Security management<\/strong><\/h1>\n\n\n\n<h4 class=\"highlighted-subtitle mb-7\"><strong><em>Know the possible risks and security threats associated with the functioning of your organization, eliminate their occurrence and prepare for them by planning an appropriate response.<\/em><\/strong><\/h4>\n\n\n\n<div class=\"wp-block-columns\">\n<div class=\"wp-block-column hover-cart\">\n<h2 class=\"has-text-align-center\"><strong>Key challenges<\/strong><\/h2>\n\n\n\n<p class=\"custom-list has-text-align-center\"><i class=\"fa fa-check\"><\/i> implemented projects end in failure<\/p>\n\n\n\n<p class=\"custom-list has-text-align-center\"><i class=\"fa fa-check\"><\/i> there is no appropriate response to incoming risks<\/p>\n\n\n\n<p class=\"custom-list has-text-align-center\"><i class=\"fa fa-check\"><\/i> there is an increase in costs associated with the implementation of the project<\/p>\n\n\n\n<p class=\"custom-list has-text-align-center\"><i class=\"fa fa-check\"><\/i> security breaches occur causing extensive damage<\/p>\n<\/div>\n\n\n\n<div class=\"wp-block-column hover-cart\">\n<h2 class=\"has-text-align-center\"><strong>Achieved goals<\/strong><\/h2>\n\n\n\n<p class=\"custom-list has-text-align-center\"><i class=\"fa fa-check\"><\/i> time savings<\/p>\n\n\n\n<p class=\"custom-list has-text-align-center\"><i class=\"fa fa-check\"><\/i> financial cost savings<\/p>\n\n\n\n<p class=\"custom-list has-text-align-center\"><i class=\"fa fa-check\"><\/i> mitigation of security threat risks<\/p>\n\n\n\n<p><\/p>\n<\/div>\n<\/div>\n\n\n\n<p class=\"aligne-middle\">Detection, analysis and elimination of risks and security threats is one of the basic pillars of successfully implemented projects, but also the operation of the organization and its information systems (aspects of CIA - confidentiality, integrity and availability). The absence of possible risks and threats causes the implemented projects to fail, there is no adequate response to the incoming risks, there is an increase in the costs associated with the implementation of the project, there are security breaches causing extensive damage.<\/p>\n\n\n\n<p class=\"UC-desc aligne-middle\">The digital twin of organization preserves the organization's representation in a number of disciplines, including the operating model, business processes, business strategies, data, and more. Thanks to objectification and subsequent digitization, it is possible to store information about risks, vulnerabilities, control measures, or any other objects of risk management of the security architecture. In addition, it is possible to connect directly with the operating model and evaluate it in the form of clear sets of temperatures and temperature maps.<\/p>\n\n\n\n\n\t<div class='ngg-imagebrowser default-view'\n         id='ngg-imagebrowser-86c2e13d918c86ed40dbbedea66c4b6b-3223'\n         data-nextgen-gallery-id=\"86c2e13d918c86ed40dbbedea66c4b6b\">\n\n        <h3>Risk &amp; Security Management<\/h3>\n\n\t\t<div id=\"ngg-image-0\" class=\"pic\" >\n        \n        <a href='https:\/\/www.digitwin-ce.com\/wp-content\/gallery\/manriz\/Risk-Security-Management.png'\n           title=' '\n           data-src=\"https:\/\/www.digitwin-ce.com\/wp-content\/gallery\/manriz\/Risk-Security-Management.png\"\n           data-thumbnail=\"https:\/\/www.digitwin-ce.com\/wp-content\/gallery\/manriz\/thumbs\/thumbs_Risk-Security-Management.png\"\n           data-image-id=\"32\"\n           data-title=\"Risk &amp; Security Management\"\n           data-description=\" \"\n           class=\"ngg-simplelightbox\" rel=\"86c2e13d918c86ed40dbbedea66c4b6b\">\n            <img title='Risk &amp; Security Management'\n                 alt='Risk &amp; Security Management'\n                 src='https:\/\/www.digitwin-ce.com\/wp-content\/gallery\/manriz\/Risk-Security-Management.png'\/>\n        <\/a>\n\t    \n        <\/div> \n\n        <div class='ngg-imagebrowser-nav'>\n\n            <div class='back'>\n                <a class='ngg-browser-prev'\n                   id='ngg-prev-33'\n                   href='https:\/\/www.digitwin-ce.com\/en\/business-areas\/implementation-of-risk-and-security-management\/nggallery\/image\/control-objectives-for-ucs\/'>\n                    <i class=\"fa fa-chevron-left\" aria-hidden=\"true\"><\/i>\n                <\/a>\n            <\/div>\n\n            <div class='next'>\n                <a class='ngg-browser-next'\n                   id='ngg-next-15'\n                   href='https:\/\/www.digitwin-ce.com\/en\/business-areas\/implementation-of-risk-and-security-management\/nggallery\/image\/risk-heat-map\/'>\n                    <i class=\"fa fa-chevron-right\" aria-hidden=\"true\"><\/i>\n                <\/a>\n            <\/div>\n\n            <div class='counter'>\n                Image                1                of                3            <\/div>\n\n            <div class='ngg-imagebrowser-desc'>\n                <p> <\/p>\n            <\/div>\n\n        <\/div>\n    <\/div>\n\n\n\n\n\n<p><\/p>","protected":false},"excerpt":{"rendered":"<p>Zavedenie mana\u017ementu riz\u00edk a\u202fbezpe\u010dnosti Poznajte mo\u017en\u00e9 rizik\u00e1 a\u202fbezpe\u010dnostn\u00e9 hrozby spojen\u00e9 s\u202ffungovan\u00edm Va\u0161ej organiz\u00e1cie, eliminujte ich vznik a\u202fpripravte sa na ne napl\u00e1novan\u00edm zodpovedaj\u00facej reakcie. K\u013e\u00fa\u010dov\u00e9 v\u00fdzvy realizovan\u00e9 projekty kon\u010dia ne\u00faspechom na prich\u00e1dzaj\u00face rizik\u00e1 nie je vytvoren\u00e1 zodpovedaj\u00faca reakcia doch\u00e1dza k\u202fzv\u00fd\u0161eniu n\u00e1kladov spojen\u00fdch s\u202frealiz\u00e1ciou projektu nast\u00e1vaj\u00fa naru\u0161enia bezpe\u010dnosti sp\u00f4sobuj\u00face rozsiahle \u0161kody Dosiahnut\u00e9 ciele \u00faspora \u010dasu \u00faspora finan\u010dn\u00fdch &hellip;<\/p>\n<p class=\"read-more\"> <a class=\"\" href=\"https:\/\/www.digitwin-ce.com\/en\/business-areas\/implementation-of-risk-and-security-management\/\"> <span class=\"screen-reader-text\">Implementation of Risk and Security management<\/span> Read More &raquo;<\/a><\/p>","protected":false},"author":1,"featured_media":0,"parent":7,"menu_order":0,"comment_status":"closed","ping_status":"closed","template":"","meta":{"_mi_skip_tracking":false,"ngg_post_thumbnail":0},"yoast_head":"<!-- This site is optimized with the Yoast SEO plugin v18.2 - https:\/\/yoast.com\/wordpress\/plugins\/seo\/ -->\n<title>Zavedenie mana\u017ementu riz\u00edk a\u202fbezpe\u010dnosti - digitWin<\/title>\n<meta name=\"description\" content=\"Poznajte mo\u017en\u00e9 rizik\u00e1 a\u202fbezpe\u010dnostn\u00e9 hrozby spojen\u00e9 s\u202ffungovan\u00edm Va\u0161ej organiz\u00e1cie, eliminujte ich vznik a\u202fpripravte sa na ne napl\u00e1novan\u00edm zodpovedaj\u00facej reakcie.\" \/>\n<meta name=\"robots\" content=\"index, follow, max-snippet:-1, max-image-preview:large, max-video-preview:-1\" \/>\n<link rel=\"canonical\" href=\"https:\/\/digitwin-ce.com\/biznis-oblasti\/zavedenie-manazmentu-rizik-a-bezpecnosti\/\" \/>\n<meta property=\"og:locale\" content=\"en_US\" \/>\n<meta property=\"og:type\" content=\"article\" \/>\n<meta property=\"og:title\" content=\"Zavedenie mana\u017ementu riz\u00edk a\u202fbezpe\u010dnosti - digitWin\" \/>\n<meta property=\"og:description\" content=\"Poznajte mo\u017en\u00e9 rizik\u00e1 a\u202fbezpe\u010dnostn\u00e9 hrozby spojen\u00e9 s\u202ffungovan\u00edm Va\u0161ej organiz\u00e1cie, eliminujte ich vznik a\u202fpripravte sa na ne napl\u00e1novan\u00edm zodpovedaj\u00facej reakcie.\" \/>\n<meta property=\"og:url\" content=\"https:\/\/digitwin-ce.com\/biznis-oblasti\/zavedenie-manazmentu-rizik-a-bezpecnosti\/\" \/>\n<meta property=\"og:site_name\" content=\"digitWin\" \/>\n<meta property=\"article:modified_time\" content=\"2021-03-10T18:05:53+00:00\" \/>\n<meta name=\"twitter:card\" content=\"summary_large_image\" \/>\n<meta name=\"twitter:label1\" content=\"Est. reading time\" \/>\n\t<meta name=\"twitter:data1\" content=\"1 minute\" \/>\n<script type=\"application\/ld+json\" class=\"yoast-schema-graph\">{\"@context\":\"https:\/\/schema.org\",\"@graph\":[{\"@type\":\"Organization\",\"@id\":\"https:\/\/www.digitwin-ce.com\/#organization\",\"name\":\"digitWin, s.r.o.\",\"url\":\"https:\/\/www.digitwin-ce.com\/\",\"sameAs\":[\"https:\/\/www.linkedin.com\/company\/digitwin-ce\/about\/\"],\"logo\":{\"@type\":\"ImageObject\",\"@id\":\"https:\/\/www.digitwin-ce.com\/#logo\",\"inLanguage\":\"en-US\",\"url\":\"https:\/\/www.digitwin-ce.com\/wp-content\/uploads\/2021\/03\/digitWin_logo_small.png\",\"contentUrl\":\"https:\/\/www.digitwin-ce.com\/wp-content\/uploads\/2021\/03\/digitWin_logo_small.png\",\"width\":410,\"height\":200,\"caption\":\"digitWin, s.r.o.\"},\"image\":{\"@id\":\"https:\/\/www.digitwin-ce.com\/#logo\"}},{\"@type\":\"WebSite\",\"@id\":\"https:\/\/www.digitwin-ce.com\/#website\",\"url\":\"https:\/\/www.digitwin-ce.com\/\",\"name\":\"digitWin\",\"description\":\"holistick\u00e1 architekt\u00fara \/ enterprise n\u00e1stroj \/ rie\u0161enie\",\"publisher\":{\"@id\":\"https:\/\/www.digitwin-ce.com\/#organization\"},\"potentialAction\":[{\"@type\":\"SearchAction\",\"target\":{\"@type\":\"EntryPoint\",\"urlTemplate\":\"https:\/\/www.digitwin-ce.com\/?s={search_term_string}\"},\"query-input\":\"required name=search_term_string\"}],\"inLanguage\":\"en-US\"},{\"@type\":\"WebPage\",\"@id\":\"https:\/\/digitwin-ce.com\/biznis-oblasti\/zavedenie-manazmentu-rizik-a-bezpecnosti\/#webpage\",\"url\":\"https:\/\/digitwin-ce.com\/biznis-oblasti\/zavedenie-manazmentu-rizik-a-bezpecnosti\/\",\"name\":\"Zavedenie mana\u017ementu riz\u00edk a\u202fbezpe\u010dnosti - digitWin\",\"isPartOf\":{\"@id\":\"https:\/\/www.digitwin-ce.com\/#website\"},\"datePublished\":\"2021-03-10T10:55:29+00:00\",\"dateModified\":\"2021-03-10T18:05:53+00:00\",\"description\":\"Poznajte mo\u017en\u00e9 rizik\u00e1 a\u202fbezpe\u010dnostn\u00e9 hrozby spojen\u00e9 s\u202ffungovan\u00edm Va\u0161ej organiz\u00e1cie, eliminujte ich vznik a\u202fpripravte sa na ne napl\u00e1novan\u00edm zodpovedaj\u00facej reakcie.\",\"breadcrumb\":{\"@id\":\"https:\/\/digitwin-ce.com\/biznis-oblasti\/zavedenie-manazmentu-rizik-a-bezpecnosti\/#breadcrumb\"},\"inLanguage\":\"en-US\",\"potentialAction\":[{\"@type\":\"ReadAction\",\"target\":[\"https:\/\/digitwin-ce.com\/biznis-oblasti\/zavedenie-manazmentu-rizik-a-bezpecnosti\/\"]}]},{\"@type\":\"BreadcrumbList\",\"@id\":\"https:\/\/digitwin-ce.com\/biznis-oblasti\/zavedenie-manazmentu-rizik-a-bezpecnosti\/#breadcrumb\",\"itemListElement\":[{\"@type\":\"ListItem\",\"position\":1,\"name\":\"Domovsk\u00e1 str\u00e1nka\",\"item\":\"https:\/\/www.digitwin-ce.com\/\"},{\"@type\":\"ListItem\",\"position\":2,\"name\":\"Biznis oblasti\",\"item\":\"https:\/\/www.digitwin-ce.com\/biznis-oblasti\/\"},{\"@type\":\"ListItem\",\"position\":3,\"name\":\"Zavedenie mana\u017ementu riz\u00edk a\u202fbezpe\u010dnosti\"}]}]}<\/script>\n<!-- \/ Yoast SEO plugin. -->","yoast_head_json":{"title":"Zavedenie mana\u017ementu riz\u00edk a\u202fbezpe\u010dnosti - digitWin","description":"Poznajte mo\u017en\u00e9 rizik\u00e1 a\u202fbezpe\u010dnostn\u00e9 hrozby spojen\u00e9 s\u202ffungovan\u00edm Va\u0161ej organiz\u00e1cie, eliminujte ich vznik a\u202fpripravte sa na ne napl\u00e1novan\u00edm zodpovedaj\u00facej reakcie.","robots":{"index":"index","follow":"follow","max-snippet":"max-snippet:-1","max-image-preview":"max-image-preview:large","max-video-preview":"max-video-preview:-1"},"canonical":"https:\/\/digitwin-ce.com\/biznis-oblasti\/zavedenie-manazmentu-rizik-a-bezpecnosti\/","og_locale":"en_US","og_type":"article","og_title":"Zavedenie mana\u017ementu riz\u00edk a\u202fbezpe\u010dnosti - digitWin","og_description":"Poznajte mo\u017en\u00e9 rizik\u00e1 a\u202fbezpe\u010dnostn\u00e9 hrozby spojen\u00e9 s\u202ffungovan\u00edm Va\u0161ej organiz\u00e1cie, eliminujte ich vznik a\u202fpripravte sa na ne napl\u00e1novan\u00edm zodpovedaj\u00facej reakcie.","og_url":"https:\/\/digitwin-ce.com\/biznis-oblasti\/zavedenie-manazmentu-rizik-a-bezpecnosti\/","og_site_name":"digitWin","article_modified_time":"2021-03-10T18:05:53+00:00","twitter_card":"summary_large_image","twitter_misc":{"Est. reading time":"1 minute"},"schema":{"@context":"https:\/\/schema.org","@graph":[{"@type":"Organization","@id":"https:\/\/www.digitwin-ce.com\/#organization","name":"digitWin, s.r.o.","url":"https:\/\/www.digitwin-ce.com\/","sameAs":["https:\/\/www.linkedin.com\/company\/digitwin-ce\/about\/"],"logo":{"@type":"ImageObject","@id":"https:\/\/www.digitwin-ce.com\/#logo","inLanguage":"en-US","url":"https:\/\/www.digitwin-ce.com\/wp-content\/uploads\/2021\/03\/digitWin_logo_small.png","contentUrl":"https:\/\/www.digitwin-ce.com\/wp-content\/uploads\/2021\/03\/digitWin_logo_small.png","width":410,"height":200,"caption":"digitWin, s.r.o."},"image":{"@id":"https:\/\/www.digitwin-ce.com\/#logo"}},{"@type":"WebSite","@id":"https:\/\/www.digitwin-ce.com\/#website","url":"https:\/\/www.digitwin-ce.com\/","name":"digitWin","description":"holistick\u00e1 architekt\u00fara \/ enterprise n\u00e1stroj \/ rie\u0161enie","publisher":{"@id":"https:\/\/www.digitwin-ce.com\/#organization"},"potentialAction":[{"@type":"SearchAction","target":{"@type":"EntryPoint","urlTemplate":"https:\/\/www.digitwin-ce.com\/?s={search_term_string}"},"query-input":"required name=search_term_string"}],"inLanguage":"en-US"},{"@type":"WebPage","@id":"https:\/\/digitwin-ce.com\/biznis-oblasti\/zavedenie-manazmentu-rizik-a-bezpecnosti\/#webpage","url":"https:\/\/digitwin-ce.com\/biznis-oblasti\/zavedenie-manazmentu-rizik-a-bezpecnosti\/","name":"Zavedenie mana\u017ementu riz\u00edk a\u202fbezpe\u010dnosti - digitWin","isPartOf":{"@id":"https:\/\/www.digitwin-ce.com\/#website"},"datePublished":"2021-03-10T10:55:29+00:00","dateModified":"2021-03-10T18:05:53+00:00","description":"Poznajte mo\u017en\u00e9 rizik\u00e1 a\u202fbezpe\u010dnostn\u00e9 hrozby spojen\u00e9 s\u202ffungovan\u00edm Va\u0161ej organiz\u00e1cie, eliminujte ich vznik a\u202fpripravte sa na ne napl\u00e1novan\u00edm zodpovedaj\u00facej reakcie.","breadcrumb":{"@id":"https:\/\/digitwin-ce.com\/biznis-oblasti\/zavedenie-manazmentu-rizik-a-bezpecnosti\/#breadcrumb"},"inLanguage":"en-US","potentialAction":[{"@type":"ReadAction","target":["https:\/\/digitwin-ce.com\/biznis-oblasti\/zavedenie-manazmentu-rizik-a-bezpecnosti\/"]}]},{"@type":"BreadcrumbList","@id":"https:\/\/digitwin-ce.com\/biznis-oblasti\/zavedenie-manazmentu-rizik-a-bezpecnosti\/#breadcrumb","itemListElement":[{"@type":"ListItem","position":1,"name":"Domovsk\u00e1 str\u00e1nka","item":"https:\/\/www.digitwin-ce.com\/"},{"@type":"ListItem","position":2,"name":"Biznis oblasti","item":"https:\/\/www.digitwin-ce.com\/biznis-oblasti\/"},{"@type":"ListItem","position":3,"name":"Zavedenie mana\u017ementu riz\u00edk a\u202fbezpe\u010dnosti"}]}]}},"_links":{"self":[{"href":"https:\/\/www.digitwin-ce.com\/en\/wp-json\/wp\/v2\/pages\/3223"}],"collection":[{"href":"https:\/\/www.digitwin-ce.com\/en\/wp-json\/wp\/v2\/pages"}],"about":[{"href":"https:\/\/www.digitwin-ce.com\/en\/wp-json\/wp\/v2\/types\/page"}],"author":[{"embeddable":true,"href":"https:\/\/www.digitwin-ce.com\/en\/wp-json\/wp\/v2\/users\/1"}],"replies":[{"embeddable":true,"href":"https:\/\/www.digitwin-ce.com\/en\/wp-json\/wp\/v2\/comments?post=3223"}],"version-history":[{"count":1,"href":"https:\/\/www.digitwin-ce.com\/en\/wp-json\/wp\/v2\/pages\/3223\/revisions"}],"predecessor-version":[{"id":3224,"href":"https:\/\/www.digitwin-ce.com\/en\/wp-json\/wp\/v2\/pages\/3223\/revisions\/3224"}],"up":[{"embeddable":true,"href":"https:\/\/www.digitwin-ce.com\/en\/wp-json\/wp\/v2\/pages\/7"}],"wp:attachment":[{"href":"https:\/\/www.digitwin-ce.com\/en\/wp-json\/wp\/v2\/media?parent=3223"}],"curies":[{"name":"wp","href":"https:\/\/api.w.org\/{rel}","templated":true}]}}