{"id":3219,"date":"2021-03-10T10:48:32","date_gmt":"2021-03-10T10:48:32","guid":{"rendered":"https:\/\/www.digitwin-ce.com\/?page_id=3219"},"modified":"2021-03-10T18:04:17","modified_gmt":"2021-03-10T18:04:17","slug":"racionalizacia-a-mapovanie-dat","status":"publish","type":"page","link":"https:\/\/www.digitwin-ce.com\/en\/business-areas\/data-rationalization-and-mapping\/","title":{"rendered":"Data rationalization and mapping"},"content":{"rendered":"<h1 class=\"has-text-align-center ba-title\"><strong>Data rationalization and mapping<\/strong><\/h1>\n\n\n\n<h4 class=\"highlighted-subtitle mb-7\"><strong><em>Know the data in your organization and use their potential to effectively achieve the set goals.<\/em><\/strong><\/h4>\n\n\n\n<div class=\"wp-block-columns\">\n<div class=\"wp-block-column hover-cart\">\n<h2 class=\"has-text-align-center\"><strong>Key challenges<\/strong><\/h2>\n\n\n\n<p class=\"custom-list has-text-align-center\"><i class=\"fa fa-check\"><\/i> duplicate data occurs<\/p>\n\n\n\n<p class=\"custom-list has-text-align-center\"><i class=\"fa fa-check\"><\/i> security threats causing damage occur<\/p>\n\n\n\n<p class=\"custom-list has-text-align-center\"><i class=\"fa fa-check\"><\/i> no statistics are available to support the management of the organization<\/p>\n\n\n\n<p class=\"custom-list has-text-align-center\"><i class=\"fa fa-check\"><\/i> resources are wasted<\/p>\n<\/div>\n\n\n\n<div class=\"wp-block-column hover-cart\">\n<h2 class=\"has-text-align-center\"><strong>Achieved goals<\/strong><\/h2>\n\n\n\n<p class=\"custom-list has-text-align-center\"><i class=\"fa fa-check\"><\/i> time savings<\/p>\n\n\n\n<p class=\"custom-list has-text-align-center\"><i class=\"fa fa-check\"><\/i> financial cost savings<\/p>\n\n\n\n<p class=\"custom-list has-text-align-center\"><i class=\"fa fa-check\"><\/i> elimination of security threat risks<\/p>\n\n\n\n<p class=\"custom-list has-text-align-center\"><i class=\"fa fa-check\"><\/i> understanding and gaining an overall view of the data<\/p>\n<\/div>\n<\/div>\n\n\n\n<p class=\"aligne-middle\">Within every organization flows an enormous amount of data that is necessary for its operation. Knowledge of these data can help achieve efficient use of resources, eliminating the risks of security threats. The absence of knowledge of the organization's data causes duplicate data to occur, security threats causing damage occur, statistics necessary for the management and management of the organization are not available, resources are wasted.<\/p>\n\n\n\n<p class=\"UC-desc aligne-middle\">The topic of the data used by the organization and their purpose becomes topical, especially with the advent of the legislative obligation of the GDPR. The organization's digital twin will help you map the data your organization uses and link them to each application. Within the digital twin, it is also possible to prepare such means that store the purpose of this data or the security classification. The results can then be presented in the form of clear reports or temperature maps.<\/p>\n\n\n\n\n\t<div class='ngg-imagebrowser default-view'\n         id='ngg-imagebrowser-1cee57943fa9e49c9de411105a72d1c3-3219'\n         data-nextgen-gallery-id=\"1cee57943fa9e49c9de411105a72d1c3\">\n\n        <h3>Data Classification<\/h3>\n\n\t\t<div id=\"ngg-image-0\" class=\"pic\" >\n        \n        <a href='https:\/\/www.digitwin-ce.com\/wp-content\/gallery\/racdat\/Data-Classification.png'\n           title=' '\n           data-src=\"https:\/\/www.digitwin-ce.com\/wp-content\/gallery\/racdat\/Data-Classification.png\"\n           data-thumbnail=\"https:\/\/www.digitwin-ce.com\/wp-content\/gallery\/racdat\/thumbs\/thumbs_Data-Classification.png\"\n           data-image-id=\"28\"\n           data-title=\"Data Classification\"\n           data-description=\" \"\n           class=\"ngg-simplelightbox\" rel=\"1cee57943fa9e49c9de411105a72d1c3\">\n            <img title='Data Classification'\n                 alt='Data Classification'\n                 src='https:\/\/www.digitwin-ce.com\/wp-content\/gallery\/racdat\/Data-Classification.png'\/>\n        <\/a>\n\t    \n        <\/div> \n\n        <div class='ngg-imagebrowser-nav'>\n\n            <div class='back'>\n                <a class='ngg-browser-prev'\n                   id='ngg-prev-31'\n                   href='https:\/\/www.digitwin-ce.com\/en\/business-areas\/data-rationalization-and-mapping\/nggallery\/image\/class-diagram\/'>\n                    <i class=\"fa fa-chevron-left\" aria-hidden=\"true\"><\/i>\n                <\/a>\n            <\/div>\n\n            <div class='next'>\n                <a class='ngg-browser-next'\n                   id='ngg-next-29'\n                   href='https:\/\/www.digitwin-ce.com\/en\/business-areas\/data-rationalization-and-mapping\/nggallery\/image\/application-classification\/'>\n                    <i class=\"fa fa-chevron-right\" aria-hidden=\"true\"><\/i>\n                <\/a>\n            <\/div>\n\n            <div class='counter'>\n                Image                1                of                4            <\/div>\n\n            <div class='ngg-imagebrowser-desc'>\n                <p> <\/p>\n            <\/div>\n\n        <\/div>\n    <\/div>\n\n\n\n\n\n<p><\/p>","protected":false},"excerpt":{"rendered":"<p>Racionaliz\u00e1cia a\u202fmapovanie d\u00e1t Poznajte d\u00e1ta vo Va\u0161ej organiz\u00e1ci\u00ed a\u202fvyu\u017eite ich potenci\u00e1l pre efekt\u00edvne dosiahnutie vyt\u00fd\u010den\u00fdch cie\u013eov. K\u013e\u00fa\u010dov\u00e9 v\u00fdzvy doch\u00e1dza k\u202fvzniku duplicitn\u00fdch d\u00e1t nast\u00e1vaj\u00fa bezpe\u010dnostn\u00e9 hrozby sp\u00f4sobuj\u00face \u0161kody nie s\u00fa dostupn\u00e9 \u0161tatistiky potrebn\u00e9 pre riadenie a\u202fmana\u017ement organiz\u00e1cie doch\u00e1dza k\u202fplytvaniu zdrojov Dosiahnut\u00e9 ciele \u00faspora \u010dasu \u00faspora finan\u010dn\u00fdch n\u00e1kladov elimin\u00e1cia riz\u00edk a\u202fbezpe\u010dnostn\u00fdch hrozieb pochopenie a\u202fz\u00edskanie celkov\u00e9ho poh\u013eadu na &hellip;<\/p>\n<p class=\"read-more\"> <a class=\"\" href=\"https:\/\/www.digitwin-ce.com\/en\/business-areas\/data-rationalization-and-mapping\/\"> <span class=\"screen-reader-text\">Data rationalization and mapping<\/span> Read More &raquo;<\/a><\/p>","protected":false},"author":1,"featured_media":0,"parent":7,"menu_order":0,"comment_status":"closed","ping_status":"closed","template":"","meta":{"_mi_skip_tracking":false,"ngg_post_thumbnail":0},"yoast_head":"<!-- This site is optimized with the Yoast SEO plugin v18.2 - https:\/\/yoast.com\/wordpress\/plugins\/seo\/ -->\n<title>Racionaliz\u00e1cia a\u202fmapovanie d\u00e1t - digitWin<\/title>\n<meta name=\"description\" content=\"Poznajte d\u00e1ta vo Va\u0161ej organiz\u00e1ci\u00ed a\u202fvyu\u017eite ich potenci\u00e1l pre efekt\u00edvne dosiahnutie vyt\u00fd\u010den\u00fdch cie\u013eov.\" \/>\n<meta name=\"robots\" content=\"index, follow, max-snippet:-1, max-image-preview:large, max-video-preview:-1\" \/>\n<link rel=\"canonical\" href=\"https:\/\/digitwin-ce.com\/biznis-oblasti\/racionalizacia-a-mapovanie-dat\/\" \/>\n<meta property=\"og:locale\" content=\"en_US\" \/>\n<meta property=\"og:type\" content=\"article\" \/>\n<meta property=\"og:title\" content=\"Racionaliz\u00e1cia a\u202fmapovanie d\u00e1t - digitWin\" \/>\n<meta property=\"og:description\" content=\"Poznajte d\u00e1ta vo Va\u0161ej organiz\u00e1ci\u00ed a\u202fvyu\u017eite ich potenci\u00e1l pre efekt\u00edvne dosiahnutie vyt\u00fd\u010den\u00fdch cie\u013eov.\" \/>\n<meta property=\"og:url\" content=\"https:\/\/digitwin-ce.com\/biznis-oblasti\/racionalizacia-a-mapovanie-dat\/\" \/>\n<meta property=\"og:site_name\" content=\"digitWin\" \/>\n<meta property=\"article:modified_time\" content=\"2021-03-10T18:04:17+00:00\" \/>\n<meta name=\"twitter:card\" content=\"summary_large_image\" \/>\n<meta name=\"twitter:label1\" content=\"Est. reading time\" \/>\n\t<meta name=\"twitter:data1\" content=\"1 minute\" \/>\n<script type=\"application\/ld+json\" class=\"yoast-schema-graph\">{\"@context\":\"https:\/\/schema.org\",\"@graph\":[{\"@type\":\"Organization\",\"@id\":\"https:\/\/www.digitwin-ce.com\/#organization\",\"name\":\"digitWin, s.r.o.\",\"url\":\"https:\/\/www.digitwin-ce.com\/\",\"sameAs\":[\"https:\/\/www.linkedin.com\/company\/digitwin-ce\/about\/\"],\"logo\":{\"@type\":\"ImageObject\",\"@id\":\"https:\/\/www.digitwin-ce.com\/#logo\",\"inLanguage\":\"en-US\",\"url\":\"https:\/\/www.digitwin-ce.com\/wp-content\/uploads\/2021\/03\/digitWin_logo_small.png\",\"contentUrl\":\"https:\/\/www.digitwin-ce.com\/wp-content\/uploads\/2021\/03\/digitWin_logo_small.png\",\"width\":410,\"height\":200,\"caption\":\"digitWin, s.r.o.\"},\"image\":{\"@id\":\"https:\/\/www.digitwin-ce.com\/#logo\"}},{\"@type\":\"WebSite\",\"@id\":\"https:\/\/www.digitwin-ce.com\/#website\",\"url\":\"https:\/\/www.digitwin-ce.com\/\",\"name\":\"digitWin\",\"description\":\"holistick\u00e1 architekt\u00fara \/ enterprise n\u00e1stroj \/ rie\u0161enie\",\"publisher\":{\"@id\":\"https:\/\/www.digitwin-ce.com\/#organization\"},\"potentialAction\":[{\"@type\":\"SearchAction\",\"target\":{\"@type\":\"EntryPoint\",\"urlTemplate\":\"https:\/\/www.digitwin-ce.com\/?s={search_term_string}\"},\"query-input\":\"required name=search_term_string\"}],\"inLanguage\":\"en-US\"},{\"@type\":\"WebPage\",\"@id\":\"https:\/\/digitwin-ce.com\/biznis-oblasti\/racionalizacia-a-mapovanie-dat\/#webpage\",\"url\":\"https:\/\/digitwin-ce.com\/biznis-oblasti\/racionalizacia-a-mapovanie-dat\/\",\"name\":\"Racionaliz\u00e1cia a\u202fmapovanie d\u00e1t - digitWin\",\"isPartOf\":{\"@id\":\"https:\/\/www.digitwin-ce.com\/#website\"},\"datePublished\":\"2021-03-10T10:48:32+00:00\",\"dateModified\":\"2021-03-10T18:04:17+00:00\",\"description\":\"Poznajte d\u00e1ta vo Va\u0161ej organiz\u00e1ci\u00ed a\u202fvyu\u017eite ich potenci\u00e1l pre efekt\u00edvne dosiahnutie vyt\u00fd\u010den\u00fdch cie\u013eov.\",\"breadcrumb\":{\"@id\":\"https:\/\/digitwin-ce.com\/biznis-oblasti\/racionalizacia-a-mapovanie-dat\/#breadcrumb\"},\"inLanguage\":\"en-US\",\"potentialAction\":[{\"@type\":\"ReadAction\",\"target\":[\"https:\/\/digitwin-ce.com\/biznis-oblasti\/racionalizacia-a-mapovanie-dat\/\"]}]},{\"@type\":\"BreadcrumbList\",\"@id\":\"https:\/\/digitwin-ce.com\/biznis-oblasti\/racionalizacia-a-mapovanie-dat\/#breadcrumb\",\"itemListElement\":[{\"@type\":\"ListItem\",\"position\":1,\"name\":\"Domovsk\u00e1 str\u00e1nka\",\"item\":\"https:\/\/www.digitwin-ce.com\/\"},{\"@type\":\"ListItem\",\"position\":2,\"name\":\"Biznis oblasti\",\"item\":\"https:\/\/www.digitwin-ce.com\/biznis-oblasti\/\"},{\"@type\":\"ListItem\",\"position\":3,\"name\":\"Racionaliz\u00e1cia a\u202fmapovanie d\u00e1t\"}]}]}<\/script>\n<!-- \/ Yoast SEO plugin. -->","yoast_head_json":{"title":"Racionaliz\u00e1cia a\u202fmapovanie d\u00e1t - digitWin","description":"Poznajte d\u00e1ta vo Va\u0161ej organiz\u00e1ci\u00ed a\u202fvyu\u017eite ich potenci\u00e1l pre efekt\u00edvne dosiahnutie vyt\u00fd\u010den\u00fdch cie\u013eov.","robots":{"index":"index","follow":"follow","max-snippet":"max-snippet:-1","max-image-preview":"max-image-preview:large","max-video-preview":"max-video-preview:-1"},"canonical":"https:\/\/digitwin-ce.com\/biznis-oblasti\/racionalizacia-a-mapovanie-dat\/","og_locale":"en_US","og_type":"article","og_title":"Racionaliz\u00e1cia a\u202fmapovanie d\u00e1t - digitWin","og_description":"Poznajte d\u00e1ta vo Va\u0161ej organiz\u00e1ci\u00ed a\u202fvyu\u017eite ich potenci\u00e1l pre efekt\u00edvne dosiahnutie vyt\u00fd\u010den\u00fdch cie\u013eov.","og_url":"https:\/\/digitwin-ce.com\/biznis-oblasti\/racionalizacia-a-mapovanie-dat\/","og_site_name":"digitWin","article_modified_time":"2021-03-10T18:04:17+00:00","twitter_card":"summary_large_image","twitter_misc":{"Est. reading time":"1 minute"},"schema":{"@context":"https:\/\/schema.org","@graph":[{"@type":"Organization","@id":"https:\/\/www.digitwin-ce.com\/#organization","name":"digitWin, s.r.o.","url":"https:\/\/www.digitwin-ce.com\/","sameAs":["https:\/\/www.linkedin.com\/company\/digitwin-ce\/about\/"],"logo":{"@type":"ImageObject","@id":"https:\/\/www.digitwin-ce.com\/#logo","inLanguage":"en-US","url":"https:\/\/www.digitwin-ce.com\/wp-content\/uploads\/2021\/03\/digitWin_logo_small.png","contentUrl":"https:\/\/www.digitwin-ce.com\/wp-content\/uploads\/2021\/03\/digitWin_logo_small.png","width":410,"height":200,"caption":"digitWin, s.r.o."},"image":{"@id":"https:\/\/www.digitwin-ce.com\/#logo"}},{"@type":"WebSite","@id":"https:\/\/www.digitwin-ce.com\/#website","url":"https:\/\/www.digitwin-ce.com\/","name":"digitWin","description":"holistick\u00e1 architekt\u00fara \/ enterprise n\u00e1stroj \/ rie\u0161enie","publisher":{"@id":"https:\/\/www.digitwin-ce.com\/#organization"},"potentialAction":[{"@type":"SearchAction","target":{"@type":"EntryPoint","urlTemplate":"https:\/\/www.digitwin-ce.com\/?s={search_term_string}"},"query-input":"required name=search_term_string"}],"inLanguage":"en-US"},{"@type":"WebPage","@id":"https:\/\/digitwin-ce.com\/biznis-oblasti\/racionalizacia-a-mapovanie-dat\/#webpage","url":"https:\/\/digitwin-ce.com\/biznis-oblasti\/racionalizacia-a-mapovanie-dat\/","name":"Racionaliz\u00e1cia a\u202fmapovanie d\u00e1t - digitWin","isPartOf":{"@id":"https:\/\/www.digitwin-ce.com\/#website"},"datePublished":"2021-03-10T10:48:32+00:00","dateModified":"2021-03-10T18:04:17+00:00","description":"Poznajte d\u00e1ta vo Va\u0161ej organiz\u00e1ci\u00ed a\u202fvyu\u017eite ich potenci\u00e1l pre efekt\u00edvne dosiahnutie vyt\u00fd\u010den\u00fdch cie\u013eov.","breadcrumb":{"@id":"https:\/\/digitwin-ce.com\/biznis-oblasti\/racionalizacia-a-mapovanie-dat\/#breadcrumb"},"inLanguage":"en-US","potentialAction":[{"@type":"ReadAction","target":["https:\/\/digitwin-ce.com\/biznis-oblasti\/racionalizacia-a-mapovanie-dat\/"]}]},{"@type":"BreadcrumbList","@id":"https:\/\/digitwin-ce.com\/biznis-oblasti\/racionalizacia-a-mapovanie-dat\/#breadcrumb","itemListElement":[{"@type":"ListItem","position":1,"name":"Domovsk\u00e1 str\u00e1nka","item":"https:\/\/www.digitwin-ce.com\/"},{"@type":"ListItem","position":2,"name":"Biznis oblasti","item":"https:\/\/www.digitwin-ce.com\/biznis-oblasti\/"},{"@type":"ListItem","position":3,"name":"Racionaliz\u00e1cia a\u202fmapovanie d\u00e1t"}]}]}},"_links":{"self":[{"href":"https:\/\/www.digitwin-ce.com\/en\/wp-json\/wp\/v2\/pages\/3219"}],"collection":[{"href":"https:\/\/www.digitwin-ce.com\/en\/wp-json\/wp\/v2\/pages"}],"about":[{"href":"https:\/\/www.digitwin-ce.com\/en\/wp-json\/wp\/v2\/types\/page"}],"author":[{"embeddable":true,"href":"https:\/\/www.digitwin-ce.com\/en\/wp-json\/wp\/v2\/users\/1"}],"replies":[{"embeddable":true,"href":"https:\/\/www.digitwin-ce.com\/en\/wp-json\/wp\/v2\/comments?post=3219"}],"version-history":[{"count":1,"href":"https:\/\/www.digitwin-ce.com\/en\/wp-json\/wp\/v2\/pages\/3219\/revisions"}],"predecessor-version":[{"id":3221,"href":"https:\/\/www.digitwin-ce.com\/en\/wp-json\/wp\/v2\/pages\/3219\/revisions\/3221"}],"up":[{"embeddable":true,"href":"https:\/\/www.digitwin-ce.com\/en\/wp-json\/wp\/v2\/pages\/7"}],"wp:attachment":[{"href":"https:\/\/www.digitwin-ce.com\/en\/wp-json\/wp\/v2\/media?parent=3219"}],"curies":[{"name":"wp","href":"https:\/\/api.w.org\/{rel}","templated":true}]}}