{"id":3210,"date":"2021-03-10T10:31:59","date_gmt":"2021-03-10T10:31:59","guid":{"rendered":"https:\/\/www.digitwin-ce.com\/?page_id=3210"},"modified":"2021-03-10T17:58:18","modified_gmt":"2021-03-10T17:58:18","slug":"optimalizacia-fungovania","status":"publish","type":"page","link":"https:\/\/www.digitwin-ce.com\/en\/business-areas\/optimization-of-operations\/","title":{"rendered":"Optimization of Operations"},"content":{"rendered":"<h1 class=\"has-text-align-center ba-title\"><strong>Optimization of Operations<\/strong><\/h1>\n\n\n\n<h4 class=\"highlighted-subtitle mb-7\"><strong><em>Keep your organization under control and achieve the set goals effectively and quickly.<\/em><\/strong><\/h4>\n\n\n\n<div class=\"wp-block-columns\">\n<div class=\"wp-block-column hover-cart\">\n<h2 class=\"has-text-align-center\"><strong>Key challenges<\/strong><\/h2>\n\n\n\n<p class=\"custom-list has-text-align-center\"><i class=\"fa fa-check\"><\/i> there are no accurate statistics on the performance of the organization for its management<\/p>\n\n\n\n<p class=\"custom-list has-text-align-center\"><i class=\"fa fa-check\"><\/i> there is a waste of personnel, financial and time resources<\/p>\n\n\n\n<p class=\"custom-list has-text-align-center\"><i class=\"fa fa-check\"><\/i> security threats arise and cause extensive damage\n<\/p>\n\n\n\n<p class=\"custom-list has-text-align-center\"><i class=\"fa fa-check\"><\/i> the organization is unable to respond quickly to changes as it stagnates<\/p>\n<\/div>\n\n\n\n<div class=\"wp-block-column hover-cart\">\n<h2 class=\"has-text-align-center\"><strong>Achieved goals<\/strong><\/h2>\n\n\n\n<p class=\"custom-list has-text-align-center\"><i class=\"fa fa-check\"><\/i> time savings<\/p>\n\n\n\n<p class=\"custom-list has-text-align-center\"><i class=\"fa fa-check\"><\/i> financial cost savings<\/p>\n\n\n\n<p class=\"custom-list has-text-align-center\"><i class=\"fa fa-check\"><\/i> efficient use of human resources<\/p>\n\n\n\n<p class=\"custom-list has-text-align-center\"><i class=\"fa fa-check\"><\/i> achieving the set goals and growth of the organization<\/p>\n<\/div>\n<\/div>\n\n\n\n<p class=\"aligne-middle\">The organization is a living ecosystem that is constantly changing and evolving. At the same time, a large number of people and information systems participate in its functioning, which ensure the achievement of the set goals. In the absence of a holistic view of the functioning of the organization, it means that there are no accurate statistics on the organization's performance for its management, there is a waste of personnel, financial and time resources, security threats arise and extensive damage, the organization is not able to quickly respond to change and stagnates.<\/p>\n\n\n\n<p class=\"UC-desc aligne-middle\">The functioning of many companies is unclear, departments function as separate forces and lack a unified view of their mutual cooperation. Without this view, activities are performed in organizations that are duplicate or unnecessary and not coordinated with each other. The digital twin of the organization offers an overall view of the functioning of the organization, which provides space for optimizing its functioning.<\/p>\n\n\n\n\n\t<div class='ngg-imagebrowser default-view'\n         id='ngg-imagebrowser-023c789ce72de1e55707105d5fdbf96d-3210'\n         data-nextgen-gallery-id=\"023c789ce72de1e55707105d5fdbf96d\">\n\n        <h3>Business Ecosystem<\/h3>\n\n\t\t<div id=\"ngg-image-0\" class=\"pic\" >\n        \n        <a href='https:\/\/www.digitwin-ce.com\/wp-content\/gallery\/optfung\/Business-Ecosystem.png'\n           title=' '\n           data-src=\"https:\/\/www.digitwin-ce.com\/wp-content\/gallery\/optfung\/Business-Ecosystem.png\"\n           data-thumbnail=\"https:\/\/www.digitwin-ce.com\/wp-content\/gallery\/optfung\/thumbs\/thumbs_Business-Ecosystem.png\"\n           data-image-id=\"6\"\n           data-title=\"Business Ecosystem\"\n           data-description=\" \"\n           class=\"ngg-simplelightbox\" rel=\"023c789ce72de1e55707105d5fdbf96d\">\n            <img title='Business Ecosystem'\n                 alt='Business Ecosystem'\n                 src='https:\/\/www.digitwin-ce.com\/wp-content\/gallery\/optfung\/Business-Ecosystem.png'\/>\n        <\/a>\n\t    \n        <\/div> \n\n        <div class='ngg-imagebrowser-nav'>\n\n            <div class='back'>\n                <a class='ngg-browser-prev'\n                   id='ngg-prev-4'\n                   href='https:\/\/www.digitwin-ce.com\/en\/business-areas\/optimization-of-operations\/nggallery\/image\/impact-analysis\/'>\n                    <i class=\"fa fa-chevron-left\" aria-hidden=\"true\"><\/i>\n                <\/a>\n            <\/div>\n\n            <div class='next'>\n                <a class='ngg-browser-next'\n                   id='ngg-next-24'\n                   href='https:\/\/www.digitwin-ce.com\/en\/business-areas\/optimization-of-operations\/nggallery\/image\/capabilitylandscape\/'>\n                    <i class=\"fa fa-chevron-right\" aria-hidden=\"true\"><\/i>\n                <\/a>\n            <\/div>\n\n            <div class='counter'>\n                Image                1                of                3            <\/div>\n\n            <div class='ngg-imagebrowser-desc'>\n                <p> <\/p>\n            <\/div>\n\n        <\/div>\n    <\/div>\n\n\n\n\n\n<p><\/p>","protected":false},"excerpt":{"rendered":"<p>Optimaliz\u00e1cia fungovania Majte Va\u0161u organiz\u00e1ciu pod kontrolou a\u202fdosahujte vyt\u00fd\u010den\u00e9 ciele efekt\u00edvne a\u202fr\u00fdchlo. K\u013e\u00fa\u010dov\u00e9 v\u00fdzvy neexistuj\u00fa presn\u00e9 \u0161tatistiky o\u202fv\u00fdkone organiz\u00e1cie pre potreby jej riadenia doch\u00e1dza k\u202fplytvaniu person\u00e1lnych, finan\u010dn\u00fdch a\u202f\u010dasov\u00fdch zdrojov vznikaj\u00fa bezpe\u010dnostn\u00e9 hrozby a\u202frizik\u00e1 sp\u00f4sobuj\u00face rozsiahle \u0161kody organiz\u00e1cia nie je schopn\u00e1 r\u00fdchlo reagova\u0165 na zmeny a\u202fstagnuje Dosiahnut\u00e9 ciele \u00faspora \u010dasu \u00faspora finan\u010dn\u00fdch n\u00e1kladov efekt\u00edvne vyu\u017eitie person\u00e1lnych &hellip;<\/p>\n<p class=\"read-more\"> <a class=\"\" href=\"https:\/\/www.digitwin-ce.com\/en\/business-areas\/optimization-of-operations\/\"> <span class=\"screen-reader-text\">Optimization of Operations<\/span> Read More &raquo;<\/a><\/p>","protected":false},"author":1,"featured_media":0,"parent":7,"menu_order":0,"comment_status":"closed","ping_status":"closed","template":"","meta":{"_mi_skip_tracking":false,"ngg_post_thumbnail":0},"yoast_head":"<!-- This site is optimized with the Yoast SEO plugin v18.2 - https:\/\/yoast.com\/wordpress\/plugins\/seo\/ -->\n<title>Optimaliz\u00e1cia fungovania - digitWin<\/title>\n<meta name=\"description\" content=\"Majte Va\u0161u organiz\u00e1ciu pod kontrolou a\u202fdosahujte vyt\u00fd\u010den\u00e9 ciele efekt\u00edvne a\u202fr\u00fdchlo.\" \/>\n<meta name=\"robots\" content=\"index, follow, max-snippet:-1, max-image-preview:large, max-video-preview:-1\" \/>\n<link rel=\"canonical\" href=\"https:\/\/digitwin-ce.com\/biznis-oblasti\/optimalizacia-fungovania\/\" \/>\n<meta property=\"og:locale\" content=\"en_US\" \/>\n<meta property=\"og:type\" content=\"article\" \/>\n<meta property=\"og:title\" content=\"Optimaliz\u00e1cia fungovania - digitWin\" \/>\n<meta property=\"og:description\" content=\"Majte Va\u0161u organiz\u00e1ciu pod kontrolou a\u202fdosahujte vyt\u00fd\u010den\u00e9 ciele efekt\u00edvne a\u202fr\u00fdchlo.\" \/>\n<meta property=\"og:url\" content=\"https:\/\/digitwin-ce.com\/biznis-oblasti\/optimalizacia-fungovania\/\" \/>\n<meta property=\"og:site_name\" content=\"digitWin\" \/>\n<meta property=\"article:modified_time\" content=\"2021-03-10T17:58:18+00:00\" \/>\n<meta name=\"twitter:card\" content=\"summary_large_image\" \/>\n<meta name=\"twitter:label1\" content=\"Est. reading time\" \/>\n\t<meta name=\"twitter:data1\" content=\"1 minute\" \/>\n<script type=\"application\/ld+json\" class=\"yoast-schema-graph\">{\"@context\":\"https:\/\/schema.org\",\"@graph\":[{\"@type\":\"Organization\",\"@id\":\"https:\/\/www.digitwin-ce.com\/#organization\",\"name\":\"digitWin, s.r.o.\",\"url\":\"https:\/\/www.digitwin-ce.com\/\",\"sameAs\":[\"https:\/\/www.linkedin.com\/company\/digitwin-ce\/about\/\"],\"logo\":{\"@type\":\"ImageObject\",\"@id\":\"https:\/\/www.digitwin-ce.com\/#logo\",\"inLanguage\":\"en-US\",\"url\":\"https:\/\/www.digitwin-ce.com\/wp-content\/uploads\/2021\/03\/digitWin_logo_small.png\",\"contentUrl\":\"https:\/\/www.digitwin-ce.com\/wp-content\/uploads\/2021\/03\/digitWin_logo_small.png\",\"width\":410,\"height\":200,\"caption\":\"digitWin, s.r.o.\"},\"image\":{\"@id\":\"https:\/\/www.digitwin-ce.com\/#logo\"}},{\"@type\":\"WebSite\",\"@id\":\"https:\/\/www.digitwin-ce.com\/#website\",\"url\":\"https:\/\/www.digitwin-ce.com\/\",\"name\":\"digitWin\",\"description\":\"holistick\u00e1 architekt\u00fara \/ enterprise n\u00e1stroj \/ rie\u0161enie\",\"publisher\":{\"@id\":\"https:\/\/www.digitwin-ce.com\/#organization\"},\"potentialAction\":[{\"@type\":\"SearchAction\",\"target\":{\"@type\":\"EntryPoint\",\"urlTemplate\":\"https:\/\/www.digitwin-ce.com\/?s={search_term_string}\"},\"query-input\":\"required name=search_term_string\"}],\"inLanguage\":\"en-US\"},{\"@type\":\"WebPage\",\"@id\":\"https:\/\/digitwin-ce.com\/biznis-oblasti\/optimalizacia-fungovania\/#webpage\",\"url\":\"https:\/\/digitwin-ce.com\/biznis-oblasti\/optimalizacia-fungovania\/\",\"name\":\"Optimaliz\u00e1cia fungovania - digitWin\",\"isPartOf\":{\"@id\":\"https:\/\/www.digitwin-ce.com\/#website\"},\"datePublished\":\"2021-03-10T10:31:59+00:00\",\"dateModified\":\"2021-03-10T17:58:18+00:00\",\"description\":\"Majte Va\u0161u organiz\u00e1ciu pod kontrolou a\u202fdosahujte vyt\u00fd\u010den\u00e9 ciele efekt\u00edvne a\u202fr\u00fdchlo.\",\"breadcrumb\":{\"@id\":\"https:\/\/digitwin-ce.com\/biznis-oblasti\/optimalizacia-fungovania\/#breadcrumb\"},\"inLanguage\":\"en-US\",\"potentialAction\":[{\"@type\":\"ReadAction\",\"target\":[\"https:\/\/digitwin-ce.com\/biznis-oblasti\/optimalizacia-fungovania\/\"]}]},{\"@type\":\"BreadcrumbList\",\"@id\":\"https:\/\/digitwin-ce.com\/biznis-oblasti\/optimalizacia-fungovania\/#breadcrumb\",\"itemListElement\":[{\"@type\":\"ListItem\",\"position\":1,\"name\":\"Domovsk\u00e1 str\u00e1nka\",\"item\":\"https:\/\/www.digitwin-ce.com\/\"},{\"@type\":\"ListItem\",\"position\":2,\"name\":\"Biznis oblasti\",\"item\":\"https:\/\/www.digitwin-ce.com\/biznis-oblasti\/\"},{\"@type\":\"ListItem\",\"position\":3,\"name\":\"Optimaliz\u00e1cia fungovania\"}]}]}<\/script>\n<!-- \/ Yoast SEO plugin. -->","yoast_head_json":{"title":"Optimaliz\u00e1cia fungovania - digitWin","description":"Majte Va\u0161u organiz\u00e1ciu pod kontrolou a\u202fdosahujte vyt\u00fd\u010den\u00e9 ciele efekt\u00edvne a\u202fr\u00fdchlo.","robots":{"index":"index","follow":"follow","max-snippet":"max-snippet:-1","max-image-preview":"max-image-preview:large","max-video-preview":"max-video-preview:-1"},"canonical":"https:\/\/digitwin-ce.com\/biznis-oblasti\/optimalizacia-fungovania\/","og_locale":"en_US","og_type":"article","og_title":"Optimaliz\u00e1cia fungovania - digitWin","og_description":"Majte Va\u0161u organiz\u00e1ciu pod kontrolou a\u202fdosahujte vyt\u00fd\u010den\u00e9 ciele efekt\u00edvne a\u202fr\u00fdchlo.","og_url":"https:\/\/digitwin-ce.com\/biznis-oblasti\/optimalizacia-fungovania\/","og_site_name":"digitWin","article_modified_time":"2021-03-10T17:58:18+00:00","twitter_card":"summary_large_image","twitter_misc":{"Est. reading time":"1 minute"},"schema":{"@context":"https:\/\/schema.org","@graph":[{"@type":"Organization","@id":"https:\/\/www.digitwin-ce.com\/#organization","name":"digitWin, s.r.o.","url":"https:\/\/www.digitwin-ce.com\/","sameAs":["https:\/\/www.linkedin.com\/company\/digitwin-ce\/about\/"],"logo":{"@type":"ImageObject","@id":"https:\/\/www.digitwin-ce.com\/#logo","inLanguage":"en-US","url":"https:\/\/www.digitwin-ce.com\/wp-content\/uploads\/2021\/03\/digitWin_logo_small.png","contentUrl":"https:\/\/www.digitwin-ce.com\/wp-content\/uploads\/2021\/03\/digitWin_logo_small.png","width":410,"height":200,"caption":"digitWin, s.r.o."},"image":{"@id":"https:\/\/www.digitwin-ce.com\/#logo"}},{"@type":"WebSite","@id":"https:\/\/www.digitwin-ce.com\/#website","url":"https:\/\/www.digitwin-ce.com\/","name":"digitWin","description":"holistick\u00e1 architekt\u00fara \/ enterprise n\u00e1stroj \/ rie\u0161enie","publisher":{"@id":"https:\/\/www.digitwin-ce.com\/#organization"},"potentialAction":[{"@type":"SearchAction","target":{"@type":"EntryPoint","urlTemplate":"https:\/\/www.digitwin-ce.com\/?s={search_term_string}"},"query-input":"required name=search_term_string"}],"inLanguage":"en-US"},{"@type":"WebPage","@id":"https:\/\/digitwin-ce.com\/biznis-oblasti\/optimalizacia-fungovania\/#webpage","url":"https:\/\/digitwin-ce.com\/biznis-oblasti\/optimalizacia-fungovania\/","name":"Optimaliz\u00e1cia fungovania - digitWin","isPartOf":{"@id":"https:\/\/www.digitwin-ce.com\/#website"},"datePublished":"2021-03-10T10:31:59+00:00","dateModified":"2021-03-10T17:58:18+00:00","description":"Majte Va\u0161u organiz\u00e1ciu pod kontrolou a\u202fdosahujte vyt\u00fd\u010den\u00e9 ciele efekt\u00edvne a\u202fr\u00fdchlo.","breadcrumb":{"@id":"https:\/\/digitwin-ce.com\/biznis-oblasti\/optimalizacia-fungovania\/#breadcrumb"},"inLanguage":"en-US","potentialAction":[{"@type":"ReadAction","target":["https:\/\/digitwin-ce.com\/biznis-oblasti\/optimalizacia-fungovania\/"]}]},{"@type":"BreadcrumbList","@id":"https:\/\/digitwin-ce.com\/biznis-oblasti\/optimalizacia-fungovania\/#breadcrumb","itemListElement":[{"@type":"ListItem","position":1,"name":"Domovsk\u00e1 str\u00e1nka","item":"https:\/\/www.digitwin-ce.com\/"},{"@type":"ListItem","position":2,"name":"Biznis oblasti","item":"https:\/\/www.digitwin-ce.com\/biznis-oblasti\/"},{"@type":"ListItem","position":3,"name":"Optimaliz\u00e1cia fungovania"}]}]}},"_links":{"self":[{"href":"https:\/\/www.digitwin-ce.com\/en\/wp-json\/wp\/v2\/pages\/3210"}],"collection":[{"href":"https:\/\/www.digitwin-ce.com\/en\/wp-json\/wp\/v2\/pages"}],"about":[{"href":"https:\/\/www.digitwin-ce.com\/en\/wp-json\/wp\/v2\/types\/page"}],"author":[{"embeddable":true,"href":"https:\/\/www.digitwin-ce.com\/en\/wp-json\/wp\/v2\/users\/1"}],"replies":[{"embeddable":true,"href":"https:\/\/www.digitwin-ce.com\/en\/wp-json\/wp\/v2\/comments?post=3210"}],"version-history":[{"count":2,"href":"https:\/\/www.digitwin-ce.com\/en\/wp-json\/wp\/v2\/pages\/3210\/revisions"}],"predecessor-version":[{"id":3213,"href":"https:\/\/www.digitwin-ce.com\/en\/wp-json\/wp\/v2\/pages\/3210\/revisions\/3213"}],"up":[{"embeddable":true,"href":"https:\/\/www.digitwin-ce.com\/en\/wp-json\/wp\/v2\/pages\/7"}],"wp:attachment":[{"href":"https:\/\/www.digitwin-ce.com\/en\/wp-json\/wp\/v2\/media?parent=3210"}],"curies":[{"name":"wp","href":"https:\/\/api.w.org\/{rel}","templated":true}]}}