{"id":3206,"date":"2021-03-10T10:17:47","date_gmt":"2021-03-10T10:17:47","guid":{"rendered":"https:\/\/www.digitwin-ce.com\/?page_id=3206"},"modified":"2021-03-10T18:06:26","modified_gmt":"2021-03-10T18:06:26","slug":"racionalizacia-aplikacneho-portfolia","status":"publish","type":"page","link":"https:\/\/www.digitwin-ce.com\/en\/business-areas\/application-portfolio-rationalization\/","title":{"rendered":"Application portfolio rationalization"},"content":{"rendered":"<h1 class=\"has-text-align-center ba-title\"><strong>Application portfolio rationalization<\/strong><\/h1>\n\n\n\n<h4 class=\"highlighted-subtitle mb-7\"><strong><em>Use only the applications that are necessary to deliver your key products and services efficiently, at no extra cost and quickly.<\/em><\/strong><\/h4>\n\n\n\n<div class=\"wp-block-columns\">\n<div class=\"wp-block-column hover-cart\">\n<h2 class=\"has-text-align-center\"><strong>Key challenges<\/strong><\/h2>\n\n\n\n<p class=\"custom-list has-text-align-center\"><i class=\"fa fa-check\"><\/i> information systems (applications) become redundant<\/p>\n\n\n\n<p class=\"custom-list has-text-align-center\"><i class=\"fa fa-check\"><\/i> correlating activities (application services) are implemented by separate applications\n<\/p>\n\n\n\n<p class=\"custom-list has-text-align-center\"><i class=\"fa fa-check\"><\/i> duplicate data and applications occur<\/p>\n\n\n\n<p class=\"custom-list has-text-align-center\"><i class=\"fa fa-check\"><\/i> overpriced and inefficient applications are deployed<\/p>\n\n\n\n<p class=\"custom-list has-text-align-center\"><i class=\"fa fa-check\"><\/i> the organization is dependent on decades-old applications that do not meet the basic criteria (they are slow, costly, inefficient, visually unattractive)<\/p>\n<\/div>\n\n\n\n<div class=\"wp-block-column hover-cart\">\n<h2 class=\"has-text-align-center\"><strong>Achieved goals<\/strong><\/h2>\n\n\n\n<p class=\"custom-list has-text-align-center\"><i class=\"fa fa-check\"><\/i> time savings<\/p>\n\n\n\n<p class=\"custom-list has-text-align-center\"><i class=\"fa fa-check\"><\/i> financial cost savings<\/p>\n\n\n\n<p class=\"custom-list has-text-align-center\"><i class=\"fa fa-check\"><\/i> acceleration and improvement of delivered products and services<\/p>\n\n\n\n<p><\/p>\n<\/div>\n<\/div>\n\n\n\n<p class=\"aligne-middle\">Business processes are an important element of an organization that manages and directs the work of the team, the flow of data and the delivery of key services and products. To support the activities involved in the individual processes, information systems are used, which simplify the work, shorten the time of the activity, reduce financial costs in the long term, or reduce the risk of human error. For this reason, a variety of support systems occur in organizations. The absence of the possibility of managing the controlled growth of the application portfolio causes information systems (applications) to become redundant, correlated activities (application services) are implemented by separate applications, duplicate data and applications occur, overpriced and inefficient applications are deployed, the organization is dependent on decades old applications that do not meet the basic criteria (they are slow, costly, inefficient, visually unattractive).<\/p>\n\n\n\n<p class=\"UC-desc aligne-middle\">By analyzing the application portfolio, it is possible to reveal applications that are duplicate or possible redundancies in application functionalities, which can be unified in centrally used services and applications. The result is a reduction in financial costs associated with the maintenance and maintenance of applications, saving time spent working with individual applications and accelerating the delivery of business services and products.<\/p>\n\n\n\n\n\t<div class='ngg-imagebrowser default-view'\n         id='ngg-imagebrowser-6bd044168b7fa152fce500ae1449b27e-3206'\n         data-nextgen-gallery-id=\"6bd044168b7fa152fce500ae1449b27e\">\n\n        <h3>Application Infrastructure<\/h3>\n\n\t\t<div id=\"ngg-image-0\" class=\"pic\" >\n        \n        <a href='https:\/\/www.digitwin-ce.com\/wp-content\/gallery\/racapp\/Application-Infrastructure.png'\n           title=' '\n           data-src=\"https:\/\/www.digitwin-ce.com\/wp-content\/gallery\/racapp\/Application-Infrastructure.png\"\n           data-thumbnail=\"https:\/\/www.digitwin-ce.com\/wp-content\/gallery\/racapp\/thumbs\/thumbs_Application-Infrastructure.png\"\n           data-image-id=\"35\"\n           data-title=\"Application Infrastructure\"\n           data-description=\" \"\n           class=\"ngg-simplelightbox\" rel=\"6bd044168b7fa152fce500ae1449b27e\">\n            <img title='Application Infrastructure'\n                 alt='Application Infrastructure'\n                 src='https:\/\/www.digitwin-ce.com\/wp-content\/gallery\/racapp\/Application-Infrastructure.png'\/>\n        <\/a>\n\t    \n        <\/div> \n\n        <div class='ngg-imagebrowser-nav'>\n\n            <div class='back'>\n                <a class='ngg-browser-prev'\n                   id='ngg-prev-34'\n                   href='https:\/\/www.digitwin-ce.com\/en\/business-areas\/application-portfolio-rationalization\/nggallery\/image\/application-lifecycle\/'>\n                    <i class=\"fa fa-chevron-left\" aria-hidden=\"true\"><\/i>\n                <\/a>\n            <\/div>\n\n            <div class='next'>\n                <a class='ngg-browser-next'\n                   id='ngg-next-36'\n                   href='https:\/\/www.digitwin-ce.com\/en\/business-areas\/application-portfolio-rationalization\/nggallery\/image\/epm-1\/'>\n                    <i class=\"fa fa-chevron-right\" aria-hidden=\"true\"><\/i>\n                <\/a>\n            <\/div>\n\n            <div class='counter'>\n                Image                1                of                3            <\/div>\n\n            <div class='ngg-imagebrowser-desc'>\n                <p> <\/p>\n            <\/div>\n\n        <\/div>\n    <\/div>\n\n\n\n\n\n<p><\/p>","protected":false},"excerpt":{"rendered":"<p>Racionaliz\u00e1cia aplika\u010dn\u00e9ho portf\u00f3lia Vyu\u017e\u00edvajte len aplik\u00e1cie, ktor\u00e9 s\u00fa nevyhnutn\u00e9 pre dodanie Va\u0161ich k\u013e\u00fa\u010dov\u00fdch produktov a\u202fslu\u017eieb, efekt\u00edvne, bez nadbyto\u010dn\u00fdch n\u00e1kladov a\u202fr\u00fdchlo. K\u013e\u00fa\u010dov\u00e9 v\u00fdzvy informa\u010dn\u00e9 syst\u00e9my (aplik\u00e1cie) sa st\u00e1vaj\u00fa redundantn\u00fdmi koreluj\u00face \u010dinnosti (aplika\u010dn\u00e9 slu\u017eby) s\u00fa realizovan\u00e9 samostatn\u00fdmi aplik\u00e1ciami doch\u00e1dza k\u202fvzniku duplicitn\u00fdch d\u00e1t a\u202faplik\u00e1ci\u00ed nasadzuj\u00fa sa predra\u017een\u00e9 a neefekt\u00edvne aplik\u00e1cie organiz\u00e1cia je z\u00e1visl\u00e1 na desiatky rokov star\u00fdch aplik\u00e1ci\u00e1ch, &hellip;<\/p>\n<p class=\"read-more\"> <a class=\"\" href=\"https:\/\/www.digitwin-ce.com\/en\/business-areas\/application-portfolio-rationalization\/\"> <span class=\"screen-reader-text\">Application portfolio rationalization<\/span> Read More &raquo;<\/a><\/p>","protected":false},"author":1,"featured_media":0,"parent":7,"menu_order":0,"comment_status":"closed","ping_status":"closed","template":"","meta":{"_mi_skip_tracking":false,"ngg_post_thumbnail":0},"yoast_head":"<!-- This site is optimized with the Yoast SEO plugin v18.2 - https:\/\/yoast.com\/wordpress\/plugins\/seo\/ -->\n<title>Racionaliz\u00e1cia aplika\u010dn\u00e9ho portf\u00f3lia - digitWin<\/title>\n<meta name=\"description\" content=\"Vyu\u017e\u00edvajte len aplik\u00e1cie, ktor\u00e9 s\u00fa nevyhnutn\u00e9 pre dodanie Va\u0161ich k\u013e\u00fa\u010dov\u00fdch produktov a\u202fslu\u017eieb, efekt\u00edvne, bez nadbyto\u010dn\u00fdch n\u00e1kladov a\u202fr\u00fdchlo.\" \/>\n<meta name=\"robots\" content=\"index, follow, max-snippet:-1, max-image-preview:large, max-video-preview:-1\" \/>\n<link rel=\"canonical\" href=\"https:\/\/digitwin-ce.com\/biznis-oblasti\/racionalizacia-aplikacneho-portfolia\/\" \/>\n<meta property=\"og:locale\" content=\"en_US\" \/>\n<meta property=\"og:type\" content=\"article\" \/>\n<meta property=\"og:title\" content=\"Racionaliz\u00e1cia aplika\u010dn\u00e9ho portf\u00f3lia - digitWin\" \/>\n<meta property=\"og:description\" content=\"Vyu\u017e\u00edvajte len aplik\u00e1cie, ktor\u00e9 s\u00fa nevyhnutn\u00e9 pre dodanie Va\u0161ich k\u013e\u00fa\u010dov\u00fdch produktov a\u202fslu\u017eieb, efekt\u00edvne, bez nadbyto\u010dn\u00fdch n\u00e1kladov a\u202fr\u00fdchlo.\" \/>\n<meta property=\"og:url\" content=\"https:\/\/digitwin-ce.com\/biznis-oblasti\/racionalizacia-aplikacneho-portfolia\/\" \/>\n<meta property=\"og:site_name\" content=\"digitWin\" \/>\n<meta property=\"article:modified_time\" content=\"2021-03-10T18:06:26+00:00\" \/>\n<meta name=\"twitter:card\" content=\"summary_large_image\" \/>\n<meta name=\"twitter:label1\" content=\"Est. reading time\" \/>\n\t<meta name=\"twitter:data1\" content=\"2 minutes\" \/>\n<script type=\"application\/ld+json\" class=\"yoast-schema-graph\">{\"@context\":\"https:\/\/schema.org\",\"@graph\":[{\"@type\":\"Organization\",\"@id\":\"https:\/\/www.digitwin-ce.com\/#organization\",\"name\":\"digitWin, s.r.o.\",\"url\":\"https:\/\/www.digitwin-ce.com\/\",\"sameAs\":[\"https:\/\/www.linkedin.com\/company\/digitwin-ce\/about\/\"],\"logo\":{\"@type\":\"ImageObject\",\"@id\":\"https:\/\/www.digitwin-ce.com\/#logo\",\"inLanguage\":\"en-US\",\"url\":\"https:\/\/www.digitwin-ce.com\/wp-content\/uploads\/2021\/03\/digitWin_logo_small.png\",\"contentUrl\":\"https:\/\/www.digitwin-ce.com\/wp-content\/uploads\/2021\/03\/digitWin_logo_small.png\",\"width\":410,\"height\":200,\"caption\":\"digitWin, s.r.o.\"},\"image\":{\"@id\":\"https:\/\/www.digitwin-ce.com\/#logo\"}},{\"@type\":\"WebSite\",\"@id\":\"https:\/\/www.digitwin-ce.com\/#website\",\"url\":\"https:\/\/www.digitwin-ce.com\/\",\"name\":\"digitWin\",\"description\":\"holistick\u00e1 architekt\u00fara \/ enterprise n\u00e1stroj \/ rie\u0161enie\",\"publisher\":{\"@id\":\"https:\/\/www.digitwin-ce.com\/#organization\"},\"potentialAction\":[{\"@type\":\"SearchAction\",\"target\":{\"@type\":\"EntryPoint\",\"urlTemplate\":\"https:\/\/www.digitwin-ce.com\/?s={search_term_string}\"},\"query-input\":\"required name=search_term_string\"}],\"inLanguage\":\"en-US\"},{\"@type\":\"WebPage\",\"@id\":\"https:\/\/digitwin-ce.com\/biznis-oblasti\/racionalizacia-aplikacneho-portfolia\/#webpage\",\"url\":\"https:\/\/digitwin-ce.com\/biznis-oblasti\/racionalizacia-aplikacneho-portfolia\/\",\"name\":\"Racionaliz\u00e1cia aplika\u010dn\u00e9ho portf\u00f3lia - digitWin\",\"isPartOf\":{\"@id\":\"https:\/\/www.digitwin-ce.com\/#website\"},\"datePublished\":\"2021-03-10T10:17:47+00:00\",\"dateModified\":\"2021-03-10T18:06:26+00:00\",\"description\":\"Vyu\u017e\u00edvajte len aplik\u00e1cie, ktor\u00e9 s\u00fa nevyhnutn\u00e9 pre dodanie Va\u0161ich k\u013e\u00fa\u010dov\u00fdch produktov a\u202fslu\u017eieb, efekt\u00edvne, bez nadbyto\u010dn\u00fdch n\u00e1kladov a\u202fr\u00fdchlo.\",\"breadcrumb\":{\"@id\":\"https:\/\/digitwin-ce.com\/biznis-oblasti\/racionalizacia-aplikacneho-portfolia\/#breadcrumb\"},\"inLanguage\":\"en-US\",\"potentialAction\":[{\"@type\":\"ReadAction\",\"target\":[\"https:\/\/digitwin-ce.com\/biznis-oblasti\/racionalizacia-aplikacneho-portfolia\/\"]}]},{\"@type\":\"BreadcrumbList\",\"@id\":\"https:\/\/digitwin-ce.com\/biznis-oblasti\/racionalizacia-aplikacneho-portfolia\/#breadcrumb\",\"itemListElement\":[{\"@type\":\"ListItem\",\"position\":1,\"name\":\"Domovsk\u00e1 str\u00e1nka\",\"item\":\"https:\/\/www.digitwin-ce.com\/\"},{\"@type\":\"ListItem\",\"position\":2,\"name\":\"Biznis oblasti\",\"item\":\"https:\/\/www.digitwin-ce.com\/biznis-oblasti\/\"},{\"@type\":\"ListItem\",\"position\":3,\"name\":\"Racionaliz\u00e1cia aplika\u010dn\u00e9ho portf\u00f3lia\"}]}]}<\/script>\n<!-- \/ Yoast SEO plugin. -->","yoast_head_json":{"title":"Racionaliz\u00e1cia aplika\u010dn\u00e9ho portf\u00f3lia - digitWin","description":"Vyu\u017e\u00edvajte len aplik\u00e1cie, ktor\u00e9 s\u00fa nevyhnutn\u00e9 pre dodanie Va\u0161ich k\u013e\u00fa\u010dov\u00fdch produktov a\u202fslu\u017eieb, efekt\u00edvne, bez nadbyto\u010dn\u00fdch n\u00e1kladov a\u202fr\u00fdchlo.","robots":{"index":"index","follow":"follow","max-snippet":"max-snippet:-1","max-image-preview":"max-image-preview:large","max-video-preview":"max-video-preview:-1"},"canonical":"https:\/\/digitwin-ce.com\/biznis-oblasti\/racionalizacia-aplikacneho-portfolia\/","og_locale":"en_US","og_type":"article","og_title":"Racionaliz\u00e1cia aplika\u010dn\u00e9ho portf\u00f3lia - digitWin","og_description":"Vyu\u017e\u00edvajte len aplik\u00e1cie, ktor\u00e9 s\u00fa nevyhnutn\u00e9 pre dodanie Va\u0161ich k\u013e\u00fa\u010dov\u00fdch produktov a\u202fslu\u017eieb, efekt\u00edvne, bez nadbyto\u010dn\u00fdch n\u00e1kladov a\u202fr\u00fdchlo.","og_url":"https:\/\/digitwin-ce.com\/biznis-oblasti\/racionalizacia-aplikacneho-portfolia\/","og_site_name":"digitWin","article_modified_time":"2021-03-10T18:06:26+00:00","twitter_card":"summary_large_image","twitter_misc":{"Est. reading time":"2 minutes"},"schema":{"@context":"https:\/\/schema.org","@graph":[{"@type":"Organization","@id":"https:\/\/www.digitwin-ce.com\/#organization","name":"digitWin, s.r.o.","url":"https:\/\/www.digitwin-ce.com\/","sameAs":["https:\/\/www.linkedin.com\/company\/digitwin-ce\/about\/"],"logo":{"@type":"ImageObject","@id":"https:\/\/www.digitwin-ce.com\/#logo","inLanguage":"en-US","url":"https:\/\/www.digitwin-ce.com\/wp-content\/uploads\/2021\/03\/digitWin_logo_small.png","contentUrl":"https:\/\/www.digitwin-ce.com\/wp-content\/uploads\/2021\/03\/digitWin_logo_small.png","width":410,"height":200,"caption":"digitWin, s.r.o."},"image":{"@id":"https:\/\/www.digitwin-ce.com\/#logo"}},{"@type":"WebSite","@id":"https:\/\/www.digitwin-ce.com\/#website","url":"https:\/\/www.digitwin-ce.com\/","name":"digitWin","description":"holistick\u00e1 architekt\u00fara \/ enterprise n\u00e1stroj \/ rie\u0161enie","publisher":{"@id":"https:\/\/www.digitwin-ce.com\/#organization"},"potentialAction":[{"@type":"SearchAction","target":{"@type":"EntryPoint","urlTemplate":"https:\/\/www.digitwin-ce.com\/?s={search_term_string}"},"query-input":"required name=search_term_string"}],"inLanguage":"en-US"},{"@type":"WebPage","@id":"https:\/\/digitwin-ce.com\/biznis-oblasti\/racionalizacia-aplikacneho-portfolia\/#webpage","url":"https:\/\/digitwin-ce.com\/biznis-oblasti\/racionalizacia-aplikacneho-portfolia\/","name":"Racionaliz\u00e1cia aplika\u010dn\u00e9ho portf\u00f3lia - digitWin","isPartOf":{"@id":"https:\/\/www.digitwin-ce.com\/#website"},"datePublished":"2021-03-10T10:17:47+00:00","dateModified":"2021-03-10T18:06:26+00:00","description":"Vyu\u017e\u00edvajte len aplik\u00e1cie, ktor\u00e9 s\u00fa nevyhnutn\u00e9 pre dodanie Va\u0161ich k\u013e\u00fa\u010dov\u00fdch produktov a\u202fslu\u017eieb, efekt\u00edvne, bez nadbyto\u010dn\u00fdch n\u00e1kladov a\u202fr\u00fdchlo.","breadcrumb":{"@id":"https:\/\/digitwin-ce.com\/biznis-oblasti\/racionalizacia-aplikacneho-portfolia\/#breadcrumb"},"inLanguage":"en-US","potentialAction":[{"@type":"ReadAction","target":["https:\/\/digitwin-ce.com\/biznis-oblasti\/racionalizacia-aplikacneho-portfolia\/"]}]},{"@type":"BreadcrumbList","@id":"https:\/\/digitwin-ce.com\/biznis-oblasti\/racionalizacia-aplikacneho-portfolia\/#breadcrumb","itemListElement":[{"@type":"ListItem","position":1,"name":"Domovsk\u00e1 str\u00e1nka","item":"https:\/\/www.digitwin-ce.com\/"},{"@type":"ListItem","position":2,"name":"Biznis oblasti","item":"https:\/\/www.digitwin-ce.com\/biznis-oblasti\/"},{"@type":"ListItem","position":3,"name":"Racionaliz\u00e1cia aplika\u010dn\u00e9ho portf\u00f3lia"}]}]}},"_links":{"self":[{"href":"https:\/\/www.digitwin-ce.com\/en\/wp-json\/wp\/v2\/pages\/3206"}],"collection":[{"href":"https:\/\/www.digitwin-ce.com\/en\/wp-json\/wp\/v2\/pages"}],"about":[{"href":"https:\/\/www.digitwin-ce.com\/en\/wp-json\/wp\/v2\/types\/page"}],"author":[{"embeddable":true,"href":"https:\/\/www.digitwin-ce.com\/en\/wp-json\/wp\/v2\/users\/1"}],"replies":[{"embeddable":true,"href":"https:\/\/www.digitwin-ce.com\/en\/wp-json\/wp\/v2\/comments?post=3206"}],"version-history":[{"count":1,"href":"https:\/\/www.digitwin-ce.com\/en\/wp-json\/wp\/v2\/pages\/3206\/revisions"}],"predecessor-version":[{"id":3207,"href":"https:\/\/www.digitwin-ce.com\/en\/wp-json\/wp\/v2\/pages\/3206\/revisions\/3207"}],"up":[{"embeddable":true,"href":"https:\/\/www.digitwin-ce.com\/en\/wp-json\/wp\/v2\/pages\/7"}],"wp:attachment":[{"href":"https:\/\/www.digitwin-ce.com\/en\/wp-json\/wp\/v2\/media?parent=3206"}],"curies":[{"name":"wp","href":"https:\/\/api.w.org\/{rel}","templated":true}]}}