{"id":3200,"date":"2021-03-10T09:52:53","date_gmt":"2021-03-10T09:52:53","guid":{"rendered":"https:\/\/www.digitwin-ce.com\/?page_id=3200"},"modified":"2021-03-10T17:56:13","modified_gmt":"2021-03-10T17:56:13","slug":"migracia-do-cloudu","status":"publish","type":"page","link":"https:\/\/www.digitwin-ce.com\/en\/business-areas\/cloud-migration\/","title":{"rendered":"Cloud migration"},"content":{"rendered":"<h1 class=\"has-text-align-center ba-title\"><strong>Cloud migration<\/strong><\/h1>\n\n\n\n<h4 class=\"highlighted-subtitle mb-7\"><strong><em>Achieve a successful migration to the cloud within a set cost and time scope.<\/em><\/strong><\/h4>\n\n\n\n<div class=\"wp-block-columns\">\n<div class=\"wp-block-column hover-cart\">\n<h2 class=\"has-text-align-center\"><strong>Key challenges<\/strong><\/h2>\n\n\n\n<p class=\"custom-list has-text-align-center\"><i class=\"fa fa-check\"><\/i> the cloud migration project will fail<\/p>\n\n\n\n<p class=\"custom-list has-text-align-center\"><i class=\"fa fa-check\"><\/i> the duration of the project is extended\n<\/p>\n\n\n\n<p class=\"custom-list has-text-align-center\"><i class=\"fa fa-check\"><\/i> the migration project is becoming more expensive<\/p>\n\n\n\n<p class=\"custom-list has-text-align-center\"><i class=\"fa fa-check\"><\/i> important data is lost<\/p>\n<\/div>\n\n\n\n<div class=\"wp-block-column hover-cart\">\n<h2 class=\"has-text-align-center\"><strong>Achieved goals<\/strong><\/h2>\n\n\n\n<p class=\"custom-list has-text-align-center\"><i class=\"fa fa-check\"><\/i> time savings<\/p>\n\n\n\n<p class=\"custom-list has-text-align-center\"><i class=\"fa fa-check\"><\/i> financial cost savings<\/p>\n\n\n\n<p class=\"custom-list has-text-align-center\"><i class=\"fa fa-check\"><\/i> successful completion of the migration project within the set costs and time<\/p>\n\n\n\n<p><\/p>\n<\/div>\n<\/div>\n\n\n\n<p class=\"aligne-middle\">Cloud solutions are becoming the dominant way to deploy applications to save financial, human and time resources. However, the migration to the cloud environment itself is a non-trivial issue that requires detailed planning and management. The absence of these two elements can cause the cloud migration project to fail, extend the duration of the project, make the migration project more expensive, and lose important data.<\/p>\n\n\n\n<p class=\"UC-desc aligne-middle\">The cloud migration project is a challenging task and without a thorough analysis and covering all dependencies on the affected components, there is a great risk associated with prolonged implementation or complete failure of the project. An approach based on an architectural model (digital twin) of moving applications and infrastructure can mitigate these risks.<\/p>\n\n\n\n\n\t<div class='ngg-imagebrowser default-view'\n         id='ngg-imagebrowser-c747ed1f54d7be76f8eb49225f678f1b-3200'\n         data-nextgen-gallery-id=\"c747ed1f54d7be76f8eb49225f678f1b\">\n\n        <h3>Technology Lifecycle<\/h3>\n\n\t\t<div id=\"ngg-image-0\" class=\"pic\" >\n        \n        <a href='https:\/\/www.digitwin-ce.com\/wp-content\/gallery\/migcloud\/Technology-Lifecycle.png'\n           title=' '\n           data-src=\"https:\/\/www.digitwin-ce.com\/wp-content\/gallery\/migcloud\/Technology-Lifecycle.png\"\n           data-thumbnail=\"https:\/\/www.digitwin-ce.com\/wp-content\/gallery\/migcloud\/thumbs\/thumbs_Technology-Lifecycle.png\"\n           data-image-id=\"39\"\n           data-title=\"Technology Lifecycle\"\n           data-description=\" \"\n           class=\"ngg-simplelightbox\" rel=\"c747ed1f54d7be76f8eb49225f678f1b\">\n            <img title='Technology Lifecycle'\n                 alt='Technology Lifecycle'\n                 src='https:\/\/www.digitwin-ce.com\/wp-content\/gallery\/migcloud\/Technology-Lifecycle.png'\/>\n        <\/a>\n\t    \n        <\/div> \n\n        <div class='ngg-imagebrowser-nav'>\n\n            <div class='back'>\n                <a class='ngg-browser-prev'\n                   id='ngg-prev-37'\n                   href='https:\/\/www.digitwin-ce.com\/en\/business-areas\/cloud-migration\/nggallery\/image\/project-roadmap\/'>\n                    <i class=\"fa fa-chevron-left\" aria-hidden=\"true\"><\/i>\n                <\/a>\n            <\/div>\n\n            <div class='next'>\n                <a class='ngg-browser-next'\n                   id='ngg-next-38'\n                   href='https:\/\/www.digitwin-ce.com\/en\/business-areas\/cloud-migration\/nggallery\/image\/technology-roadmap\/'>\n                    <i class=\"fa fa-chevron-right\" aria-hidden=\"true\"><\/i>\n                <\/a>\n            <\/div>\n\n            <div class='counter'>\n                Image                1                of                3            <\/div>\n\n            <div class='ngg-imagebrowser-desc'>\n                <p> <\/p>\n            <\/div>\n\n        <\/div>\n    <\/div>\n\n\n\n\n\n<p><\/p>","protected":false},"excerpt":{"rendered":"<p>Migr\u00e1cia do cloudu Dosiahnite \u00faspe\u0161n\u00fa migr\u00e1ciu do cloudu v\u202frozsahu stanoven\u00fdch n\u00e1kladov a\u202f\u010dasu. K\u013e\u00fa\u010dov\u00e9 v\u00fdzvy projekt migr\u00e1cie do cloudu skon\u010d\u00ed ne\u00faspechom doch\u00e1dza k\u202fpred\u013a\u017eeniu trvania projektu projekt migr\u00e1cie sa predra\u017euje doch\u00e1dza k\u202fstrate d\u00f4le\u017eit\u00fdch d\u00e1t Dosiahnut\u00e9 ciele \u00faspora \u010dasu \u00faspora finan\u010dn\u00fdch n\u00e1kladov \u00faspe\u0161n\u00e9 dokon\u010denia projektu migr\u00e1cie v\u202frozsahu stanoven\u00fdch n\u00e1kladov a \u010dasu Cloudov\u00e9 rie\u0161enia sa st\u00e1vaj\u00fa dominantn\u00fdm sp\u00f4sobom nasadenia &hellip;<\/p>\n<p class=\"read-more\"> <a class=\"\" href=\"https:\/\/www.digitwin-ce.com\/en\/business-areas\/cloud-migration\/\"> <span class=\"screen-reader-text\">Cloud migration<\/span> Read More &raquo;<\/a><\/p>","protected":false},"author":1,"featured_media":0,"parent":7,"menu_order":0,"comment_status":"closed","ping_status":"closed","template":"","meta":{"_mi_skip_tracking":false,"ngg_post_thumbnail":0},"yoast_head":"<!-- This site is optimized with the Yoast SEO plugin v18.2 - https:\/\/yoast.com\/wordpress\/plugins\/seo\/ -->\n<title>Migr\u00e1cia do cloudu - digitWin<\/title>\n<meta name=\"description\" content=\"Dosiahnite \u00faspe\u0161n\u00fa migr\u00e1ciu do cloudu v\u202frozsahu stanoven\u00fdch n\u00e1kladov a\u202f\u010dasu.\" \/>\n<meta name=\"robots\" content=\"index, follow, max-snippet:-1, max-image-preview:large, max-video-preview:-1\" \/>\n<link rel=\"canonical\" href=\"https:\/\/digitwin-ce.com\/biznis-oblasti\/migracia-do-cloudu\/\" \/>\n<meta property=\"og:locale\" content=\"en_US\" \/>\n<meta property=\"og:type\" content=\"article\" \/>\n<meta property=\"og:title\" content=\"Migr\u00e1cia do cloudu - digitWin\" \/>\n<meta property=\"og:description\" content=\"Dosiahnite \u00faspe\u0161n\u00fa migr\u00e1ciu do cloudu v\u202frozsahu stanoven\u00fdch n\u00e1kladov a\u202f\u010dasu.\" \/>\n<meta property=\"og:url\" content=\"https:\/\/digitwin-ce.com\/biznis-oblasti\/migracia-do-cloudu\/\" \/>\n<meta property=\"og:site_name\" content=\"digitWin\" \/>\n<meta property=\"article:modified_time\" content=\"2021-03-10T17:56:13+00:00\" \/>\n<meta name=\"twitter:card\" content=\"summary_large_image\" \/>\n<meta name=\"twitter:label1\" content=\"Est. reading time\" \/>\n\t<meta name=\"twitter:data1\" content=\"1 minute\" \/>\n<script type=\"application\/ld+json\" class=\"yoast-schema-graph\">{\"@context\":\"https:\/\/schema.org\",\"@graph\":[{\"@type\":\"Organization\",\"@id\":\"https:\/\/www.digitwin-ce.com\/#organization\",\"name\":\"digitWin, s.r.o.\",\"url\":\"https:\/\/www.digitwin-ce.com\/\",\"sameAs\":[\"https:\/\/www.linkedin.com\/company\/digitwin-ce\/about\/\"],\"logo\":{\"@type\":\"ImageObject\",\"@id\":\"https:\/\/www.digitwin-ce.com\/#logo\",\"inLanguage\":\"en-US\",\"url\":\"https:\/\/www.digitwin-ce.com\/wp-content\/uploads\/2021\/03\/digitWin_logo_small.png\",\"contentUrl\":\"https:\/\/www.digitwin-ce.com\/wp-content\/uploads\/2021\/03\/digitWin_logo_small.png\",\"width\":410,\"height\":200,\"caption\":\"digitWin, s.r.o.\"},\"image\":{\"@id\":\"https:\/\/www.digitwin-ce.com\/#logo\"}},{\"@type\":\"WebSite\",\"@id\":\"https:\/\/www.digitwin-ce.com\/#website\",\"url\":\"https:\/\/www.digitwin-ce.com\/\",\"name\":\"digitWin\",\"description\":\"holistick\u00e1 architekt\u00fara \/ enterprise n\u00e1stroj \/ rie\u0161enie\",\"publisher\":{\"@id\":\"https:\/\/www.digitwin-ce.com\/#organization\"},\"potentialAction\":[{\"@type\":\"SearchAction\",\"target\":{\"@type\":\"EntryPoint\",\"urlTemplate\":\"https:\/\/www.digitwin-ce.com\/?s={search_term_string}\"},\"query-input\":\"required name=search_term_string\"}],\"inLanguage\":\"en-US\"},{\"@type\":\"WebPage\",\"@id\":\"https:\/\/digitwin-ce.com\/biznis-oblasti\/migracia-do-cloudu\/#webpage\",\"url\":\"https:\/\/digitwin-ce.com\/biznis-oblasti\/migracia-do-cloudu\/\",\"name\":\"Migr\u00e1cia do cloudu - digitWin\",\"isPartOf\":{\"@id\":\"https:\/\/www.digitwin-ce.com\/#website\"},\"datePublished\":\"2021-03-10T09:52:53+00:00\",\"dateModified\":\"2021-03-10T17:56:13+00:00\",\"description\":\"Dosiahnite \u00faspe\u0161n\u00fa migr\u00e1ciu do cloudu v\u202frozsahu stanoven\u00fdch n\u00e1kladov a\u202f\u010dasu.\",\"breadcrumb\":{\"@id\":\"https:\/\/digitwin-ce.com\/biznis-oblasti\/migracia-do-cloudu\/#breadcrumb\"},\"inLanguage\":\"en-US\",\"potentialAction\":[{\"@type\":\"ReadAction\",\"target\":[\"https:\/\/digitwin-ce.com\/biznis-oblasti\/migracia-do-cloudu\/\"]}]},{\"@type\":\"BreadcrumbList\",\"@id\":\"https:\/\/digitwin-ce.com\/biznis-oblasti\/migracia-do-cloudu\/#breadcrumb\",\"itemListElement\":[{\"@type\":\"ListItem\",\"position\":1,\"name\":\"Domovsk\u00e1 str\u00e1nka\",\"item\":\"https:\/\/www.digitwin-ce.com\/\"},{\"@type\":\"ListItem\",\"position\":2,\"name\":\"Biznis oblasti\",\"item\":\"https:\/\/www.digitwin-ce.com\/biznis-oblasti\/\"},{\"@type\":\"ListItem\",\"position\":3,\"name\":\"Migr\u00e1cia do cloudu\"}]}]}<\/script>\n<!-- \/ Yoast SEO plugin. -->","yoast_head_json":{"title":"Migr\u00e1cia do cloudu - digitWin","description":"Dosiahnite \u00faspe\u0161n\u00fa migr\u00e1ciu do cloudu v\u202frozsahu stanoven\u00fdch n\u00e1kladov a\u202f\u010dasu.","robots":{"index":"index","follow":"follow","max-snippet":"max-snippet:-1","max-image-preview":"max-image-preview:large","max-video-preview":"max-video-preview:-1"},"canonical":"https:\/\/digitwin-ce.com\/biznis-oblasti\/migracia-do-cloudu\/","og_locale":"en_US","og_type":"article","og_title":"Migr\u00e1cia do cloudu - digitWin","og_description":"Dosiahnite \u00faspe\u0161n\u00fa migr\u00e1ciu do cloudu v\u202frozsahu stanoven\u00fdch n\u00e1kladov a\u202f\u010dasu.","og_url":"https:\/\/digitwin-ce.com\/biznis-oblasti\/migracia-do-cloudu\/","og_site_name":"digitWin","article_modified_time":"2021-03-10T17:56:13+00:00","twitter_card":"summary_large_image","twitter_misc":{"Est. reading time":"1 minute"},"schema":{"@context":"https:\/\/schema.org","@graph":[{"@type":"Organization","@id":"https:\/\/www.digitwin-ce.com\/#organization","name":"digitWin, s.r.o.","url":"https:\/\/www.digitwin-ce.com\/","sameAs":["https:\/\/www.linkedin.com\/company\/digitwin-ce\/about\/"],"logo":{"@type":"ImageObject","@id":"https:\/\/www.digitwin-ce.com\/#logo","inLanguage":"en-US","url":"https:\/\/www.digitwin-ce.com\/wp-content\/uploads\/2021\/03\/digitWin_logo_small.png","contentUrl":"https:\/\/www.digitwin-ce.com\/wp-content\/uploads\/2021\/03\/digitWin_logo_small.png","width":410,"height":200,"caption":"digitWin, s.r.o."},"image":{"@id":"https:\/\/www.digitwin-ce.com\/#logo"}},{"@type":"WebSite","@id":"https:\/\/www.digitwin-ce.com\/#website","url":"https:\/\/www.digitwin-ce.com\/","name":"digitWin","description":"holistick\u00e1 architekt\u00fara \/ enterprise n\u00e1stroj \/ rie\u0161enie","publisher":{"@id":"https:\/\/www.digitwin-ce.com\/#organization"},"potentialAction":[{"@type":"SearchAction","target":{"@type":"EntryPoint","urlTemplate":"https:\/\/www.digitwin-ce.com\/?s={search_term_string}"},"query-input":"required name=search_term_string"}],"inLanguage":"en-US"},{"@type":"WebPage","@id":"https:\/\/digitwin-ce.com\/biznis-oblasti\/migracia-do-cloudu\/#webpage","url":"https:\/\/digitwin-ce.com\/biznis-oblasti\/migracia-do-cloudu\/","name":"Migr\u00e1cia do cloudu - digitWin","isPartOf":{"@id":"https:\/\/www.digitwin-ce.com\/#website"},"datePublished":"2021-03-10T09:52:53+00:00","dateModified":"2021-03-10T17:56:13+00:00","description":"Dosiahnite \u00faspe\u0161n\u00fa migr\u00e1ciu do cloudu v\u202frozsahu stanoven\u00fdch n\u00e1kladov a\u202f\u010dasu.","breadcrumb":{"@id":"https:\/\/digitwin-ce.com\/biznis-oblasti\/migracia-do-cloudu\/#breadcrumb"},"inLanguage":"en-US","potentialAction":[{"@type":"ReadAction","target":["https:\/\/digitwin-ce.com\/biznis-oblasti\/migracia-do-cloudu\/"]}]},{"@type":"BreadcrumbList","@id":"https:\/\/digitwin-ce.com\/biznis-oblasti\/migracia-do-cloudu\/#breadcrumb","itemListElement":[{"@type":"ListItem","position":1,"name":"Domovsk\u00e1 str\u00e1nka","item":"https:\/\/www.digitwin-ce.com\/"},{"@type":"ListItem","position":2,"name":"Biznis oblasti","item":"https:\/\/www.digitwin-ce.com\/biznis-oblasti\/"},{"@type":"ListItem","position":3,"name":"Migr\u00e1cia do cloudu"}]}]}},"_links":{"self":[{"href":"https:\/\/www.digitwin-ce.com\/en\/wp-json\/wp\/v2\/pages\/3200"}],"collection":[{"href":"https:\/\/www.digitwin-ce.com\/en\/wp-json\/wp\/v2\/pages"}],"about":[{"href":"https:\/\/www.digitwin-ce.com\/en\/wp-json\/wp\/v2\/types\/page"}],"author":[{"embeddable":true,"href":"https:\/\/www.digitwin-ce.com\/en\/wp-json\/wp\/v2\/users\/1"}],"replies":[{"embeddable":true,"href":"https:\/\/www.digitwin-ce.com\/en\/wp-json\/wp\/v2\/comments?post=3200"}],"version-history":[{"count":2,"href":"https:\/\/www.digitwin-ce.com\/en\/wp-json\/wp\/v2\/pages\/3200\/revisions"}],"predecessor-version":[{"id":3205,"href":"https:\/\/www.digitwin-ce.com\/en\/wp-json\/wp\/v2\/pages\/3200\/revisions\/3205"}],"up":[{"embeddable":true,"href":"https:\/\/www.digitwin-ce.com\/en\/wp-json\/wp\/v2\/pages\/7"}],"wp:attachment":[{"href":"https:\/\/www.digitwin-ce.com\/en\/wp-json\/wp\/v2\/media?parent=3200"}],"curies":[{"name":"wp","href":"https:\/\/api.w.org\/{rel}","templated":true}]}}