{"id":1664,"date":"2021-01-29T13:24:05","date_gmt":"2021-01-29T13:24:05","guid":{"rendered":"https:\/\/www.digitwin-ce.com?page_id=1664"},"modified":"2021-03-10T17:38:28","modified_gmt":"2021-03-10T17:38:28","slug":"demo-trial-poc","status":"publish","type":"page","link":"https:\/\/www.digitwin-ce.com\/en\/demo-trial-poc\/","title":{"rendered":"Demo \/ trial \/ PoC"},"content":{"rendered":"<h1 class=\"has-text-align-center ba-title\"><strong>CONTACT FORM<\/strong><\/h1>\n\n\n\n<h4 class=\"has-text-align-center ba-subtitle\">One source, one tool, a lot of perspectives<\/h4>\n\n\n<div class=\"wpforms-container wpforms-container-full\" id=\"wpforms-1663\"><form id=\"wpforms-form-1663\" class=\"wpforms-validate wpforms-form\" data-formid=\"1663\" method=\"post\" enctype=\"multipart\/form-data\" action=\"\/en\/wp-json\/wp\/v2\/pages\/1664\" data-token=\"bc9a1706f733af54ce6a815862f90f27\" data-trp-original-action=\"\/en\/wp-json\/wp\/v2\/pages\/1664\"><noscript class=\"wpforms-error-noscript\">Please enable JavaScript in your browser to complete this form.<\/noscript><div class=\"wpforms-field-container\"><div id=\"wpforms-1663-field_3-container\" class=\"wpforms-field wpforms-field-select wpforms-field-select-style-modern\" data-field-id=\"3\"><label class=\"wpforms-field-label\" for=\"wpforms-1663-field_3\">What are you interested in? <span class=\"wpforms-required-label\">*<\/span><\/label><select id=\"wpforms-1663-field_3\" class=\"wpforms-field-large wpforms-field-required choicesjs-select\" data-size-class=\"wpforms-field-row wpforms-field-large\" data-search-enabled=\"\" name=\"wpforms[fields][3][]\" required=\"required\" multiple=\"multiple\"><option value=\"\" class=\"placeholder\" disabled>Vyberte mo\u017enos\u0165<\/option><option value=\"Bizzdesign Trial \/ PoC\" >Bizzdesign Trial \/ PoC<\/option><option value=\"Bizzdesign Demo\" >Bizzdesign Demo<\/option><option value=\"Bli\u017e\u0161ie inform\u00e1cie o n\u00e1stroji Bizzdesign\" >Bli\u017e\u0161ie inform\u00e1cie o n\u00e1stroji Bizzdesign<\/option><\/select><\/div><div id=\"wpforms-1663-field_0-container\" class=\"wpforms-field wpforms-field-name\" data-field-id=\"0\"><label class=\"wpforms-field-label\" for=\"wpforms-1663-field_0\">Name <span class=\"wpforms-required-label\">*<\/span><\/label><input type=\"text\" id=\"wpforms-1663-field_0\" class=\"wpforms-field-large wpforms-field-required\" name=\"wpforms[fields][0]\" placeholder=\"Your name and surname\" required><\/div><div id=\"wpforms-1663-field_1-container\" class=\"wpforms-field wpforms-field-email\" data-field-id=\"1\"><label class=\"wpforms-field-label\" for=\"wpforms-1663-field_1\">Email <span class=\"wpforms-required-label\">*<\/span><\/label><input type=\"email\" id=\"wpforms-1663-field_1\" class=\"wpforms-field-large wpforms-field-required\" name=\"wpforms[fields][1]\" placeholder=\"Your email\" required><\/div><div id=\"wpforms-1663-field_4-container\" class=\"wpforms-field wpforms-field-text\" data-field-id=\"4\"><label class=\"wpforms-field-label\" for=\"wpforms-1663-field_4\">Company name<\/label><input type=\"text\" id=\"wpforms-1663-field_4\" class=\"wpforms-field-large\" name=\"wpforms[fields][4]\" placeholder=\"Name of your company\" ><\/div><div id=\"wpforms-1663-field_2-container\" class=\"wpforms-field wpforms-field-textarea\" data-field-id=\"2\"><label class=\"wpforms-field-label\" for=\"wpforms-1663-field_2\">Note or message<\/label><textarea id=\"wpforms-1663-field_2\" class=\"wpforms-field-large\" name=\"wpforms[fields][2]\" placeholder=\"Space for your questions and comments ...\" ><\/textarea><\/div><div id=\"wpforms-1663-field_5-container\" class=\"wpforms-field wpforms-field-checkbox blog-text-section\" data-field-id=\"5\"><ul id=\"wpforms-1663-field_5\" class=\"wpforms-field-required\"><li class=\"choice-1 depth-1\"><input type=\"checkbox\" id=\"wpforms-1663-field_5_1\" name=\"wpforms[fields][5][]\" value=\"Osobn\u00e9 \u00fadaje uveden\u00e9 v kontaktnom formul\u00e1ri sprac\u00favame na \u00fa\u010del vybavenia Va\u0161ej po\u017eiadavky. Odoslan\u00edm formul\u00e1ra potvrdzujete, \u017ee ste sa obozn\u00e1mili s &lt;a class=&quot;ba-link&quot; target=&quot;_blank&quot; rel=&quot;noopener&quot; href=&quot;https:\/\/www.digitwin-ce.com\/privacy-policy\/&quot;&gt;inform\u00e1ciami o sprac\u00favan\u00ed Va\u0161ich osobn\u00fdch \u00fadajov&lt;\/a&gt;.\" required><label class=\"wpforms-field-label-inline\" for=\"wpforms-1663-field_5_1\">We process the personal data provided in the contact form for the purpose of processing your request. By submitting the form, you confirm that you have read <a class=\"ba-link\" target=\"_blank\" rel=\"noopener\" href=\"https:\/\/www.digitwin-ce.com\/en\/privacy-policy\/\">the information about the processing of your personal data<\/a>.<\/label><\/li><\/ul><\/div><\/div><div class=\"wpforms-submit-container\"><input type=\"hidden\" name=\"wpforms[id]\" value=\"1663\"><input type=\"hidden\" name=\"wpforms[author]\" value=\"1\"><button type=\"submit\" name=\"wpforms[submit]\" id=\"wpforms-submit-1663\" class=\"wpforms-submit\" data-alt-text=\"...\" data-submit-text=\"Odosla\u0165\" aria-live=\"assertive\" value=\"wpforms-submit\">Send<\/button><\/div><input type=\"hidden\" name=\"trp-form-language\" value=\"en\"\/><\/form><\/div>  <!-- .wpforms-container -->\n\n\n<script type=\"text\/javascript\">\r\nvar url_string = window.location.href;\r\nvar url = new URL(url_string);\r\nvar option = url.searchParams.get(\"selectedValue\");\r\n(function($) {\r\n$('#wpforms-1663-field_3').val(option);\r\n})(jQuery);\r\n<\/script>","protected":false},"excerpt":{"rendered":"<p>KONTAKTN\u00dd FORMUL\u00c1R Jeden zdroj, jeden n\u00e1stroj, mnoho prespekt\u00edv.<\/p>","protected":false},"author":1,"featured_media":0,"parent":0,"menu_order":0,"comment_status":"closed","ping_status":"closed","template":"","meta":{"_mi_skip_tracking":false,"ngg_post_thumbnail":0},"yoast_head":"<!-- This site is optimized with the Yoast SEO plugin v18.2 - https:\/\/yoast.com\/wordpress\/plugins\/seo\/ -->\n<title>Demo \/ trial \/ PoC - digitWin<\/title>\n<meta name=\"description\" content=\"Spojte sa s nami a my v\u00e1m radi predstav\u00edme n\u00e1stroje BiZZdesign, jeho uplatnenie a pr\u00ednosy pre va\u0161u organiz\u00e1ciu.\" \/>\n<meta name=\"robots\" content=\"index, follow, max-snippet:-1, max-image-preview:large, max-video-preview:-1\" \/>\n<link rel=\"canonical\" href=\"https:\/\/digitwin-ce.com\/demo-trial-poc\" \/>\n<meta property=\"og:locale\" content=\"en_US\" \/>\n<meta property=\"og:type\" content=\"article\" \/>\n<meta property=\"og:title\" content=\"Demo \/ trial \/ PoC - digitWin\" \/>\n<meta property=\"og:description\" content=\"Spojte sa s nami a my v\u00e1m radi predstav\u00edme n\u00e1stroje BiZZdesign, jeho uplatnenie a pr\u00ednosy pre va\u0161u organiz\u00e1ciu.\" \/>\n<meta property=\"og:url\" content=\"https:\/\/digitwin-ce.com\/demo-trial-poc\" \/>\n<meta property=\"og:site_name\" content=\"digitWin\" \/>\n<meta property=\"article:modified_time\" content=\"2021-03-10T17:38:28+00:00\" \/>\n<meta name=\"twitter:card\" content=\"summary_large_image\" \/>\n<meta name=\"twitter:label1\" content=\"Est. reading time\" \/>\n\t<meta name=\"twitter:data1\" content=\"1 minute\" \/>\n<script type=\"application\/ld+json\" class=\"yoast-schema-graph\">{\"@context\":\"https:\/\/schema.org\",\"@graph\":[{\"@type\":\"Organization\",\"@id\":\"https:\/\/www.digitwin-ce.com\/#organization\",\"name\":\"digitWin, s.r.o.\",\"url\":\"https:\/\/www.digitwin-ce.com\/\",\"sameAs\":[\"https:\/\/www.linkedin.com\/company\/digitwin-ce\/about\/\"],\"logo\":{\"@type\":\"ImageObject\",\"@id\":\"https:\/\/www.digitwin-ce.com\/#logo\",\"inLanguage\":\"en-US\",\"url\":\"https:\/\/www.digitwin-ce.com\/wp-content\/uploads\/2021\/03\/digitWin_logo_small.png\",\"contentUrl\":\"https:\/\/www.digitwin-ce.com\/wp-content\/uploads\/2021\/03\/digitWin_logo_small.png\",\"width\":410,\"height\":200,\"caption\":\"digitWin, s.r.o.\"},\"image\":{\"@id\":\"https:\/\/www.digitwin-ce.com\/#logo\"}},{\"@type\":\"WebSite\",\"@id\":\"https:\/\/www.digitwin-ce.com\/#website\",\"url\":\"https:\/\/www.digitwin-ce.com\/\",\"name\":\"digitWin\",\"description\":\"holistick\u00e1 architekt\u00fara \/ enterprise n\u00e1stroj \/ rie\u0161enie\",\"publisher\":{\"@id\":\"https:\/\/www.digitwin-ce.com\/#organization\"},\"potentialAction\":[{\"@type\":\"SearchAction\",\"target\":{\"@type\":\"EntryPoint\",\"urlTemplate\":\"https:\/\/www.digitwin-ce.com\/?s={search_term_string}\"},\"query-input\":\"required name=search_term_string\"}],\"inLanguage\":\"en-US\"},{\"@type\":\"WebPage\",\"@id\":\"https:\/\/digitwin-ce.com\/demo-trial-poc#webpage\",\"url\":\"https:\/\/digitwin-ce.com\/demo-trial-poc\",\"name\":\"Demo \/ trial \/ PoC - digitWin\",\"isPartOf\":{\"@id\":\"https:\/\/www.digitwin-ce.com\/#website\"},\"datePublished\":\"2021-01-29T13:24:05+00:00\",\"dateModified\":\"2021-03-10T17:38:28+00:00\",\"description\":\"Spojte sa s nami a my v\u00e1m radi predstav\u00edme n\u00e1stroje BiZZdesign, jeho uplatnenie a pr\u00ednosy pre va\u0161u organiz\u00e1ciu.\",\"breadcrumb\":{\"@id\":\"https:\/\/digitwin-ce.com\/demo-trial-poc#breadcrumb\"},\"inLanguage\":\"en-US\",\"potentialAction\":[{\"@type\":\"ReadAction\",\"target\":[\"https:\/\/digitwin-ce.com\/demo-trial-poc\"]}]},{\"@type\":\"BreadcrumbList\",\"@id\":\"https:\/\/digitwin-ce.com\/demo-trial-poc#breadcrumb\",\"itemListElement\":[{\"@type\":\"ListItem\",\"position\":1,\"name\":\"Domovsk\u00e1 str\u00e1nka\",\"item\":\"https:\/\/www.digitwin-ce.com\/\"},{\"@type\":\"ListItem\",\"position\":2,\"name\":\"Demo \/ trial \/ PoC\"}]}]}<\/script>\n<!-- \/ Yoast SEO plugin. -->","yoast_head_json":{"title":"Demo \/ trial \/ PoC - digitWin","description":"Spojte sa s nami a my v\u00e1m radi predstav\u00edme n\u00e1stroje BiZZdesign, jeho uplatnenie a pr\u00ednosy pre va\u0161u organiz\u00e1ciu.","robots":{"index":"index","follow":"follow","max-snippet":"max-snippet:-1","max-image-preview":"max-image-preview:large","max-video-preview":"max-video-preview:-1"},"canonical":"https:\/\/digitwin-ce.com\/demo-trial-poc","og_locale":"en_US","og_type":"article","og_title":"Demo \/ trial \/ PoC - digitWin","og_description":"Spojte sa s nami a my v\u00e1m radi predstav\u00edme n\u00e1stroje BiZZdesign, jeho uplatnenie a pr\u00ednosy pre va\u0161u organiz\u00e1ciu.","og_url":"https:\/\/digitwin-ce.com\/demo-trial-poc","og_site_name":"digitWin","article_modified_time":"2021-03-10T17:38:28+00:00","twitter_card":"summary_large_image","twitter_misc":{"Est. reading time":"1 minute"},"schema":{"@context":"https:\/\/schema.org","@graph":[{"@type":"Organization","@id":"https:\/\/www.digitwin-ce.com\/#organization","name":"digitWin, s.r.o.","url":"https:\/\/www.digitwin-ce.com\/","sameAs":["https:\/\/www.linkedin.com\/company\/digitwin-ce\/about\/"],"logo":{"@type":"ImageObject","@id":"https:\/\/www.digitwin-ce.com\/#logo","inLanguage":"en-US","url":"https:\/\/www.digitwin-ce.com\/wp-content\/uploads\/2021\/03\/digitWin_logo_small.png","contentUrl":"https:\/\/www.digitwin-ce.com\/wp-content\/uploads\/2021\/03\/digitWin_logo_small.png","width":410,"height":200,"caption":"digitWin, s.r.o."},"image":{"@id":"https:\/\/www.digitwin-ce.com\/#logo"}},{"@type":"WebSite","@id":"https:\/\/www.digitwin-ce.com\/#website","url":"https:\/\/www.digitwin-ce.com\/","name":"digitWin","description":"holistick\u00e1 architekt\u00fara \/ enterprise n\u00e1stroj \/ rie\u0161enie","publisher":{"@id":"https:\/\/www.digitwin-ce.com\/#organization"},"potentialAction":[{"@type":"SearchAction","target":{"@type":"EntryPoint","urlTemplate":"https:\/\/www.digitwin-ce.com\/?s={search_term_string}"},"query-input":"required name=search_term_string"}],"inLanguage":"en-US"},{"@type":"WebPage","@id":"https:\/\/digitwin-ce.com\/demo-trial-poc#webpage","url":"https:\/\/digitwin-ce.com\/demo-trial-poc","name":"Demo \/ trial \/ PoC - digitWin","isPartOf":{"@id":"https:\/\/www.digitwin-ce.com\/#website"},"datePublished":"2021-01-29T13:24:05+00:00","dateModified":"2021-03-10T17:38:28+00:00","description":"Spojte sa s nami a my v\u00e1m radi predstav\u00edme n\u00e1stroje BiZZdesign, jeho uplatnenie a pr\u00ednosy pre va\u0161u organiz\u00e1ciu.","breadcrumb":{"@id":"https:\/\/digitwin-ce.com\/demo-trial-poc#breadcrumb"},"inLanguage":"en-US","potentialAction":[{"@type":"ReadAction","target":["https:\/\/digitwin-ce.com\/demo-trial-poc"]}]},{"@type":"BreadcrumbList","@id":"https:\/\/digitwin-ce.com\/demo-trial-poc#breadcrumb","itemListElement":[{"@type":"ListItem","position":1,"name":"Domovsk\u00e1 str\u00e1nka","item":"https:\/\/www.digitwin-ce.com\/"},{"@type":"ListItem","position":2,"name":"Demo \/ trial \/ PoC"}]}]}},"_links":{"self":[{"href":"https:\/\/www.digitwin-ce.com\/en\/wp-json\/wp\/v2\/pages\/1664"}],"collection":[{"href":"https:\/\/www.digitwin-ce.com\/en\/wp-json\/wp\/v2\/pages"}],"about":[{"href":"https:\/\/www.digitwin-ce.com\/en\/wp-json\/wp\/v2\/types\/page"}],"author":[{"embeddable":true,"href":"https:\/\/www.digitwin-ce.com\/en\/wp-json\/wp\/v2\/users\/1"}],"replies":[{"embeddable":true,"href":"https:\/\/www.digitwin-ce.com\/en\/wp-json\/wp\/v2\/comments?post=1664"}],"version-history":[{"count":6,"href":"https:\/\/www.digitwin-ce.com\/en\/wp-json\/wp\/v2\/pages\/1664\/revisions"}],"predecessor-version":[{"id":3279,"href":"https:\/\/www.digitwin-ce.com\/en\/wp-json\/wp\/v2\/pages\/1664\/revisions\/3279"}],"wp:attachment":[{"href":"https:\/\/www.digitwin-ce.com\/en\/wp-json\/wp\/v2\/media?parent=1664"}],"curies":[{"name":"wp","href":"https:\/\/api.w.org\/{rel}","templated":true}]}}