{"id":426,"date":"2020-12-08T08:40:44","date_gmt":"2020-12-08T08:40:44","guid":{"rendered":"https:\/\/www.digitwin-ce.com?post_type=product&#038;p=426"},"modified":"2025-12-01T16:27:55","modified_gmt":"2025-12-01T16:27:55","slug":"ea-tool-basic-2","status":"publish","type":"product","link":"https:\/\/www.digitwin-ce.com\/cz\/product\/ea-tool-basic-2\/","title":{"rendered":"Bizzdesign Basic"},"content":{"rendered":"<p>Tento kurz v\u00e1m pom\u016f\u017ee zvl\u00e1dnout r\u016fzn\u00e9 prvky architektonick\u00e9 platformy Bizzdesign Enterprise Studio a jej\u00ed metodologii. Nau\u010d\u00edte se jak vyu\u017e\u00edvat jazyk ArchiMate\u00ae v r\u00e1mci v\u00fdkonn\u00e9ho softwaru spole\u010dnosti Bizzdesign. Dozv\u00edte se, jak Bizzdesign Enterprise Studio pom\u00e1h\u00e1 modelovat, analyzovat a transformovat strukturu Va\u0161\u00ed organizace. Praktick\u00e9 p\u0159\u00edklady a cvi\u010den\u00ed V\u00e1m umo\u017en\u00ed snadno p\u0159en\u00e9st to, co se nau\u010d\u00edte do praxe.<\/p>\n<p>\u0160kolen\u00ed je ur\u010deno pro za\u010d\u00e1te\u010dn\u00edky. Z\u00edsk\u00e1te z\u00e1kladn\u00ed poznatky pro pr\u00e1ci s modelovac\u00edm n\u00e1strojem Bizzdesign Enterprise Studio, ve kter\u00e9m budete um\u011bt aplikovat poznatky notac\u00ed jako TOGAF, ArchiMate, UML \u010di BPMN do digit\u00e1ln\u00ed formy.<\/p>","protected":false},"excerpt":{"rendered":"<p>Tento kurz V\u00e1m pom\u00f4\u017ee zvl\u00e1dnu\u0165 r\u00f4zne prvky architektonickej platformy Bizzdesign Enterprise Studio a jej metodol\u00f3giu. Nau\u010d\u00edte sa ako vyu\u017e\u00edva\u0165 jazyk ArchiMate\u00ae v r\u00e1mci v\u00fdkonn\u00e9ho softv\u00e9ru spolo\u010dnosti Bizzdesign. Dozviete sa, ako Bizzdesign Enterprise Studio pom\u00e1ha modelova\u0165, analyzova\u0165 a transformova\u0165 \u0161trukt\u00faru Va\u0161ej organiz\u00e1cie. Praktick\u00e9 pr\u00edklady a cvi\u010denia V\u00e1m umo\u017enia \u013eahko prenies\u0165 to, \u010do sa nau\u010d\u00edte do praxe. &hellip;<\/p>\n<p class=\"read-more\"> <a class=\"\" href=\"https:\/\/www.digitwin-ce.com\/cz\/product\/ea-tool-basic-2\/\"> <span class=\"screen-reader-text\">Bizzdesign Basic<\/span> Pokra\u010dovat ve \u010dten\u00ed &raquo;<\/a><\/p>","protected":false},"featured_media":449,"comment_status":"closed","ping_status":"closed","template":"","meta":{"_mi_skip_tracking":false,"ngg_post_thumbnail":0},"yoast_head":"<!-- This site is optimized with the Yoast SEO plugin v18.2 - https:\/\/yoast.com\/wordpress\/plugins\/seo\/ -->\n<title>Bizzdesign Basic - digitWin<\/title>\n<meta name=\"description\" content=\"\u0160kolenie je ur\u010den\u00e9 pre za\u010diato\u010dn\u00edkov. Z\u00edskate z\u00e1kladn\u00e9 poznatky pre pr\u00e1cu s modelovac\u00edm n\u00e1strojom Bizzdesign Enterprise Studio, v ktorom budete vedie\u0165 aplikova\u0165 poznatky not\u00e1ci\u00ed ako TOGAF, ArchiMate, UML, \u010di BPMN do digit\u00e1lnej formy.\" \/>\n<meta name=\"robots\" content=\"index, follow, max-snippet:-1, max-image-preview:large, max-video-preview:-1\" \/>\n<link rel=\"canonical\" href=\"https:\/\/www.digitwin-ce.com\/cz\/product\/ea-tool-basic-2\/\" \/>\n<meta property=\"og:locale\" content=\"cs_CZ\" \/>\n<meta property=\"og:type\" content=\"article\" \/>\n<meta property=\"og:title\" content=\"Bizzdesign Basic - digitWin\" \/>\n<meta property=\"og:description\" content=\"\u0160kolenie je ur\u010den\u00e9 pre za\u010diato\u010dn\u00edkov. Z\u00edskate z\u00e1kladn\u00e9 poznatky pre pr\u00e1cu s modelovac\u00edm n\u00e1strojom Bizzdesign Enterprise Studio, v ktorom budete vedie\u0165 aplikova\u0165 poznatky not\u00e1ci\u00ed ako TOGAF, ArchiMate, UML, \u010di BPMN do digit\u00e1lnej formy.\" \/>\n<meta property=\"og:url\" content=\"https:\/\/www.digitwin-ce.com\/cz\/product\/ea-tool-basic-2\/\" \/>\n<meta property=\"og:site_name\" content=\"digitWin\" \/>\n<meta property=\"article:modified_time\" content=\"2025-12-01T16:27:55+00:00\" \/>\n<meta property=\"og:image\" content=\"https:\/\/www.digitwin-ce.com\/wp-content\/uploads\/2020\/12\/EA-TOOL_basic.png\" \/>\n\t<meta property=\"og:image:width\" content=\"300\" \/>\n\t<meta property=\"og:image:height\" content=\"300\" \/>\n\t<meta property=\"og:image:type\" content=\"image\/png\" \/>\n<meta name=\"twitter:card\" content=\"summary_large_image\" \/>\n<meta name=\"twitter:label1\" content=\"Odhadovan\u00e1 doba \u010dten\u00ed\" \/>\n\t<meta name=\"twitter:data1\" content=\"1 minuta\" \/>\n<script type=\"application\/ld+json\" class=\"yoast-schema-graph\">{\"@context\":\"https:\/\/schema.org\",\"@graph\":[{\"@type\":\"Organization\",\"@id\":\"https:\/\/www.digitwin-ce.com\/#organization\",\"name\":\"digitWin, s.r.o.\",\"url\":\"https:\/\/www.digitwin-ce.com\/\",\"sameAs\":[\"https:\/\/www.linkedin.com\/company\/digitwin-ce\/about\/\"],\"logo\":{\"@type\":\"ImageObject\",\"@id\":\"https:\/\/www.digitwin-ce.com\/#logo\",\"inLanguage\":\"cs\",\"url\":\"https:\/\/www.digitwin-ce.com\/wp-content\/uploads\/2021\/03\/digitWin_logo_small.png\",\"contentUrl\":\"https:\/\/www.digitwin-ce.com\/wp-content\/uploads\/2021\/03\/digitWin_logo_small.png\",\"width\":410,\"height\":200,\"caption\":\"digitWin, s.r.o.\"},\"image\":{\"@id\":\"https:\/\/www.digitwin-ce.com\/#logo\"}},{\"@type\":\"WebSite\",\"@id\":\"https:\/\/www.digitwin-ce.com\/#website\",\"url\":\"https:\/\/www.digitwin-ce.com\/\",\"name\":\"digitWin\",\"description\":\"holistick\u00e1 architekt\u00fara \/ enterprise n\u00e1stroj \/ rie\u0161enie\",\"publisher\":{\"@id\":\"https:\/\/www.digitwin-ce.com\/#organization\"},\"potentialAction\":[{\"@type\":\"SearchAction\",\"target\":{\"@type\":\"EntryPoint\",\"urlTemplate\":\"https:\/\/www.digitwin-ce.com\/?s={search_term_string}\"},\"query-input\":\"required name=search_term_string\"}],\"inLanguage\":\"cs\"},{\"@type\":\"ImageObject\",\"@id\":\"https:\/\/www.digitwin-ce.com\/product\/ea-tool-basic-2\/#primaryimage\",\"inLanguage\":\"cs\",\"url\":\"https:\/\/www.digitwin-ce.com\/wp-content\/uploads\/2020\/12\/EA-TOOL_basic.png\",\"contentUrl\":\"https:\/\/www.digitwin-ce.com\/wp-content\/uploads\/2020\/12\/EA-TOOL_basic.png\",\"width\":300,\"height\":300,\"caption\":\"ea tool basic training\"},{\"@type\":\"WebPage\",\"@id\":\"https:\/\/www.digitwin-ce.com\/product\/ea-tool-basic-2\/#webpage\",\"url\":\"https:\/\/www.digitwin-ce.com\/product\/ea-tool-basic-2\/\",\"name\":\"Bizzdesign Basic - digitWin\",\"isPartOf\":{\"@id\":\"https:\/\/www.digitwin-ce.com\/#website\"},\"primaryImageOfPage\":{\"@id\":\"https:\/\/www.digitwin-ce.com\/product\/ea-tool-basic-2\/#primaryimage\"},\"datePublished\":\"2020-12-08T08:40:44+00:00\",\"dateModified\":\"2025-12-01T16:27:55+00:00\",\"description\":\"\u0160kolenie je ur\u010den\u00e9 pre za\u010diato\u010dn\u00edkov. Z\u00edskate z\u00e1kladn\u00e9 poznatky pre pr\u00e1cu s modelovac\u00edm n\u00e1strojom Bizzdesign Enterprise Studio, v ktorom budete vedie\u0165 aplikova\u0165 poznatky not\u00e1ci\u00ed ako TOGAF, ArchiMate, UML, \u010di BPMN do digit\u00e1lnej formy.\",\"breadcrumb\":{\"@id\":\"https:\/\/www.digitwin-ce.com\/product\/ea-tool-basic-2\/#breadcrumb\"},\"inLanguage\":\"cs\",\"potentialAction\":[{\"@type\":\"ReadAction\",\"target\":[\"https:\/\/www.digitwin-ce.com\/product\/ea-tool-basic-2\/\"]}]},{\"@type\":\"BreadcrumbList\",\"@id\":\"https:\/\/www.digitwin-ce.com\/product\/ea-tool-basic-2\/#breadcrumb\",\"itemListElement\":[{\"@type\":\"ListItem\",\"position\":1,\"name\":\"Domovsk\u00e1 str\u00e1nka\",\"item\":\"https:\/\/www.digitwin-ce.com\/\"},{\"@type\":\"ListItem\",\"position\":2,\"name\":\"\"},{\"@type\":\"ListItem\",\"position\":3,\"name\":\"Bizzdesign Basic\"}]}]}<\/script>\n<!-- \/ Yoast SEO plugin. -->","yoast_head_json":{"title":"Bizzdesign Basic - digitWin","description":"\u0160kolenie je ur\u010den\u00e9 pre za\u010diato\u010dn\u00edkov. Z\u00edskate z\u00e1kladn\u00e9 poznatky pre pr\u00e1cu s modelovac\u00edm n\u00e1strojom Bizzdesign Enterprise Studio, v ktorom budete vedie\u0165 aplikova\u0165 poznatky not\u00e1ci\u00ed ako TOGAF, ArchiMate, UML, \u010di BPMN do digit\u00e1lnej formy.","robots":{"index":"index","follow":"follow","max-snippet":"max-snippet:-1","max-image-preview":"max-image-preview:large","max-video-preview":"max-video-preview:-1"},"canonical":"https:\/\/www.digitwin-ce.com\/cz\/product\/ea-tool-basic-2\/","og_locale":"cs_CZ","og_type":"article","og_title":"Bizzdesign Basic - digitWin","og_description":"\u0160kolenie je ur\u010den\u00e9 pre za\u010diato\u010dn\u00edkov. Z\u00edskate z\u00e1kladn\u00e9 poznatky pre pr\u00e1cu s modelovac\u00edm n\u00e1strojom Bizzdesign Enterprise Studio, v ktorom budete vedie\u0165 aplikova\u0165 poznatky not\u00e1ci\u00ed ako TOGAF, ArchiMate, UML, \u010di BPMN do digit\u00e1lnej formy.","og_url":"https:\/\/www.digitwin-ce.com\/cz\/product\/ea-tool-basic-2\/","og_site_name":"digitWin","article_modified_time":"2025-12-01T16:27:55+00:00","og_image":[{"width":300,"height":300,"url":"https:\/\/www.digitwin-ce.com\/wp-content\/uploads\/2020\/12\/EA-TOOL_basic.png","type":"image\/png"}],"twitter_card":"summary_large_image","twitter_misc":{"Odhadovan\u00e1 doba \u010dten\u00ed":"1 minuta"},"schema":{"@context":"https:\/\/schema.org","@graph":[{"@type":"Organization","@id":"https:\/\/www.digitwin-ce.com\/#organization","name":"digitWin, s.r.o.","url":"https:\/\/www.digitwin-ce.com\/","sameAs":["https:\/\/www.linkedin.com\/company\/digitwin-ce\/about\/"],"logo":{"@type":"ImageObject","@id":"https:\/\/www.digitwin-ce.com\/#logo","inLanguage":"cs","url":"https:\/\/www.digitwin-ce.com\/wp-content\/uploads\/2021\/03\/digitWin_logo_small.png","contentUrl":"https:\/\/www.digitwin-ce.com\/wp-content\/uploads\/2021\/03\/digitWin_logo_small.png","width":410,"height":200,"caption":"digitWin, s.r.o."},"image":{"@id":"https:\/\/www.digitwin-ce.com\/#logo"}},{"@type":"WebSite","@id":"https:\/\/www.digitwin-ce.com\/#website","url":"https:\/\/www.digitwin-ce.com\/","name":"digitWin","description":"holistick\u00e1 architekt\u00fara \/ enterprise n\u00e1stroj \/ rie\u0161enie","publisher":{"@id":"https:\/\/www.digitwin-ce.com\/#organization"},"potentialAction":[{"@type":"SearchAction","target":{"@type":"EntryPoint","urlTemplate":"https:\/\/www.digitwin-ce.com\/?s={search_term_string}"},"query-input":"required name=search_term_string"}],"inLanguage":"cs"},{"@type":"ImageObject","@id":"https:\/\/www.digitwin-ce.com\/product\/ea-tool-basic-2\/#primaryimage","inLanguage":"cs","url":"https:\/\/www.digitwin-ce.com\/wp-content\/uploads\/2020\/12\/EA-TOOL_basic.png","contentUrl":"https:\/\/www.digitwin-ce.com\/wp-content\/uploads\/2020\/12\/EA-TOOL_basic.png","width":300,"height":300,"caption":"ea tool basic training"},{"@type":"WebPage","@id":"https:\/\/www.digitwin-ce.com\/product\/ea-tool-basic-2\/#webpage","url":"https:\/\/www.digitwin-ce.com\/product\/ea-tool-basic-2\/","name":"Bizzdesign Basic - digitWin","isPartOf":{"@id":"https:\/\/www.digitwin-ce.com\/#website"},"primaryImageOfPage":{"@id":"https:\/\/www.digitwin-ce.com\/product\/ea-tool-basic-2\/#primaryimage"},"datePublished":"2020-12-08T08:40:44+00:00","dateModified":"2025-12-01T16:27:55+00:00","description":"\u0160kolenie je ur\u010den\u00e9 pre za\u010diato\u010dn\u00edkov. Z\u00edskate z\u00e1kladn\u00e9 poznatky pre pr\u00e1cu s modelovac\u00edm n\u00e1strojom Bizzdesign Enterprise Studio, v ktorom budete vedie\u0165 aplikova\u0165 poznatky not\u00e1ci\u00ed ako TOGAF, ArchiMate, UML, \u010di BPMN do digit\u00e1lnej formy.","breadcrumb":{"@id":"https:\/\/www.digitwin-ce.com\/product\/ea-tool-basic-2\/#breadcrumb"},"inLanguage":"cs","potentialAction":[{"@type":"ReadAction","target":["https:\/\/www.digitwin-ce.com\/product\/ea-tool-basic-2\/"]}]},{"@type":"BreadcrumbList","@id":"https:\/\/www.digitwin-ce.com\/product\/ea-tool-basic-2\/#breadcrumb","itemListElement":[{"@type":"ListItem","position":1,"name":"Domovsk\u00e1 str\u00e1nka","item":"https:\/\/www.digitwin-ce.com\/"},{"@type":"ListItem","position":2,"name":""},{"@type":"ListItem","position":3,"name":"Bizzdesign Basic"}]}]}},"_links":{"self":[{"href":"https:\/\/www.digitwin-ce.com\/cz\/wp-json\/wp\/v2\/product\/426"}],"collection":[{"href":"https:\/\/www.digitwin-ce.com\/cz\/wp-json\/wp\/v2\/product"}],"about":[{"href":"https:\/\/www.digitwin-ce.com\/cz\/wp-json\/wp\/v2\/types\/product"}],"replies":[{"embeddable":true,"href":"https:\/\/www.digitwin-ce.com\/cz\/wp-json\/wp\/v2\/comments?post=426"}],"wp:featuredmedia":[{"embeddable":true,"href":"https:\/\/www.digitwin-ce.com\/cz\/wp-json\/wp\/v2\/media\/449"}],"wp:attachment":[{"href":"https:\/\/www.digitwin-ce.com\/cz\/wp-json\/wp\/v2\/media?parent=426"}],"curies":[{"name":"wp","href":"https:\/\/api.w.org\/{rel}","templated":true}]}}