{"id":3266,"date":"2021-03-10T15:20:58","date_gmt":"2021-03-10T15:20:58","guid":{"rendered":"https:\/\/www.digitwin-ce.com\/?page_id=3266"},"modified":"2021-03-10T18:02:47","modified_gmt":"2021-03-10T18:02:47","slug":"podpora-projektoveho-manazmentu","status":"publish","type":"page","link":"https:\/\/www.digitwin-ce.com\/cz\/byznys-oblasti\/podpora-projektoveho-managementu\/","title":{"rendered":"Podpora projektov\u00e9ho managementu"},"content":{"rendered":"<h1 class=\"has-text-align-center ba-title\"><strong>Podpora projektov\u00e9ho managementu<\/strong><\/h1>\n\n\n\n<h4 class=\"highlighted-subtitle mb-7\"><strong><em>Realizujte Va\u0161e projekty s efektivn\u011b vyu\u017eit\u00fdmi zdroji a dos\u00e1hn\u011bte \u00fasp\u011b\u0161nou realizaci vyty\u010den\u00fdch c\u00edl\u016f.<\/em><\/strong><\/h4>\n\n\n\n<div class=\"wp-block-columns\">\n<div class=\"wp-block-column hover-cart\">\n<h2 class=\"has-text-align-center\"><strong>Kl\u00ed\u010dov\u00e9 v\u00fdzvy<\/strong><\/h2>\n\n\n\n<p class=\"custom-list has-text-align-center\"><i class=\"fa fa-check\"><\/i> realizovan\u00e9 projekty kon\u010d\u00ed ne\u00fasp\u011bchem<\/p>\n\n\n\n<p class=\"custom-list has-text-align-center\"><i class=\"fa fa-check\"><\/i> person\u00e1ln\u00ed, finan\u010dn\u00ed a dal\u0161\u00ed zdroje jsou neefektivn\u00ed vyu\u017eity<\/p>\n\n\n\n<p class=\"custom-list has-text-align-center\"><i class=\"fa fa-check\"><\/i> nejsou dosa\u017eeny vyty\u010den\u00e9 c\u00edle v po\u017eadovan\u00e9 kvalit\u011b<\/p>\n\n\n\n<p class=\"custom-list has-text-align-center\"><i class=\"fa fa-check\"><\/i> se projekty prodra\u017euj\u00ed a prodlu\u017euje se i doba jejich ukon\u010den\u00ed<\/p>\n<\/div>\n\n\n\n<div class=\"wp-block-column hover-cart\">\n<h2 class=\"has-text-align-center\"><strong>Dosa\u017een\u00e9 c\u00edle<\/strong><\/h2>\n\n\n\n<p class=\"custom-list has-text-align-center\"><i class=\"fa fa-check\"><\/i> \u00faspora \u010dasu<\/p>\n\n\n\n<p class=\"custom-list has-text-align-center\"><i class=\"fa fa-check\"><\/i> \u00faspora finan\u010dn\u00edch n\u00e1klad\u016f<\/p>\n\n\n\n<p class=\"custom-list has-text-align-center\"><i class=\"fa fa-check\"><\/i> dosa\u017een\u00ed vyty\u010den\u00fdch c\u00edl\u016f v po\u017eadovan\u00e9 kvalit\u011b<\/p>\n\n\n\n<p class=\"custom-list has-text-align-center\"><i class=\"fa fa-check\"><\/i> efektivn\u00ed vyu\u017eit\u00ed v\u0161ech dostupn\u00fdch zdroj\u016f<\/p>\n<\/div>\n<\/div>\n\n\n\n<p class=\"aligne-middle\">Projekty jsou sou\u010d\u00e1st\u00ed fungov\u00e1n\u00ed jak\u00e9koliv organizace a jejich \u00fasp\u011b\u0161n\u00e1 realizace z\u00e1vis\u00ed tak\u00e9 na p\u0159\u00edstupu k \u0159\u00edzen\u00ed a managementu samotn\u00fdch projekt\u016f. Nezvl\u00e1dnut\u00ed projektov\u00e9ho managementu zp\u016fsobuje, \u017ee realizovan\u00e9 projekty kon\u010d\u00ed ne\u00fasp\u011bchem, person\u00e1ln\u00ed, finan\u010dn\u00ed a dal\u0161\u00ed zdroje jsou neefektivn\u00ed vyu\u017eity, nejsou dosa\u017eeny vyty\u010den\u00e9 c\u00edle v po\u017eadovan\u00e9 kvalit\u011b, se projekty prodra\u017euj\u00ed a prodlu\u017euje se i doba jejich ukon\u010den\u00ed.<\/p>\n\n\n\n<p class=\"UC-desc aligne-middle\">Digit\u00e1ln\u00ed dvoj\u010de organizace typicky uchov\u00e1v\u00e1 digit\u00e1ln\u00ed reprezentaci aktu\u00e1ln\u00edch, ale i budouc\u00edch komponent\u016f pod\u00edlej\u00edc\u00edch se na chodu organizace. Zm\u011bny mezi aktu\u00e1ln\u00edmi a budouc\u00edmi komponentami jsou realizov\u00e1ny p\u0159es projekty a programy. Ty v\u011bd\u00ed b\u00fdt p\u0159\u00edmo propojeny na tyto komponenty, co\u017e p\u0159in\u00e1\u0161\u00ed mo\u017enost zobrazovat mezi projektov\u00e9 a mezi komponentn\u00ed \u010dasov\u00e9 a funk\u010dn\u00ed z\u00e1vislosti. Takov\u00fdm zp\u016fsobem v\u00edme mitigova\u0165 rizika spojen\u00e1 s implementac\u00ed projekt\u016f.<\/p>\n\n\n\n\n\t<div class='ngg-imagebrowser default-view'\n         id='ngg-imagebrowser-788d8de4f27660a87091474f46e43e23-3266'\n         data-nextgen-gallery-id=\"788d8de4f27660a87091474f46e43e23\">\n\n        <h3>Project Overview<\/h3>\n\n\t\t<div id=\"ngg-image-0\" class=\"pic\" >\n        \n        <a href='https:\/\/www.digitwin-ce.com\/wp-content\/gallery\/poprmn\/Project-Overview.png'\n           title=' '\n           data-src=\"https:\/\/www.digitwin-ce.com\/wp-content\/gallery\/poprmn\/Project-Overview.png\"\n           data-thumbnail=\"https:\/\/www.digitwin-ce.com\/wp-content\/gallery\/poprmn\/thumbs\/thumbs_Project-Overview.png\"\n           data-image-id=\"62\"\n           data-title=\"Project Overview\"\n           data-description=\" \"\n           class=\"ngg-simplelightbox\" rel=\"788d8de4f27660a87091474f46e43e23\">\n            <img title='Project Overview'\n                 alt='Project Overview'\n                 src='https:\/\/www.digitwin-ce.com\/wp-content\/gallery\/poprmn\/Project-Overview.png'\/>\n        <\/a>\n\t    \n        <\/div> \n\n        <div class='ngg-imagebrowser-nav'>\n\n            <div class='back'>\n                <a class='ngg-browser-prev'\n                   id='ngg-prev-63'\n                   href='https:\/\/www.digitwin-ce.com\/cz\/byznys-oblasti\/podpora-projektoveho-managementu\/nggallery\/image\/project-roadmap-2\/'>\n                    <i class=\"fa fa-chevron-left\" aria-hidden=\"true\"><\/i>\n                <\/a>\n            <\/div>\n\n            <div class='next'>\n                <a class='ngg-browser-next'\n                   id='ngg-next-64'\n                   href='https:\/\/www.digitwin-ce.com\/cz\/byznys-oblasti\/podpora-projektoveho-managementu\/nggallery\/image\/gap-analysis\/'>\n                    <i class=\"fa fa-chevron-right\" aria-hidden=\"true\"><\/i>\n                <\/a>\n            <\/div>\n\n            <div class='counter'>\n                Obr\u00e1zek                1                z                3            <\/div>\n\n            <div class='ngg-imagebrowser-desc'>\n                <p> <\/p>\n            <\/div>\n\n        <\/div>\n    <\/div>\n\n\n\n\n\n<p><\/p>","protected":false},"excerpt":{"rendered":"<p>Podpora projektov\u00e9ho mana\u017ementu Realizujte va\u0161e projekty s\u202fefekt\u00edvne vyu\u017eit\u00fdmi zdrojmi a\u202fdosiahnite \u00faspe\u0161n\u00fa realiz\u00e1ciu vyt\u00fd\u010den\u00fdch cie\u013eov. K\u013e\u00fa\u010dov\u00e9 v\u00fdzvy realizovan\u00e9 projekty kon\u010dia ne\u00faspechom person\u00e1lne, finan\u010dn\u00e9 a\u202f\u010fal\u0161ie zdroje s\u00fa neefekt\u00edvne vyu\u017eit\u00e9 nie s\u00fa dosiahnut\u00e9 vyt\u00fd\u010den\u00e9 ciele v\u202fpo\u017eadovanej kvalite sa projekty predra\u017euj\u00fa a\u202fpredl\u017euje sa aj \u010das ich ukon\u010denia Dosiahnut\u00e9 ciele \u00faspora \u010dasu \u00faspora finan\u010dn\u00fdch n\u00e1kladov dosiahnutie vyt\u00fd\u010den\u00fdch cie\u013eov v\u202fpo\u017eadovanej kvalite &hellip;<\/p>\n<p class=\"read-more\"> <a class=\"\" href=\"https:\/\/www.digitwin-ce.com\/cz\/byznys-oblasti\/podpora-projektoveho-managementu\/\"> <span class=\"screen-reader-text\">Podpora projektov\u00e9ho managementu<\/span> Pokra\u010dovat ve \u010dten\u00ed &raquo;<\/a><\/p>","protected":false},"author":1,"featured_media":0,"parent":7,"menu_order":0,"comment_status":"closed","ping_status":"closed","template":"","meta":{"_mi_skip_tracking":false,"ngg_post_thumbnail":0},"yoast_head":"<!-- This site is optimized with the Yoast SEO plugin v18.2 - https:\/\/yoast.com\/wordpress\/plugins\/seo\/ -->\n<title>Podpora projektov\u00e9ho mana\u017ementu - digitWin<\/title>\n<meta name=\"description\" content=\"Realizujte va\u0161e projekty s\u202fefekt\u00edvne vyu\u017eit\u00fdmi zdrojmi a\u202fdosiahnite \u00faspe\u0161n\u00fa realiz\u00e1ciu vyt\u00fd\u010den\u00fdch cie\u013eov.\" \/>\n<meta name=\"robots\" content=\"index, follow, max-snippet:-1, max-image-preview:large, max-video-preview:-1\" \/>\n<link rel=\"canonical\" href=\"https:\/\/digitwin-ce.com\/biznis-oblasti\/podpora-projektoveho-manazmentu\/\" \/>\n<meta property=\"og:locale\" content=\"cs_CZ\" \/>\n<meta property=\"og:type\" content=\"article\" \/>\n<meta property=\"og:title\" content=\"Podpora projektov\u00e9ho mana\u017ementu - digitWin\" \/>\n<meta property=\"og:description\" content=\"Realizujte va\u0161e projekty s\u202fefekt\u00edvne vyu\u017eit\u00fdmi zdrojmi a\u202fdosiahnite \u00faspe\u0161n\u00fa realiz\u00e1ciu vyt\u00fd\u010den\u00fdch cie\u013eov.\" \/>\n<meta property=\"og:url\" content=\"https:\/\/digitwin-ce.com\/biznis-oblasti\/podpora-projektoveho-manazmentu\/\" \/>\n<meta property=\"og:site_name\" content=\"digitWin\" \/>\n<meta property=\"article:modified_time\" content=\"2021-03-10T18:02:47+00:00\" \/>\n<meta name=\"twitter:card\" content=\"summary_large_image\" \/>\n<meta name=\"twitter:label1\" content=\"Odhadovan\u00e1 doba \u010dten\u00ed\" \/>\n\t<meta name=\"twitter:data1\" content=\"1 minuta\" \/>\n<script type=\"application\/ld+json\" class=\"yoast-schema-graph\">{\"@context\":\"https:\/\/schema.org\",\"@graph\":[{\"@type\":\"Organization\",\"@id\":\"https:\/\/www.digitwin-ce.com\/#organization\",\"name\":\"digitWin, s.r.o.\",\"url\":\"https:\/\/www.digitwin-ce.com\/\",\"sameAs\":[\"https:\/\/www.linkedin.com\/company\/digitwin-ce\/about\/\"],\"logo\":{\"@type\":\"ImageObject\",\"@id\":\"https:\/\/www.digitwin-ce.com\/#logo\",\"inLanguage\":\"cs\",\"url\":\"https:\/\/www.digitwin-ce.com\/wp-content\/uploads\/2021\/03\/digitWin_logo_small.png\",\"contentUrl\":\"https:\/\/www.digitwin-ce.com\/wp-content\/uploads\/2021\/03\/digitWin_logo_small.png\",\"width\":410,\"height\":200,\"caption\":\"digitWin, s.r.o.\"},\"image\":{\"@id\":\"https:\/\/www.digitwin-ce.com\/#logo\"}},{\"@type\":\"WebSite\",\"@id\":\"https:\/\/www.digitwin-ce.com\/#website\",\"url\":\"https:\/\/www.digitwin-ce.com\/\",\"name\":\"digitWin\",\"description\":\"holistick\u00e1 architekt\u00fara \/ enterprise n\u00e1stroj \/ rie\u0161enie\",\"publisher\":{\"@id\":\"https:\/\/www.digitwin-ce.com\/#organization\"},\"potentialAction\":[{\"@type\":\"SearchAction\",\"target\":{\"@type\":\"EntryPoint\",\"urlTemplate\":\"https:\/\/www.digitwin-ce.com\/?s={search_term_string}\"},\"query-input\":\"required name=search_term_string\"}],\"inLanguage\":\"cs\"},{\"@type\":\"WebPage\",\"@id\":\"https:\/\/digitwin-ce.com\/biznis-oblasti\/podpora-projektoveho-manazmentu\/#webpage\",\"url\":\"https:\/\/digitwin-ce.com\/biznis-oblasti\/podpora-projektoveho-manazmentu\/\",\"name\":\"Podpora projektov\u00e9ho mana\u017ementu - digitWin\",\"isPartOf\":{\"@id\":\"https:\/\/www.digitwin-ce.com\/#website\"},\"datePublished\":\"2021-03-10T15:20:58+00:00\",\"dateModified\":\"2021-03-10T18:02:47+00:00\",\"description\":\"Realizujte va\u0161e projekty s\u202fefekt\u00edvne vyu\u017eit\u00fdmi zdrojmi a\u202fdosiahnite \u00faspe\u0161n\u00fa realiz\u00e1ciu vyt\u00fd\u010den\u00fdch cie\u013eov.\",\"breadcrumb\":{\"@id\":\"https:\/\/digitwin-ce.com\/biznis-oblasti\/podpora-projektoveho-manazmentu\/#breadcrumb\"},\"inLanguage\":\"cs\",\"potentialAction\":[{\"@type\":\"ReadAction\",\"target\":[\"https:\/\/digitwin-ce.com\/biznis-oblasti\/podpora-projektoveho-manazmentu\/\"]}]},{\"@type\":\"BreadcrumbList\",\"@id\":\"https:\/\/digitwin-ce.com\/biznis-oblasti\/podpora-projektoveho-manazmentu\/#breadcrumb\",\"itemListElement\":[{\"@type\":\"ListItem\",\"position\":1,\"name\":\"Domovsk\u00e1 str\u00e1nka\",\"item\":\"https:\/\/www.digitwin-ce.com\/\"},{\"@type\":\"ListItem\",\"position\":2,\"name\":\"Biznis oblasti\",\"item\":\"https:\/\/www.digitwin-ce.com\/biznis-oblasti\/\"},{\"@type\":\"ListItem\",\"position\":3,\"name\":\"Podpora projektov\u00e9ho mana\u017ementu\"}]}]}<\/script>\n<!-- \/ Yoast SEO plugin. -->","yoast_head_json":{"title":"Podpora projektov\u00e9ho mana\u017ementu - digitWin","description":"Realizujte va\u0161e projekty s\u202fefekt\u00edvne vyu\u017eit\u00fdmi zdrojmi a\u202fdosiahnite \u00faspe\u0161n\u00fa realiz\u00e1ciu vyt\u00fd\u010den\u00fdch cie\u013eov.","robots":{"index":"index","follow":"follow","max-snippet":"max-snippet:-1","max-image-preview":"max-image-preview:large","max-video-preview":"max-video-preview:-1"},"canonical":"https:\/\/digitwin-ce.com\/biznis-oblasti\/podpora-projektoveho-manazmentu\/","og_locale":"cs_CZ","og_type":"article","og_title":"Podpora projektov\u00e9ho mana\u017ementu - digitWin","og_description":"Realizujte va\u0161e projekty s\u202fefekt\u00edvne vyu\u017eit\u00fdmi zdrojmi a\u202fdosiahnite \u00faspe\u0161n\u00fa realiz\u00e1ciu vyt\u00fd\u010den\u00fdch cie\u013eov.","og_url":"https:\/\/digitwin-ce.com\/biznis-oblasti\/podpora-projektoveho-manazmentu\/","og_site_name":"digitWin","article_modified_time":"2021-03-10T18:02:47+00:00","twitter_card":"summary_large_image","twitter_misc":{"Odhadovan\u00e1 doba \u010dten\u00ed":"1 minuta"},"schema":{"@context":"https:\/\/schema.org","@graph":[{"@type":"Organization","@id":"https:\/\/www.digitwin-ce.com\/#organization","name":"digitWin, s.r.o.","url":"https:\/\/www.digitwin-ce.com\/","sameAs":["https:\/\/www.linkedin.com\/company\/digitwin-ce\/about\/"],"logo":{"@type":"ImageObject","@id":"https:\/\/www.digitwin-ce.com\/#logo","inLanguage":"cs","url":"https:\/\/www.digitwin-ce.com\/wp-content\/uploads\/2021\/03\/digitWin_logo_small.png","contentUrl":"https:\/\/www.digitwin-ce.com\/wp-content\/uploads\/2021\/03\/digitWin_logo_small.png","width":410,"height":200,"caption":"digitWin, s.r.o."},"image":{"@id":"https:\/\/www.digitwin-ce.com\/#logo"}},{"@type":"WebSite","@id":"https:\/\/www.digitwin-ce.com\/#website","url":"https:\/\/www.digitwin-ce.com\/","name":"digitWin","description":"holistick\u00e1 architekt\u00fara \/ enterprise n\u00e1stroj \/ rie\u0161enie","publisher":{"@id":"https:\/\/www.digitwin-ce.com\/#organization"},"potentialAction":[{"@type":"SearchAction","target":{"@type":"EntryPoint","urlTemplate":"https:\/\/www.digitwin-ce.com\/?s={search_term_string}"},"query-input":"required name=search_term_string"}],"inLanguage":"cs"},{"@type":"WebPage","@id":"https:\/\/digitwin-ce.com\/biznis-oblasti\/podpora-projektoveho-manazmentu\/#webpage","url":"https:\/\/digitwin-ce.com\/biznis-oblasti\/podpora-projektoveho-manazmentu\/","name":"Podpora projektov\u00e9ho mana\u017ementu - digitWin","isPartOf":{"@id":"https:\/\/www.digitwin-ce.com\/#website"},"datePublished":"2021-03-10T15:20:58+00:00","dateModified":"2021-03-10T18:02:47+00:00","description":"Realizujte va\u0161e projekty s\u202fefekt\u00edvne vyu\u017eit\u00fdmi zdrojmi a\u202fdosiahnite \u00faspe\u0161n\u00fa realiz\u00e1ciu vyt\u00fd\u010den\u00fdch cie\u013eov.","breadcrumb":{"@id":"https:\/\/digitwin-ce.com\/biznis-oblasti\/podpora-projektoveho-manazmentu\/#breadcrumb"},"inLanguage":"cs","potentialAction":[{"@type":"ReadAction","target":["https:\/\/digitwin-ce.com\/biznis-oblasti\/podpora-projektoveho-manazmentu\/"]}]},{"@type":"BreadcrumbList","@id":"https:\/\/digitwin-ce.com\/biznis-oblasti\/podpora-projektoveho-manazmentu\/#breadcrumb","itemListElement":[{"@type":"ListItem","position":1,"name":"Domovsk\u00e1 str\u00e1nka","item":"https:\/\/www.digitwin-ce.com\/"},{"@type":"ListItem","position":2,"name":"Biznis oblasti","item":"https:\/\/www.digitwin-ce.com\/biznis-oblasti\/"},{"@type":"ListItem","position":3,"name":"Podpora projektov\u00e9ho mana\u017ementu"}]}]}},"_links":{"self":[{"href":"https:\/\/www.digitwin-ce.com\/cz\/wp-json\/wp\/v2\/pages\/3266"}],"collection":[{"href":"https:\/\/www.digitwin-ce.com\/cz\/wp-json\/wp\/v2\/pages"}],"about":[{"href":"https:\/\/www.digitwin-ce.com\/cz\/wp-json\/wp\/v2\/types\/page"}],"author":[{"embeddable":true,"href":"https:\/\/www.digitwin-ce.com\/cz\/wp-json\/wp\/v2\/users\/1"}],"replies":[{"embeddable":true,"href":"https:\/\/www.digitwin-ce.com\/cz\/wp-json\/wp\/v2\/comments?post=3266"}],"version-history":[{"count":1,"href":"https:\/\/www.digitwin-ce.com\/cz\/wp-json\/wp\/v2\/pages\/3266\/revisions"}],"predecessor-version":[{"id":3267,"href":"https:\/\/www.digitwin-ce.com\/cz\/wp-json\/wp\/v2\/pages\/3266\/revisions\/3267"}],"up":[{"embeddable":true,"href":"https:\/\/www.digitwin-ce.com\/cz\/wp-json\/wp\/v2\/pages\/7"}],"wp:attachment":[{"href":"https:\/\/www.digitwin-ce.com\/cz\/wp-json\/wp\/v2\/media?parent=3266"}],"curies":[{"name":"wp","href":"https:\/\/api.w.org\/{rel}","templated":true}]}}