{"id":3260,"date":"2021-03-10T15:08:30","date_gmt":"2021-03-10T15:08:30","guid":{"rendered":"https:\/\/www.digitwin-ce.com\/?page_id=3260"},"modified":"2021-03-10T17:54:22","modified_gmt":"2021-03-10T17:54:22","slug":"business-kritickost-komponentov-organizacie","status":"publish","type":"page","link":"https:\/\/www.digitwin-ce.com\/cz\/byznys-oblasti\/business-kritickost-komponentu-organizace\/","title":{"rendered":"Business kritickost komponennt\u016f organizace"},"content":{"rendered":"<h1 class=\"has-text-align-center ba-title\"><strong>Business kritickost komponennt\u016f organizace<\/strong><\/h1>\n\n\n\n<h4 class=\"highlighted-subtitle mb-7\"><strong><em>Identifikujte kritick\u00e9 kompnenty Va\u0161\u00ed organizace a vyu\u017eijte je pro podpo\u0159en\u00ed r\u016fstu Va\u0161\u00ed organizace.<\/em><\/strong><\/h4>\n\n\n\n<div class=\"wp-block-columns\">\n<div class=\"wp-block-column hover-cart\">\n<h2 class=\"has-text-align-center\"><strong>Kl\u00ed\u010dov\u00e9 v\u00fdzvy<\/strong><\/h2>\n\n\n\n<p class=\"custom-list has-text-align-center\"><i class=\"fa fa-check\"><\/i> obrac\u00ed se pozornost na nespr\u00e1vn\u00e9 organiza\u010dn\u00ed komponenty<\/p>\n\n\n\n<p class=\"custom-list has-text-align-center\"><i class=\"fa fa-check\"><\/i> doch\u00e1z\u00ed k pl\u00fdtv\u00e1n\u00ed person\u00e1ln\u00edch, finan\u010dn\u00edch a \u010dasov\u00fdch zdroj\u016f<\/p>\n\n\n\n<p class=\"custom-list has-text-align-center\"><i class=\"fa fa-check\"><\/i> nast\u00e1v\u00e1 selh\u00e1n\u00ed projekt\u016f a zm\u011bn v organizac\u00ed, kter\u00e9 maj\u00ed dlouhodob\u00e9 negativn\u00ed n\u00e1sledky<\/p>\n<\/div>\n\n\n\n<div class=\"wp-block-column hover-cart\">\n<h2 class=\"has-text-align-center\"><strong>Dosa\u017een\u00e9 c\u00edle<\/strong><\/h2>\n\n\n\n<p class=\"custom-list has-text-align-center\"><i class=\"fa fa-check\"><\/i> \u00faspora \u010dasu<\/p>\n\n\n\n<p class=\"custom-list has-text-align-center\"><i class=\"fa fa-check\"><\/i> \u00faspora finan\u010dn\u00edch n\u00e1klad\u016f<\/p>\n\n\n\n<p class=\"custom-list has-text-align-center\"><i class=\"fa fa-check\"><\/i> \u00faspora person\u00e1ln\u00edch zdroj\u016f<\/p>\n\n\n\n<p class=\"custom-list has-text-align-center\"><i class=\"fa fa-check\"><\/i> korektn\u011b identifikov\u00e1ny kritick\u00e9 komponenty organizace<\/p>\n<\/div>\n<\/div>\n\n\n\n<p class=\"aligne-middle\">Organizace se zam\u011b\u0159uj\u00ed prioritn\u011b na realizaci a zlep\u0161ov\u00e1n\u00ed kritick\u00fdch produkt\u016f, slu\u017eeb, proces\u016f, a tedy komponent dan\u00e9 organizace. Samotn\u00e9 nespr\u00e1vn\u00e9 vyhodnocen\u00ed kriti\u010dnosti t\u011bchto komponent\u016f zp\u016fsobuje, \u017ee se upozor\u0148uje na nespr\u00e1vn\u00e9 organiza\u010dn\u00ed komponenty, doch\u00e1z\u00ed k pl\u00fdtv\u00e1n\u00ed person\u00e1ln\u00edch, finan\u010dn\u00edch a \u010dasov\u00fdch zdroj\u016f, nast\u00e1v\u00e1 selh\u00e1n\u00ed projekt\u016f a zm\u011bn v organizac\u00ed, kter\u00e9 maj\u00ed dlouhodob\u00e9 negativn\u00ed n\u00e1sledky.<\/p>\n\n\n\n<p class=\"UC-desc aligne-middle\">Ne v\u0161echny komponenty, kter\u00e9 se pod\u00edlej\u00ed na fungov\u00e1n\u00ed organizace jsou stejn\u011b kritick\u00e9 a ne v\u0161echny komponenty podporuj\u00ed byznys kritick\u00e9 slu\u017eby. Anal\u00fdzou, zmapov\u00e1n\u00edm a vyhodnocen\u00edm byznys kriti\u010dnosti komponent s jejich propojen\u00edm na byznys kritick\u00e9 slu\u017eby je mo\u017en\u00e9 prov\u00e1d\u011bt na datech postaven\u00e9 rozhodnut\u00ed o dal\u0161\u00edch investic\u00edch, \u010di \u00faprav\u00e1ch. Pro byznys kritick\u00e9 slu\u017eby je t\u0159eba p\u0159ipravit takov\u00fd provozn\u00ed model, kter\u00fd vyu\u017e\u00edv\u00e1 komponenty s vy\u0161\u0161\u00edmi n\u00e1roky na dostupnost, \"disaster recovery\" a podobn\u011b. Bez zachycen\u00ed p\u0159\u00edm\u00fdch, ale i skryt\u00fdch z\u00e1vislosti se informace o kriti\u010dnosti komponent vytr\u00e1c\u00ed, co\u017e p\u0159in\u00e1\u0161\u00ed velk\u00e9 riziko z pohledu poskytov\u00e1n\u00ed kritick\u00fdch slu\u017eeb.<\/p>\n\n\n\n\n\t<div class='ngg-imagebrowser default-view'\n         id='ngg-imagebrowser-34dae015ece0e03659f7eaa795fed715-3260'\n         data-nextgen-gallery-id=\"34dae015ece0e03659f7eaa795fed715\">\n\n        <h3>Application Portfolio Risk Analysis<\/h3>\n\n\t\t<div id=\"ngg-image-0\" class=\"pic\" >\n        \n        <a href='https:\/\/www.digitwin-ce.com\/wp-content\/gallery\/bizkri\/Application-Portfolio-Risk-Analysis.png'\n           title=' '\n           data-src=\"https:\/\/www.digitwin-ce.com\/wp-content\/gallery\/bizkri\/Application-Portfolio-Risk-Analysis.png\"\n           data-thumbnail=\"https:\/\/www.digitwin-ce.com\/wp-content\/gallery\/bizkri\/thumbs\/thumbs_Application-Portfolio-Risk-Analysis.png\"\n           data-image-id=\"73\"\n           data-title=\"Application Portfolio Risk Analysis\"\n           data-description=\" \"\n           class=\"ngg-simplelightbox\" rel=\"34dae015ece0e03659f7eaa795fed715\">\n            <img title='Application Portfolio Risk Analysis'\n                 alt='Application Portfolio Risk Analysis'\n                 src='https:\/\/www.digitwin-ce.com\/wp-content\/gallery\/bizkri\/Application-Portfolio-Risk-Analysis.png'\/>\n        <\/a>\n\t    \n        <\/div> \n\n        <div class='ngg-imagebrowser-nav'>\n\n            <div class='back'>\n                <a class='ngg-browser-prev'\n                   id='ngg-prev-74'\n                   href='https:\/\/www.digitwin-ce.com\/cz\/byznys-oblasti\/business-kritickost-komponentu-organizace\/nggallery\/image\/risk-security-management-1\/'>\n                    <i class=\"fa fa-chevron-left\" aria-hidden=\"true\"><\/i>\n                <\/a>\n            <\/div>\n\n            <div class='next'>\n                <a class='ngg-browser-next'\n                   id='ngg-next-72'\n                   href='https:\/\/www.digitwin-ce.com\/cz\/byznys-oblasti\/business-kritickost-komponentu-organizace\/nggallery\/image\/application-classification-2\/'>\n                    <i class=\"fa fa-chevron-right\" aria-hidden=\"true\"><\/i>\n                <\/a>\n            <\/div>\n\n            <div class='counter'>\n                Obr\u00e1zek                1                z                3            <\/div>\n\n            <div class='ngg-imagebrowser-desc'>\n                <p> <\/p>\n            <\/div>\n\n        <\/div>\n    <\/div>\n\n\n\n\n\n<p><\/p>","protected":false},"excerpt":{"rendered":"<p>Business kritickos\u0165 komponentov organiz\u00e1cie Identifikujte kritick\u00e9 komponenty Va\u0161ej organiz\u00e1cie a\u202fvyu\u017eite ich pre podporenie rastu va\u0161ej organiz\u00e1cie. K\u013e\u00fa\u010dov\u00e9 v\u00fdzvy upriamuje sa pozornos\u0165 na nespr\u00e1vne organiza\u010dn\u00e9 komponenty doch\u00e1dza k\u202fplytvaniu person\u00e1lnych, finan\u010dn\u00fdch a\u202f\u010dasov\u00fdch zdrojov nast\u00e1va zlyhanie projektov a\u202fzmien v\u202forganiz\u00e1ci\u00ed, ktor\u00e9 maj\u00fa dlhodob\u00e9 negat\u00edvne n\u00e1sledky Dosiahnut\u00e9 ciele \u00faspora \u010dasu \u00faspora finan\u010dn\u00fdch n\u00e1kladov \u00faspora person\u00e1lnych zdrojov korektne identifikovan\u00e9 kritick\u00e9 komponenty &hellip;<\/p>\n<p class=\"read-more\"> <a class=\"\" href=\"https:\/\/www.digitwin-ce.com\/cz\/byznys-oblasti\/business-kritickost-komponentu-organizace\/\"> <span class=\"screen-reader-text\">Business kritickost komponennt\u016f organizace<\/span> Pokra\u010dovat ve \u010dten\u00ed &raquo;<\/a><\/p>","protected":false},"author":1,"featured_media":0,"parent":7,"menu_order":0,"comment_status":"closed","ping_status":"closed","template":"","meta":{"_mi_skip_tracking":false,"ngg_post_thumbnail":0},"yoast_head":"<!-- This site is optimized with the Yoast SEO plugin v18.2 - https:\/\/yoast.com\/wordpress\/plugins\/seo\/ -->\n<title>Business kritickos\u0165 komponentov organiz\u00e1cie - digitWin<\/title>\n<meta name=\"description\" content=\"Identifikujte kritick\u00e9 komponenty Va\u0161ej organiz\u00e1cie a\u202fvyu\u017eite ich pre podporenie rastu va\u0161ej organiz\u00e1cie.\" \/>\n<meta name=\"robots\" content=\"index, follow, max-snippet:-1, max-image-preview:large, max-video-preview:-1\" \/>\n<link rel=\"canonical\" href=\"https:\/\/digitwin-ce.com\/biznis-oblasti\/business-kritickost-komponentov-organizacie\/\" \/>\n<meta property=\"og:locale\" content=\"cs_CZ\" \/>\n<meta property=\"og:type\" content=\"article\" \/>\n<meta property=\"og:title\" content=\"Business kritickos\u0165 komponentov organiz\u00e1cie - digitWin\" \/>\n<meta property=\"og:description\" content=\"Identifikujte kritick\u00e9 komponenty Va\u0161ej organiz\u00e1cie a\u202fvyu\u017eite ich pre podporenie rastu va\u0161ej organiz\u00e1cie.\" \/>\n<meta property=\"og:url\" content=\"https:\/\/digitwin-ce.com\/biznis-oblasti\/business-kritickost-komponentov-organizacie\/\" \/>\n<meta property=\"og:site_name\" content=\"digitWin\" \/>\n<meta property=\"article:modified_time\" content=\"2021-03-10T17:54:22+00:00\" \/>\n<meta name=\"twitter:card\" content=\"summary_large_image\" \/>\n<meta name=\"twitter:label1\" content=\"Odhadovan\u00e1 doba \u010dten\u00ed\" \/>\n\t<meta name=\"twitter:data1\" content=\"1 minuta\" \/>\n<script type=\"application\/ld+json\" class=\"yoast-schema-graph\">{\"@context\":\"https:\/\/schema.org\",\"@graph\":[{\"@type\":\"Organization\",\"@id\":\"https:\/\/www.digitwin-ce.com\/#organization\",\"name\":\"digitWin, s.r.o.\",\"url\":\"https:\/\/www.digitwin-ce.com\/\",\"sameAs\":[\"https:\/\/www.linkedin.com\/company\/digitwin-ce\/about\/\"],\"logo\":{\"@type\":\"ImageObject\",\"@id\":\"https:\/\/www.digitwin-ce.com\/#logo\",\"inLanguage\":\"cs\",\"url\":\"https:\/\/www.digitwin-ce.com\/wp-content\/uploads\/2021\/03\/digitWin_logo_small.png\",\"contentUrl\":\"https:\/\/www.digitwin-ce.com\/wp-content\/uploads\/2021\/03\/digitWin_logo_small.png\",\"width\":410,\"height\":200,\"caption\":\"digitWin, s.r.o.\"},\"image\":{\"@id\":\"https:\/\/www.digitwin-ce.com\/#logo\"}},{\"@type\":\"WebSite\",\"@id\":\"https:\/\/www.digitwin-ce.com\/#website\",\"url\":\"https:\/\/www.digitwin-ce.com\/\",\"name\":\"digitWin\",\"description\":\"holistick\u00e1 architekt\u00fara \/ enterprise n\u00e1stroj \/ rie\u0161enie\",\"publisher\":{\"@id\":\"https:\/\/www.digitwin-ce.com\/#organization\"},\"potentialAction\":[{\"@type\":\"SearchAction\",\"target\":{\"@type\":\"EntryPoint\",\"urlTemplate\":\"https:\/\/www.digitwin-ce.com\/?s={search_term_string}\"},\"query-input\":\"required name=search_term_string\"}],\"inLanguage\":\"cs\"},{\"@type\":\"WebPage\",\"@id\":\"https:\/\/digitwin-ce.com\/biznis-oblasti\/business-kritickost-komponentov-organizacie\/#webpage\",\"url\":\"https:\/\/digitwin-ce.com\/biznis-oblasti\/business-kritickost-komponentov-organizacie\/\",\"name\":\"Business kritickos\u0165 komponentov organiz\u00e1cie - digitWin\",\"isPartOf\":{\"@id\":\"https:\/\/www.digitwin-ce.com\/#website\"},\"datePublished\":\"2021-03-10T15:08:30+00:00\",\"dateModified\":\"2021-03-10T17:54:22+00:00\",\"description\":\"Identifikujte kritick\u00e9 komponenty Va\u0161ej organiz\u00e1cie a\u202fvyu\u017eite ich pre podporenie rastu va\u0161ej organiz\u00e1cie.\",\"breadcrumb\":{\"@id\":\"https:\/\/digitwin-ce.com\/biznis-oblasti\/business-kritickost-komponentov-organizacie\/#breadcrumb\"},\"inLanguage\":\"cs\",\"potentialAction\":[{\"@type\":\"ReadAction\",\"target\":[\"https:\/\/digitwin-ce.com\/biznis-oblasti\/business-kritickost-komponentov-organizacie\/\"]}]},{\"@type\":\"BreadcrumbList\",\"@id\":\"https:\/\/digitwin-ce.com\/biznis-oblasti\/business-kritickost-komponentov-organizacie\/#breadcrumb\",\"itemListElement\":[{\"@type\":\"ListItem\",\"position\":1,\"name\":\"Domovsk\u00e1 str\u00e1nka\",\"item\":\"https:\/\/www.digitwin-ce.com\/\"},{\"@type\":\"ListItem\",\"position\":2,\"name\":\"Biznis oblasti\",\"item\":\"https:\/\/www.digitwin-ce.com\/biznis-oblasti\/\"},{\"@type\":\"ListItem\",\"position\":3,\"name\":\"Business kritickos\u0165 komponentov organiz\u00e1cie\"}]}]}<\/script>\n<!-- \/ Yoast SEO plugin. -->","yoast_head_json":{"title":"Business kritickos\u0165 komponentov organiz\u00e1cie - digitWin","description":"Identifikujte kritick\u00e9 komponenty Va\u0161ej organiz\u00e1cie a\u202fvyu\u017eite ich pre podporenie rastu va\u0161ej organiz\u00e1cie.","robots":{"index":"index","follow":"follow","max-snippet":"max-snippet:-1","max-image-preview":"max-image-preview:large","max-video-preview":"max-video-preview:-1"},"canonical":"https:\/\/digitwin-ce.com\/biznis-oblasti\/business-kritickost-komponentov-organizacie\/","og_locale":"cs_CZ","og_type":"article","og_title":"Business kritickos\u0165 komponentov organiz\u00e1cie - digitWin","og_description":"Identifikujte kritick\u00e9 komponenty Va\u0161ej organiz\u00e1cie a\u202fvyu\u017eite ich pre podporenie rastu va\u0161ej organiz\u00e1cie.","og_url":"https:\/\/digitwin-ce.com\/biznis-oblasti\/business-kritickost-komponentov-organizacie\/","og_site_name":"digitWin","article_modified_time":"2021-03-10T17:54:22+00:00","twitter_card":"summary_large_image","twitter_misc":{"Odhadovan\u00e1 doba \u010dten\u00ed":"1 minuta"},"schema":{"@context":"https:\/\/schema.org","@graph":[{"@type":"Organization","@id":"https:\/\/www.digitwin-ce.com\/#organization","name":"digitWin, s.r.o.","url":"https:\/\/www.digitwin-ce.com\/","sameAs":["https:\/\/www.linkedin.com\/company\/digitwin-ce\/about\/"],"logo":{"@type":"ImageObject","@id":"https:\/\/www.digitwin-ce.com\/#logo","inLanguage":"cs","url":"https:\/\/www.digitwin-ce.com\/wp-content\/uploads\/2021\/03\/digitWin_logo_small.png","contentUrl":"https:\/\/www.digitwin-ce.com\/wp-content\/uploads\/2021\/03\/digitWin_logo_small.png","width":410,"height":200,"caption":"digitWin, s.r.o."},"image":{"@id":"https:\/\/www.digitwin-ce.com\/#logo"}},{"@type":"WebSite","@id":"https:\/\/www.digitwin-ce.com\/#website","url":"https:\/\/www.digitwin-ce.com\/","name":"digitWin","description":"holistick\u00e1 architekt\u00fara \/ enterprise n\u00e1stroj \/ rie\u0161enie","publisher":{"@id":"https:\/\/www.digitwin-ce.com\/#organization"},"potentialAction":[{"@type":"SearchAction","target":{"@type":"EntryPoint","urlTemplate":"https:\/\/www.digitwin-ce.com\/?s={search_term_string}"},"query-input":"required name=search_term_string"}],"inLanguage":"cs"},{"@type":"WebPage","@id":"https:\/\/digitwin-ce.com\/biznis-oblasti\/business-kritickost-komponentov-organizacie\/#webpage","url":"https:\/\/digitwin-ce.com\/biznis-oblasti\/business-kritickost-komponentov-organizacie\/","name":"Business kritickos\u0165 komponentov organiz\u00e1cie - digitWin","isPartOf":{"@id":"https:\/\/www.digitwin-ce.com\/#website"},"datePublished":"2021-03-10T15:08:30+00:00","dateModified":"2021-03-10T17:54:22+00:00","description":"Identifikujte kritick\u00e9 komponenty Va\u0161ej organiz\u00e1cie a\u202fvyu\u017eite ich pre podporenie rastu va\u0161ej organiz\u00e1cie.","breadcrumb":{"@id":"https:\/\/digitwin-ce.com\/biznis-oblasti\/business-kritickost-komponentov-organizacie\/#breadcrumb"},"inLanguage":"cs","potentialAction":[{"@type":"ReadAction","target":["https:\/\/digitwin-ce.com\/biznis-oblasti\/business-kritickost-komponentov-organizacie\/"]}]},{"@type":"BreadcrumbList","@id":"https:\/\/digitwin-ce.com\/biznis-oblasti\/business-kritickost-komponentov-organizacie\/#breadcrumb","itemListElement":[{"@type":"ListItem","position":1,"name":"Domovsk\u00e1 str\u00e1nka","item":"https:\/\/www.digitwin-ce.com\/"},{"@type":"ListItem","position":2,"name":"Biznis oblasti","item":"https:\/\/www.digitwin-ce.com\/biznis-oblasti\/"},{"@type":"ListItem","position":3,"name":"Business kritickos\u0165 komponentov organiz\u00e1cie"}]}]}},"_links":{"self":[{"href":"https:\/\/www.digitwin-ce.com\/cz\/wp-json\/wp\/v2\/pages\/3260"}],"collection":[{"href":"https:\/\/www.digitwin-ce.com\/cz\/wp-json\/wp\/v2\/pages"}],"about":[{"href":"https:\/\/www.digitwin-ce.com\/cz\/wp-json\/wp\/v2\/types\/page"}],"author":[{"embeddable":true,"href":"https:\/\/www.digitwin-ce.com\/cz\/wp-json\/wp\/v2\/users\/1"}],"replies":[{"embeddable":true,"href":"https:\/\/www.digitwin-ce.com\/cz\/wp-json\/wp\/v2\/comments?post=3260"}],"version-history":[{"count":1,"href":"https:\/\/www.digitwin-ce.com\/cz\/wp-json\/wp\/v2\/pages\/3260\/revisions"}],"predecessor-version":[{"id":3261,"href":"https:\/\/www.digitwin-ce.com\/cz\/wp-json\/wp\/v2\/pages\/3260\/revisions\/3261"}],"up":[{"embeddable":true,"href":"https:\/\/www.digitwin-ce.com\/cz\/wp-json\/wp\/v2\/pages\/7"}],"wp:attachment":[{"href":"https:\/\/www.digitwin-ce.com\/cz\/wp-json\/wp\/v2\/media?parent=3260"}],"curies":[{"name":"wp","href":"https:\/\/api.w.org\/{rel}","templated":true}]}}