{"id":3257,"date":"2021-03-10T15:02:06","date_gmt":"2021-03-10T15:02:06","guid":{"rendered":"https:\/\/www.digitwin-ce.com\/?page_id=3257"},"modified":"2021-03-10T18:03:45","modified_gmt":"2021-03-10T18:03:45","slug":"podpora-vykonavania-zmien-kontrolovanym-sposobom","status":"publish","type":"page","link":"https:\/\/www.digitwin-ce.com\/cz\/byznys-oblasti\/podpora-realizace-zmen-kontrolovanym-zpusobem\/","title":{"rendered":"Podpora realizace zm\u011bn kontrolovan\u00fdm zp\u016fsobem"},"content":{"rendered":"<h1 class=\"has-text-align-center ba-title\"><strong>Podpora realizace zm\u011bn kontrolovan\u00fdm zp\u016fsobem<\/strong><\/h1>\n\n\n\n<h4 class=\"highlighted-subtitle mb-7\"><strong><em>Realizujte zm\u011bny ve Va\u0161\u00ed organizaci kontrolovanc\u00fdm zp\u016fsobem, efektivn\u011b, s redukc\u00ed bezpe\u010dnostn\u00edch hrozeb a jistotou jejich \u00fasp\u011b\u0161nost\u00ed.<\/em><\/strong><\/h4>\n\n\n\n<div class=\"wp-block-columns\">\n<div class=\"wp-block-column hover-cart\">\n<h2 class=\"has-text-align-center\"><strong>Kl\u00ed\u010dov\u00e9 v\u00fdzvy<\/strong><\/h2>\n\n\n\n<p class=\"custom-list has-text-align-center\"><i class=\"fa fa-check\"><\/i> doch\u00e1z\u00ed k ne\u017e\u00e1douc\u00edm a n\u00e1kladn\u00fdm zm\u011bn\u00e1m<\/p>\n\n\n\n<p class=\"custom-list has-text-align-center\">\u202f<i class=\"fa fa-check\"><\/i> zm\u011bny jsou neefektivn\u00ed a nedostate\u010dn\u011b uspokojiv\u00e9<\/p>\n\n\n\n<p class=\"custom-list has-text-align-center\"><i class=\"fa fa-check\"><\/i> vznikaj\u00ed bezpe\u010dnostn\u00ed rizika, kter\u00e9 mohou vy\u00fastit do selh\u00e1n\u00ed transformace<\/p>\n<\/div>\n\n\n\n<div class=\"wp-block-column hover-cart\">\n<h2 class=\"has-text-align-center\"><strong>Dosa\u017een\u00e9 c\u00edle<\/strong><\/h2>\n\n\n\n<p class=\"custom-list has-text-align-center\"><i class=\"fa fa-check\"><\/i> dosa\u017een\u00ed \u017e\u00e1douc\u00edch zm\u011bn efektivn\u00edm zp\u016fsobem<\/p>\n\n\n\n<p class=\"custom-list has-text-align-center\"><i class=\"fa fa-check\"><\/i> redukce bezpe\u010dnostn\u00edch hrozeb<\/p>\n\n\n\n<p class=\"custom-list has-text-align-center\"><i class=\"fa fa-check\"><\/i> eliminace vzniku zn\u00e1m\u00fdch rizik<\/p>\n\n\n\n<p><\/p>\n<\/div>\n<\/div>\n\n\n\n<p class=\"aligne-middle\">Organizace s p\u0159ib\u00fdvaj\u00edc\u00edm \u010dasem p\u016fsoben\u00ed na trhu rostou, roz\u0161i\u0159uj\u00ed se a zv\u011bt\u0161uj\u00ed sv\u00e9 portfolio. R\u016fst v\u0161ak vy\u017eaduje, aby byla organizace v neust\u00e1l\u00e9m kontaktu s aktu\u00e1ln\u00edmi standardy, trendy a popt\u00e1vkou trhu, aby dok\u00e1zala vytv\u00e1\u0159et po\u017eadovan\u00e9 produkty a slu\u017eby. Z tohoto d\u016fvodu je t\u0159eba na z\u00e1klad\u011b relevantn\u00edch anal\u00fdz prov\u00e1d\u011bt neust\u00e1l\u00e9 zm\u011bny v r\u00e1mci organizace, a to na r\u016fzn\u00fdch \u00farovn\u00edch. Pokud v\u0161ak nejsou zm\u011bny \u0159\u00edzeny a pod kontrolou, zp\u016fsobuje to \u017ee doch\u00e1z\u00ed k ne\u017e\u00e1douc\u00edm a n\u00e1kladn\u00fdm zm\u011bn\u00e1m, jsou zm\u011bny neefektivn\u00ed a nedostate\u010dn\u011b uspokojiv\u00e9, vznikaj\u00ed bezpe\u010dnostn\u00ed rizika, kter\u00e9 mohou vy\u00fastit do selh\u00e1n\u00ed transformace.<\/p>\n\n\n\n<p class=\"UC-desc aligne-middle\">Ka\u017ed\u00e1 digit\u00e1ln\u00ed transformace v organizac\u00ed p\u0159edstavuje v\u00fdzvu, kter\u00e1 s sebou p\u0159in\u00e1\u0161\u00ed zna\u010dn\u00e1 rizika. Pro p\u0159ezkoum\u00e1vaj\u00ed t\u011bchto rizik je t\u0159eba zav\u00e9st takov\u00e9 prost\u0159edky, kter\u00e9 napom\u00e1haj\u00ed k odhalen\u00ed v\u0161ech z\u00e1vislosti prov\u00e1d\u011bn\u00fdch zm\u011bn. Tyto z\u00e1vislost\u00ed je mo\u017en\u00e9 uchov\u00e1vat, analyzovat a vyhodnocovat v podob\u011b digit\u00e1ln\u00edho dvoj\u010dete organizace.<\/p>\n\n\n\n\n\t<div class='ngg-imagebrowser default-view'\n         id='ngg-imagebrowser-d1c14539b9cf740704035fa6bb3310ac-3257'\n         data-nextgen-gallery-id=\"d1c14539b9cf740704035fa6bb3310ac\">\n\n        <h3>Change Design  Overview<\/h3>\n\n\t\t<div id=\"ngg-image-0\" class=\"pic\" >\n        \n        <a href='https:\/\/www.digitwin-ce.com\/wp-content\/gallery\/podvykzm\/Change-Design-Overview.png'\n           title=' '\n           data-src=\"https:\/\/www.digitwin-ce.com\/wp-content\/gallery\/podvykzm\/Change-Design-Overview.png\"\n           data-thumbnail=\"https:\/\/www.digitwin-ce.com\/wp-content\/gallery\/podvykzm\/thumbs\/thumbs_Change-Design-Overview.png\"\n           data-image-id=\"77\"\n           data-title=\"Change Design  Overview\"\n           data-description=\" \"\n           class=\"ngg-simplelightbox\" rel=\"d1c14539b9cf740704035fa6bb3310ac\">\n            <img title='Change Design  Overview'\n                 alt='Change Design  Overview'\n                 src='https:\/\/www.digitwin-ce.com\/wp-content\/gallery\/podvykzm\/Change-Design-Overview.png'\/>\n        <\/a>\n\t    \n        <\/div> \n\n        <div class='ngg-imagebrowser-nav'>\n\n            <div class='back'>\n                <a class='ngg-browser-prev'\n                   id='ngg-prev-76'\n                   href='https:\/\/www.digitwin-ce.com\/cz\/byznys-oblasti\/podpora-realizace-zmen-kontrolovanym-zpusobem\/nggallery\/image\/project-roadmap-3\/'>\n                    <i class=\"fa fa-chevron-left\" aria-hidden=\"true\"><\/i>\n                <\/a>\n            <\/div>\n\n            <div class='next'>\n                <a class='ngg-browser-next'\n                   id='ngg-next-75'\n                   href='https:\/\/www.digitwin-ce.com\/cz\/byznys-oblasti\/podpora-realizace-zmen-kontrolovanym-zpusobem\/nggallery\/image\/risk-heat-map-1\/'>\n                    <i class=\"fa fa-chevron-right\" aria-hidden=\"true\"><\/i>\n                <\/a>\n            <\/div>\n\n            <div class='counter'>\n                Obr\u00e1zek                1                z                3            <\/div>\n\n            <div class='ngg-imagebrowser-desc'>\n                <p> <\/p>\n            <\/div>\n\n        <\/div>\n    <\/div>\n\n\n\n\n\n<p><\/p>","protected":false},"excerpt":{"rendered":"<p>Podpora vykon\u00e1vania zmien kontrolovan\u00fdm sp\u00f4sobom Realizujte zmeny vo va\u0161ej organiz\u00e1ci\u00ed kontrolovan\u00fdm sp\u00f4sobom, efekt\u00edvne, s\u202fredukciou bezpe\u010dnostn\u00fdch hrozieb a\u202fs\u202fistotou ich \u00faspe\u0161nosti. K\u013e\u00fa\u010dov\u00e9 v\u00fdzvy doch\u00e1dza k\u202fne\u017eelan\u00fdm a\u202fn\u00e1kladn\u00fdm zmen\u00e1m \u202f zmeny s\u00fa neefekt\u00edvne a\u202fnedostato\u010dne uspokojiv\u00e9 vznikaj\u00fa bezpe\u010dnostn\u00e9 rizik\u00e1, ktor\u00e9 m\u00f4\u017eu vy\u00fasti\u0165 do zlyhania transform\u00e1cie Dosiahnut\u00e9 ciele dosiahnutie \u017eelan\u00fdch zmien efekt\u00edvnym sp\u00f4sobom redukcia bezpe\u010dnostn\u00fdch hrozieb elimin\u00e1cia vzniku zn\u00e1mych riz\u00edk Organiz\u00e1cie &hellip;<\/p>\n<p class=\"read-more\"> <a class=\"\" href=\"https:\/\/www.digitwin-ce.com\/cz\/byznys-oblasti\/podpora-realizace-zmen-kontrolovanym-zpusobem\/\"> <span class=\"screen-reader-text\">Podpora realizace zm\u011bn kontrolovan\u00fdm zp\u016fsobem<\/span> Pokra\u010dovat ve \u010dten\u00ed &raquo;<\/a><\/p>","protected":false},"author":1,"featured_media":0,"parent":7,"menu_order":0,"comment_status":"closed","ping_status":"closed","template":"","meta":{"_mi_skip_tracking":false,"ngg_post_thumbnail":0},"yoast_head":"<!-- This site is optimized with the Yoast SEO plugin v18.2 - https:\/\/yoast.com\/wordpress\/plugins\/seo\/ -->\n<title>Podpora vykon\u00e1vania zmien kontrolovan\u00fdm sp\u00f4sobom - digitWin<\/title>\n<meta name=\"description\" content=\"Realizujte zmeny vo va\u0161ej organiz\u00e1ci\u00ed kontrolovan\u00fdm sp\u00f4sobom, efekt\u00edvne, s\u202fredukciou bezpe\u010dnostn\u00fdch hrozieb a\u202fs\u202fistotou ich \u00faspe\u0161nosti.\" \/>\n<meta name=\"robots\" content=\"index, follow, max-snippet:-1, max-image-preview:large, max-video-preview:-1\" \/>\n<link rel=\"canonical\" href=\"https:\/\/digitwin-ce.com\/biznis-oblasti\/podpora-vykonavania-zmien-kontrolovanym-sposobom\/\" \/>\n<meta property=\"og:locale\" content=\"cs_CZ\" \/>\n<meta property=\"og:type\" content=\"article\" \/>\n<meta property=\"og:title\" content=\"Podpora vykon\u00e1vania zmien kontrolovan\u00fdm sp\u00f4sobom - digitWin\" \/>\n<meta property=\"og:description\" content=\"Realizujte zmeny vo va\u0161ej organiz\u00e1ci\u00ed kontrolovan\u00fdm sp\u00f4sobom, efekt\u00edvne, s\u202fredukciou bezpe\u010dnostn\u00fdch hrozieb a\u202fs\u202fistotou ich \u00faspe\u0161nosti.\" \/>\n<meta property=\"og:url\" content=\"https:\/\/digitwin-ce.com\/biznis-oblasti\/podpora-vykonavania-zmien-kontrolovanym-sposobom\/\" \/>\n<meta property=\"og:site_name\" content=\"digitWin\" \/>\n<meta property=\"article:modified_time\" content=\"2021-03-10T18:03:45+00:00\" \/>\n<meta name=\"twitter:card\" content=\"summary_large_image\" \/>\n<meta name=\"twitter:label1\" content=\"Odhadovan\u00e1 doba \u010dten\u00ed\" \/>\n\t<meta name=\"twitter:data1\" content=\"1 minuta\" \/>\n<script type=\"application\/ld+json\" class=\"yoast-schema-graph\">{\"@context\":\"https:\/\/schema.org\",\"@graph\":[{\"@type\":\"Organization\",\"@id\":\"https:\/\/www.digitwin-ce.com\/#organization\",\"name\":\"digitWin, s.r.o.\",\"url\":\"https:\/\/www.digitwin-ce.com\/\",\"sameAs\":[\"https:\/\/www.linkedin.com\/company\/digitwin-ce\/about\/\"],\"logo\":{\"@type\":\"ImageObject\",\"@id\":\"https:\/\/www.digitwin-ce.com\/#logo\",\"inLanguage\":\"cs\",\"url\":\"https:\/\/www.digitwin-ce.com\/wp-content\/uploads\/2021\/03\/digitWin_logo_small.png\",\"contentUrl\":\"https:\/\/www.digitwin-ce.com\/wp-content\/uploads\/2021\/03\/digitWin_logo_small.png\",\"width\":410,\"height\":200,\"caption\":\"digitWin, s.r.o.\"},\"image\":{\"@id\":\"https:\/\/www.digitwin-ce.com\/#logo\"}},{\"@type\":\"WebSite\",\"@id\":\"https:\/\/www.digitwin-ce.com\/#website\",\"url\":\"https:\/\/www.digitwin-ce.com\/\",\"name\":\"digitWin\",\"description\":\"holistick\u00e1 architekt\u00fara \/ enterprise n\u00e1stroj \/ rie\u0161enie\",\"publisher\":{\"@id\":\"https:\/\/www.digitwin-ce.com\/#organization\"},\"potentialAction\":[{\"@type\":\"SearchAction\",\"target\":{\"@type\":\"EntryPoint\",\"urlTemplate\":\"https:\/\/www.digitwin-ce.com\/?s={search_term_string}\"},\"query-input\":\"required name=search_term_string\"}],\"inLanguage\":\"cs\"},{\"@type\":\"WebPage\",\"@id\":\"https:\/\/digitwin-ce.com\/biznis-oblasti\/podpora-vykonavania-zmien-kontrolovanym-sposobom\/#webpage\",\"url\":\"https:\/\/digitwin-ce.com\/biznis-oblasti\/podpora-vykonavania-zmien-kontrolovanym-sposobom\/\",\"name\":\"Podpora vykon\u00e1vania zmien kontrolovan\u00fdm sp\u00f4sobom - digitWin\",\"isPartOf\":{\"@id\":\"https:\/\/www.digitwin-ce.com\/#website\"},\"datePublished\":\"2021-03-10T15:02:06+00:00\",\"dateModified\":\"2021-03-10T18:03:45+00:00\",\"description\":\"Realizujte zmeny vo va\u0161ej organiz\u00e1ci\u00ed kontrolovan\u00fdm sp\u00f4sobom, efekt\u00edvne, s\u202fredukciou bezpe\u010dnostn\u00fdch hrozieb a\u202fs\u202fistotou ich \u00faspe\u0161nosti.\",\"breadcrumb\":{\"@id\":\"https:\/\/digitwin-ce.com\/biznis-oblasti\/podpora-vykonavania-zmien-kontrolovanym-sposobom\/#breadcrumb\"},\"inLanguage\":\"cs\",\"potentialAction\":[{\"@type\":\"ReadAction\",\"target\":[\"https:\/\/digitwin-ce.com\/biznis-oblasti\/podpora-vykonavania-zmien-kontrolovanym-sposobom\/\"]}]},{\"@type\":\"BreadcrumbList\",\"@id\":\"https:\/\/digitwin-ce.com\/biznis-oblasti\/podpora-vykonavania-zmien-kontrolovanym-sposobom\/#breadcrumb\",\"itemListElement\":[{\"@type\":\"ListItem\",\"position\":1,\"name\":\"Domovsk\u00e1 str\u00e1nka\",\"item\":\"https:\/\/www.digitwin-ce.com\/\"},{\"@type\":\"ListItem\",\"position\":2,\"name\":\"Biznis oblasti\",\"item\":\"https:\/\/www.digitwin-ce.com\/biznis-oblasti\/\"},{\"@type\":\"ListItem\",\"position\":3,\"name\":\"Podpora vykon\u00e1vania zmien kontrolovan\u00fdm sp\u00f4sobom\"}]}]}<\/script>\n<!-- \/ Yoast SEO plugin. -->","yoast_head_json":{"title":"Podpora vykon\u00e1vania zmien kontrolovan\u00fdm sp\u00f4sobom - digitWin","description":"Realizujte zmeny vo va\u0161ej organiz\u00e1ci\u00ed kontrolovan\u00fdm sp\u00f4sobom, efekt\u00edvne, s\u202fredukciou bezpe\u010dnostn\u00fdch hrozieb a\u202fs\u202fistotou ich \u00faspe\u0161nosti.","robots":{"index":"index","follow":"follow","max-snippet":"max-snippet:-1","max-image-preview":"max-image-preview:large","max-video-preview":"max-video-preview:-1"},"canonical":"https:\/\/digitwin-ce.com\/biznis-oblasti\/podpora-vykonavania-zmien-kontrolovanym-sposobom\/","og_locale":"cs_CZ","og_type":"article","og_title":"Podpora vykon\u00e1vania zmien kontrolovan\u00fdm sp\u00f4sobom - digitWin","og_description":"Realizujte zmeny vo va\u0161ej organiz\u00e1ci\u00ed kontrolovan\u00fdm sp\u00f4sobom, efekt\u00edvne, s\u202fredukciou bezpe\u010dnostn\u00fdch hrozieb a\u202fs\u202fistotou ich \u00faspe\u0161nosti.","og_url":"https:\/\/digitwin-ce.com\/biznis-oblasti\/podpora-vykonavania-zmien-kontrolovanym-sposobom\/","og_site_name":"digitWin","article_modified_time":"2021-03-10T18:03:45+00:00","twitter_card":"summary_large_image","twitter_misc":{"Odhadovan\u00e1 doba \u010dten\u00ed":"1 minuta"},"schema":{"@context":"https:\/\/schema.org","@graph":[{"@type":"Organization","@id":"https:\/\/www.digitwin-ce.com\/#organization","name":"digitWin, s.r.o.","url":"https:\/\/www.digitwin-ce.com\/","sameAs":["https:\/\/www.linkedin.com\/company\/digitwin-ce\/about\/"],"logo":{"@type":"ImageObject","@id":"https:\/\/www.digitwin-ce.com\/#logo","inLanguage":"cs","url":"https:\/\/www.digitwin-ce.com\/wp-content\/uploads\/2021\/03\/digitWin_logo_small.png","contentUrl":"https:\/\/www.digitwin-ce.com\/wp-content\/uploads\/2021\/03\/digitWin_logo_small.png","width":410,"height":200,"caption":"digitWin, s.r.o."},"image":{"@id":"https:\/\/www.digitwin-ce.com\/#logo"}},{"@type":"WebSite","@id":"https:\/\/www.digitwin-ce.com\/#website","url":"https:\/\/www.digitwin-ce.com\/","name":"digitWin","description":"holistick\u00e1 architekt\u00fara \/ enterprise n\u00e1stroj \/ rie\u0161enie","publisher":{"@id":"https:\/\/www.digitwin-ce.com\/#organization"},"potentialAction":[{"@type":"SearchAction","target":{"@type":"EntryPoint","urlTemplate":"https:\/\/www.digitwin-ce.com\/?s={search_term_string}"},"query-input":"required name=search_term_string"}],"inLanguage":"cs"},{"@type":"WebPage","@id":"https:\/\/digitwin-ce.com\/biznis-oblasti\/podpora-vykonavania-zmien-kontrolovanym-sposobom\/#webpage","url":"https:\/\/digitwin-ce.com\/biznis-oblasti\/podpora-vykonavania-zmien-kontrolovanym-sposobom\/","name":"Podpora vykon\u00e1vania zmien kontrolovan\u00fdm sp\u00f4sobom - digitWin","isPartOf":{"@id":"https:\/\/www.digitwin-ce.com\/#website"},"datePublished":"2021-03-10T15:02:06+00:00","dateModified":"2021-03-10T18:03:45+00:00","description":"Realizujte zmeny vo va\u0161ej organiz\u00e1ci\u00ed kontrolovan\u00fdm sp\u00f4sobom, efekt\u00edvne, s\u202fredukciou bezpe\u010dnostn\u00fdch hrozieb a\u202fs\u202fistotou ich \u00faspe\u0161nosti.","breadcrumb":{"@id":"https:\/\/digitwin-ce.com\/biznis-oblasti\/podpora-vykonavania-zmien-kontrolovanym-sposobom\/#breadcrumb"},"inLanguage":"cs","potentialAction":[{"@type":"ReadAction","target":["https:\/\/digitwin-ce.com\/biznis-oblasti\/podpora-vykonavania-zmien-kontrolovanym-sposobom\/"]}]},{"@type":"BreadcrumbList","@id":"https:\/\/digitwin-ce.com\/biznis-oblasti\/podpora-vykonavania-zmien-kontrolovanym-sposobom\/#breadcrumb","itemListElement":[{"@type":"ListItem","position":1,"name":"Domovsk\u00e1 str\u00e1nka","item":"https:\/\/www.digitwin-ce.com\/"},{"@type":"ListItem","position":2,"name":"Biznis oblasti","item":"https:\/\/www.digitwin-ce.com\/biznis-oblasti\/"},{"@type":"ListItem","position":3,"name":"Podpora vykon\u00e1vania zmien kontrolovan\u00fdm sp\u00f4sobom"}]}]}},"_links":{"self":[{"href":"https:\/\/www.digitwin-ce.com\/cz\/wp-json\/wp\/v2\/pages\/3257"}],"collection":[{"href":"https:\/\/www.digitwin-ce.com\/cz\/wp-json\/wp\/v2\/pages"}],"about":[{"href":"https:\/\/www.digitwin-ce.com\/cz\/wp-json\/wp\/v2\/types\/page"}],"author":[{"embeddable":true,"href":"https:\/\/www.digitwin-ce.com\/cz\/wp-json\/wp\/v2\/users\/1"}],"replies":[{"embeddable":true,"href":"https:\/\/www.digitwin-ce.com\/cz\/wp-json\/wp\/v2\/comments?post=3257"}],"version-history":[{"count":1,"href":"https:\/\/www.digitwin-ce.com\/cz\/wp-json\/wp\/v2\/pages\/3257\/revisions"}],"predecessor-version":[{"id":3258,"href":"https:\/\/www.digitwin-ce.com\/cz\/wp-json\/wp\/v2\/pages\/3257\/revisions\/3258"}],"up":[{"embeddable":true,"href":"https:\/\/www.digitwin-ce.com\/cz\/wp-json\/wp\/v2\/pages\/7"}],"wp:attachment":[{"href":"https:\/\/www.digitwin-ce.com\/cz\/wp-json\/wp\/v2\/media?parent=3257"}],"curies":[{"name":"wp","href":"https:\/\/api.w.org\/{rel}","templated":true}]}}