{"id":3251,"date":"2021-03-10T14:28:10","date_gmt":"2021-03-10T14:28:10","guid":{"rendered":"https:\/\/www.digitwin-ce.com\/?page_id=3251"},"modified":"2021-03-10T18:05:24","modified_gmt":"2021-03-10T18:05:24","slug":"racionalizacia-produktoveho-portfolia","status":"publish","type":"page","link":"https:\/\/www.digitwin-ce.com\/cz\/byznys-oblasti\/racionalizace-produktoveho-portfolia\/","title":{"rendered":"Racionalizace produktov\u00e9ho portfolia"},"content":{"rendered":"<h1 class=\"has-text-align-center ba-title\"><strong>Racionalizace produktov\u00e9ho portfolia<\/strong><\/h1>\n\n\n\n<h4 class=\"highlighted-subtitle mb-7\"><strong><em>Dod\u00e1vejte Va\u0161im z\u00e1kazn\u00edk\u016fm relevantn\u00ed produkty a slu\u017eby, kter\u00e9 budou napl\u0148ovat jejich pot\u0159eby a o\u010dek\u00e1v\u00e1n\u00ed.<\/em><\/strong><\/h4>\n\n\n\n<div class=\"wp-block-columns\">\n<div class=\"wp-block-column hover-cart\">\n<h2 class=\"has-text-align-center\"><strong>Kl\u00ed\u010dov\u00e9 v\u00fdzvy<\/strong><\/h2>\n\n\n\n<p class=\"custom-list has-text-align-center\"><i class=\"fa fa-check\"><\/i> jsou dod\u00e1van\u00e9 produkty a slu\u017eby, o kter\u00e9 nen\u00ed z\u00e1jem ze strany z\u00e1kazn\u00edk\u016f<\/p>\n\n\n\n<p class=\"custom-list has-text-align-center\"><i class=\"fa fa-check\"><\/i> z\u00e1kazn\u00edci jsou nespokojeni s poskytovan\u00fdmi produkty a slu\u017ebami<\/p>\n\n\n\n<p class=\"custom-list has-text-align-center\"><i class=\"fa fa-check\"><\/i> doch\u00e1z\u00ed k nesouladu v souvisej\u00edc\u00edch produktech a slu\u017eb\u00e1ch<\/p>\n<\/div>\n\n\n\n<div class=\"wp-block-column hover-cart\">\n<h2 class=\"has-text-align-center\"><strong>Dosa\u017een\u00e9 c\u00edle<\/strong><\/h2>\n\n\n\n<p class=\"custom-list has-text-align-center\"><i class=\"fa fa-check\"><\/i> dod\u00e1v\u00e1n\u00ed pouze relevantn\u00edch produkt\u016f a slu\u017eeb<\/p>\n\n\n\n<p class=\"custom-list has-text-align-center\"><i class=\"fa fa-check\"><\/i> uspokojen\u00ed pot\u0159eb z\u00e1kazn\u00edk\u016f<\/p>\n\n\n\n<p><\/p>\n<\/div>\n<\/div>\n\n\n\n<p class=\"aligne-middle\">Produkty a slu\u017eby jsou nejd\u016fle\u017eit\u011bj\u0161\u00edm prvkem organizace, kter\u00e9 generuj\u00ed finan\u010dn\u00ed p\u0159\u00edjmy nezbytn\u00e9 pro chod a r\u016fst organizace. Na druh\u00e9 stran\u011b vystupuje z\u00e1kazn\u00edk, kter\u00fd je ochoten za tyto produkty a slu\u017eby zaplatit, proto\u017ee mu p\u0159inesou vy\u0161\u0161\u00ed p\u0159idanou hodnotu. Pokud v\u0161ak nen\u00ed produktov\u00e9 portfolio vytv\u00e1\u0159eny korektn\u011b, neust\u00e1le analyzov\u00e1ny a upravov\u00e1ny doch\u00e1z\u00ed k tomu, \u017ee jsou dod\u00e1v\u00e1ny produkty a slu\u017eby, o kter\u00e9 nen\u00ed z\u00e1jem ze strany z\u00e1kazn\u00edk\u016f, z\u00e1kazn\u00edci jsou nespokojeni s poskytovan\u00fdmi produkty a slu\u017ebami, doch\u00e1z\u00ed k nesouladu v souvisej\u00edc\u00edch produktech a slu\u017eb\u00e1ch .<\/p>\n\n\n\n<p class=\"UC-desc aligne-middle\">Digit\u00e1ln\u00ed dvoj\u010de organizace, ve kter\u00e9m jsou pops\u00e1ny nab\u00edzen\u00e9 produkty, jejich slu\u017eby, v\u0161echny dal\u0161\u00ed relevantn\u00ed komponenty spolu s jejich z\u00e1vislostmi, byznys c\u00edle a motiv\u00e1tor um\u00ed p\u0159in\u00e9st nov\u00e9 pohledy umo\u017e\u0148uj\u00edc\u00ed odhalit aktu\u00e1ln\u00ed nedostatky, \u010di n\u00e1vrhy na zlep\u0161en\u00ed. Tato data je nav\u00edc mo\u017en\u00e9 roz\u0161\u00ed\u0159it o metriky z\u00e1kaznick\u00e9ho z\u00e1\u017eitku, co\u017e umo\u017en\u00ed p\u0159ipravit takov\u00e9 produktov\u00e9 portfolio, kter\u00e9 v co mo\u017en\u00e1 nejv\u011bt\u0161\u00ed m\u00ed\u0159e spl\u0148uje po\u017eadavky z\u00e1kazn\u00edk\u016f.<\/p>\n\n\n\n\n\t<div class='ngg-imagebrowser default-view'\n         id='ngg-imagebrowser-70ac0a5ab056eade3a93399bd6fbcc28-3251'\n         data-nextgen-gallery-id=\"70ac0a5ab056eade3a93399bd6fbcc28\">\n\n        <h3>Balanced Scorecard<\/h3>\n\n\t\t<div id=\"ngg-image-0\" class=\"pic\" >\n        \n        <a href='https:\/\/www.digitwin-ce.com\/wp-content\/gallery\/racprodpo\/Balanced-Scorecard.png'\n           title=' '\n           data-src=\"https:\/\/www.digitwin-ce.com\/wp-content\/gallery\/racprodpo\/Balanced-Scorecard.png\"\n           data-thumbnail=\"https:\/\/www.digitwin-ce.com\/wp-content\/gallery\/racprodpo\/thumbs\/thumbs_Balanced-Scorecard.png\"\n           data-image-id=\"69\"\n           data-title=\"Balanced Scorecard\"\n           data-description=\" \"\n           class=\"ngg-simplelightbox\" rel=\"70ac0a5ab056eade3a93399bd6fbcc28\">\n            <img title='Balanced Scorecard'\n                 alt='Balanced Scorecard'\n                 src='https:\/\/www.digitwin-ce.com\/wp-content\/gallery\/racprodpo\/Balanced-Scorecard.png'\/>\n        <\/a>\n\t    \n        <\/div> \n\n        <div class='ngg-imagebrowser-nav'>\n\n            <div class='back'>\n                <a class='ngg-browser-prev'\n                   id='ngg-prev-70'\n                   href='https:\/\/www.digitwin-ce.com\/cz\/byznys-oblasti\/racionalizace-produktoveho-portfolia\/nggallery\/image\/product-overview\/'>\n                    <i class=\"fa fa-chevron-left\" aria-hidden=\"true\"><\/i>\n                <\/a>\n            <\/div>\n\n            <div class='next'>\n                <a class='ngg-browser-next'\n                   id='ngg-next-68'\n                   href='https:\/\/www.digitwin-ce.com\/cz\/byznys-oblasti\/racionalizace-produktoveho-portfolia\/nggallery\/image\/business-motivation-model-2\/'>\n                    <i class=\"fa fa-chevron-right\" aria-hidden=\"true\"><\/i>\n                <\/a>\n            <\/div>\n\n            <div class='counter'>\n                Obr\u00e1zek                1                z                3            <\/div>\n\n            <div class='ngg-imagebrowser-desc'>\n                <p> <\/p>\n            <\/div>\n\n        <\/div>\n    <\/div>\n\n\n\n\n\n<p><\/p>","protected":false},"excerpt":{"rendered":"<p>Racionaliz\u00e1cia produktov\u00e9ho portf\u00f3lia Dod\u00e1vajte Va\u0161im z\u00e1kazn\u00edkom relevantn\u00e9 produkty a\u202fslu\u017eby, ktor\u00e9 bud\u00fa sp\u013a\u0148a\u0165 ich potreby a\u202fo\u010dak\u00e1vania. K\u013e\u00fa\u010dov\u00e9 v\u00fdzvy s\u00fa dod\u00e1van\u00e9 produkty \u202fslu\u017eby, o\u202fktor\u00e9 nie je z\u00e1ujem zo strany z\u00e1kazn\u00edkov z\u00e1kazn\u00edci s\u00fa nespokojn\u00ed s\u202fposkytovan\u00fdmi produktami a\u202fslu\u017ebami doch\u00e1dza k\u202fnes\u00faladu v\u202fs\u00favisiacich produktoch a\u202fslu\u017eb\u00e1ch Dosiahnut\u00e9 ciele dod\u00e1vanie len relevantn\u00fdch produktov a\u202fslu\u017eieb uspokojenie potrieb z\u00e1kazn\u00edkov Produkty a\u202fslu\u017eby s\u00fa najd\u00f4le\u017eitej\u0161\u00edm prvkom organiz\u00e1cie, &hellip;<\/p>\n<p class=\"read-more\"> <a class=\"\" href=\"https:\/\/www.digitwin-ce.com\/cz\/byznys-oblasti\/racionalizace-produktoveho-portfolia\/\"> <span class=\"screen-reader-text\">Racionalizace produktov\u00e9ho portfolia<\/span> Pokra\u010dovat ve \u010dten\u00ed &raquo;<\/a><\/p>","protected":false},"author":1,"featured_media":0,"parent":7,"menu_order":0,"comment_status":"closed","ping_status":"closed","template":"","meta":{"_mi_skip_tracking":false,"ngg_post_thumbnail":0},"yoast_head":"<!-- This site is optimized with the Yoast SEO plugin v18.2 - https:\/\/yoast.com\/wordpress\/plugins\/seo\/ -->\n<title>Racionaliz\u00e1cia produktov\u00e9ho portf\u00f3lia - digitWin<\/title>\n<meta name=\"description\" content=\"Dod\u00e1vajte Va\u0161im z\u00e1kazn\u00edkom relevantn\u00e9 produkty a\u202fslu\u017eby, ktor\u00e9 bud\u00fa sp\u013a\u0148a\u0165 ich potreby a\u202fo\u010dak\u00e1vania.\" \/>\n<meta name=\"robots\" content=\"index, follow, max-snippet:-1, max-image-preview:large, max-video-preview:-1\" \/>\n<link rel=\"canonical\" href=\"https:\/\/digitwin-ce.com\/biznis-oblasti\/racionalizacia-produktoveho-portfolia\/\" \/>\n<meta property=\"og:locale\" content=\"cs_CZ\" \/>\n<meta property=\"og:type\" content=\"article\" \/>\n<meta property=\"og:title\" content=\"Racionaliz\u00e1cia produktov\u00e9ho portf\u00f3lia - digitWin\" \/>\n<meta property=\"og:description\" content=\"Dod\u00e1vajte Va\u0161im z\u00e1kazn\u00edkom relevantn\u00e9 produkty a\u202fslu\u017eby, ktor\u00e9 bud\u00fa sp\u013a\u0148a\u0165 ich potreby a\u202fo\u010dak\u00e1vania.\" \/>\n<meta property=\"og:url\" content=\"https:\/\/digitwin-ce.com\/biznis-oblasti\/racionalizacia-produktoveho-portfolia\/\" \/>\n<meta property=\"og:site_name\" content=\"digitWin\" \/>\n<meta property=\"article:modified_time\" content=\"2021-03-10T18:05:24+00:00\" \/>\n<meta name=\"twitter:card\" content=\"summary_large_image\" \/>\n<meta name=\"twitter:label1\" content=\"Odhadovan\u00e1 doba \u010dten\u00ed\" \/>\n\t<meta name=\"twitter:data1\" content=\"1 minuta\" \/>\n<script type=\"application\/ld+json\" class=\"yoast-schema-graph\">{\"@context\":\"https:\/\/schema.org\",\"@graph\":[{\"@type\":\"Organization\",\"@id\":\"https:\/\/www.digitwin-ce.com\/#organization\",\"name\":\"digitWin, s.r.o.\",\"url\":\"https:\/\/www.digitwin-ce.com\/\",\"sameAs\":[\"https:\/\/www.linkedin.com\/company\/digitwin-ce\/about\/\"],\"logo\":{\"@type\":\"ImageObject\",\"@id\":\"https:\/\/www.digitwin-ce.com\/#logo\",\"inLanguage\":\"cs\",\"url\":\"https:\/\/www.digitwin-ce.com\/wp-content\/uploads\/2021\/03\/digitWin_logo_small.png\",\"contentUrl\":\"https:\/\/www.digitwin-ce.com\/wp-content\/uploads\/2021\/03\/digitWin_logo_small.png\",\"width\":410,\"height\":200,\"caption\":\"digitWin, s.r.o.\"},\"image\":{\"@id\":\"https:\/\/www.digitwin-ce.com\/#logo\"}},{\"@type\":\"WebSite\",\"@id\":\"https:\/\/www.digitwin-ce.com\/#website\",\"url\":\"https:\/\/www.digitwin-ce.com\/\",\"name\":\"digitWin\",\"description\":\"holistick\u00e1 architekt\u00fara \/ enterprise n\u00e1stroj \/ rie\u0161enie\",\"publisher\":{\"@id\":\"https:\/\/www.digitwin-ce.com\/#organization\"},\"potentialAction\":[{\"@type\":\"SearchAction\",\"target\":{\"@type\":\"EntryPoint\",\"urlTemplate\":\"https:\/\/www.digitwin-ce.com\/?s={search_term_string}\"},\"query-input\":\"required name=search_term_string\"}],\"inLanguage\":\"cs\"},{\"@type\":\"WebPage\",\"@id\":\"https:\/\/digitwin-ce.com\/biznis-oblasti\/racionalizacia-produktoveho-portfolia\/#webpage\",\"url\":\"https:\/\/digitwin-ce.com\/biznis-oblasti\/racionalizacia-produktoveho-portfolia\/\",\"name\":\"Racionaliz\u00e1cia produktov\u00e9ho portf\u00f3lia - digitWin\",\"isPartOf\":{\"@id\":\"https:\/\/www.digitwin-ce.com\/#website\"},\"datePublished\":\"2021-03-10T14:28:10+00:00\",\"dateModified\":\"2021-03-10T18:05:24+00:00\",\"description\":\"Dod\u00e1vajte Va\u0161im z\u00e1kazn\u00edkom relevantn\u00e9 produkty a\u202fslu\u017eby, ktor\u00e9 bud\u00fa sp\u013a\u0148a\u0165 ich potreby a\u202fo\u010dak\u00e1vania.\",\"breadcrumb\":{\"@id\":\"https:\/\/digitwin-ce.com\/biznis-oblasti\/racionalizacia-produktoveho-portfolia\/#breadcrumb\"},\"inLanguage\":\"cs\",\"potentialAction\":[{\"@type\":\"ReadAction\",\"target\":[\"https:\/\/digitwin-ce.com\/biznis-oblasti\/racionalizacia-produktoveho-portfolia\/\"]}]},{\"@type\":\"BreadcrumbList\",\"@id\":\"https:\/\/digitwin-ce.com\/biznis-oblasti\/racionalizacia-produktoveho-portfolia\/#breadcrumb\",\"itemListElement\":[{\"@type\":\"ListItem\",\"position\":1,\"name\":\"Domovsk\u00e1 str\u00e1nka\",\"item\":\"https:\/\/www.digitwin-ce.com\/\"},{\"@type\":\"ListItem\",\"position\":2,\"name\":\"Biznis oblasti\",\"item\":\"https:\/\/www.digitwin-ce.com\/biznis-oblasti\/\"},{\"@type\":\"ListItem\",\"position\":3,\"name\":\"Racionaliz\u00e1cia produktov\u00e9ho portf\u00f3lia\"}]}]}<\/script>\n<!-- \/ Yoast SEO plugin. -->","yoast_head_json":{"title":"Racionaliz\u00e1cia produktov\u00e9ho portf\u00f3lia - digitWin","description":"Dod\u00e1vajte Va\u0161im z\u00e1kazn\u00edkom relevantn\u00e9 produkty a\u202fslu\u017eby, ktor\u00e9 bud\u00fa sp\u013a\u0148a\u0165 ich potreby a\u202fo\u010dak\u00e1vania.","robots":{"index":"index","follow":"follow","max-snippet":"max-snippet:-1","max-image-preview":"max-image-preview:large","max-video-preview":"max-video-preview:-1"},"canonical":"https:\/\/digitwin-ce.com\/biznis-oblasti\/racionalizacia-produktoveho-portfolia\/","og_locale":"cs_CZ","og_type":"article","og_title":"Racionaliz\u00e1cia produktov\u00e9ho portf\u00f3lia - digitWin","og_description":"Dod\u00e1vajte Va\u0161im z\u00e1kazn\u00edkom relevantn\u00e9 produkty a\u202fslu\u017eby, ktor\u00e9 bud\u00fa sp\u013a\u0148a\u0165 ich potreby a\u202fo\u010dak\u00e1vania.","og_url":"https:\/\/digitwin-ce.com\/biznis-oblasti\/racionalizacia-produktoveho-portfolia\/","og_site_name":"digitWin","article_modified_time":"2021-03-10T18:05:24+00:00","twitter_card":"summary_large_image","twitter_misc":{"Odhadovan\u00e1 doba \u010dten\u00ed":"1 minuta"},"schema":{"@context":"https:\/\/schema.org","@graph":[{"@type":"Organization","@id":"https:\/\/www.digitwin-ce.com\/#organization","name":"digitWin, s.r.o.","url":"https:\/\/www.digitwin-ce.com\/","sameAs":["https:\/\/www.linkedin.com\/company\/digitwin-ce\/about\/"],"logo":{"@type":"ImageObject","@id":"https:\/\/www.digitwin-ce.com\/#logo","inLanguage":"cs","url":"https:\/\/www.digitwin-ce.com\/wp-content\/uploads\/2021\/03\/digitWin_logo_small.png","contentUrl":"https:\/\/www.digitwin-ce.com\/wp-content\/uploads\/2021\/03\/digitWin_logo_small.png","width":410,"height":200,"caption":"digitWin, s.r.o."},"image":{"@id":"https:\/\/www.digitwin-ce.com\/#logo"}},{"@type":"WebSite","@id":"https:\/\/www.digitwin-ce.com\/#website","url":"https:\/\/www.digitwin-ce.com\/","name":"digitWin","description":"holistick\u00e1 architekt\u00fara \/ enterprise n\u00e1stroj \/ rie\u0161enie","publisher":{"@id":"https:\/\/www.digitwin-ce.com\/#organization"},"potentialAction":[{"@type":"SearchAction","target":{"@type":"EntryPoint","urlTemplate":"https:\/\/www.digitwin-ce.com\/?s={search_term_string}"},"query-input":"required name=search_term_string"}],"inLanguage":"cs"},{"@type":"WebPage","@id":"https:\/\/digitwin-ce.com\/biznis-oblasti\/racionalizacia-produktoveho-portfolia\/#webpage","url":"https:\/\/digitwin-ce.com\/biznis-oblasti\/racionalizacia-produktoveho-portfolia\/","name":"Racionaliz\u00e1cia produktov\u00e9ho portf\u00f3lia - digitWin","isPartOf":{"@id":"https:\/\/www.digitwin-ce.com\/#website"},"datePublished":"2021-03-10T14:28:10+00:00","dateModified":"2021-03-10T18:05:24+00:00","description":"Dod\u00e1vajte Va\u0161im z\u00e1kazn\u00edkom relevantn\u00e9 produkty a\u202fslu\u017eby, ktor\u00e9 bud\u00fa sp\u013a\u0148a\u0165 ich potreby a\u202fo\u010dak\u00e1vania.","breadcrumb":{"@id":"https:\/\/digitwin-ce.com\/biznis-oblasti\/racionalizacia-produktoveho-portfolia\/#breadcrumb"},"inLanguage":"cs","potentialAction":[{"@type":"ReadAction","target":["https:\/\/digitwin-ce.com\/biznis-oblasti\/racionalizacia-produktoveho-portfolia\/"]}]},{"@type":"BreadcrumbList","@id":"https:\/\/digitwin-ce.com\/biznis-oblasti\/racionalizacia-produktoveho-portfolia\/#breadcrumb","itemListElement":[{"@type":"ListItem","position":1,"name":"Domovsk\u00e1 str\u00e1nka","item":"https:\/\/www.digitwin-ce.com\/"},{"@type":"ListItem","position":2,"name":"Biznis oblasti","item":"https:\/\/www.digitwin-ce.com\/biznis-oblasti\/"},{"@type":"ListItem","position":3,"name":"Racionaliz\u00e1cia produktov\u00e9ho portf\u00f3lia"}]}]}},"_links":{"self":[{"href":"https:\/\/www.digitwin-ce.com\/cz\/wp-json\/wp\/v2\/pages\/3251"}],"collection":[{"href":"https:\/\/www.digitwin-ce.com\/cz\/wp-json\/wp\/v2\/pages"}],"about":[{"href":"https:\/\/www.digitwin-ce.com\/cz\/wp-json\/wp\/v2\/types\/page"}],"author":[{"embeddable":true,"href":"https:\/\/www.digitwin-ce.com\/cz\/wp-json\/wp\/v2\/users\/1"}],"replies":[{"embeddable":true,"href":"https:\/\/www.digitwin-ce.com\/cz\/wp-json\/wp\/v2\/comments?post=3251"}],"version-history":[{"count":1,"href":"https:\/\/www.digitwin-ce.com\/cz\/wp-json\/wp\/v2\/pages\/3251\/revisions"}],"predecessor-version":[{"id":3252,"href":"https:\/\/www.digitwin-ce.com\/cz\/wp-json\/wp\/v2\/pages\/3251\/revisions\/3252"}],"up":[{"embeddable":true,"href":"https:\/\/www.digitwin-ce.com\/cz\/wp-json\/wp\/v2\/pages\/7"}],"wp:attachment":[{"href":"https:\/\/www.digitwin-ce.com\/cz\/wp-json\/wp\/v2\/media?parent=3251"}],"curies":[{"name":"wp","href":"https:\/\/api.w.org\/{rel}","templated":true}]}}