{"id":3245,"date":"2021-03-10T11:42:44","date_gmt":"2021-03-10T11:42:44","guid":{"rendered":"https:\/\/www.digitwin-ce.com\/?page_id=3245"},"modified":"2021-03-10T18:01:46","modified_gmt":"2021-03-10T18:01:46","slug":"podpora-iniciativ-zameranych-na-zakaznicke-potreby","status":"publish","type":"page","link":"https:\/\/www.digitwin-ce.com\/cz\/byznys-oblasti\/podpora-iniciativ-zamerenych-na-zakaznicke-potreby\/","title":{"rendered":"Podpora iniciativ zam\u011b\u0159en\u00fdch na z\u00e1kaznick\u00e9 pot\u0159eby"},"content":{"rendered":"<h1 class=\"has-text-align-center ba-title\"><strong>Podpora iniciativ zam\u011b\u0159en\u00fdch na z\u00e1kaznick\u00e9 pot\u0159eby<\/strong><\/h1>\n\n\n\n<h4 class=\"highlighted-subtitle mb-7\"><strong><em>Dod\u00e1vejte kvalitn\u00ed a konkurenceschopn\u00e9 produkty a slu\u017eby napl\u0148uj\u00edc\u00ed pot\u0159eby a o\u010dek\u00e1v\u00e1n\u00ed Va\u0161ich z\u00e1kazn\u00edk\u016f.<\/em><\/strong><\/h4>\n\n\n\n<div class=\"wp-block-columns\">\n<div class=\"wp-block-column hover-cart\">\n<h2 class=\"has-text-align-center\"><strong>Kl\u00ed\u010dov\u00e9 v\u00fdzvy<\/strong><\/h2>\n\n\n\n<p class=\"custom-list has-text-align-center\"><i class=\"fa fa-check\"><\/i> jsou dod\u00e1van\u00e9 produkty a slu\u017eby, o kter\u00e9 nemaj\u00ed z\u00e1kazn\u00edci z\u00e1jem<\/p>\n\n\n\n<p class=\"custom-list has-text-align-center\"><i class=\"fa fa-check\"><\/i> dod\u00e1van\u00e9 produkty a slu\u017eby nejsou na trhu konkurenceschopn\u00e9<\/p>\n\n\n\n<p class=\"custom-list has-text-align-center\"><i class=\"fa fa-check\"><\/i> z\u00e1kazn\u00edci jsou nespokojeni a frustrovan\u00ed z dodan\u00fdch produkt\u016f a slu\u017eeb<\/p>\n\n\n\n<p class=\"custom-list has-text-align-center\"><i class=\"fa fa-check\"><\/i> z\u00e1kazn\u00edci odch\u00e1zej\u00ed ke konkurenci<\/p>\n<\/div>\n\n\n\n<div class=\"wp-block-column hover-cart\">\n<h2 class=\"has-text-align-center\"><strong>Dosa\u017een\u00e9 c\u00edle<\/strong><\/h2>\n\n\n\n<p class=\"custom-list has-text-align-center\"><i class=\"fa fa-check\"><\/i> dod\u00e1v\u00e1n\u00ed produkt\u016f a slu\u017eeb napl\u0148uj\u00edc\u00edch pot\u0159eby a o\u010dek\u00e1v\u00e1n\u00ed z\u00e1kazn\u00edk\u016f<\/p>\n\n\n\n<p class=\"custom-list has-text-align-center\"><i class=\"fa fa-check\"><\/i> vytv\u00e1\u0159en\u00ed konkurenceschopn\u00fdch produkt\u016f a slu\u017eeb<\/p>\n\n\n\n<p class=\"custom-list has-text-align-center\"><i class=\"fa fa-check\"><\/i> uspokojen\u00ed pot\u0159eb z\u00e1kazn\u00edk\u016f<\/p>\n\n\n\n<p><\/p>\n<\/div>\n<\/div>\n\n\n\n<p class=\"aligne-middle\">Pro ka\u017edou organizaci je kl\u00ed\u010dov\u00e9 dod\u00e1n\u00ed produkt\u016f a slu\u017eeb, kter\u00e9 maj\u00ed pro z\u00e1kazn\u00edky p\u0159idanou hodnotu, za kterou jsou ochotni zaplatit. Z tohoto d\u016fvodu se dost\u00e1v\u00e1 do pop\u0159ed\u00ed z\u00e1kazn\u00edk a napln\u011bn\u00ed jeho pot\u0159eb a o\u010dek\u00e1v\u00e1n\u00ed prost\u0159ednictv\u00edm dod\u00e1van\u00fdch produkt\u016f a slu\u017eeb. Pozn\u00e1n\u00ed pot\u0159eb a o\u010dek\u00e1v\u00e1n\u00ed z\u00e1kazn\u00edka je v tomto p\u0159\u00edpad\u011b kl\u00ed\u010dov\u00fdm faktorem. Absence tohoto pozn\u00e1n\u00ed zp\u016fsobuje, \u017ee jsou dod\u00e1v\u00e1ny produkty a slu\u017eby, o kter\u00e9 nemaj\u00ed z\u00e1kazn\u00edci z\u00e1jem, dod\u00e1van\u00e9 produkty a slu\u017eby nejsou na trhu konkurenceschopn\u00e9, z\u00e1kazn\u00edci jsou nespokojeni a frustrovan\u00ed z dodan\u00fdch produkt\u016f a slu\u017eeb, z\u00e1kazn\u00edci odch\u00e1zej\u00ed ke konkurenci.<\/p>\n\n\n\n<p class=\"UC-desc aligne-middle\">Z\u00e1kaznick\u00fd z\u00e1\u017eitek z vyu\u017e\u00edv\u00e1n\u00ed slu\u017eeb a produkt\u016f organizace je sou\u010d\u00e1st\u00ed digit\u00e1ln\u00edho dvoj\u010dete. Zmapov\u00e1n\u00edm a zachycen\u00edm do tzv. \"Mapy z\u00e1kaznick\u00e9ho sc\u00e9n\u00e1\u0159e\" umo\u017en\u00edme odhalit mo\u017en\u00e9 mezery a zlep\u0161en\u00ed v poskytovan\u00fdch slu\u017eb\u00e1ch. To d\u00edky skl\u00edzen\u00e9 spjat\u00e9 vazb\u011b, co\u017e p\u0159edstavuje jednu, p\u0159\u00edpadn\u011b v\u00edce, metrik, kter\u00e9 lze vyhodnocovat a prezentovat v podob\u011b p\u0159ehledn\u00fdch sestav, \u010di heat map.<\/p>\n\n\n\n\n\t<div class='ngg-imagebrowser default-view'\n         id='ngg-imagebrowser-a13cb251bae817ecc952d1e6028d225c-3245'\n         data-nextgen-gallery-id=\"a13cb251bae817ecc952d1e6028d225c\">\n\n        <h3>Customer Journey Map<\/h3>\n\n\t\t<div id=\"ngg-image-0\" class=\"pic\" >\n        \n        <a href='https:\/\/www.digitwin-ce.com\/wp-content\/gallery\/poinc\/Customer-Journey-Map.png'\n           title=' '\n           data-src=\"https:\/\/www.digitwin-ce.com\/wp-content\/gallery\/poinc\/Customer-Journey-Map.png\"\n           data-thumbnail=\"https:\/\/www.digitwin-ce.com\/wp-content\/gallery\/poinc\/thumbs\/thumbs_Customer-Journey-Map.png\"\n           data-image-id=\"57\"\n           data-title=\"Customer Journey Map\"\n           data-description=\" \"\n           class=\"ngg-simplelightbox\" rel=\"a13cb251bae817ecc952d1e6028d225c\">\n            <img title='Customer Journey Map'\n                 alt='Customer Journey Map'\n                 src='https:\/\/www.digitwin-ce.com\/wp-content\/gallery\/poinc\/Customer-Journey-Map.png'\/>\n        <\/a>\n\t    \n        <\/div> \n\n        <div class='ngg-imagebrowser-nav'>\n\n            <div class='back'>\n                <a class='ngg-browser-prev'\n                   id='ngg-prev-58'\n                   href='https:\/\/www.digitwin-ce.com\/cz\/byznys-oblasti\/podpora-iniciativ-zamerenych-na-zakaznicke-potreby\/nggallery\/image\/balanced-scorecard\/'>\n                    <i class=\"fa fa-chevron-left\" aria-hidden=\"true\"><\/i>\n                <\/a>\n            <\/div>\n\n            <div class='next'>\n                <a class='ngg-browser-next'\n                   id='ngg-next-56'\n                   href='https:\/\/www.digitwin-ce.com\/cz\/byznys-oblasti\/podpora-iniciativ-zamerenych-na-zakaznicke-potreby\/nggallery\/image\/process-analysis\/'>\n                    <i class=\"fa fa-chevron-right\" aria-hidden=\"true\"><\/i>\n                <\/a>\n            <\/div>\n\n            <div class='counter'>\n                Obr\u00e1zek                1                z                3            <\/div>\n\n            <div class='ngg-imagebrowser-desc'>\n                <p> <\/p>\n            <\/div>\n\n        <\/div>\n    <\/div>\n\n\n\n\n\n<p><\/p>","protected":false},"excerpt":{"rendered":"<p>Podpora iniciat\u00edv zameran\u00fdch na z\u00e1kazn\u00edcke potreby Dod\u00e1vajte kvalitn\u00e9 a konkurencieschopn\u00e9 produkty a\u202fslu\u017eby nap\u013a\u0148aj\u00face potreby a\u202fo\u010dak\u00e1vania va\u0161ich z\u00e1kazn\u00edkov. K\u013e\u00fa\u010dov\u00e9 v\u00fdzvy s\u00fa dod\u00e1van\u00e9 produkty a\u202fslu\u017eby, o\u202fktor\u00e9 nemaj\u00fa z\u00e1kazn\u00edci z\u00e1ujem dod\u00e1van\u00e9 produkty a\u202fslu\u017eby nie s\u00fa na trhu konkurencieschopn\u00e9 z\u00e1kazn\u00edci s\u00fa nespokojn\u00ed a\u202ffrustrovan\u00ed z\u202fdodan\u00fdch produktov a\u202fslu\u017eieb z\u00e1kazn\u00edci odch\u00e1dzaj\u00fa ku konkurencii Dosiahnut\u00e9 ciele dod\u00e1vanie produktov a\u202fslu\u017eieb nap\u013a\u0148aj\u00facich potreby a\u202fo\u010dak\u00e1vania z\u00e1kazn\u00edkov &hellip;<\/p>\n<p class=\"read-more\"> <a class=\"\" href=\"https:\/\/www.digitwin-ce.com\/cz\/byznys-oblasti\/podpora-iniciativ-zamerenych-na-zakaznicke-potreby\/\"> <span class=\"screen-reader-text\">Podpora iniciativ zam\u011b\u0159en\u00fdch na z\u00e1kaznick\u00e9 pot\u0159eby<\/span> Pokra\u010dovat ve \u010dten\u00ed &raquo;<\/a><\/p>","protected":false},"author":1,"featured_media":0,"parent":7,"menu_order":0,"comment_status":"closed","ping_status":"closed","template":"","meta":{"_mi_skip_tracking":false,"ngg_post_thumbnail":0},"yoast_head":"<!-- This site is optimized with the Yoast SEO plugin v18.2 - https:\/\/yoast.com\/wordpress\/plugins\/seo\/ -->\n<title>Podpora iniciat\u00edv zameran\u00fdch na z\u00e1kazn\u00edcke potreby - digitWin<\/title>\n<meta name=\"description\" content=\"Dod\u00e1vajte kvalitn\u00e9 a konkurencieschopn\u00e9 produkty a\u202fslu\u017eby nap\u013a\u0148aj\u00face potreby a\u202fo\u010dak\u00e1vania va\u0161ich z\u00e1kazn\u00edkov.\" \/>\n<meta name=\"robots\" content=\"index, follow, max-snippet:-1, max-image-preview:large, max-video-preview:-1\" \/>\n<link rel=\"canonical\" href=\"https:\/\/digitwin-ce.com\/biznis-oblasti\/podpora-iniciativ-zameranych-na-zakaznicke-potreby\/\" \/>\n<meta property=\"og:locale\" content=\"cs_CZ\" \/>\n<meta property=\"og:type\" content=\"article\" \/>\n<meta property=\"og:title\" content=\"Podpora iniciat\u00edv zameran\u00fdch na z\u00e1kazn\u00edcke potreby - digitWin\" \/>\n<meta property=\"og:description\" content=\"Dod\u00e1vajte kvalitn\u00e9 a konkurencieschopn\u00e9 produkty a\u202fslu\u017eby nap\u013a\u0148aj\u00face potreby a\u202fo\u010dak\u00e1vania va\u0161ich z\u00e1kazn\u00edkov.\" \/>\n<meta property=\"og:url\" content=\"https:\/\/digitwin-ce.com\/biznis-oblasti\/podpora-iniciativ-zameranych-na-zakaznicke-potreby\/\" \/>\n<meta property=\"og:site_name\" content=\"digitWin\" \/>\n<meta property=\"article:modified_time\" content=\"2021-03-10T18:01:46+00:00\" \/>\n<meta name=\"twitter:card\" content=\"summary_large_image\" \/>\n<meta name=\"twitter:label1\" content=\"Odhadovan\u00e1 doba \u010dten\u00ed\" \/>\n\t<meta name=\"twitter:data1\" content=\"1 minuta\" \/>\n<script type=\"application\/ld+json\" class=\"yoast-schema-graph\">{\"@context\":\"https:\/\/schema.org\",\"@graph\":[{\"@type\":\"Organization\",\"@id\":\"https:\/\/www.digitwin-ce.com\/#organization\",\"name\":\"digitWin, s.r.o.\",\"url\":\"https:\/\/www.digitwin-ce.com\/\",\"sameAs\":[\"https:\/\/www.linkedin.com\/company\/digitwin-ce\/about\/\"],\"logo\":{\"@type\":\"ImageObject\",\"@id\":\"https:\/\/www.digitwin-ce.com\/#logo\",\"inLanguage\":\"cs\",\"url\":\"https:\/\/www.digitwin-ce.com\/wp-content\/uploads\/2021\/03\/digitWin_logo_small.png\",\"contentUrl\":\"https:\/\/www.digitwin-ce.com\/wp-content\/uploads\/2021\/03\/digitWin_logo_small.png\",\"width\":410,\"height\":200,\"caption\":\"digitWin, s.r.o.\"},\"image\":{\"@id\":\"https:\/\/www.digitwin-ce.com\/#logo\"}},{\"@type\":\"WebSite\",\"@id\":\"https:\/\/www.digitwin-ce.com\/#website\",\"url\":\"https:\/\/www.digitwin-ce.com\/\",\"name\":\"digitWin\",\"description\":\"holistick\u00e1 architekt\u00fara \/ enterprise n\u00e1stroj \/ rie\u0161enie\",\"publisher\":{\"@id\":\"https:\/\/www.digitwin-ce.com\/#organization\"},\"potentialAction\":[{\"@type\":\"SearchAction\",\"target\":{\"@type\":\"EntryPoint\",\"urlTemplate\":\"https:\/\/www.digitwin-ce.com\/?s={search_term_string}\"},\"query-input\":\"required name=search_term_string\"}],\"inLanguage\":\"cs\"},{\"@type\":\"WebPage\",\"@id\":\"https:\/\/digitwin-ce.com\/biznis-oblasti\/podpora-iniciativ-zameranych-na-zakaznicke-potreby\/#webpage\",\"url\":\"https:\/\/digitwin-ce.com\/biznis-oblasti\/podpora-iniciativ-zameranych-na-zakaznicke-potreby\/\",\"name\":\"Podpora iniciat\u00edv zameran\u00fdch na z\u00e1kazn\u00edcke potreby - digitWin\",\"isPartOf\":{\"@id\":\"https:\/\/www.digitwin-ce.com\/#website\"},\"datePublished\":\"2021-03-10T11:42:44+00:00\",\"dateModified\":\"2021-03-10T18:01:46+00:00\",\"description\":\"Dod\u00e1vajte kvalitn\u00e9 a konkurencieschopn\u00e9 produkty a\u202fslu\u017eby nap\u013a\u0148aj\u00face potreby a\u202fo\u010dak\u00e1vania va\u0161ich z\u00e1kazn\u00edkov.\",\"breadcrumb\":{\"@id\":\"https:\/\/digitwin-ce.com\/biznis-oblasti\/podpora-iniciativ-zameranych-na-zakaznicke-potreby\/#breadcrumb\"},\"inLanguage\":\"cs\",\"potentialAction\":[{\"@type\":\"ReadAction\",\"target\":[\"https:\/\/digitwin-ce.com\/biznis-oblasti\/podpora-iniciativ-zameranych-na-zakaznicke-potreby\/\"]}]},{\"@type\":\"BreadcrumbList\",\"@id\":\"https:\/\/digitwin-ce.com\/biznis-oblasti\/podpora-iniciativ-zameranych-na-zakaznicke-potreby\/#breadcrumb\",\"itemListElement\":[{\"@type\":\"ListItem\",\"position\":1,\"name\":\"Domovsk\u00e1 str\u00e1nka\",\"item\":\"https:\/\/www.digitwin-ce.com\/\"},{\"@type\":\"ListItem\",\"position\":2,\"name\":\"Biznis oblasti\",\"item\":\"https:\/\/www.digitwin-ce.com\/biznis-oblasti\/\"},{\"@type\":\"ListItem\",\"position\":3,\"name\":\"Podpora iniciat\u00edv zameran\u00fdch na z\u00e1kazn\u00edcke potreby\"}]}]}<\/script>\n<!-- \/ Yoast SEO plugin. -->","yoast_head_json":{"title":"Podpora iniciat\u00edv zameran\u00fdch na z\u00e1kazn\u00edcke potreby - digitWin","description":"Dod\u00e1vajte kvalitn\u00e9 a konkurencieschopn\u00e9 produkty a\u202fslu\u017eby nap\u013a\u0148aj\u00face potreby a\u202fo\u010dak\u00e1vania va\u0161ich z\u00e1kazn\u00edkov.","robots":{"index":"index","follow":"follow","max-snippet":"max-snippet:-1","max-image-preview":"max-image-preview:large","max-video-preview":"max-video-preview:-1"},"canonical":"https:\/\/digitwin-ce.com\/biznis-oblasti\/podpora-iniciativ-zameranych-na-zakaznicke-potreby\/","og_locale":"cs_CZ","og_type":"article","og_title":"Podpora iniciat\u00edv zameran\u00fdch na z\u00e1kazn\u00edcke potreby - digitWin","og_description":"Dod\u00e1vajte kvalitn\u00e9 a konkurencieschopn\u00e9 produkty a\u202fslu\u017eby nap\u013a\u0148aj\u00face potreby a\u202fo\u010dak\u00e1vania va\u0161ich z\u00e1kazn\u00edkov.","og_url":"https:\/\/digitwin-ce.com\/biznis-oblasti\/podpora-iniciativ-zameranych-na-zakaznicke-potreby\/","og_site_name":"digitWin","article_modified_time":"2021-03-10T18:01:46+00:00","twitter_card":"summary_large_image","twitter_misc":{"Odhadovan\u00e1 doba \u010dten\u00ed":"1 minuta"},"schema":{"@context":"https:\/\/schema.org","@graph":[{"@type":"Organization","@id":"https:\/\/www.digitwin-ce.com\/#organization","name":"digitWin, s.r.o.","url":"https:\/\/www.digitwin-ce.com\/","sameAs":["https:\/\/www.linkedin.com\/company\/digitwin-ce\/about\/"],"logo":{"@type":"ImageObject","@id":"https:\/\/www.digitwin-ce.com\/#logo","inLanguage":"cs","url":"https:\/\/www.digitwin-ce.com\/wp-content\/uploads\/2021\/03\/digitWin_logo_small.png","contentUrl":"https:\/\/www.digitwin-ce.com\/wp-content\/uploads\/2021\/03\/digitWin_logo_small.png","width":410,"height":200,"caption":"digitWin, s.r.o."},"image":{"@id":"https:\/\/www.digitwin-ce.com\/#logo"}},{"@type":"WebSite","@id":"https:\/\/www.digitwin-ce.com\/#website","url":"https:\/\/www.digitwin-ce.com\/","name":"digitWin","description":"holistick\u00e1 architekt\u00fara \/ enterprise n\u00e1stroj \/ rie\u0161enie","publisher":{"@id":"https:\/\/www.digitwin-ce.com\/#organization"},"potentialAction":[{"@type":"SearchAction","target":{"@type":"EntryPoint","urlTemplate":"https:\/\/www.digitwin-ce.com\/?s={search_term_string}"},"query-input":"required name=search_term_string"}],"inLanguage":"cs"},{"@type":"WebPage","@id":"https:\/\/digitwin-ce.com\/biznis-oblasti\/podpora-iniciativ-zameranych-na-zakaznicke-potreby\/#webpage","url":"https:\/\/digitwin-ce.com\/biznis-oblasti\/podpora-iniciativ-zameranych-na-zakaznicke-potreby\/","name":"Podpora iniciat\u00edv zameran\u00fdch na z\u00e1kazn\u00edcke potreby - digitWin","isPartOf":{"@id":"https:\/\/www.digitwin-ce.com\/#website"},"datePublished":"2021-03-10T11:42:44+00:00","dateModified":"2021-03-10T18:01:46+00:00","description":"Dod\u00e1vajte kvalitn\u00e9 a konkurencieschopn\u00e9 produkty a\u202fslu\u017eby nap\u013a\u0148aj\u00face potreby a\u202fo\u010dak\u00e1vania va\u0161ich z\u00e1kazn\u00edkov.","breadcrumb":{"@id":"https:\/\/digitwin-ce.com\/biznis-oblasti\/podpora-iniciativ-zameranych-na-zakaznicke-potreby\/#breadcrumb"},"inLanguage":"cs","potentialAction":[{"@type":"ReadAction","target":["https:\/\/digitwin-ce.com\/biznis-oblasti\/podpora-iniciativ-zameranych-na-zakaznicke-potreby\/"]}]},{"@type":"BreadcrumbList","@id":"https:\/\/digitwin-ce.com\/biznis-oblasti\/podpora-iniciativ-zameranych-na-zakaznicke-potreby\/#breadcrumb","itemListElement":[{"@type":"ListItem","position":1,"name":"Domovsk\u00e1 str\u00e1nka","item":"https:\/\/www.digitwin-ce.com\/"},{"@type":"ListItem","position":2,"name":"Biznis oblasti","item":"https:\/\/www.digitwin-ce.com\/biznis-oblasti\/"},{"@type":"ListItem","position":3,"name":"Podpora iniciat\u00edv zameran\u00fdch na z\u00e1kazn\u00edcke potreby"}]}]}},"_links":{"self":[{"href":"https:\/\/www.digitwin-ce.com\/cz\/wp-json\/wp\/v2\/pages\/3245"}],"collection":[{"href":"https:\/\/www.digitwin-ce.com\/cz\/wp-json\/wp\/v2\/pages"}],"about":[{"href":"https:\/\/www.digitwin-ce.com\/cz\/wp-json\/wp\/v2\/types\/page"}],"author":[{"embeddable":true,"href":"https:\/\/www.digitwin-ce.com\/cz\/wp-json\/wp\/v2\/users\/1"}],"replies":[{"embeddable":true,"href":"https:\/\/www.digitwin-ce.com\/cz\/wp-json\/wp\/v2\/comments?post=3245"}],"version-history":[{"count":1,"href":"https:\/\/www.digitwin-ce.com\/cz\/wp-json\/wp\/v2\/pages\/3245\/revisions"}],"predecessor-version":[{"id":3246,"href":"https:\/\/www.digitwin-ce.com\/cz\/wp-json\/wp\/v2\/pages\/3245\/revisions\/3246"}],"up":[{"embeddable":true,"href":"https:\/\/www.digitwin-ce.com\/cz\/wp-json\/wp\/v2\/pages\/7"}],"wp:attachment":[{"href":"https:\/\/www.digitwin-ce.com\/cz\/wp-json\/wp\/v2\/media?parent=3245"}],"curies":[{"name":"wp","href":"https:\/\/api.w.org\/{rel}","templated":true}]}}