{"id":3235,"date":"2021-03-10T11:19:02","date_gmt":"2021-03-10T11:19:02","guid":{"rendered":"https:\/\/www.digitwin-ce.com\/?page_id=3235"},"modified":"2021-03-10T17:58:54","modified_gmt":"2021-03-10T17:58:54","slug":"optimalizacia-procesov","status":"publish","type":"page","link":"https:\/\/www.digitwin-ce.com\/cz\/byznys-oblasti\/optimalizace-procesu\/","title":{"rendered":"Optimalizace proces\u016f"},"content":{"rendered":"<h1 class=\"has-text-align-center ba-title\"><strong>Optimalizace proces\u016f<\/strong><\/h1>\n\n\n\n<h4 class=\"highlighted-subtitle mb-7\"><strong><em>Zredukujte mno\u017estv\u00ed vynalo\u017een\u00e9ho \u010dasu a prost\u0159edk\u016f ve Va\u0161ich procesech na minimum a vytvo\u0159te efektivn\u00ed procesy zac\u00edlen\u00e9 na dod\u00e1n\u00ed Va\u0161ich kl\u00ed\u010dov\u00fdch produkt\u016f a slu\u017eeb.<\/em><\/strong><\/h4>\n\n\n\n<div class=\"wp-block-columns\">\n<div class=\"wp-block-column hover-cart\">\n<h2 class=\"has-text-align-center\"><strong>Kl\u00ed\u010dov\u00e9 v\u00fdzvy<\/strong><\/h2>\n\n\n\n<p class=\"custom-list has-text-align-center\"><i class=\"fa fa-check\"><\/i> automatizovateln\u00e9 kroky jsou prov\u00e1d\u011bny manu\u00e1ln\u011b<\/p>\n\n\n\n<p class=\"custom-list has-text-align-center\"><i class=\"fa fa-check\"><\/i> procesy, kter\u00e9 mohou b\u00fdt provedeny soub\u011b\u017en\u011b \u010dekaj\u00ed v \u0159ad\u011b<\/p>\n\n\n\n<p class=\"custom-list has-text-align-center\"><i class=\"fa fa-check\"><\/i> doch\u00e1z\u00ed k prov\u00e1d\u011bn\u00ed stejn\u00e9 \u010dinnosti opakovan\u011b<\/p>\n\n\n\n<p class=\"custom-list has-text-align-center\"><i class=\"fa fa-check\"><\/i> \u00fadaje se zbyte\u010dn\u011b duplikuj\u00ed<\/p>\n\n\n\n<p class=\"custom-list has-text-align-center\"><i class=\"fa fa-check\"><\/i> vznikaj\u00ed \u010dinnosti, kter\u00e9 jsou pro proces irelevantn\u00ed<\/p>\n<\/div>\n\n\n\n<div class=\"wp-block-column hover-cart\">\n<h2 class=\"has-text-align-center\"><strong>Dosa\u017een\u00e9 c\u00edle<\/strong><\/h2>\n\n\n\n<p class=\"custom-list has-text-align-center\"><i class=\"fa fa-check\"><\/i> \u00faspora \u010dasu<\/p>\n\n\n\n<p class=\"custom-list has-text-align-center\"><i class=\"fa fa-check\"><\/i> \u00faspora finan\u010dn\u00edch n\u00e1klad\u016f<\/p>\n\n\n\n<p class=\"custom-list has-text-align-center\"><i class=\"fa fa-check\"><\/i> zrychlen\u00ed a zkvalitn\u011bn\u00ed dod\u00e1van\u00fdch produkt\u016f a slu\u017eeb<\/p>\n\n\n\n<p><\/p>\n<\/div>\n<\/div>\n\n\n\n<p class=\"aligne-middle\">Procesy prov\u00e1d\u011bn\u00e9 v organizac\u00ed jsou z\u00e1kladn\u00edm stavebn\u00edm prvkem, kter\u00fd pom\u00e1h\u00e1 \u0159\u00eddit a usm\u011br\u0148ovat pr\u00e1ci kolektivu, tok dat a dod\u00e1v\u00e1n\u00ed kl\u00ed\u010dov\u00fdch produkt\u016f a slu\u017eeb z\u00e1kazn\u00edk\u016fm. S r\u016fstem organizace p\u0159ib\u00fdv\u00e1 i mno\u017estv\u00ed a komplexnost proces\u016f, kter\u00e9 jsou v n\u00ed prov\u00e1d\u011bny. Bez celostn\u00edho pohledu na procesy nelze je korektn\u00ed spr\u00e1vu, co\u017e zp\u016fsobuje, \u017ee automatizovate\u013en\u00e9 kroky jsou prov\u00e1d\u011bny manu\u00e1ln\u011b, procesy, kter\u00e9 mohou b\u00fdt provedeny soub\u011b\u017en\u011b \u010dekaj\u00ed v \u0159ad\u011b, doch\u00e1z\u00ed k prov\u00e1d\u011bn\u00ed stejn\u00e9 \u010dinnosti opakovan\u011b, se \u00fadaje zbyte\u010dn\u011b duplikuj\u00ed, vzniknou \u010dinnosti, kter\u00e9 jsou pro proces irelevantn\u00ed.<\/p>\n\n\n\n<p class=\"UC-desc aligne-middle\">D\u00edky zmapov\u00e1n\u00ed, zachycen\u00ed a namodelov\u00e1n\u00ed proces\u016f manu\u00e1ln\u00edm, ale i automatizovan\u00fdm zp\u016fsobem, tedy vytvo\u0159en\u00ed procesn\u00edch map, je mo\u017en\u00e9 odhalit aktivity, kter\u00e9 jsou prov\u00e1d\u011bny zbyte\u010dn\u011b, kter\u00e9 lze paralelismu, p\u0159\u00edpadn\u011b odstranit z procesu. To p\u0159in\u00e1\u0161\u00ed mo\u017enosti zkr\u00e1cen\u00ed n\u00e1kladov\u00e9 a \u010dasov\u00e9 str\u00e1nky prov\u00e1d\u011bn\u00ed proces\u016f a vytv\u00e1\u0159\u00ed efektivn\u00ed pr\u00e1ci za \u00fa\u010delem dod\u00e1n\u00ed kl\u00ed\u010dov\u00fdch produkt\u016f a slu\u017eeb.<\/p>\n\n\n\n\n\t<div class='ngg-imagebrowser default-view'\n         id='ngg-imagebrowser-4671c0e52e4c047be62f9fa3fd9c0965-3235'\n         data-nextgen-gallery-id=\"4671c0e52e4c047be62f9fa3fd9c0965\">\n\n        <h3>Customer Journey Map<\/h3>\n\n\t\t<div id=\"ngg-image-0\" class=\"pic\" >\n        \n        <a href='https:\/\/www.digitwin-ce.com\/wp-content\/gallery\/optproc\/customerJourneyMap.PNG'\n           title=' '\n           data-src=\"https:\/\/www.digitwin-ce.com\/wp-content\/gallery\/optproc\/customerJourneyMap.PNG\"\n           data-thumbnail=\"https:\/\/www.digitwin-ce.com\/wp-content\/gallery\/optproc\/thumbs\/thumbs_customerJourneyMap.PNG\"\n           data-image-id=\"1\"\n           data-title=\"Customer Journey Map\"\n           data-description=\" \"\n           class=\"ngg-simplelightbox\" rel=\"4671c0e52e4c047be62f9fa3fd9c0965\">\n            <img title='Customer Journey Map'\n                 alt='Customer Journey Map'\n                 src='https:\/\/www.digitwin-ce.com\/wp-content\/gallery\/optproc\/customerJourneyMap.PNG'\/>\n        <\/a>\n\t    \n        <\/div> \n\n        <div class='ngg-imagebrowser-nav'>\n\n            <div class='back'>\n                <a class='ngg-browser-prev'\n                   id='ngg-prev-3'\n                   href='https:\/\/www.digitwin-ce.com\/cz\/byznys-oblasti\/optimalizace-procesu\/nggallery\/image\/processclasification\/'>\n                    <i class=\"fa fa-chevron-left\" aria-hidden=\"true\"><\/i>\n                <\/a>\n            <\/div>\n\n            <div class='next'>\n                <a class='ngg-browser-next'\n                   id='ngg-next-2'\n                   href='https:\/\/www.digitwin-ce.com\/cz\/byznys-oblasti\/optimalizace-procesu\/nggallery\/image\/bpmn2\/'>\n                    <i class=\"fa fa-chevron-right\" aria-hidden=\"true\"><\/i>\n                <\/a>\n            <\/div>\n\n            <div class='counter'>\n                Obr\u00e1zek                1                z                3            <\/div>\n\n            <div class='ngg-imagebrowser-desc'>\n                <p> <\/p>\n            <\/div>\n\n        <\/div>\n    <\/div>\n\n\n\n\n\n<p><\/p>","protected":false},"excerpt":{"rendered":"<p>Optimaliz\u00e1cia procesov Zredukujte mno\u017estvo vynalo\u017een\u00e9ho \u010dasu a\u202fprostriedkov vo Va\u0161ich procesoch na minimum a\u202fvytvorte efekt\u00edvne procesy zacielen\u00e9 na dodanie Va\u0161ich k\u013e\u00fa\u010dov\u00fdch produktov a\u202fslu\u017eieb. K\u013e\u00fa\u010dov\u00e9 v\u00fdzvy automatizovate\u013en\u00e9 kroky s\u00fa vykon\u00e1van\u00e9 manu\u00e1lne procesy, ktor\u00e9 m\u00f4\u017eu by\u0165 vykonan\u00e9 s\u00fabe\u017ene \u010dakaj\u00fa v\u202frade doch\u00e1dza k\u202fvykon\u00e1vaniu rovnakej \u010dinnosti opakovane \u00fadaje sa zbyto\u010dne duplikuj\u00fa vznikaj\u00fa \u010dinnosti, ktor\u00e9 s\u00fa pre proces irelevantn\u00e9 Dosiahnut\u00e9 ciele &hellip;<\/p>\n<p class=\"read-more\"> <a class=\"\" href=\"https:\/\/www.digitwin-ce.com\/cz\/byznys-oblasti\/optimalizace-procesu\/\"> <span class=\"screen-reader-text\">Optimalizace proces\u016f<\/span> Pokra\u010dovat ve \u010dten\u00ed &raquo;<\/a><\/p>","protected":false},"author":1,"featured_media":0,"parent":7,"menu_order":0,"comment_status":"closed","ping_status":"closed","template":"","meta":{"_mi_skip_tracking":false,"ngg_post_thumbnail":0},"yoast_head":"<!-- This site is optimized with the Yoast SEO plugin v18.2 - https:\/\/yoast.com\/wordpress\/plugins\/seo\/ -->\n<title>Optimaliz\u00e1cia procesov - digitWin<\/title>\n<meta name=\"description\" content=\"Zredukujte mno\u017estvo vynalo\u017een\u00e9ho \u010dasu a\u202fprostriedkov vo Va\u0161ich procesoch na minimum a\u202fvytvorte efekt\u00edvne procesy zacielen\u00e9 na dodanie Va\u0161ich k\u013e\u00fa\u010dov\u00fdch produktov a\u202fslu\u017eieb.\" \/>\n<meta name=\"robots\" content=\"index, follow, max-snippet:-1, max-image-preview:large, max-video-preview:-1\" \/>\n<link rel=\"canonical\" href=\"https:\/\/digitwin-ce.com\/biznis-oblasti\/optimalizacia-procesov\/\" \/>\n<meta property=\"og:locale\" content=\"cs_CZ\" \/>\n<meta property=\"og:type\" content=\"article\" \/>\n<meta property=\"og:title\" content=\"Optimaliz\u00e1cia procesov - digitWin\" \/>\n<meta property=\"og:description\" content=\"Zredukujte mno\u017estvo vynalo\u017een\u00e9ho \u010dasu a\u202fprostriedkov vo Va\u0161ich procesoch na minimum a\u202fvytvorte efekt\u00edvne procesy zacielen\u00e9 na dodanie Va\u0161ich k\u013e\u00fa\u010dov\u00fdch produktov a\u202fslu\u017eieb.\" \/>\n<meta property=\"og:url\" content=\"https:\/\/digitwin-ce.com\/biznis-oblasti\/optimalizacia-procesov\/\" \/>\n<meta property=\"og:site_name\" content=\"digitWin\" \/>\n<meta property=\"article:modified_time\" content=\"2021-03-10T17:58:54+00:00\" \/>\n<meta name=\"twitter:card\" content=\"summary_large_image\" \/>\n<meta name=\"twitter:label1\" content=\"Odhadovan\u00e1 doba \u010dten\u00ed\" \/>\n\t<meta name=\"twitter:data1\" content=\"1 minuta\" \/>\n<script type=\"application\/ld+json\" class=\"yoast-schema-graph\">{\"@context\":\"https:\/\/schema.org\",\"@graph\":[{\"@type\":\"Organization\",\"@id\":\"https:\/\/www.digitwin-ce.com\/#organization\",\"name\":\"digitWin, s.r.o.\",\"url\":\"https:\/\/www.digitwin-ce.com\/\",\"sameAs\":[\"https:\/\/www.linkedin.com\/company\/digitwin-ce\/about\/\"],\"logo\":{\"@type\":\"ImageObject\",\"@id\":\"https:\/\/www.digitwin-ce.com\/#logo\",\"inLanguage\":\"cs\",\"url\":\"https:\/\/www.digitwin-ce.com\/wp-content\/uploads\/2021\/03\/digitWin_logo_small.png\",\"contentUrl\":\"https:\/\/www.digitwin-ce.com\/wp-content\/uploads\/2021\/03\/digitWin_logo_small.png\",\"width\":410,\"height\":200,\"caption\":\"digitWin, s.r.o.\"},\"image\":{\"@id\":\"https:\/\/www.digitwin-ce.com\/#logo\"}},{\"@type\":\"WebSite\",\"@id\":\"https:\/\/www.digitwin-ce.com\/#website\",\"url\":\"https:\/\/www.digitwin-ce.com\/\",\"name\":\"digitWin\",\"description\":\"holistick\u00e1 architekt\u00fara \/ enterprise n\u00e1stroj \/ rie\u0161enie\",\"publisher\":{\"@id\":\"https:\/\/www.digitwin-ce.com\/#organization\"},\"potentialAction\":[{\"@type\":\"SearchAction\",\"target\":{\"@type\":\"EntryPoint\",\"urlTemplate\":\"https:\/\/www.digitwin-ce.com\/?s={search_term_string}\"},\"query-input\":\"required name=search_term_string\"}],\"inLanguage\":\"cs\"},{\"@type\":\"WebPage\",\"@id\":\"https:\/\/digitwin-ce.com\/biznis-oblasti\/optimalizacia-procesov\/#webpage\",\"url\":\"https:\/\/digitwin-ce.com\/biznis-oblasti\/optimalizacia-procesov\/\",\"name\":\"Optimaliz\u00e1cia procesov - digitWin\",\"isPartOf\":{\"@id\":\"https:\/\/www.digitwin-ce.com\/#website\"},\"datePublished\":\"2021-03-10T11:19:02+00:00\",\"dateModified\":\"2021-03-10T17:58:54+00:00\",\"description\":\"Zredukujte mno\u017estvo vynalo\u017een\u00e9ho \u010dasu a\u202fprostriedkov vo Va\u0161ich procesoch na minimum a\u202fvytvorte efekt\u00edvne procesy zacielen\u00e9 na dodanie Va\u0161ich k\u013e\u00fa\u010dov\u00fdch produktov a\u202fslu\u017eieb.\",\"breadcrumb\":{\"@id\":\"https:\/\/digitwin-ce.com\/biznis-oblasti\/optimalizacia-procesov\/#breadcrumb\"},\"inLanguage\":\"cs\",\"potentialAction\":[{\"@type\":\"ReadAction\",\"target\":[\"https:\/\/digitwin-ce.com\/biznis-oblasti\/optimalizacia-procesov\/\"]}]},{\"@type\":\"BreadcrumbList\",\"@id\":\"https:\/\/digitwin-ce.com\/biznis-oblasti\/optimalizacia-procesov\/#breadcrumb\",\"itemListElement\":[{\"@type\":\"ListItem\",\"position\":1,\"name\":\"Domovsk\u00e1 str\u00e1nka\",\"item\":\"https:\/\/www.digitwin-ce.com\/\"},{\"@type\":\"ListItem\",\"position\":2,\"name\":\"Biznis oblasti\",\"item\":\"https:\/\/www.digitwin-ce.com\/biznis-oblasti\/\"},{\"@type\":\"ListItem\",\"position\":3,\"name\":\"Optimaliz\u00e1cia procesov\"}]}]}<\/script>\n<!-- \/ Yoast SEO plugin. -->","yoast_head_json":{"title":"Optimaliz\u00e1cia procesov - digitWin","description":"Zredukujte mno\u017estvo vynalo\u017een\u00e9ho \u010dasu a\u202fprostriedkov vo Va\u0161ich procesoch na minimum a\u202fvytvorte efekt\u00edvne procesy zacielen\u00e9 na dodanie Va\u0161ich k\u013e\u00fa\u010dov\u00fdch produktov a\u202fslu\u017eieb.","robots":{"index":"index","follow":"follow","max-snippet":"max-snippet:-1","max-image-preview":"max-image-preview:large","max-video-preview":"max-video-preview:-1"},"canonical":"https:\/\/digitwin-ce.com\/biznis-oblasti\/optimalizacia-procesov\/","og_locale":"cs_CZ","og_type":"article","og_title":"Optimaliz\u00e1cia procesov - digitWin","og_description":"Zredukujte mno\u017estvo vynalo\u017een\u00e9ho \u010dasu a\u202fprostriedkov vo Va\u0161ich procesoch na minimum a\u202fvytvorte efekt\u00edvne procesy zacielen\u00e9 na dodanie Va\u0161ich k\u013e\u00fa\u010dov\u00fdch produktov a\u202fslu\u017eieb.","og_url":"https:\/\/digitwin-ce.com\/biznis-oblasti\/optimalizacia-procesov\/","og_site_name":"digitWin","article_modified_time":"2021-03-10T17:58:54+00:00","twitter_card":"summary_large_image","twitter_misc":{"Odhadovan\u00e1 doba \u010dten\u00ed":"1 minuta"},"schema":{"@context":"https:\/\/schema.org","@graph":[{"@type":"Organization","@id":"https:\/\/www.digitwin-ce.com\/#organization","name":"digitWin, s.r.o.","url":"https:\/\/www.digitwin-ce.com\/","sameAs":["https:\/\/www.linkedin.com\/company\/digitwin-ce\/about\/"],"logo":{"@type":"ImageObject","@id":"https:\/\/www.digitwin-ce.com\/#logo","inLanguage":"cs","url":"https:\/\/www.digitwin-ce.com\/wp-content\/uploads\/2021\/03\/digitWin_logo_small.png","contentUrl":"https:\/\/www.digitwin-ce.com\/wp-content\/uploads\/2021\/03\/digitWin_logo_small.png","width":410,"height":200,"caption":"digitWin, s.r.o."},"image":{"@id":"https:\/\/www.digitwin-ce.com\/#logo"}},{"@type":"WebSite","@id":"https:\/\/www.digitwin-ce.com\/#website","url":"https:\/\/www.digitwin-ce.com\/","name":"digitWin","description":"holistick\u00e1 architekt\u00fara \/ enterprise n\u00e1stroj \/ rie\u0161enie","publisher":{"@id":"https:\/\/www.digitwin-ce.com\/#organization"},"potentialAction":[{"@type":"SearchAction","target":{"@type":"EntryPoint","urlTemplate":"https:\/\/www.digitwin-ce.com\/?s={search_term_string}"},"query-input":"required name=search_term_string"}],"inLanguage":"cs"},{"@type":"WebPage","@id":"https:\/\/digitwin-ce.com\/biznis-oblasti\/optimalizacia-procesov\/#webpage","url":"https:\/\/digitwin-ce.com\/biznis-oblasti\/optimalizacia-procesov\/","name":"Optimaliz\u00e1cia procesov - digitWin","isPartOf":{"@id":"https:\/\/www.digitwin-ce.com\/#website"},"datePublished":"2021-03-10T11:19:02+00:00","dateModified":"2021-03-10T17:58:54+00:00","description":"Zredukujte mno\u017estvo vynalo\u017een\u00e9ho \u010dasu a\u202fprostriedkov vo Va\u0161ich procesoch na minimum a\u202fvytvorte efekt\u00edvne procesy zacielen\u00e9 na dodanie Va\u0161ich k\u013e\u00fa\u010dov\u00fdch produktov a\u202fslu\u017eieb.","breadcrumb":{"@id":"https:\/\/digitwin-ce.com\/biznis-oblasti\/optimalizacia-procesov\/#breadcrumb"},"inLanguage":"cs","potentialAction":[{"@type":"ReadAction","target":["https:\/\/digitwin-ce.com\/biznis-oblasti\/optimalizacia-procesov\/"]}]},{"@type":"BreadcrumbList","@id":"https:\/\/digitwin-ce.com\/biznis-oblasti\/optimalizacia-procesov\/#breadcrumb","itemListElement":[{"@type":"ListItem","position":1,"name":"Domovsk\u00e1 str\u00e1nka","item":"https:\/\/www.digitwin-ce.com\/"},{"@type":"ListItem","position":2,"name":"Biznis oblasti","item":"https:\/\/www.digitwin-ce.com\/biznis-oblasti\/"},{"@type":"ListItem","position":3,"name":"Optimaliz\u00e1cia procesov"}]}]}},"_links":{"self":[{"href":"https:\/\/www.digitwin-ce.com\/cz\/wp-json\/wp\/v2\/pages\/3235"}],"collection":[{"href":"https:\/\/www.digitwin-ce.com\/cz\/wp-json\/wp\/v2\/pages"}],"about":[{"href":"https:\/\/www.digitwin-ce.com\/cz\/wp-json\/wp\/v2\/types\/page"}],"author":[{"embeddable":true,"href":"https:\/\/www.digitwin-ce.com\/cz\/wp-json\/wp\/v2\/users\/1"}],"replies":[{"embeddable":true,"href":"https:\/\/www.digitwin-ce.com\/cz\/wp-json\/wp\/v2\/comments?post=3235"}],"version-history":[{"count":1,"href":"https:\/\/www.digitwin-ce.com\/cz\/wp-json\/wp\/v2\/pages\/3235\/revisions"}],"predecessor-version":[{"id":3237,"href":"https:\/\/www.digitwin-ce.com\/cz\/wp-json\/wp\/v2\/pages\/3235\/revisions\/3237"}],"up":[{"embeddable":true,"href":"https:\/\/www.digitwin-ce.com\/cz\/wp-json\/wp\/v2\/pages\/7"}],"wp:attachment":[{"href":"https:\/\/www.digitwin-ce.com\/cz\/wp-json\/wp\/v2\/media?parent=3235"}],"curies":[{"name":"wp","href":"https:\/\/api.w.org\/{rel}","templated":true}]}}