{"id":3226,"date":"2021-03-10T11:03:03","date_gmt":"2021-03-10T11:03:03","guid":{"rendered":"https:\/\/www.digitwin-ce.com\/?page_id=3226"},"modified":"2021-03-10T18:04:54","modified_gmt":"2021-03-10T18:04:54","slug":"racionalizacia-infrastruktury","status":"publish","type":"page","link":"https:\/\/www.digitwin-ce.com\/cz\/byznys-oblasti\/racionalizace-infrastruktury\/","title":{"rendered":"Racionalizace infrastruktury"},"content":{"rendered":"<h1 class=\"has-text-align-center ba-title\"><strong>Racionalizace infrastruktury<\/strong><\/h1>\n\n\n\n<h4 class=\"highlighted-subtitle mb-7\"><strong><em>Vyu\u017e\u00edvejte technologie pot\u0159ebn\u00e9 pro chod Va\u0161ich aplikac\u00ed efektivn\u011b, s minimem vynalo\u017een\u00fdch n\u00e1klad\u016f a v souladu s aktualn\u00edmi bezpe\u010dnostn\u00edmi standardy.<\/em><\/strong><\/h4>\n\n\n\n<div class=\"wp-block-columns\">\n<div class=\"wp-block-column hover-cart\">\n<h2 class=\"has-text-align-center\"><strong>Kl\u00ed\u010dov\u00e9 v\u00fdzvy<\/strong><\/h2>\n\n\n\n<p class=\"custom-list has-text-align-center\"><i class=\"fa fa-check\"><\/i> pou\u017e\u00edvaj\u00ed zastaral\u00e9 technologie, kter\u00e9 p\u0159edstavuj\u00ed bezpe\u010dnostn\u00ed riziko a jsou n\u00e1ro\u010dn\u00e9 z pohledu vynalo\u017een\u00fdch n\u00e1klad\u016f<\/p>\n\n\n\n<p class=\"custom-list has-text-align-center\"><i class=\"fa fa-check\"><\/i> doch\u00e1z\u00ed k pl\u00fdtv\u00e1n\u00ed technologick\u00fdch zdroj\u016f<\/p>\n\n\n\n<p class=\"custom-list has-text-align-center\"><i class=\"fa fa-check\"><\/i> vznikaj\u00ed duplicitn\u00ed technologie<\/p>\n\n\n\n<p class=\"custom-list has-text-align-center\"><i class=\"fa fa-check\"><\/i> technologie se st\u00e1vaj\u00ed redundantn\u00edmi<\/p>\n<\/div>\n\n\n\n<div class=\"wp-block-column hover-cart\">\n<h2 class=\"has-text-align-center\"><strong>Dosa\u017een\u00e9 c\u00edle<\/strong><\/h2>\n\n\n\n<p class=\"custom-list has-text-align-center\"><i class=\"fa fa-check\"><\/i> \u00faspora \u010dasu<\/p>\n\n\n\n<p class=\"custom-list has-text-align-center\"><i class=\"fa fa-check\"><\/i> \u00faspora finan\u010dn\u00edch n\u00e1klad\u016f<\/p>\n\n\n\n<p><\/p>\n<\/div>\n<\/div>\n\n\n\n<p class=\"aligne-middle\">Aplikace podporuj\u00edc\u00ed prov\u00e1d\u011bn\u00ed podnikov\u00fdch proces\u016f, kter\u00e9 dod\u00e1vaj\u00ed kl\u00ed\u010dov\u00e9 produkty a slu\u017eby, vyu\u017e\u00edvaj\u00ed \u0161irok\u00e9 spektrum technologi\u00ed. Samotn\u00e1 spr\u00e1va technologi\u00ed mus\u00ed b\u00fdt \u0159\u00edzena celostn\u011b a neust\u00e1le analyzov\u00e1na, proto\u017ee absence tohoto p\u0159\u00edstupu zp\u016fsobuje, \u017ee se pou\u017e\u00edvaj\u00ed zastaral\u00e9 technologie, kter\u00e9 p\u0159edstavuj\u00ed bezpe\u010dnostn\u00ed riziko a jsou n\u00e1ro\u010dn\u00e9 z pohledu vynalo\u017een\u00fdch n\u00e1klad\u016f, doch\u00e1z\u00ed k pl\u00fdtv\u00e1n\u00ed technologick\u00fdch zdroj\u016f, vznikaj\u00ed duplicitn\u00ed technologie, technologie se st\u00e1vaj\u00ed redundantn\u00edmi. Kl\u00ed\u010dov\u00fdm faktorem pro redukci finan\u010dn\u00edch a person\u00e1ln\u00edch n\u00e1klad\u016f je p\u0159im\u011b\u0159en\u00e1 anal\u00fdza a management technologick\u00e9ho portfolia.<\/p>\n\n\n\n<p class=\"UC-desc aligne-middle\">Dlouholet\u00e9 fungov\u00e1n\u00ed spole\u010dnost\u00ed p\u0159in\u00e1\u0161\u00ed velk\u00e9 spektrum vyu\u017e\u00edvan\u00fdch technologi\u00ed. Na ka\u017edou z t\u011bchto technologi\u00ed je t\u0159eba m\u00edt zam\u011bstnance s kompetencemi, respektive platit za \"outsourcov\u00e1n\u00ed\" t\u011bchto slu\u017eeb dodavatelem. Zmapov\u00e1n\u00ed, zachycen\u00ed a vyhodnocen\u00ed vyu\u017e\u00edvan\u00fdch technologick\u00fdch platforem p\u0159in\u00e1\u0161\u00ed prostor pro jejich redukov\u00e1n\u00ed, p\u0159\u00edpadn\u011b odhalen\u00ed mo\u017enost\u00ed jejich migrace na jednotn\u00e9 standardy.<\/p>\n\n\n\n\n\t<div class='ngg-imagebrowser default-view'\n         id='ngg-imagebrowser-74167d3d36d4d92a75753cc096549400-3226'\n         data-nextgen-gallery-id=\"74167d3d36d4d92a75753cc096549400\">\n\n        <h3>Technology Standard<\/h3>\n\n\t\t<div id=\"ngg-image-0\" class=\"pic\" >\n        \n        <a href='https:\/\/www.digitwin-ce.com\/wp-content\/gallery\/racinf\/Technology-Standard.png'\n           title=' '\n           data-src=\"https:\/\/www.digitwin-ce.com\/wp-content\/gallery\/racinf\/Technology-Standard.png\"\n           data-thumbnail=\"https:\/\/www.digitwin-ce.com\/wp-content\/gallery\/racinf\/thumbs\/thumbs_Technology-Standard.png\"\n           data-image-id=\"40\"\n           data-title=\"Technology Standard\"\n           data-description=\" \"\n           class=\"ngg-simplelightbox\" rel=\"74167d3d36d4d92a75753cc096549400\">\n            <img title='Technology Standard'\n                 alt='Technology Standard'\n                 src='https:\/\/www.digitwin-ce.com\/wp-content\/gallery\/racinf\/Technology-Standard.png'\/>\n        <\/a>\n\t    \n        <\/div> \n\n        <div class='ngg-imagebrowser-nav'>\n\n            <div class='back'>\n                <a class='ngg-browser-prev'\n                   id='ngg-prev-42'\n                   href='https:\/\/www.digitwin-ce.com\/cz\/byznys-oblasti\/racionalizace-infrastruktury\/nggallery\/image\/infrastructure-architecture\/'>\n                    <i class=\"fa fa-chevron-left\" aria-hidden=\"true\"><\/i>\n                <\/a>\n            <\/div>\n\n            <div class='next'>\n                <a class='ngg-browser-next'\n                   id='ngg-next-41'\n                   href='https:\/\/www.digitwin-ce.com\/cz\/byznys-oblasti\/racionalizace-infrastruktury\/nggallery\/image\/technology-infrastructure\/'>\n                    <i class=\"fa fa-chevron-right\" aria-hidden=\"true\"><\/i>\n                <\/a>\n            <\/div>\n\n            <div class='counter'>\n                Obr\u00e1zek                1                z                3            <\/div>\n\n            <div class='ngg-imagebrowser-desc'>\n                <p> <\/p>\n            <\/div>\n\n        <\/div>\n    <\/div>\n\n\n\n\n\n<p><\/p>","protected":false},"excerpt":{"rendered":"<p>Racionaliz\u00e1cia infra\u0161trukt\u00fary Vyu\u017e\u00edvajte technol\u00f3gie potrebn\u00e9 pre chod Va\u0161ich aplik\u00e1ci\u00ed efekt\u00edvne, s\u202fminimom vynalo\u017een\u00fdch n\u00e1kladov a\u202fv\u202fs\u00falade s\u202faktu\u00e1lnymi bezpe\u010dnostn\u00fdmi \u0161tandardmi. K\u013e\u00fa\u010dov\u00e9 v\u00fdzvy pou\u017e\u00edvaj\u00fa sa zastaran\u00e9 technol\u00f3gie, ktor\u00e9 predstavuj\u00fa bezpe\u010dnostn\u00e9 riziko a\u202fs\u00fa n\u00e1ro\u010dn\u00e9 z\u202fpoh\u013eadu vynalo\u017een\u00fdch n\u00e1kladov doch\u00e1dza k\u202fplytvaniu technologick\u00fdch zdrojov vznikaj\u00fa duplicitn\u00e9 technol\u00f3gie technol\u00f3gie sa st\u00e1vaj\u00fa redundantn\u00fdmi Dosiahnut\u00e9 ciele \u00faspora \u010dasu \u00faspora finan\u010dn\u00fdch n\u00e1kladov Aplik\u00e1cie podporuj\u00face vykon\u00e1vanie biznis procesov, &hellip;<\/p>\n<p class=\"read-more\"> <a class=\"\" href=\"https:\/\/www.digitwin-ce.com\/cz\/byznys-oblasti\/racionalizace-infrastruktury\/\"> <span class=\"screen-reader-text\">Racionalizace infrastruktury<\/span> Pokra\u010dovat ve \u010dten\u00ed &raquo;<\/a><\/p>","protected":false},"author":1,"featured_media":0,"parent":7,"menu_order":0,"comment_status":"closed","ping_status":"closed","template":"","meta":{"_mi_skip_tracking":false,"ngg_post_thumbnail":0},"yoast_head":"<!-- This site is optimized with the Yoast SEO plugin v18.2 - https:\/\/yoast.com\/wordpress\/plugins\/seo\/ -->\n<title>Racionaliz\u00e1cia infra\u0161trukt\u00fary - digitWin<\/title>\n<meta name=\"description\" content=\"Vyu\u017e\u00edvajte technol\u00f3gie potrebn\u00e9 pre chod Va\u0161ich aplik\u00e1ci\u00ed efekt\u00edvne, s\u202fminimom vynalo\u017een\u00fdch n\u00e1kladov a\u202fv\u202fs\u00falade s\u202faktu\u00e1lnymi bezpe\u010dnostn\u00fdmi \u0161tandardmi.\" \/>\n<meta name=\"robots\" content=\"index, follow, max-snippet:-1, max-image-preview:large, max-video-preview:-1\" \/>\n<link rel=\"canonical\" href=\"https:\/\/digitwin-ce.com\/biznis-oblasti\/racionalizacia-infrastruktury\/\" \/>\n<meta property=\"og:locale\" content=\"cs_CZ\" \/>\n<meta property=\"og:type\" content=\"article\" \/>\n<meta property=\"og:title\" content=\"Racionaliz\u00e1cia infra\u0161trukt\u00fary - digitWin\" \/>\n<meta property=\"og:description\" content=\"Vyu\u017e\u00edvajte technol\u00f3gie potrebn\u00e9 pre chod Va\u0161ich aplik\u00e1ci\u00ed efekt\u00edvne, s\u202fminimom vynalo\u017een\u00fdch n\u00e1kladov a\u202fv\u202fs\u00falade s\u202faktu\u00e1lnymi bezpe\u010dnostn\u00fdmi \u0161tandardmi.\" \/>\n<meta property=\"og:url\" content=\"https:\/\/digitwin-ce.com\/biznis-oblasti\/racionalizacia-infrastruktury\/\" \/>\n<meta property=\"og:site_name\" content=\"digitWin\" \/>\n<meta property=\"article:modified_time\" content=\"2021-03-10T18:04:54+00:00\" \/>\n<meta name=\"twitter:card\" content=\"summary_large_image\" \/>\n<meta name=\"twitter:label1\" content=\"Odhadovan\u00e1 doba \u010dten\u00ed\" \/>\n\t<meta name=\"twitter:data1\" content=\"1 minuta\" \/>\n<script type=\"application\/ld+json\" class=\"yoast-schema-graph\">{\"@context\":\"https:\/\/schema.org\",\"@graph\":[{\"@type\":\"Organization\",\"@id\":\"https:\/\/www.digitwin-ce.com\/#organization\",\"name\":\"digitWin, s.r.o.\",\"url\":\"https:\/\/www.digitwin-ce.com\/\",\"sameAs\":[\"https:\/\/www.linkedin.com\/company\/digitwin-ce\/about\/\"],\"logo\":{\"@type\":\"ImageObject\",\"@id\":\"https:\/\/www.digitwin-ce.com\/#logo\",\"inLanguage\":\"cs\",\"url\":\"https:\/\/www.digitwin-ce.com\/wp-content\/uploads\/2021\/03\/digitWin_logo_small.png\",\"contentUrl\":\"https:\/\/www.digitwin-ce.com\/wp-content\/uploads\/2021\/03\/digitWin_logo_small.png\",\"width\":410,\"height\":200,\"caption\":\"digitWin, s.r.o.\"},\"image\":{\"@id\":\"https:\/\/www.digitwin-ce.com\/#logo\"}},{\"@type\":\"WebSite\",\"@id\":\"https:\/\/www.digitwin-ce.com\/#website\",\"url\":\"https:\/\/www.digitwin-ce.com\/\",\"name\":\"digitWin\",\"description\":\"holistick\u00e1 architekt\u00fara \/ enterprise n\u00e1stroj \/ rie\u0161enie\",\"publisher\":{\"@id\":\"https:\/\/www.digitwin-ce.com\/#organization\"},\"potentialAction\":[{\"@type\":\"SearchAction\",\"target\":{\"@type\":\"EntryPoint\",\"urlTemplate\":\"https:\/\/www.digitwin-ce.com\/?s={search_term_string}\"},\"query-input\":\"required name=search_term_string\"}],\"inLanguage\":\"cs\"},{\"@type\":\"WebPage\",\"@id\":\"https:\/\/digitwin-ce.com\/biznis-oblasti\/racionalizacia-infrastruktury\/#webpage\",\"url\":\"https:\/\/digitwin-ce.com\/biznis-oblasti\/racionalizacia-infrastruktury\/\",\"name\":\"Racionaliz\u00e1cia infra\u0161trukt\u00fary - digitWin\",\"isPartOf\":{\"@id\":\"https:\/\/www.digitwin-ce.com\/#website\"},\"datePublished\":\"2021-03-10T11:03:03+00:00\",\"dateModified\":\"2021-03-10T18:04:54+00:00\",\"description\":\"Vyu\u017e\u00edvajte technol\u00f3gie potrebn\u00e9 pre chod Va\u0161ich aplik\u00e1ci\u00ed efekt\u00edvne, s\u202fminimom vynalo\u017een\u00fdch n\u00e1kladov a\u202fv\u202fs\u00falade s\u202faktu\u00e1lnymi bezpe\u010dnostn\u00fdmi \u0161tandardmi.\",\"breadcrumb\":{\"@id\":\"https:\/\/digitwin-ce.com\/biznis-oblasti\/racionalizacia-infrastruktury\/#breadcrumb\"},\"inLanguage\":\"cs\",\"potentialAction\":[{\"@type\":\"ReadAction\",\"target\":[\"https:\/\/digitwin-ce.com\/biznis-oblasti\/racionalizacia-infrastruktury\/\"]}]},{\"@type\":\"BreadcrumbList\",\"@id\":\"https:\/\/digitwin-ce.com\/biznis-oblasti\/racionalizacia-infrastruktury\/#breadcrumb\",\"itemListElement\":[{\"@type\":\"ListItem\",\"position\":1,\"name\":\"Domovsk\u00e1 str\u00e1nka\",\"item\":\"https:\/\/www.digitwin-ce.com\/\"},{\"@type\":\"ListItem\",\"position\":2,\"name\":\"Biznis oblasti\",\"item\":\"https:\/\/www.digitwin-ce.com\/biznis-oblasti\/\"},{\"@type\":\"ListItem\",\"position\":3,\"name\":\"Racionaliz\u00e1cia infra\u0161trukt\u00fary\"}]}]}<\/script>\n<!-- \/ Yoast SEO plugin. -->","yoast_head_json":{"title":"Racionaliz\u00e1cia infra\u0161trukt\u00fary - digitWin","description":"Vyu\u017e\u00edvajte technol\u00f3gie potrebn\u00e9 pre chod Va\u0161ich aplik\u00e1ci\u00ed efekt\u00edvne, s\u202fminimom vynalo\u017een\u00fdch n\u00e1kladov a\u202fv\u202fs\u00falade s\u202faktu\u00e1lnymi bezpe\u010dnostn\u00fdmi \u0161tandardmi.","robots":{"index":"index","follow":"follow","max-snippet":"max-snippet:-1","max-image-preview":"max-image-preview:large","max-video-preview":"max-video-preview:-1"},"canonical":"https:\/\/digitwin-ce.com\/biznis-oblasti\/racionalizacia-infrastruktury\/","og_locale":"cs_CZ","og_type":"article","og_title":"Racionaliz\u00e1cia infra\u0161trukt\u00fary - digitWin","og_description":"Vyu\u017e\u00edvajte technol\u00f3gie potrebn\u00e9 pre chod Va\u0161ich aplik\u00e1ci\u00ed efekt\u00edvne, s\u202fminimom vynalo\u017een\u00fdch n\u00e1kladov a\u202fv\u202fs\u00falade s\u202faktu\u00e1lnymi bezpe\u010dnostn\u00fdmi \u0161tandardmi.","og_url":"https:\/\/digitwin-ce.com\/biznis-oblasti\/racionalizacia-infrastruktury\/","og_site_name":"digitWin","article_modified_time":"2021-03-10T18:04:54+00:00","twitter_card":"summary_large_image","twitter_misc":{"Odhadovan\u00e1 doba \u010dten\u00ed":"1 minuta"},"schema":{"@context":"https:\/\/schema.org","@graph":[{"@type":"Organization","@id":"https:\/\/www.digitwin-ce.com\/#organization","name":"digitWin, s.r.o.","url":"https:\/\/www.digitwin-ce.com\/","sameAs":["https:\/\/www.linkedin.com\/company\/digitwin-ce\/about\/"],"logo":{"@type":"ImageObject","@id":"https:\/\/www.digitwin-ce.com\/#logo","inLanguage":"cs","url":"https:\/\/www.digitwin-ce.com\/wp-content\/uploads\/2021\/03\/digitWin_logo_small.png","contentUrl":"https:\/\/www.digitwin-ce.com\/wp-content\/uploads\/2021\/03\/digitWin_logo_small.png","width":410,"height":200,"caption":"digitWin, s.r.o."},"image":{"@id":"https:\/\/www.digitwin-ce.com\/#logo"}},{"@type":"WebSite","@id":"https:\/\/www.digitwin-ce.com\/#website","url":"https:\/\/www.digitwin-ce.com\/","name":"digitWin","description":"holistick\u00e1 architekt\u00fara \/ enterprise n\u00e1stroj \/ rie\u0161enie","publisher":{"@id":"https:\/\/www.digitwin-ce.com\/#organization"},"potentialAction":[{"@type":"SearchAction","target":{"@type":"EntryPoint","urlTemplate":"https:\/\/www.digitwin-ce.com\/?s={search_term_string}"},"query-input":"required name=search_term_string"}],"inLanguage":"cs"},{"@type":"WebPage","@id":"https:\/\/digitwin-ce.com\/biznis-oblasti\/racionalizacia-infrastruktury\/#webpage","url":"https:\/\/digitwin-ce.com\/biznis-oblasti\/racionalizacia-infrastruktury\/","name":"Racionaliz\u00e1cia infra\u0161trukt\u00fary - digitWin","isPartOf":{"@id":"https:\/\/www.digitwin-ce.com\/#website"},"datePublished":"2021-03-10T11:03:03+00:00","dateModified":"2021-03-10T18:04:54+00:00","description":"Vyu\u017e\u00edvajte technol\u00f3gie potrebn\u00e9 pre chod Va\u0161ich aplik\u00e1ci\u00ed efekt\u00edvne, s\u202fminimom vynalo\u017een\u00fdch n\u00e1kladov a\u202fv\u202fs\u00falade s\u202faktu\u00e1lnymi bezpe\u010dnostn\u00fdmi \u0161tandardmi.","breadcrumb":{"@id":"https:\/\/digitwin-ce.com\/biznis-oblasti\/racionalizacia-infrastruktury\/#breadcrumb"},"inLanguage":"cs","potentialAction":[{"@type":"ReadAction","target":["https:\/\/digitwin-ce.com\/biznis-oblasti\/racionalizacia-infrastruktury\/"]}]},{"@type":"BreadcrumbList","@id":"https:\/\/digitwin-ce.com\/biznis-oblasti\/racionalizacia-infrastruktury\/#breadcrumb","itemListElement":[{"@type":"ListItem","position":1,"name":"Domovsk\u00e1 str\u00e1nka","item":"https:\/\/www.digitwin-ce.com\/"},{"@type":"ListItem","position":2,"name":"Biznis oblasti","item":"https:\/\/www.digitwin-ce.com\/biznis-oblasti\/"},{"@type":"ListItem","position":3,"name":"Racionaliz\u00e1cia infra\u0161trukt\u00fary"}]}]}},"_links":{"self":[{"href":"https:\/\/www.digitwin-ce.com\/cz\/wp-json\/wp\/v2\/pages\/3226"}],"collection":[{"href":"https:\/\/www.digitwin-ce.com\/cz\/wp-json\/wp\/v2\/pages"}],"about":[{"href":"https:\/\/www.digitwin-ce.com\/cz\/wp-json\/wp\/v2\/types\/page"}],"author":[{"embeddable":true,"href":"https:\/\/www.digitwin-ce.com\/cz\/wp-json\/wp\/v2\/users\/1"}],"replies":[{"embeddable":true,"href":"https:\/\/www.digitwin-ce.com\/cz\/wp-json\/wp\/v2\/comments?post=3226"}],"version-history":[{"count":1,"href":"https:\/\/www.digitwin-ce.com\/cz\/wp-json\/wp\/v2\/pages\/3226\/revisions"}],"predecessor-version":[{"id":3227,"href":"https:\/\/www.digitwin-ce.com\/cz\/wp-json\/wp\/v2\/pages\/3226\/revisions\/3227"}],"up":[{"embeddable":true,"href":"https:\/\/www.digitwin-ce.com\/cz\/wp-json\/wp\/v2\/pages\/7"}],"wp:attachment":[{"href":"https:\/\/www.digitwin-ce.com\/cz\/wp-json\/wp\/v2\/media?parent=3226"}],"curies":[{"name":"wp","href":"https:\/\/api.w.org\/{rel}","templated":true}]}}