{"id":3223,"date":"2021-03-10T10:55:29","date_gmt":"2021-03-10T10:55:29","guid":{"rendered":"https:\/\/www.digitwin-ce.com\/?page_id=3223"},"modified":"2021-03-10T18:05:53","modified_gmt":"2021-03-10T18:05:53","slug":"zavedenie-manazmentu-rizik-a-bezpecnosti","status":"publish","type":"page","link":"https:\/\/www.digitwin-ce.com\/cz\/byznys-oblasti\/zavedeni-managementu-rizik-a-bezpecnosti\/","title":{"rendered":"Zaveden\u00ed managementu rizik a bezpe\u010dnosti"},"content":{"rendered":"<h1 class=\"has-text-align-center ba-title\"><strong>Zaveden\u00ed managementu rizik a bezpe\u010dnosti<\/strong><\/h1>\n\n\n\n<h4 class=\"highlighted-subtitle mb-7\"><strong><em>Poznejte mo\u017en\u00e1 rizika a bezpe\u010dnostn\u00ed hrozby spojen\u00e9 s fungov\u00e1n\u00edm Va\u0161\u00ed organizace, eliminujte jejich vznik a p\u0159ipravte se na n\u011b napl\u00e1nov\u00e1n\u00edm odpov\u00eddaj\u00edc\u00ed reakce.<\/em><\/strong><\/h4>\n\n\n\n<div class=\"wp-block-columns\">\n<div class=\"wp-block-column hover-cart\">\n<h2 class=\"has-text-align-center\"><strong>Kl\u00ed\u010dov\u00e9 v\u00fdzvy<\/strong><\/h2>\n\n\n\n<p class=\"custom-list has-text-align-center\"><i class=\"fa fa-check\"><\/i> realizovan\u00e9 projekty kon\u010d\u00ed ne\u00fasp\u011bchem<\/p>\n\n\n\n<p class=\"custom-list has-text-align-center\"><i class=\"fa fa-check\"><\/i> na p\u0159\u00edchoz\u00ed rizika nen\u00ed vytvo\u0159ena odpov\u00eddaj\u00edc\u00ed reakce<\/p>\n\n\n\n<p class=\"custom-list has-text-align-center\"><i class=\"fa fa-check\"><\/i> doch\u00e1z\u00ed ke zv\u00fd\u0161en\u00ed n\u00e1klad\u016f spojen\u00fdch s realizac\u00ed projektu<\/p>\n\n\n\n<p class=\"custom-list has-text-align-center\"><i class=\"fa fa-check\"><\/i> nast\u00e1vaj\u00ed naru\u0161en\u00ed bezpe\u010dnosti zp\u016fsobuj\u00edc\u00ed rozs\u00e1hl\u00e9 \u0161kody<\/p>\n<\/div>\n\n\n\n<div class=\"wp-block-column hover-cart\">\n<h2 class=\"has-text-align-center\"><strong>Dosa\u017een\u00e9 c\u00edle<\/strong><\/h2>\n\n\n\n<p class=\"custom-list has-text-align-center\"><i class=\"fa fa-check\"><\/i> \u00faspora \u010dasu<\/p>\n\n\n\n<p class=\"custom-list has-text-align-center\"><i class=\"fa fa-check\"><\/i> \u00faspora finan\u010dn\u00edch n\u00e1klad\u016f<\/p>\n\n\n\n<p class=\"custom-list has-text-align-center\"><i class=\"fa fa-check\"><\/i> mitigace rizik a bezpe\u010dnostn\u00edch hrozeb<\/p>\n\n\n\n<p><\/p>\n<\/div>\n<\/div>\n\n\n\n<p class=\"aligne-middle\">Odhalen\u00ed, anal\u00fdza a eliminace rizik a bezpe\u010dnostn\u00edch hrozeb je jedn\u00edm ze z\u00e1kladn\u00edch pil\u00ed\u0159\u016f \u00fasp\u011b\u0161n\u011b realizovan\u00fdch projekt\u016f, ale i samotn\u00e9ho provozu organizace a jej\u00ed informa\u010dn\u00edch syst\u00e9m\u016f (aspekty CIA - Pravidla, integrity and availability). Absence mo\u017en\u00fdch rizik a hrozeb zp\u016fsobuje, \u017ee realizovan\u00e9 projekty kon\u010d\u00ed ne\u00fasp\u011bchem, na p\u0159\u00edchoz\u00ed rizika nen\u00ed vytvo\u0159ena odpov\u00eddaj\u00edc\u00ed reakce, doch\u00e1z\u00ed ke zv\u00fd\u0161en\u00ed n\u00e1klad\u016f spojen\u00fdch s realizac\u00ed projektu, nast\u00e1vaj\u00ed naru\u0161en\u00ed bezpe\u010dnosti zp\u016fsobuj\u00edc\u00ed rozs\u00e1hl\u00e9 \u0161kody.<\/p>\n\n\n\n<p class=\"UC-desc aligne-middle\">Digit\u00e1ln\u00ed dvoj\u010de organizace uchov\u00e1v\u00e1 reprezentaci organizace ve v\u00edce discipl\u00edn\u00e1ch, mezi kter\u00e9 pat\u0159\u00ed opera\u010dn\u00ed model, business procesy, byznys strategie, data, \u010di jin\u00e9. D\u00edky objektivizaci a n\u00e1sledn\u00e9 digitalizaci je mo\u017en\u00e9 uchov\u00e1vat informace o rizic\u00edch, zranitelnostech, kontroln\u00edch opat\u0159en\u00edch, \u010di jak\u00fdchkoliv dal\u0161\u00edch objektech \u0159\u00edzen\u00ed rizik a bezpe\u010dnostn\u00ed architektury. Ty je nav\u00edc mo\u017en\u00e9 propojovat p\u0159\u00edmo z opera\u010dn\u00edm modelem a vyhodnocovat v podob\u011b p\u0159ehledn\u00fdch sestav a heat map.<\/p>\n\n\n\n\n\t<div class='ngg-imagebrowser default-view'\n         id='ngg-imagebrowser-86c2e13d918c86ed40dbbedea66c4b6b-3223'\n         data-nextgen-gallery-id=\"86c2e13d918c86ed40dbbedea66c4b6b\">\n\n        <h3>Risk &amp; Security Management<\/h3>\n\n\t\t<div id=\"ngg-image-0\" class=\"pic\" >\n        \n        <a href='https:\/\/www.digitwin-ce.com\/wp-content\/gallery\/manriz\/Risk-Security-Management.png'\n           title=' '\n           data-src=\"https:\/\/www.digitwin-ce.com\/wp-content\/gallery\/manriz\/Risk-Security-Management.png\"\n           data-thumbnail=\"https:\/\/www.digitwin-ce.com\/wp-content\/gallery\/manriz\/thumbs\/thumbs_Risk-Security-Management.png\"\n           data-image-id=\"32\"\n           data-title=\"Risk &amp; Security Management\"\n           data-description=\" \"\n           class=\"ngg-simplelightbox\" rel=\"86c2e13d918c86ed40dbbedea66c4b6b\">\n            <img title='Risk &amp; Security Management'\n                 alt='Risk &amp; Security Management'\n                 src='https:\/\/www.digitwin-ce.com\/wp-content\/gallery\/manriz\/Risk-Security-Management.png'\/>\n        <\/a>\n\t    \n        <\/div> \n\n        <div class='ngg-imagebrowser-nav'>\n\n            <div class='back'>\n                <a class='ngg-browser-prev'\n                   id='ngg-prev-33'\n                   href='https:\/\/www.digitwin-ce.com\/cz\/byznys-oblasti\/zavedeni-managementu-rizik-a-bezpecnosti\/nggallery\/image\/control-objectives-for-ucs\/'>\n                    <i class=\"fa fa-chevron-left\" aria-hidden=\"true\"><\/i>\n                <\/a>\n            <\/div>\n\n            <div class='next'>\n                <a class='ngg-browser-next'\n                   id='ngg-next-15'\n                   href='https:\/\/www.digitwin-ce.com\/cz\/byznys-oblasti\/zavedeni-managementu-rizik-a-bezpecnosti\/nggallery\/image\/risk-heat-map\/'>\n                    <i class=\"fa fa-chevron-right\" aria-hidden=\"true\"><\/i>\n                <\/a>\n            <\/div>\n\n            <div class='counter'>\n                Obr\u00e1zek                1                z                3            <\/div>\n\n            <div class='ngg-imagebrowser-desc'>\n                <p> <\/p>\n            <\/div>\n\n        <\/div>\n    <\/div>\n\n\n\n\n\n<p><\/p>","protected":false},"excerpt":{"rendered":"<p>Zavedenie mana\u017ementu riz\u00edk a\u202fbezpe\u010dnosti Poznajte mo\u017en\u00e9 rizik\u00e1 a\u202fbezpe\u010dnostn\u00e9 hrozby spojen\u00e9 s\u202ffungovan\u00edm Va\u0161ej organiz\u00e1cie, eliminujte ich vznik a\u202fpripravte sa na ne napl\u00e1novan\u00edm zodpovedaj\u00facej reakcie. K\u013e\u00fa\u010dov\u00e9 v\u00fdzvy realizovan\u00e9 projekty kon\u010dia ne\u00faspechom na prich\u00e1dzaj\u00face rizik\u00e1 nie je vytvoren\u00e1 zodpovedaj\u00faca reakcia doch\u00e1dza k\u202fzv\u00fd\u0161eniu n\u00e1kladov spojen\u00fdch s\u202frealiz\u00e1ciou projektu nast\u00e1vaj\u00fa naru\u0161enia bezpe\u010dnosti sp\u00f4sobuj\u00face rozsiahle \u0161kody Dosiahnut\u00e9 ciele \u00faspora \u010dasu \u00faspora finan\u010dn\u00fdch &hellip;<\/p>\n<p class=\"read-more\"> <a class=\"\" href=\"https:\/\/www.digitwin-ce.com\/cz\/byznys-oblasti\/zavedeni-managementu-rizik-a-bezpecnosti\/\"> <span class=\"screen-reader-text\">Zaveden\u00ed managementu rizik a bezpe\u010dnosti<\/span> Pokra\u010dovat ve \u010dten\u00ed &raquo;<\/a><\/p>","protected":false},"author":1,"featured_media":0,"parent":7,"menu_order":0,"comment_status":"closed","ping_status":"closed","template":"","meta":{"_mi_skip_tracking":false,"ngg_post_thumbnail":0},"yoast_head":"<!-- This site is optimized with the Yoast SEO plugin v18.2 - https:\/\/yoast.com\/wordpress\/plugins\/seo\/ -->\n<title>Zavedenie mana\u017ementu riz\u00edk a\u202fbezpe\u010dnosti - digitWin<\/title>\n<meta name=\"description\" content=\"Poznajte mo\u017en\u00e9 rizik\u00e1 a\u202fbezpe\u010dnostn\u00e9 hrozby spojen\u00e9 s\u202ffungovan\u00edm Va\u0161ej organiz\u00e1cie, eliminujte ich vznik a\u202fpripravte sa na ne napl\u00e1novan\u00edm zodpovedaj\u00facej reakcie.\" \/>\n<meta name=\"robots\" content=\"index, follow, max-snippet:-1, max-image-preview:large, max-video-preview:-1\" \/>\n<link rel=\"canonical\" href=\"https:\/\/digitwin-ce.com\/biznis-oblasti\/zavedenie-manazmentu-rizik-a-bezpecnosti\/\" \/>\n<meta property=\"og:locale\" content=\"cs_CZ\" \/>\n<meta property=\"og:type\" content=\"article\" \/>\n<meta property=\"og:title\" content=\"Zavedenie mana\u017ementu riz\u00edk a\u202fbezpe\u010dnosti - digitWin\" \/>\n<meta property=\"og:description\" content=\"Poznajte mo\u017en\u00e9 rizik\u00e1 a\u202fbezpe\u010dnostn\u00e9 hrozby spojen\u00e9 s\u202ffungovan\u00edm Va\u0161ej organiz\u00e1cie, eliminujte ich vznik a\u202fpripravte sa na ne napl\u00e1novan\u00edm zodpovedaj\u00facej reakcie.\" \/>\n<meta property=\"og:url\" content=\"https:\/\/digitwin-ce.com\/biznis-oblasti\/zavedenie-manazmentu-rizik-a-bezpecnosti\/\" \/>\n<meta property=\"og:site_name\" content=\"digitWin\" \/>\n<meta property=\"article:modified_time\" content=\"2021-03-10T18:05:53+00:00\" \/>\n<meta name=\"twitter:card\" content=\"summary_large_image\" \/>\n<meta name=\"twitter:label1\" content=\"Odhadovan\u00e1 doba \u010dten\u00ed\" \/>\n\t<meta name=\"twitter:data1\" content=\"1 minuta\" \/>\n<script type=\"application\/ld+json\" class=\"yoast-schema-graph\">{\"@context\":\"https:\/\/schema.org\",\"@graph\":[{\"@type\":\"Organization\",\"@id\":\"https:\/\/www.digitwin-ce.com\/#organization\",\"name\":\"digitWin, s.r.o.\",\"url\":\"https:\/\/www.digitwin-ce.com\/\",\"sameAs\":[\"https:\/\/www.linkedin.com\/company\/digitwin-ce\/about\/\"],\"logo\":{\"@type\":\"ImageObject\",\"@id\":\"https:\/\/www.digitwin-ce.com\/#logo\",\"inLanguage\":\"cs\",\"url\":\"https:\/\/www.digitwin-ce.com\/wp-content\/uploads\/2021\/03\/digitWin_logo_small.png\",\"contentUrl\":\"https:\/\/www.digitwin-ce.com\/wp-content\/uploads\/2021\/03\/digitWin_logo_small.png\",\"width\":410,\"height\":200,\"caption\":\"digitWin, s.r.o.\"},\"image\":{\"@id\":\"https:\/\/www.digitwin-ce.com\/#logo\"}},{\"@type\":\"WebSite\",\"@id\":\"https:\/\/www.digitwin-ce.com\/#website\",\"url\":\"https:\/\/www.digitwin-ce.com\/\",\"name\":\"digitWin\",\"description\":\"holistick\u00e1 architekt\u00fara \/ enterprise n\u00e1stroj \/ rie\u0161enie\",\"publisher\":{\"@id\":\"https:\/\/www.digitwin-ce.com\/#organization\"},\"potentialAction\":[{\"@type\":\"SearchAction\",\"target\":{\"@type\":\"EntryPoint\",\"urlTemplate\":\"https:\/\/www.digitwin-ce.com\/?s={search_term_string}\"},\"query-input\":\"required name=search_term_string\"}],\"inLanguage\":\"cs\"},{\"@type\":\"WebPage\",\"@id\":\"https:\/\/digitwin-ce.com\/biznis-oblasti\/zavedenie-manazmentu-rizik-a-bezpecnosti\/#webpage\",\"url\":\"https:\/\/digitwin-ce.com\/biznis-oblasti\/zavedenie-manazmentu-rizik-a-bezpecnosti\/\",\"name\":\"Zavedenie mana\u017ementu riz\u00edk a\u202fbezpe\u010dnosti - digitWin\",\"isPartOf\":{\"@id\":\"https:\/\/www.digitwin-ce.com\/#website\"},\"datePublished\":\"2021-03-10T10:55:29+00:00\",\"dateModified\":\"2021-03-10T18:05:53+00:00\",\"description\":\"Poznajte mo\u017en\u00e9 rizik\u00e1 a\u202fbezpe\u010dnostn\u00e9 hrozby spojen\u00e9 s\u202ffungovan\u00edm Va\u0161ej organiz\u00e1cie, eliminujte ich vznik a\u202fpripravte sa na ne napl\u00e1novan\u00edm zodpovedaj\u00facej reakcie.\",\"breadcrumb\":{\"@id\":\"https:\/\/digitwin-ce.com\/biznis-oblasti\/zavedenie-manazmentu-rizik-a-bezpecnosti\/#breadcrumb\"},\"inLanguage\":\"cs\",\"potentialAction\":[{\"@type\":\"ReadAction\",\"target\":[\"https:\/\/digitwin-ce.com\/biznis-oblasti\/zavedenie-manazmentu-rizik-a-bezpecnosti\/\"]}]},{\"@type\":\"BreadcrumbList\",\"@id\":\"https:\/\/digitwin-ce.com\/biznis-oblasti\/zavedenie-manazmentu-rizik-a-bezpecnosti\/#breadcrumb\",\"itemListElement\":[{\"@type\":\"ListItem\",\"position\":1,\"name\":\"Domovsk\u00e1 str\u00e1nka\",\"item\":\"https:\/\/www.digitwin-ce.com\/\"},{\"@type\":\"ListItem\",\"position\":2,\"name\":\"Biznis oblasti\",\"item\":\"https:\/\/www.digitwin-ce.com\/biznis-oblasti\/\"},{\"@type\":\"ListItem\",\"position\":3,\"name\":\"Zavedenie mana\u017ementu riz\u00edk a\u202fbezpe\u010dnosti\"}]}]}<\/script>\n<!-- \/ Yoast SEO plugin. -->","yoast_head_json":{"title":"Zavedenie mana\u017ementu riz\u00edk a\u202fbezpe\u010dnosti - digitWin","description":"Poznajte mo\u017en\u00e9 rizik\u00e1 a\u202fbezpe\u010dnostn\u00e9 hrozby spojen\u00e9 s\u202ffungovan\u00edm Va\u0161ej organiz\u00e1cie, eliminujte ich vznik a\u202fpripravte sa na ne napl\u00e1novan\u00edm zodpovedaj\u00facej reakcie.","robots":{"index":"index","follow":"follow","max-snippet":"max-snippet:-1","max-image-preview":"max-image-preview:large","max-video-preview":"max-video-preview:-1"},"canonical":"https:\/\/digitwin-ce.com\/biznis-oblasti\/zavedenie-manazmentu-rizik-a-bezpecnosti\/","og_locale":"cs_CZ","og_type":"article","og_title":"Zavedenie mana\u017ementu riz\u00edk a\u202fbezpe\u010dnosti - digitWin","og_description":"Poznajte mo\u017en\u00e9 rizik\u00e1 a\u202fbezpe\u010dnostn\u00e9 hrozby spojen\u00e9 s\u202ffungovan\u00edm Va\u0161ej organiz\u00e1cie, eliminujte ich vznik a\u202fpripravte sa na ne napl\u00e1novan\u00edm zodpovedaj\u00facej reakcie.","og_url":"https:\/\/digitwin-ce.com\/biznis-oblasti\/zavedenie-manazmentu-rizik-a-bezpecnosti\/","og_site_name":"digitWin","article_modified_time":"2021-03-10T18:05:53+00:00","twitter_card":"summary_large_image","twitter_misc":{"Odhadovan\u00e1 doba \u010dten\u00ed":"1 minuta"},"schema":{"@context":"https:\/\/schema.org","@graph":[{"@type":"Organization","@id":"https:\/\/www.digitwin-ce.com\/#organization","name":"digitWin, s.r.o.","url":"https:\/\/www.digitwin-ce.com\/","sameAs":["https:\/\/www.linkedin.com\/company\/digitwin-ce\/about\/"],"logo":{"@type":"ImageObject","@id":"https:\/\/www.digitwin-ce.com\/#logo","inLanguage":"cs","url":"https:\/\/www.digitwin-ce.com\/wp-content\/uploads\/2021\/03\/digitWin_logo_small.png","contentUrl":"https:\/\/www.digitwin-ce.com\/wp-content\/uploads\/2021\/03\/digitWin_logo_small.png","width":410,"height":200,"caption":"digitWin, s.r.o."},"image":{"@id":"https:\/\/www.digitwin-ce.com\/#logo"}},{"@type":"WebSite","@id":"https:\/\/www.digitwin-ce.com\/#website","url":"https:\/\/www.digitwin-ce.com\/","name":"digitWin","description":"holistick\u00e1 architekt\u00fara \/ enterprise n\u00e1stroj \/ rie\u0161enie","publisher":{"@id":"https:\/\/www.digitwin-ce.com\/#organization"},"potentialAction":[{"@type":"SearchAction","target":{"@type":"EntryPoint","urlTemplate":"https:\/\/www.digitwin-ce.com\/?s={search_term_string}"},"query-input":"required name=search_term_string"}],"inLanguage":"cs"},{"@type":"WebPage","@id":"https:\/\/digitwin-ce.com\/biznis-oblasti\/zavedenie-manazmentu-rizik-a-bezpecnosti\/#webpage","url":"https:\/\/digitwin-ce.com\/biznis-oblasti\/zavedenie-manazmentu-rizik-a-bezpecnosti\/","name":"Zavedenie mana\u017ementu riz\u00edk a\u202fbezpe\u010dnosti - digitWin","isPartOf":{"@id":"https:\/\/www.digitwin-ce.com\/#website"},"datePublished":"2021-03-10T10:55:29+00:00","dateModified":"2021-03-10T18:05:53+00:00","description":"Poznajte mo\u017en\u00e9 rizik\u00e1 a\u202fbezpe\u010dnostn\u00e9 hrozby spojen\u00e9 s\u202ffungovan\u00edm Va\u0161ej organiz\u00e1cie, eliminujte ich vznik a\u202fpripravte sa na ne napl\u00e1novan\u00edm zodpovedaj\u00facej reakcie.","breadcrumb":{"@id":"https:\/\/digitwin-ce.com\/biznis-oblasti\/zavedenie-manazmentu-rizik-a-bezpecnosti\/#breadcrumb"},"inLanguage":"cs","potentialAction":[{"@type":"ReadAction","target":["https:\/\/digitwin-ce.com\/biznis-oblasti\/zavedenie-manazmentu-rizik-a-bezpecnosti\/"]}]},{"@type":"BreadcrumbList","@id":"https:\/\/digitwin-ce.com\/biznis-oblasti\/zavedenie-manazmentu-rizik-a-bezpecnosti\/#breadcrumb","itemListElement":[{"@type":"ListItem","position":1,"name":"Domovsk\u00e1 str\u00e1nka","item":"https:\/\/www.digitwin-ce.com\/"},{"@type":"ListItem","position":2,"name":"Biznis oblasti","item":"https:\/\/www.digitwin-ce.com\/biznis-oblasti\/"},{"@type":"ListItem","position":3,"name":"Zavedenie mana\u017ementu riz\u00edk a\u202fbezpe\u010dnosti"}]}]}},"_links":{"self":[{"href":"https:\/\/www.digitwin-ce.com\/cz\/wp-json\/wp\/v2\/pages\/3223"}],"collection":[{"href":"https:\/\/www.digitwin-ce.com\/cz\/wp-json\/wp\/v2\/pages"}],"about":[{"href":"https:\/\/www.digitwin-ce.com\/cz\/wp-json\/wp\/v2\/types\/page"}],"author":[{"embeddable":true,"href":"https:\/\/www.digitwin-ce.com\/cz\/wp-json\/wp\/v2\/users\/1"}],"replies":[{"embeddable":true,"href":"https:\/\/www.digitwin-ce.com\/cz\/wp-json\/wp\/v2\/comments?post=3223"}],"version-history":[{"count":1,"href":"https:\/\/www.digitwin-ce.com\/cz\/wp-json\/wp\/v2\/pages\/3223\/revisions"}],"predecessor-version":[{"id":3224,"href":"https:\/\/www.digitwin-ce.com\/cz\/wp-json\/wp\/v2\/pages\/3223\/revisions\/3224"}],"up":[{"embeddable":true,"href":"https:\/\/www.digitwin-ce.com\/cz\/wp-json\/wp\/v2\/pages\/7"}],"wp:attachment":[{"href":"https:\/\/www.digitwin-ce.com\/cz\/wp-json\/wp\/v2\/media?parent=3223"}],"curies":[{"name":"wp","href":"https:\/\/api.w.org\/{rel}","templated":true}]}}