{"id":3214,"date":"2021-03-10T10:40:08","date_gmt":"2021-03-10T10:40:08","guid":{"rendered":"https:\/\/www.digitwin-ce.com\/?page_id=3214"},"modified":"2021-03-10T17:57:42","modified_gmt":"2021-03-10T17:57:42","slug":"optimalizacia-it-zdrojov","status":"publish","type":"page","link":"https:\/\/www.digitwin-ce.com\/cz\/byznys-oblasti\/optimalizace-it-zdroju\/","title":{"rendered":"Optimalizace IT zdroj\u016f"},"content":{"rendered":"<h1 class=\"has-text-align-center ba-title\"><strong>Optimalizace IT zdroj\u016f<\/strong><\/h1>\n\n\n\n<h4 class=\"highlighted-subtitle mb-7\"><strong><em>Vytv\u00e1\u0159ejte a spravujte pot\u0159ebn\u00e9 aplikace a technologie s minimem vynalo\u017een\u00fdch finan\u010dn\u00edch, person\u00e1ln\u00edch a \u010dasov\u00fdch prost\u0159edk\u016f.<\/em><\/strong><\/h4>\n\n\n\n<div class=\"wp-block-columns\">\n<div class=\"wp-block-column hover-cart\">\n<h2 class=\"has-text-align-center\"><strong>Kl\u00ed\u010dov\u00e9 v\u00fdzvy<\/strong><\/h2>\n\n\n\n<p class=\"custom-list has-text-align-center\"><i class=\"fa fa-check\"><\/i> jsou vytv\u00e1\u0159eny nepot\u0159ebn\u00e9 a p\u0159edra\u017een\u00e9 aplikace a technologie<\/p>\n\n\n\n<p class=\"custom-list has-text-align-center\"><i class=\"fa fa-check\"><\/i> doch\u00e1z\u00ed ke vzniku duplicitn\u00edch aplikac\u00ed a technologi\u00ed<\/p>\n\n\n\n<p class=\"custom-list has-text-align-center\"><i class=\"fa fa-check\"><\/i> nejsou zn\u00e1my rozd\u00edly finan\u010dn\u00edch n\u00e1klad\u016f mezi \"zaji\u0161\u0165ovan\u00fdmi\" aplikacemi a technologiemi a t\u011bmi, kter\u00e9 jsou vytv\u00e1\u0159eny a spravov\u00e1ny intern\u011b<\/p>\n<\/div>\n\n\n\n<div class=\"wp-block-column hover-cart\">\n<h2 class=\"has-text-align-center\"><strong>Dosa\u017een\u00e9 c\u00edle<\/strong><\/h2>\n\n\n\n<p class=\"custom-list has-text-align-center\"><i class=\"fa fa-check\"><\/i> \u00faspora \u010dasu<\/p>\n\n\n\n<p class=\"custom-list has-text-align-center\"><i class=\"fa fa-check\"><\/i> \u00faspora finan\u010dn\u00edch n\u00e1klad\u016f<\/p>\n\n\n\n<p><\/p>\n<\/div>\n<\/div>\n\n\n\n<p class=\"aligne-middle\">N\u00e1vrh, vytvo\u0159en\u00ed a \u00fadr\u017eba aplikac\u00ed a k nim p\u0159\u00edslu\u0161ej\u00edc\u00edch technologi\u00ed jsou n\u00e1kladn\u00edmi \u010dinnostmi vy\u017eaduj\u00edc\u00edmi zna\u010dn\u00e9 finan\u010dn\u00ed, person\u00e1ln\u00ed a \u010dasov\u00e9 prost\u0159edky. Absence managementu vyu\u017e\u00edvan\u00fdch aplikac\u00ed a technologi\u00ed zp\u016fsobuj\u00ed, \u017ee jsou vytv\u00e1\u0159eny nepot\u0159ebn\u00e9 a p\u0159edra\u017een\u00e9 aplikace a technologie, doch\u00e1z\u00ed ke vzniku duplicitn\u00edch aplikac\u00ed a technologi\u00ed, nejsou zn\u00e1my rozd\u00edly finan\u010dn\u00edch n\u00e1klad\u016f mezi \"zaji\u0161\u0165ovan\u00fdmi\" aplikacemi a technologiemi a t\u011bmi, kter\u00e9 jsou vytv\u00e1\u0159eny a spravov\u00e1ny intern\u011b.<\/p>\n\n\n\n<p class=\"UC-desc aligne-middle\">Ka\u017ed\u00e1 jedna aplikace a vyu\u017e\u00edvan\u00e1 technologick\u00e1 platforma vy\u017eaduje zam\u011bstnance, kte\u0159\u00ed maj\u00ed dan\u00e9 kompetence, respektive jsou tyto slu\u017eby \"outsourcovan\u00e9\". Redukov\u00e1n\u00edm vyu\u017eit\u00ed aplikac\u00ed a technologick\u00fdch platforem se p\u0159inese prostor na redukov\u00e1n\u00ed pot\u0159ebn\u00fdch kompetenc\u00ed a zdroj\u016f na jejich udr\u017eov\u00e1n\u00ed.<\/p>\n\n\n\n\n\t<div class='ngg-imagebrowser default-view'\n         id='ngg-imagebrowser-feb244376611db6bd9498962262742ca-3214'\n         data-nextgen-gallery-id=\"feb244376611db6bd9498962262742ca\">\n\n        <h3>Application Landscape Map<\/h3>\n\n\t\t<div id=\"ngg-image-0\" class=\"pic\" >\n        \n        <a href='https:\/\/www.digitwin-ce.com\/wp-content\/gallery\/optit\/EPM.png'\n           title=' '\n           data-src=\"https:\/\/www.digitwin-ce.com\/wp-content\/gallery\/optit\/EPM.png\"\n           data-thumbnail=\"https:\/\/www.digitwin-ce.com\/wp-content\/gallery\/optit\/thumbs\/thumbs_EPM.png\"\n           data-image-id=\"25\"\n           data-title=\"Application Landscape Map\"\n           data-description=\" \"\n           class=\"ngg-simplelightbox\" rel=\"feb244376611db6bd9498962262742ca\">\n            <img title='Application Landscape Map'\n                 alt='Application Landscape Map'\n                 src='https:\/\/www.digitwin-ce.com\/wp-content\/gallery\/optit\/EPM.png'\/>\n        <\/a>\n\t    \n        <\/div> \n\n        <div class='ngg-imagebrowser-nav'>\n\n            <div class='back'>\n                <a class='ngg-browser-prev'\n                   id='ngg-prev-27'\n                   href='https:\/\/www.digitwin-ce.com\/cz\/byznys-oblasti\/optimalizace-it-zdroju\/nggallery\/image\/application-infrastructure\/'>\n                    <i class=\"fa fa-chevron-left\" aria-hidden=\"true\"><\/i>\n                <\/a>\n            <\/div>\n\n            <div class='next'>\n                <a class='ngg-browser-next'\n                   id='ngg-next-26'\n                   href='https:\/\/www.digitwin-ce.com\/cz\/byznys-oblasti\/optimalizace-it-zdroju\/nggallery\/image\/applicationportfoliodashboard\/'>\n                    <i class=\"fa fa-chevron-right\" aria-hidden=\"true\"><\/i>\n                <\/a>\n            <\/div>\n\n            <div class='counter'>\n                Obr\u00e1zek                1                z                3            <\/div>\n\n            <div class='ngg-imagebrowser-desc'>\n                <p> <\/p>\n            <\/div>\n\n        <\/div>\n    <\/div>\n\n\n\n\n\n<p><\/p>","protected":false},"excerpt":{"rendered":"<p>Optimaliz\u00e1cia IT zdrojov Vytv\u00e1rajte a\u202fmana\u017eujte potrebn\u00e9 aplik\u00e1cie a\u202ftechnol\u00f3gie s\u202fminimom vynalo\u017een\u00fdch finan\u010dn\u00fdch, person\u00e1lnych a\u202f\u010dasov\u00fdch prostriedkov. K\u013e\u00fa\u010dov\u00e9 v\u00fdzvy s\u00fa vytv\u00e1ran\u00e9 nepotrebn\u00e9 a\u202fpredra\u017een\u00e9 aplik\u00e1cie a technol\u00f3gie doch\u00e1dza k\u202fvzniku duplicitn\u00fdch aplik\u00e1ci\u00ed a\u202ftechnol\u00f3gi\u00ed nie s\u00fa zn\u00e1me rozdiely finan\u010dn\u00fdch n\u00e1kladov medzi \u201eoutsourcovan\u00fdmi\u201c aplik\u00e1ciami a\u202ftechnol\u00f3giami a\u202ft\u00fdmi, ktor\u00e9 s\u00fa vytv\u00e1ran\u00e9 a mana\u017eovan\u00e9 interne Dosiahnut\u00e9 ciele \u00faspora \u010dasu \u00faspora finan\u010dn\u00fdch n\u00e1kladov N\u00e1vrh, vytvorenie a\u202f\u00fadr\u017eba &hellip;<\/p>\n<p class=\"read-more\"> <a class=\"\" href=\"https:\/\/www.digitwin-ce.com\/cz\/byznys-oblasti\/optimalizace-it-zdroju\/\"> <span class=\"screen-reader-text\">Optimalizace IT zdroj\u016f<\/span> Pokra\u010dovat ve \u010dten\u00ed &raquo;<\/a><\/p>","protected":false},"author":1,"featured_media":0,"parent":7,"menu_order":0,"comment_status":"closed","ping_status":"closed","template":"","meta":{"_mi_skip_tracking":false,"ngg_post_thumbnail":0},"yoast_head":"<!-- This site is optimized with the Yoast SEO plugin v18.2 - https:\/\/yoast.com\/wordpress\/plugins\/seo\/ -->\n<title>Optimaliz\u00e1cia IT zdrojov - digitWin<\/title>\n<meta name=\"description\" content=\"Vytv\u00e1rajte a\u202fmana\u017eujte potrebn\u00e9 aplik\u00e1cie a\u202ftechnol\u00f3gie s\u202fminimom vynalo\u017een\u00fdch finan\u010dn\u00fdch, person\u00e1lnych a\u202f\u010dasov\u00fdch prostriedkov.\" \/>\n<meta name=\"robots\" content=\"index, follow, max-snippet:-1, max-image-preview:large, max-video-preview:-1\" \/>\n<link rel=\"canonical\" href=\"https:\/\/digitwin-ce.com\/biznis-oblasti\/optimalizacia-it-zdrojov\/\" \/>\n<meta property=\"og:locale\" content=\"cs_CZ\" \/>\n<meta property=\"og:type\" content=\"article\" \/>\n<meta property=\"og:title\" content=\"Optimaliz\u00e1cia IT zdrojov - digitWin\" \/>\n<meta property=\"og:description\" content=\"Vytv\u00e1rajte a\u202fmana\u017eujte potrebn\u00e9 aplik\u00e1cie a\u202ftechnol\u00f3gie s\u202fminimom vynalo\u017een\u00fdch finan\u010dn\u00fdch, person\u00e1lnych a\u202f\u010dasov\u00fdch prostriedkov.\" \/>\n<meta property=\"og:url\" content=\"https:\/\/digitwin-ce.com\/biznis-oblasti\/optimalizacia-it-zdrojov\/\" \/>\n<meta property=\"og:site_name\" content=\"digitWin\" \/>\n<meta property=\"article:modified_time\" content=\"2021-03-10T17:57:42+00:00\" \/>\n<meta name=\"twitter:card\" content=\"summary_large_image\" \/>\n<meta name=\"twitter:label1\" content=\"Odhadovan\u00e1 doba \u010dten\u00ed\" \/>\n\t<meta name=\"twitter:data1\" content=\"1 minuta\" \/>\n<script type=\"application\/ld+json\" class=\"yoast-schema-graph\">{\"@context\":\"https:\/\/schema.org\",\"@graph\":[{\"@type\":\"Organization\",\"@id\":\"https:\/\/www.digitwin-ce.com\/#organization\",\"name\":\"digitWin, s.r.o.\",\"url\":\"https:\/\/www.digitwin-ce.com\/\",\"sameAs\":[\"https:\/\/www.linkedin.com\/company\/digitwin-ce\/about\/\"],\"logo\":{\"@type\":\"ImageObject\",\"@id\":\"https:\/\/www.digitwin-ce.com\/#logo\",\"inLanguage\":\"cs\",\"url\":\"https:\/\/www.digitwin-ce.com\/wp-content\/uploads\/2021\/03\/digitWin_logo_small.png\",\"contentUrl\":\"https:\/\/www.digitwin-ce.com\/wp-content\/uploads\/2021\/03\/digitWin_logo_small.png\",\"width\":410,\"height\":200,\"caption\":\"digitWin, s.r.o.\"},\"image\":{\"@id\":\"https:\/\/www.digitwin-ce.com\/#logo\"}},{\"@type\":\"WebSite\",\"@id\":\"https:\/\/www.digitwin-ce.com\/#website\",\"url\":\"https:\/\/www.digitwin-ce.com\/\",\"name\":\"digitWin\",\"description\":\"holistick\u00e1 architekt\u00fara \/ enterprise n\u00e1stroj \/ rie\u0161enie\",\"publisher\":{\"@id\":\"https:\/\/www.digitwin-ce.com\/#organization\"},\"potentialAction\":[{\"@type\":\"SearchAction\",\"target\":{\"@type\":\"EntryPoint\",\"urlTemplate\":\"https:\/\/www.digitwin-ce.com\/?s={search_term_string}\"},\"query-input\":\"required name=search_term_string\"}],\"inLanguage\":\"cs\"},{\"@type\":\"WebPage\",\"@id\":\"https:\/\/digitwin-ce.com\/biznis-oblasti\/optimalizacia-it-zdrojov\/#webpage\",\"url\":\"https:\/\/digitwin-ce.com\/biznis-oblasti\/optimalizacia-it-zdrojov\/\",\"name\":\"Optimaliz\u00e1cia IT zdrojov - digitWin\",\"isPartOf\":{\"@id\":\"https:\/\/www.digitwin-ce.com\/#website\"},\"datePublished\":\"2021-03-10T10:40:08+00:00\",\"dateModified\":\"2021-03-10T17:57:42+00:00\",\"description\":\"Vytv\u00e1rajte a\u202fmana\u017eujte potrebn\u00e9 aplik\u00e1cie a\u202ftechnol\u00f3gie s\u202fminimom vynalo\u017een\u00fdch finan\u010dn\u00fdch, person\u00e1lnych a\u202f\u010dasov\u00fdch prostriedkov.\",\"breadcrumb\":{\"@id\":\"https:\/\/digitwin-ce.com\/biznis-oblasti\/optimalizacia-it-zdrojov\/#breadcrumb\"},\"inLanguage\":\"cs\",\"potentialAction\":[{\"@type\":\"ReadAction\",\"target\":[\"https:\/\/digitwin-ce.com\/biznis-oblasti\/optimalizacia-it-zdrojov\/\"]}]},{\"@type\":\"BreadcrumbList\",\"@id\":\"https:\/\/digitwin-ce.com\/biznis-oblasti\/optimalizacia-it-zdrojov\/#breadcrumb\",\"itemListElement\":[{\"@type\":\"ListItem\",\"position\":1,\"name\":\"Domovsk\u00e1 str\u00e1nka\",\"item\":\"https:\/\/www.digitwin-ce.com\/\"},{\"@type\":\"ListItem\",\"position\":2,\"name\":\"Biznis oblasti\",\"item\":\"https:\/\/www.digitwin-ce.com\/biznis-oblasti\/\"},{\"@type\":\"ListItem\",\"position\":3,\"name\":\"Optimaliz\u00e1cia IT zdrojov\"}]}]}<\/script>\n<!-- \/ Yoast SEO plugin. -->","yoast_head_json":{"title":"Optimaliz\u00e1cia IT zdrojov - digitWin","description":"Vytv\u00e1rajte a\u202fmana\u017eujte potrebn\u00e9 aplik\u00e1cie a\u202ftechnol\u00f3gie s\u202fminimom vynalo\u017een\u00fdch finan\u010dn\u00fdch, person\u00e1lnych a\u202f\u010dasov\u00fdch prostriedkov.","robots":{"index":"index","follow":"follow","max-snippet":"max-snippet:-1","max-image-preview":"max-image-preview:large","max-video-preview":"max-video-preview:-1"},"canonical":"https:\/\/digitwin-ce.com\/biznis-oblasti\/optimalizacia-it-zdrojov\/","og_locale":"cs_CZ","og_type":"article","og_title":"Optimaliz\u00e1cia IT zdrojov - digitWin","og_description":"Vytv\u00e1rajte a\u202fmana\u017eujte potrebn\u00e9 aplik\u00e1cie a\u202ftechnol\u00f3gie s\u202fminimom vynalo\u017een\u00fdch finan\u010dn\u00fdch, person\u00e1lnych a\u202f\u010dasov\u00fdch prostriedkov.","og_url":"https:\/\/digitwin-ce.com\/biznis-oblasti\/optimalizacia-it-zdrojov\/","og_site_name":"digitWin","article_modified_time":"2021-03-10T17:57:42+00:00","twitter_card":"summary_large_image","twitter_misc":{"Odhadovan\u00e1 doba \u010dten\u00ed":"1 minuta"},"schema":{"@context":"https:\/\/schema.org","@graph":[{"@type":"Organization","@id":"https:\/\/www.digitwin-ce.com\/#organization","name":"digitWin, s.r.o.","url":"https:\/\/www.digitwin-ce.com\/","sameAs":["https:\/\/www.linkedin.com\/company\/digitwin-ce\/about\/"],"logo":{"@type":"ImageObject","@id":"https:\/\/www.digitwin-ce.com\/#logo","inLanguage":"cs","url":"https:\/\/www.digitwin-ce.com\/wp-content\/uploads\/2021\/03\/digitWin_logo_small.png","contentUrl":"https:\/\/www.digitwin-ce.com\/wp-content\/uploads\/2021\/03\/digitWin_logo_small.png","width":410,"height":200,"caption":"digitWin, s.r.o."},"image":{"@id":"https:\/\/www.digitwin-ce.com\/#logo"}},{"@type":"WebSite","@id":"https:\/\/www.digitwin-ce.com\/#website","url":"https:\/\/www.digitwin-ce.com\/","name":"digitWin","description":"holistick\u00e1 architekt\u00fara \/ enterprise n\u00e1stroj \/ rie\u0161enie","publisher":{"@id":"https:\/\/www.digitwin-ce.com\/#organization"},"potentialAction":[{"@type":"SearchAction","target":{"@type":"EntryPoint","urlTemplate":"https:\/\/www.digitwin-ce.com\/?s={search_term_string}"},"query-input":"required name=search_term_string"}],"inLanguage":"cs"},{"@type":"WebPage","@id":"https:\/\/digitwin-ce.com\/biznis-oblasti\/optimalizacia-it-zdrojov\/#webpage","url":"https:\/\/digitwin-ce.com\/biznis-oblasti\/optimalizacia-it-zdrojov\/","name":"Optimaliz\u00e1cia IT zdrojov - digitWin","isPartOf":{"@id":"https:\/\/www.digitwin-ce.com\/#website"},"datePublished":"2021-03-10T10:40:08+00:00","dateModified":"2021-03-10T17:57:42+00:00","description":"Vytv\u00e1rajte a\u202fmana\u017eujte potrebn\u00e9 aplik\u00e1cie a\u202ftechnol\u00f3gie s\u202fminimom vynalo\u017een\u00fdch finan\u010dn\u00fdch, person\u00e1lnych a\u202f\u010dasov\u00fdch prostriedkov.","breadcrumb":{"@id":"https:\/\/digitwin-ce.com\/biznis-oblasti\/optimalizacia-it-zdrojov\/#breadcrumb"},"inLanguage":"cs","potentialAction":[{"@type":"ReadAction","target":["https:\/\/digitwin-ce.com\/biznis-oblasti\/optimalizacia-it-zdrojov\/"]}]},{"@type":"BreadcrumbList","@id":"https:\/\/digitwin-ce.com\/biznis-oblasti\/optimalizacia-it-zdrojov\/#breadcrumb","itemListElement":[{"@type":"ListItem","position":1,"name":"Domovsk\u00e1 str\u00e1nka","item":"https:\/\/www.digitwin-ce.com\/"},{"@type":"ListItem","position":2,"name":"Biznis oblasti","item":"https:\/\/www.digitwin-ce.com\/biznis-oblasti\/"},{"@type":"ListItem","position":3,"name":"Optimaliz\u00e1cia IT zdrojov"}]}]}},"_links":{"self":[{"href":"https:\/\/www.digitwin-ce.com\/cz\/wp-json\/wp\/v2\/pages\/3214"}],"collection":[{"href":"https:\/\/www.digitwin-ce.com\/cz\/wp-json\/wp\/v2\/pages"}],"about":[{"href":"https:\/\/www.digitwin-ce.com\/cz\/wp-json\/wp\/v2\/types\/page"}],"author":[{"embeddable":true,"href":"https:\/\/www.digitwin-ce.com\/cz\/wp-json\/wp\/v2\/users\/1"}],"replies":[{"embeddable":true,"href":"https:\/\/www.digitwin-ce.com\/cz\/wp-json\/wp\/v2\/comments?post=3214"}],"version-history":[{"count":3,"href":"https:\/\/www.digitwin-ce.com\/cz\/wp-json\/wp\/v2\/pages\/3214\/revisions"}],"predecessor-version":[{"id":3220,"href":"https:\/\/www.digitwin-ce.com\/cz\/wp-json\/wp\/v2\/pages\/3214\/revisions\/3220"}],"up":[{"embeddable":true,"href":"https:\/\/www.digitwin-ce.com\/cz\/wp-json\/wp\/v2\/pages\/7"}],"wp:attachment":[{"href":"https:\/\/www.digitwin-ce.com\/cz\/wp-json\/wp\/v2\/media?parent=3214"}],"curies":[{"name":"wp","href":"https:\/\/api.w.org\/{rel}","templated":true}]}}