{"id":3210,"date":"2021-03-10T10:31:59","date_gmt":"2021-03-10T10:31:59","guid":{"rendered":"https:\/\/www.digitwin-ce.com\/?page_id=3210"},"modified":"2021-03-10T17:58:18","modified_gmt":"2021-03-10T17:58:18","slug":"optimalizacia-fungovania","status":"publish","type":"page","link":"https:\/\/www.digitwin-ce.com\/cz\/byznys-oblasti\/optimalizace-fungovani\/","title":{"rendered":"Optimalizace fungov\u00e1n\u00ed"},"content":{"rendered":"<h1 class=\"has-text-align-center ba-title\"><strong>Optimalizace fungov\u00e1n\u00ed<\/strong><\/h1>\n\n\n\n<h4 class=\"highlighted-subtitle mb-7\"><strong><em>M\u011bjte Va\u0161i organizaci pod kontrolou a dosahujte vyty\u010den\u00e9 c\u00edle efektivn\u011b a rychle.<\/em><\/strong><\/h4>\n\n\n\n<div class=\"wp-block-columns\">\n<div class=\"wp-block-column hover-cart\">\n<h2 class=\"has-text-align-center\"><strong>Kl\u00ed\u010dov\u00e9 v\u00fdzvy<\/strong><\/h2>\n\n\n\n<p class=\"custom-list has-text-align-center\"><i class=\"fa fa-check\"><\/i> neexistuj\u00ed p\u0159esn\u00e9 statistiky o v\u00fdkonu organizace pro pot\u0159eby jej\u00edho \u0159\u00edzen\u00ed<\/p>\n\n\n\n<p class=\"custom-list has-text-align-center\"><i class=\"fa fa-check\"><\/i> doch\u00e1z\u00ed k pl\u00fdtv\u00e1n\u00ed person\u00e1ln\u00edch, finan\u010dn\u00edch a \u010dasov\u00fdch zdroj\u016f<\/p>\n\n\n\n<p class=\"custom-list has-text-align-center\"><i class=\"fa fa-check\"><\/i> vznikaj\u00ed bezpe\u010dnostn\u00ed hrozby a rizika zp\u016fsobuj\u00edc\u00ed rozs\u00e1hl\u00e9 \u0161kody\n<\/p>\n\n\n\n<p class=\"custom-list has-text-align-center\"><i class=\"fa fa-check\"><\/i> organizace nen\u00ed schopna rychle reagovat na zm\u011bny a stagnuje<\/p>\n<\/div>\n\n\n\n<div class=\"wp-block-column hover-cart\">\n<h2 class=\"has-text-align-center\"><strong>Dosa\u017een\u00e9 c\u00edle<\/strong><\/h2>\n\n\n\n<p class=\"custom-list has-text-align-center\"><i class=\"fa fa-check\"><\/i> \u00faspora \u010dasu<\/p>\n\n\n\n<p class=\"custom-list has-text-align-center\"><i class=\"fa fa-check\"><\/i> \u00faspora finan\u010dn\u00edch n\u00e1klad\u016f<\/p>\n\n\n\n<p class=\"custom-list has-text-align-center\"><i class=\"fa fa-check\"><\/i> efektivn\u00ed vyu\u017eit\u00ed person\u00e1ln\u00edch zdroj\u016f<\/p>\n\n\n\n<p class=\"custom-list has-text-align-center\"><i class=\"fa fa-check\"><\/i> dosa\u017een\u00ed vyty\u010den\u00fdch c\u00edl\u016f a r\u016fst organizace<\/p>\n<\/div>\n<\/div>\n\n\n\n<p class=\"aligne-middle\">Organizace p\u0159edstavuje \u017eiv\u00fd ekosyst\u00e9m, kter\u00fd se neust\u00e1le m\u011bn\u00ed a vyv\u00edj\u00ed. Na jej\u00ed fungov\u00e1n\u00ed se p\u0159itom pod\u00edl\u00ed velk\u00e9 mno\u017estv\u00ed lid\u00ed a informa\u010dn\u00edch syst\u00e9m\u016f, kter\u00e9 zaji\u0161\u0165uj\u00ed dosa\u017een\u00ed vyty\u010den\u00fdch c\u00edl\u016f. V p\u0159\u00edpad\u011b, \u017ee neexistuje holistick\u00fd pohled na fungov\u00e1n\u00ed organizace, zp\u016fsobuje to, \u017ee neexistuj\u00ed p\u0159esn\u00e9 statistiky o v\u00fdkonu organizace pro pot\u0159eby jej\u00edho \u0159\u00edzen\u00ed, doch\u00e1z\u00ed k pl\u00fdtv\u00e1n\u00ed person\u00e1ln\u00edch, finan\u010dn\u00edch a \u010dasov\u00fdch zdroj\u016f, vznikaj\u00ed bezpe\u010dnostn\u00ed hrozby a rizika zp\u016fsobuj\u00edc\u00ed rozs\u00e1hl\u00e9 \u0161kody, organizace nen\u00ed schopna rychle reagovat na zm\u011bny a stagnuje.<\/p>\n\n\n\n<p class=\"UC-desc aligne-middle\">Fungov\u00e1n\u00ed mnoha spole\u010dnost\u00ed je nejasn\u00e9, odd\u011blen\u00ed funguj\u00ed jako samostatn\u00e9 sila a chyb\u00ed jednotn\u00fd celistv\u00fd pohled na jejich vz\u00e1jemnou kooperaci. Bez tohoto pohledu jsou v organizac\u00edch prov\u00e1d\u011bny aktivity, kter\u00e9 jsou duplicitn\u00ed, p\u0159\u00edpadn\u011b nepot\u0159ebn\u00e9 a navz\u00e1jem nekoordinovan\u00e9. Digit\u00e1ln\u00ed dvoj\u010de organizace nab\u00edz\u00ed celkov\u00fd pohled na fungov\u00e1n\u00ed organizace, kter\u00fd p\u0159in\u00e1\u0161\u00ed prostor pro optimalizaci jej\u00edho fungov\u00e1n\u00ed.<\/p>\n\n\n\n\n\t<div class='ngg-imagebrowser default-view'\n         id='ngg-imagebrowser-023c789ce72de1e55707105d5fdbf96d-3210'\n         data-nextgen-gallery-id=\"023c789ce72de1e55707105d5fdbf96d\">\n\n        <h3>Business Ecosystem<\/h3>\n\n\t\t<div id=\"ngg-image-0\" class=\"pic\" >\n        \n        <a href='https:\/\/www.digitwin-ce.com\/wp-content\/gallery\/optfung\/Business-Ecosystem.png'\n           title=' '\n           data-src=\"https:\/\/www.digitwin-ce.com\/wp-content\/gallery\/optfung\/Business-Ecosystem.png\"\n           data-thumbnail=\"https:\/\/www.digitwin-ce.com\/wp-content\/gallery\/optfung\/thumbs\/thumbs_Business-Ecosystem.png\"\n           data-image-id=\"6\"\n           data-title=\"Business Ecosystem\"\n           data-description=\" \"\n           class=\"ngg-simplelightbox\" rel=\"023c789ce72de1e55707105d5fdbf96d\">\n            <img title='Business Ecosystem'\n                 alt='Business Ecosystem'\n                 src='https:\/\/www.digitwin-ce.com\/wp-content\/gallery\/optfung\/Business-Ecosystem.png'\/>\n        <\/a>\n\t    \n        <\/div> \n\n        <div class='ngg-imagebrowser-nav'>\n\n            <div class='back'>\n                <a class='ngg-browser-prev'\n                   id='ngg-prev-4'\n                   href='https:\/\/www.digitwin-ce.com\/cz\/byznys-oblasti\/optimalizace-fungovani\/nggallery\/image\/impact-analysis\/'>\n                    <i class=\"fa fa-chevron-left\" aria-hidden=\"true\"><\/i>\n                <\/a>\n            <\/div>\n\n            <div class='next'>\n                <a class='ngg-browser-next'\n                   id='ngg-next-24'\n                   href='https:\/\/www.digitwin-ce.com\/cz\/byznys-oblasti\/optimalizace-fungovani\/nggallery\/image\/capabilitylandscape\/'>\n                    <i class=\"fa fa-chevron-right\" aria-hidden=\"true\"><\/i>\n                <\/a>\n            <\/div>\n\n            <div class='counter'>\n                Obr\u00e1zek                1                z                3            <\/div>\n\n            <div class='ngg-imagebrowser-desc'>\n                <p> <\/p>\n            <\/div>\n\n        <\/div>\n    <\/div>\n\n\n\n\n\n<p><\/p>","protected":false},"excerpt":{"rendered":"<p>Optimaliz\u00e1cia fungovania Majte Va\u0161u organiz\u00e1ciu pod kontrolou a\u202fdosahujte vyt\u00fd\u010den\u00e9 ciele efekt\u00edvne a\u202fr\u00fdchlo. K\u013e\u00fa\u010dov\u00e9 v\u00fdzvy neexistuj\u00fa presn\u00e9 \u0161tatistiky o\u202fv\u00fdkone organiz\u00e1cie pre potreby jej riadenia doch\u00e1dza k\u202fplytvaniu person\u00e1lnych, finan\u010dn\u00fdch a\u202f\u010dasov\u00fdch zdrojov vznikaj\u00fa bezpe\u010dnostn\u00e9 hrozby a\u202frizik\u00e1 sp\u00f4sobuj\u00face rozsiahle \u0161kody organiz\u00e1cia nie je schopn\u00e1 r\u00fdchlo reagova\u0165 na zmeny a\u202fstagnuje Dosiahnut\u00e9 ciele \u00faspora \u010dasu \u00faspora finan\u010dn\u00fdch n\u00e1kladov efekt\u00edvne vyu\u017eitie person\u00e1lnych &hellip;<\/p>\n<p class=\"read-more\"> <a class=\"\" href=\"https:\/\/www.digitwin-ce.com\/cz\/byznys-oblasti\/optimalizace-fungovani\/\"> <span class=\"screen-reader-text\">Optimalizace fungov\u00e1n\u00ed<\/span> Pokra\u010dovat ve \u010dten\u00ed &raquo;<\/a><\/p>","protected":false},"author":1,"featured_media":0,"parent":7,"menu_order":0,"comment_status":"closed","ping_status":"closed","template":"","meta":{"_mi_skip_tracking":false,"ngg_post_thumbnail":0},"yoast_head":"<!-- This site is optimized with the Yoast SEO plugin v18.2 - https:\/\/yoast.com\/wordpress\/plugins\/seo\/ -->\n<title>Optimaliz\u00e1cia fungovania - digitWin<\/title>\n<meta name=\"description\" content=\"Majte Va\u0161u organiz\u00e1ciu pod kontrolou a\u202fdosahujte vyt\u00fd\u010den\u00e9 ciele efekt\u00edvne a\u202fr\u00fdchlo.\" \/>\n<meta name=\"robots\" content=\"index, follow, max-snippet:-1, max-image-preview:large, max-video-preview:-1\" \/>\n<link rel=\"canonical\" href=\"https:\/\/digitwin-ce.com\/biznis-oblasti\/optimalizacia-fungovania\/\" \/>\n<meta property=\"og:locale\" content=\"cs_CZ\" \/>\n<meta property=\"og:type\" content=\"article\" \/>\n<meta property=\"og:title\" content=\"Optimaliz\u00e1cia fungovania - digitWin\" \/>\n<meta property=\"og:description\" content=\"Majte Va\u0161u organiz\u00e1ciu pod kontrolou a\u202fdosahujte vyt\u00fd\u010den\u00e9 ciele efekt\u00edvne a\u202fr\u00fdchlo.\" \/>\n<meta property=\"og:url\" content=\"https:\/\/digitwin-ce.com\/biznis-oblasti\/optimalizacia-fungovania\/\" \/>\n<meta property=\"og:site_name\" content=\"digitWin\" \/>\n<meta property=\"article:modified_time\" content=\"2021-03-10T17:58:18+00:00\" \/>\n<meta name=\"twitter:card\" content=\"summary_large_image\" \/>\n<meta name=\"twitter:label1\" content=\"Odhadovan\u00e1 doba \u010dten\u00ed\" \/>\n\t<meta name=\"twitter:data1\" content=\"1 minuta\" \/>\n<script type=\"application\/ld+json\" class=\"yoast-schema-graph\">{\"@context\":\"https:\/\/schema.org\",\"@graph\":[{\"@type\":\"Organization\",\"@id\":\"https:\/\/www.digitwin-ce.com\/#organization\",\"name\":\"digitWin, s.r.o.\",\"url\":\"https:\/\/www.digitwin-ce.com\/\",\"sameAs\":[\"https:\/\/www.linkedin.com\/company\/digitwin-ce\/about\/\"],\"logo\":{\"@type\":\"ImageObject\",\"@id\":\"https:\/\/www.digitwin-ce.com\/#logo\",\"inLanguage\":\"cs\",\"url\":\"https:\/\/www.digitwin-ce.com\/wp-content\/uploads\/2021\/03\/digitWin_logo_small.png\",\"contentUrl\":\"https:\/\/www.digitwin-ce.com\/wp-content\/uploads\/2021\/03\/digitWin_logo_small.png\",\"width\":410,\"height\":200,\"caption\":\"digitWin, s.r.o.\"},\"image\":{\"@id\":\"https:\/\/www.digitwin-ce.com\/#logo\"}},{\"@type\":\"WebSite\",\"@id\":\"https:\/\/www.digitwin-ce.com\/#website\",\"url\":\"https:\/\/www.digitwin-ce.com\/\",\"name\":\"digitWin\",\"description\":\"holistick\u00e1 architekt\u00fara \/ enterprise n\u00e1stroj \/ rie\u0161enie\",\"publisher\":{\"@id\":\"https:\/\/www.digitwin-ce.com\/#organization\"},\"potentialAction\":[{\"@type\":\"SearchAction\",\"target\":{\"@type\":\"EntryPoint\",\"urlTemplate\":\"https:\/\/www.digitwin-ce.com\/?s={search_term_string}\"},\"query-input\":\"required name=search_term_string\"}],\"inLanguage\":\"cs\"},{\"@type\":\"WebPage\",\"@id\":\"https:\/\/digitwin-ce.com\/biznis-oblasti\/optimalizacia-fungovania\/#webpage\",\"url\":\"https:\/\/digitwin-ce.com\/biznis-oblasti\/optimalizacia-fungovania\/\",\"name\":\"Optimaliz\u00e1cia fungovania - digitWin\",\"isPartOf\":{\"@id\":\"https:\/\/www.digitwin-ce.com\/#website\"},\"datePublished\":\"2021-03-10T10:31:59+00:00\",\"dateModified\":\"2021-03-10T17:58:18+00:00\",\"description\":\"Majte Va\u0161u organiz\u00e1ciu pod kontrolou a\u202fdosahujte vyt\u00fd\u010den\u00e9 ciele efekt\u00edvne a\u202fr\u00fdchlo.\",\"breadcrumb\":{\"@id\":\"https:\/\/digitwin-ce.com\/biznis-oblasti\/optimalizacia-fungovania\/#breadcrumb\"},\"inLanguage\":\"cs\",\"potentialAction\":[{\"@type\":\"ReadAction\",\"target\":[\"https:\/\/digitwin-ce.com\/biznis-oblasti\/optimalizacia-fungovania\/\"]}]},{\"@type\":\"BreadcrumbList\",\"@id\":\"https:\/\/digitwin-ce.com\/biznis-oblasti\/optimalizacia-fungovania\/#breadcrumb\",\"itemListElement\":[{\"@type\":\"ListItem\",\"position\":1,\"name\":\"Domovsk\u00e1 str\u00e1nka\",\"item\":\"https:\/\/www.digitwin-ce.com\/\"},{\"@type\":\"ListItem\",\"position\":2,\"name\":\"Biznis oblasti\",\"item\":\"https:\/\/www.digitwin-ce.com\/biznis-oblasti\/\"},{\"@type\":\"ListItem\",\"position\":3,\"name\":\"Optimaliz\u00e1cia fungovania\"}]}]}<\/script>\n<!-- \/ Yoast SEO plugin. -->","yoast_head_json":{"title":"Optimaliz\u00e1cia fungovania - digitWin","description":"Majte Va\u0161u organiz\u00e1ciu pod kontrolou a\u202fdosahujte vyt\u00fd\u010den\u00e9 ciele efekt\u00edvne a\u202fr\u00fdchlo.","robots":{"index":"index","follow":"follow","max-snippet":"max-snippet:-1","max-image-preview":"max-image-preview:large","max-video-preview":"max-video-preview:-1"},"canonical":"https:\/\/digitwin-ce.com\/biznis-oblasti\/optimalizacia-fungovania\/","og_locale":"cs_CZ","og_type":"article","og_title":"Optimaliz\u00e1cia fungovania - digitWin","og_description":"Majte Va\u0161u organiz\u00e1ciu pod kontrolou a\u202fdosahujte vyt\u00fd\u010den\u00e9 ciele efekt\u00edvne a\u202fr\u00fdchlo.","og_url":"https:\/\/digitwin-ce.com\/biznis-oblasti\/optimalizacia-fungovania\/","og_site_name":"digitWin","article_modified_time":"2021-03-10T17:58:18+00:00","twitter_card":"summary_large_image","twitter_misc":{"Odhadovan\u00e1 doba \u010dten\u00ed":"1 minuta"},"schema":{"@context":"https:\/\/schema.org","@graph":[{"@type":"Organization","@id":"https:\/\/www.digitwin-ce.com\/#organization","name":"digitWin, s.r.o.","url":"https:\/\/www.digitwin-ce.com\/","sameAs":["https:\/\/www.linkedin.com\/company\/digitwin-ce\/about\/"],"logo":{"@type":"ImageObject","@id":"https:\/\/www.digitwin-ce.com\/#logo","inLanguage":"cs","url":"https:\/\/www.digitwin-ce.com\/wp-content\/uploads\/2021\/03\/digitWin_logo_small.png","contentUrl":"https:\/\/www.digitwin-ce.com\/wp-content\/uploads\/2021\/03\/digitWin_logo_small.png","width":410,"height":200,"caption":"digitWin, s.r.o."},"image":{"@id":"https:\/\/www.digitwin-ce.com\/#logo"}},{"@type":"WebSite","@id":"https:\/\/www.digitwin-ce.com\/#website","url":"https:\/\/www.digitwin-ce.com\/","name":"digitWin","description":"holistick\u00e1 architekt\u00fara \/ enterprise n\u00e1stroj \/ rie\u0161enie","publisher":{"@id":"https:\/\/www.digitwin-ce.com\/#organization"},"potentialAction":[{"@type":"SearchAction","target":{"@type":"EntryPoint","urlTemplate":"https:\/\/www.digitwin-ce.com\/?s={search_term_string}"},"query-input":"required name=search_term_string"}],"inLanguage":"cs"},{"@type":"WebPage","@id":"https:\/\/digitwin-ce.com\/biznis-oblasti\/optimalizacia-fungovania\/#webpage","url":"https:\/\/digitwin-ce.com\/biznis-oblasti\/optimalizacia-fungovania\/","name":"Optimaliz\u00e1cia fungovania - digitWin","isPartOf":{"@id":"https:\/\/www.digitwin-ce.com\/#website"},"datePublished":"2021-03-10T10:31:59+00:00","dateModified":"2021-03-10T17:58:18+00:00","description":"Majte Va\u0161u organiz\u00e1ciu pod kontrolou a\u202fdosahujte vyt\u00fd\u010den\u00e9 ciele efekt\u00edvne a\u202fr\u00fdchlo.","breadcrumb":{"@id":"https:\/\/digitwin-ce.com\/biznis-oblasti\/optimalizacia-fungovania\/#breadcrumb"},"inLanguage":"cs","potentialAction":[{"@type":"ReadAction","target":["https:\/\/digitwin-ce.com\/biznis-oblasti\/optimalizacia-fungovania\/"]}]},{"@type":"BreadcrumbList","@id":"https:\/\/digitwin-ce.com\/biznis-oblasti\/optimalizacia-fungovania\/#breadcrumb","itemListElement":[{"@type":"ListItem","position":1,"name":"Domovsk\u00e1 str\u00e1nka","item":"https:\/\/www.digitwin-ce.com\/"},{"@type":"ListItem","position":2,"name":"Biznis oblasti","item":"https:\/\/www.digitwin-ce.com\/biznis-oblasti\/"},{"@type":"ListItem","position":3,"name":"Optimaliz\u00e1cia fungovania"}]}]}},"_links":{"self":[{"href":"https:\/\/www.digitwin-ce.com\/cz\/wp-json\/wp\/v2\/pages\/3210"}],"collection":[{"href":"https:\/\/www.digitwin-ce.com\/cz\/wp-json\/wp\/v2\/pages"}],"about":[{"href":"https:\/\/www.digitwin-ce.com\/cz\/wp-json\/wp\/v2\/types\/page"}],"author":[{"embeddable":true,"href":"https:\/\/www.digitwin-ce.com\/cz\/wp-json\/wp\/v2\/users\/1"}],"replies":[{"embeddable":true,"href":"https:\/\/www.digitwin-ce.com\/cz\/wp-json\/wp\/v2\/comments?post=3210"}],"version-history":[{"count":2,"href":"https:\/\/www.digitwin-ce.com\/cz\/wp-json\/wp\/v2\/pages\/3210\/revisions"}],"predecessor-version":[{"id":3213,"href":"https:\/\/www.digitwin-ce.com\/cz\/wp-json\/wp\/v2\/pages\/3210\/revisions\/3213"}],"up":[{"embeddable":true,"href":"https:\/\/www.digitwin-ce.com\/cz\/wp-json\/wp\/v2\/pages\/7"}],"wp:attachment":[{"href":"https:\/\/www.digitwin-ce.com\/cz\/wp-json\/wp\/v2\/media?parent=3210"}],"curies":[{"name":"wp","href":"https:\/\/api.w.org\/{rel}","templated":true}]}}