{"id":3206,"date":"2021-03-10T10:17:47","date_gmt":"2021-03-10T10:17:47","guid":{"rendered":"https:\/\/www.digitwin-ce.com\/?page_id=3206"},"modified":"2021-03-10T18:06:26","modified_gmt":"2021-03-10T18:06:26","slug":"racionalizacia-aplikacneho-portfolia","status":"publish","type":"page","link":"https:\/\/www.digitwin-ce.com\/cz\/byznys-oblasti\/racionalizace-aplikacniho-portfolia\/","title":{"rendered":"Racionalizace aplika\u010dn\u00edho portfolia"},"content":{"rendered":"<h1 class=\"has-text-align-center ba-title\"><strong>Racionalizace aplika\u010dn\u00edho portfolia<\/strong><\/h1>\n\n\n\n<h4 class=\"highlighted-subtitle mb-7\"><strong><em>Vyu\u017e\u00edvejte jenom aplikace, kter\u00e9 jsou nevyhnutn\u00e9 pro dod\u00e1n\u00ed Va\u0161ich kl\u00ed\u010dov\u00fdch produkt\u016f a slu\u017eeb, efektivn\u011b, bez zbyte\u010dn\u00fdch n\u00e1klad\u016f a rychle.<\/em><\/strong><\/h4>\n\n\n\n<div class=\"wp-block-columns\">\n<div class=\"wp-block-column hover-cart\">\n<h2 class=\"has-text-align-center\"><strong>Kl\u00ed\u010dov\u00e9 v\u00fdzvy<\/strong><\/h2>\n\n\n\n<p class=\"custom-list has-text-align-center\"><i class=\"fa fa-check\"><\/i> informa\u010dn\u00ed syst\u00e9my (aplikace) se st\u00e1vaj\u00ed redundantn\u00edmi<\/p>\n\n\n\n<p class=\"custom-list has-text-align-center\"><i class=\"fa fa-check\"><\/i> koreluj\u00edc\u00ed \u010dinnosti (aplika\u010dn\u00ed slu\u017eby) jsou realizov\u00e1ny samostatn\u00fdmi aplikacemi\n<\/p>\n\n\n\n<p class=\"custom-list has-text-align-center\"><i class=\"fa fa-check\"><\/i> doch\u00e1z\u00ed ke vzniku duplicitn\u00edch dat a aplikac\u00ed<\/p>\n\n\n\n<p class=\"custom-list has-text-align-center\"><i class=\"fa fa-check\"><\/i> nasazuj\u00ed se p\u0159edra\u017een\u00e9 a neefektivn\u00ed aplikace<\/p>\n\n\n\n<p class=\"custom-list has-text-align-center\"><i class=\"fa fa-check\"><\/i> organizace je z\u00e1visl\u00e1 na des\u00edtky let star\u00fdch aplikac\u00edch, kter\u00e9 nespl\u0148uj\u00ed z\u00e1kladn\u00ed krit\u00e9ria (jsou pomal\u00e9, finan\u010dn\u011b n\u00e1kladn\u00e9, neefektivn\u00ed, vizu\u00e1ln\u011b neatraktivn\u00ed)<\/p>\n<\/div>\n\n\n\n<div class=\"wp-block-column hover-cart\">\n<h2 class=\"has-text-align-center\"><strong>Dosa\u017een\u00e9 c\u00edle<\/strong><\/h2>\n\n\n\n<p class=\"custom-list has-text-align-center\"><i class=\"fa fa-check\"><\/i> \u00faspora \u010dasu<\/p>\n\n\n\n<p class=\"custom-list has-text-align-center\"><i class=\"fa fa-check\"><\/i> \u00faspora finan\u010dn\u00edch n\u00e1klad\u016f<\/p>\n\n\n\n<p class=\"custom-list has-text-align-center\"><i class=\"fa fa-check\"><\/i> zrychlen\u00ed a zkvalitn\u011bn\u00ed dod\u00e1van\u00fdch produkt\u016f a slu\u017eeb<\/p>\n\n\n\n<p><\/p>\n<\/div>\n<\/div>\n\n\n\n<p class=\"aligne-middle\">Byznys procesy jsou d\u016fle\u017eit\u00fdm prvkem organizace, kter\u00fd \u0159\u00edd\u00ed a usm\u011br\u0148uje pr\u00e1ci kolektivu, tok dat a dod\u00e1v\u00e1n\u00ed kl\u00ed\u010dov\u00fdch slu\u017eeb a produkt\u016f. Na podporu \u010dinnost\u00ed zahrnut\u00fdch v jednotliv\u00fdch procesech se vyu\u017e\u00edvaj\u00ed informa\u010dn\u00ed syst\u00e9my, kter\u00e9 zjednodu\u0161uj\u00ed pr\u00e1ci, zkracuj\u00ed \u010das vykon\u00e1v\u00e1n\u00ed \u010dinnosti, redukuj\u00ed finan\u010dn\u00ed n\u00e1klady v dlouhodob\u00e9m horizontu, zda sni\u017euj\u00ed nebezpe\u010d\u00ed vzniku chyb zp\u016fsoben\u00fdch lidsk\u00fdm faktorem. Z tohoto d\u016fvodu doch\u00e1z\u00ed ke vzniku r\u016fzn\u00fdch podp\u016frn\u00fdch syst\u00e9m\u016f v organizac\u00edch. Absence mo\u017enosti \u0159\u00edzen\u00ed a kontrolovan\u00e9ho r\u016fstu aplika\u010dn\u00edho portfolia zp\u016fsobuj\u00ed, \u017ee informa\u010dn\u00ed syst\u00e9my (aplikace) se st\u00e1vaj\u00ed redundantn\u00edmi, koreluj\u00edc\u00ed \u010dinnosti (aplika\u010dn\u00ed slu\u017eby) jsou realizov\u00e1ny samostatn\u00fdmi aplikacemi, doch\u00e1z\u00ed ke vzniku duplicitn\u00edch dat a aplikac\u00ed, se nasazuj\u00ed p\u0159edra\u017een\u00e9 a neefektivn\u00ed aplikace, organizace je z\u00e1visl\u00e1 na des\u00edtky let star\u00fdch aplikac\u00edch, kter\u00e9 nespl\u0148uj\u00ed z\u00e1kladn\u00ed krit\u00e9ria (jsou pomal\u00e9, finan\u010dn\u011b n\u00e1kladn\u00e9, neefektivn\u00ed, vizu\u00e1ln\u011b neatraktivn\u00ed).<\/p>\n\n\n\n<p class=\"UC-desc aligne-middle\">Anal\u00fdzou aplika\u010dn\u00edho portfolia je mo\u017en\u00e9 odhalit aplikace, kter\u00e9 jsou duplicitn\u00ed, p\u0159\u00edpadn\u011b mo\u017en\u00e9 redundance v aplika\u010dn\u00edch funkcionalit\u00e1ch, kter\u00e9 lze sjednotit p\u0159i centr\u00e1ln\u011b pou\u017e\u00edvan\u00fdch slu\u017eb\u00e1ch a aplikac\u00edch. V\u00fdsledkem je redukce finan\u010dn\u00edch n\u00e1klad\u016f spojen\u00fdch s po\u0159\u00edzen\u00edm a \u00fadr\u017ebou aplikac\u00ed, \u00faspora \u010dasu vynalo\u017een\u00e9ho p\u0159i pr\u00e1ci s jednotliv\u00fdmi aplikacemi a zrychlen\u00ed dod\u00e1vky byznys slu\u017eeb a produkt\u016f.<\/p>\n\n\n\n\n\t<div class='ngg-imagebrowser default-view'\n         id='ngg-imagebrowser-6bd044168b7fa152fce500ae1449b27e-3206'\n         data-nextgen-gallery-id=\"6bd044168b7fa152fce500ae1449b27e\">\n\n        <h3>Application Infrastructure<\/h3>\n\n\t\t<div id=\"ngg-image-0\" class=\"pic\" >\n        \n        <a href='https:\/\/www.digitwin-ce.com\/wp-content\/gallery\/racapp\/Application-Infrastructure.png'\n           title=' '\n           data-src=\"https:\/\/www.digitwin-ce.com\/wp-content\/gallery\/racapp\/Application-Infrastructure.png\"\n           data-thumbnail=\"https:\/\/www.digitwin-ce.com\/wp-content\/gallery\/racapp\/thumbs\/thumbs_Application-Infrastructure.png\"\n           data-image-id=\"35\"\n           data-title=\"Application Infrastructure\"\n           data-description=\" \"\n           class=\"ngg-simplelightbox\" rel=\"6bd044168b7fa152fce500ae1449b27e\">\n            <img title='Application Infrastructure'\n                 alt='Application Infrastructure'\n                 src='https:\/\/www.digitwin-ce.com\/wp-content\/gallery\/racapp\/Application-Infrastructure.png'\/>\n        <\/a>\n\t    \n        <\/div> \n\n        <div class='ngg-imagebrowser-nav'>\n\n            <div class='back'>\n                <a class='ngg-browser-prev'\n                   id='ngg-prev-34'\n                   href='https:\/\/www.digitwin-ce.com\/cz\/byznys-oblasti\/racionalizace-aplikacniho-portfolia\/nggallery\/image\/application-lifecycle\/'>\n                    <i class=\"fa fa-chevron-left\" aria-hidden=\"true\"><\/i>\n                <\/a>\n            <\/div>\n\n            <div class='next'>\n                <a class='ngg-browser-next'\n                   id='ngg-next-36'\n                   href='https:\/\/www.digitwin-ce.com\/cz\/byznys-oblasti\/racionalizace-aplikacniho-portfolia\/nggallery\/image\/epm-1\/'>\n                    <i class=\"fa fa-chevron-right\" aria-hidden=\"true\"><\/i>\n                <\/a>\n            <\/div>\n\n            <div class='counter'>\n                Obr\u00e1zek                1                z                3            <\/div>\n\n            <div class='ngg-imagebrowser-desc'>\n                <p> <\/p>\n            <\/div>\n\n        <\/div>\n    <\/div>\n\n\n\n\n\n<p><\/p>","protected":false},"excerpt":{"rendered":"<p>Racionaliz\u00e1cia aplika\u010dn\u00e9ho portf\u00f3lia Vyu\u017e\u00edvajte len aplik\u00e1cie, ktor\u00e9 s\u00fa nevyhnutn\u00e9 pre dodanie Va\u0161ich k\u013e\u00fa\u010dov\u00fdch produktov a\u202fslu\u017eieb, efekt\u00edvne, bez nadbyto\u010dn\u00fdch n\u00e1kladov a\u202fr\u00fdchlo. K\u013e\u00fa\u010dov\u00e9 v\u00fdzvy informa\u010dn\u00e9 syst\u00e9my (aplik\u00e1cie) sa st\u00e1vaj\u00fa redundantn\u00fdmi koreluj\u00face \u010dinnosti (aplika\u010dn\u00e9 slu\u017eby) s\u00fa realizovan\u00e9 samostatn\u00fdmi aplik\u00e1ciami doch\u00e1dza k\u202fvzniku duplicitn\u00fdch d\u00e1t a\u202faplik\u00e1ci\u00ed nasadzuj\u00fa sa predra\u017een\u00e9 a neefekt\u00edvne aplik\u00e1cie organiz\u00e1cia je z\u00e1visl\u00e1 na desiatky rokov star\u00fdch aplik\u00e1ci\u00e1ch, &hellip;<\/p>\n<p class=\"read-more\"> <a class=\"\" href=\"https:\/\/www.digitwin-ce.com\/cz\/byznys-oblasti\/racionalizace-aplikacniho-portfolia\/\"> <span class=\"screen-reader-text\">Racionalizace aplika\u010dn\u00edho portfolia<\/span> Pokra\u010dovat ve \u010dten\u00ed &raquo;<\/a><\/p>","protected":false},"author":1,"featured_media":0,"parent":7,"menu_order":0,"comment_status":"closed","ping_status":"closed","template":"","meta":{"_mi_skip_tracking":false,"ngg_post_thumbnail":0},"yoast_head":"<!-- This site is optimized with the Yoast SEO plugin v18.2 - https:\/\/yoast.com\/wordpress\/plugins\/seo\/ -->\n<title>Racionaliz\u00e1cia aplika\u010dn\u00e9ho portf\u00f3lia - digitWin<\/title>\n<meta name=\"description\" content=\"Vyu\u017e\u00edvajte len aplik\u00e1cie, ktor\u00e9 s\u00fa nevyhnutn\u00e9 pre dodanie Va\u0161ich k\u013e\u00fa\u010dov\u00fdch produktov a\u202fslu\u017eieb, efekt\u00edvne, bez nadbyto\u010dn\u00fdch n\u00e1kladov a\u202fr\u00fdchlo.\" \/>\n<meta name=\"robots\" content=\"index, follow, max-snippet:-1, max-image-preview:large, max-video-preview:-1\" \/>\n<link rel=\"canonical\" href=\"https:\/\/digitwin-ce.com\/biznis-oblasti\/racionalizacia-aplikacneho-portfolia\/\" \/>\n<meta property=\"og:locale\" content=\"cs_CZ\" \/>\n<meta property=\"og:type\" content=\"article\" \/>\n<meta property=\"og:title\" content=\"Racionaliz\u00e1cia aplika\u010dn\u00e9ho portf\u00f3lia - digitWin\" \/>\n<meta property=\"og:description\" content=\"Vyu\u017e\u00edvajte len aplik\u00e1cie, ktor\u00e9 s\u00fa nevyhnutn\u00e9 pre dodanie Va\u0161ich k\u013e\u00fa\u010dov\u00fdch produktov a\u202fslu\u017eieb, efekt\u00edvne, bez nadbyto\u010dn\u00fdch n\u00e1kladov a\u202fr\u00fdchlo.\" \/>\n<meta property=\"og:url\" content=\"https:\/\/digitwin-ce.com\/biznis-oblasti\/racionalizacia-aplikacneho-portfolia\/\" \/>\n<meta property=\"og:site_name\" content=\"digitWin\" \/>\n<meta property=\"article:modified_time\" content=\"2021-03-10T18:06:26+00:00\" \/>\n<meta name=\"twitter:card\" content=\"summary_large_image\" \/>\n<meta name=\"twitter:label1\" content=\"Odhadovan\u00e1 doba \u010dten\u00ed\" \/>\n\t<meta name=\"twitter:data1\" content=\"2 minuty\" \/>\n<script type=\"application\/ld+json\" class=\"yoast-schema-graph\">{\"@context\":\"https:\/\/schema.org\",\"@graph\":[{\"@type\":\"Organization\",\"@id\":\"https:\/\/www.digitwin-ce.com\/#organization\",\"name\":\"digitWin, s.r.o.\",\"url\":\"https:\/\/www.digitwin-ce.com\/\",\"sameAs\":[\"https:\/\/www.linkedin.com\/company\/digitwin-ce\/about\/\"],\"logo\":{\"@type\":\"ImageObject\",\"@id\":\"https:\/\/www.digitwin-ce.com\/#logo\",\"inLanguage\":\"cs\",\"url\":\"https:\/\/www.digitwin-ce.com\/wp-content\/uploads\/2021\/03\/digitWin_logo_small.png\",\"contentUrl\":\"https:\/\/www.digitwin-ce.com\/wp-content\/uploads\/2021\/03\/digitWin_logo_small.png\",\"width\":410,\"height\":200,\"caption\":\"digitWin, s.r.o.\"},\"image\":{\"@id\":\"https:\/\/www.digitwin-ce.com\/#logo\"}},{\"@type\":\"WebSite\",\"@id\":\"https:\/\/www.digitwin-ce.com\/#website\",\"url\":\"https:\/\/www.digitwin-ce.com\/\",\"name\":\"digitWin\",\"description\":\"holistick\u00e1 architekt\u00fara \/ enterprise n\u00e1stroj \/ rie\u0161enie\",\"publisher\":{\"@id\":\"https:\/\/www.digitwin-ce.com\/#organization\"},\"potentialAction\":[{\"@type\":\"SearchAction\",\"target\":{\"@type\":\"EntryPoint\",\"urlTemplate\":\"https:\/\/www.digitwin-ce.com\/?s={search_term_string}\"},\"query-input\":\"required name=search_term_string\"}],\"inLanguage\":\"cs\"},{\"@type\":\"WebPage\",\"@id\":\"https:\/\/digitwin-ce.com\/biznis-oblasti\/racionalizacia-aplikacneho-portfolia\/#webpage\",\"url\":\"https:\/\/digitwin-ce.com\/biznis-oblasti\/racionalizacia-aplikacneho-portfolia\/\",\"name\":\"Racionaliz\u00e1cia aplika\u010dn\u00e9ho portf\u00f3lia - digitWin\",\"isPartOf\":{\"@id\":\"https:\/\/www.digitwin-ce.com\/#website\"},\"datePublished\":\"2021-03-10T10:17:47+00:00\",\"dateModified\":\"2021-03-10T18:06:26+00:00\",\"description\":\"Vyu\u017e\u00edvajte len aplik\u00e1cie, ktor\u00e9 s\u00fa nevyhnutn\u00e9 pre dodanie Va\u0161ich k\u013e\u00fa\u010dov\u00fdch produktov a\u202fslu\u017eieb, efekt\u00edvne, bez nadbyto\u010dn\u00fdch n\u00e1kladov a\u202fr\u00fdchlo.\",\"breadcrumb\":{\"@id\":\"https:\/\/digitwin-ce.com\/biznis-oblasti\/racionalizacia-aplikacneho-portfolia\/#breadcrumb\"},\"inLanguage\":\"cs\",\"potentialAction\":[{\"@type\":\"ReadAction\",\"target\":[\"https:\/\/digitwin-ce.com\/biznis-oblasti\/racionalizacia-aplikacneho-portfolia\/\"]}]},{\"@type\":\"BreadcrumbList\",\"@id\":\"https:\/\/digitwin-ce.com\/biznis-oblasti\/racionalizacia-aplikacneho-portfolia\/#breadcrumb\",\"itemListElement\":[{\"@type\":\"ListItem\",\"position\":1,\"name\":\"Domovsk\u00e1 str\u00e1nka\",\"item\":\"https:\/\/www.digitwin-ce.com\/\"},{\"@type\":\"ListItem\",\"position\":2,\"name\":\"Biznis oblasti\",\"item\":\"https:\/\/www.digitwin-ce.com\/biznis-oblasti\/\"},{\"@type\":\"ListItem\",\"position\":3,\"name\":\"Racionaliz\u00e1cia aplika\u010dn\u00e9ho portf\u00f3lia\"}]}]}<\/script>\n<!-- \/ Yoast SEO plugin. -->","yoast_head_json":{"title":"Racionaliz\u00e1cia aplika\u010dn\u00e9ho portf\u00f3lia - digitWin","description":"Vyu\u017e\u00edvajte len aplik\u00e1cie, ktor\u00e9 s\u00fa nevyhnutn\u00e9 pre dodanie Va\u0161ich k\u013e\u00fa\u010dov\u00fdch produktov a\u202fslu\u017eieb, efekt\u00edvne, bez nadbyto\u010dn\u00fdch n\u00e1kladov a\u202fr\u00fdchlo.","robots":{"index":"index","follow":"follow","max-snippet":"max-snippet:-1","max-image-preview":"max-image-preview:large","max-video-preview":"max-video-preview:-1"},"canonical":"https:\/\/digitwin-ce.com\/biznis-oblasti\/racionalizacia-aplikacneho-portfolia\/","og_locale":"cs_CZ","og_type":"article","og_title":"Racionaliz\u00e1cia aplika\u010dn\u00e9ho portf\u00f3lia - digitWin","og_description":"Vyu\u017e\u00edvajte len aplik\u00e1cie, ktor\u00e9 s\u00fa nevyhnutn\u00e9 pre dodanie Va\u0161ich k\u013e\u00fa\u010dov\u00fdch produktov a\u202fslu\u017eieb, efekt\u00edvne, bez nadbyto\u010dn\u00fdch n\u00e1kladov a\u202fr\u00fdchlo.","og_url":"https:\/\/digitwin-ce.com\/biznis-oblasti\/racionalizacia-aplikacneho-portfolia\/","og_site_name":"digitWin","article_modified_time":"2021-03-10T18:06:26+00:00","twitter_card":"summary_large_image","twitter_misc":{"Odhadovan\u00e1 doba \u010dten\u00ed":"2 minuty"},"schema":{"@context":"https:\/\/schema.org","@graph":[{"@type":"Organization","@id":"https:\/\/www.digitwin-ce.com\/#organization","name":"digitWin, s.r.o.","url":"https:\/\/www.digitwin-ce.com\/","sameAs":["https:\/\/www.linkedin.com\/company\/digitwin-ce\/about\/"],"logo":{"@type":"ImageObject","@id":"https:\/\/www.digitwin-ce.com\/#logo","inLanguage":"cs","url":"https:\/\/www.digitwin-ce.com\/wp-content\/uploads\/2021\/03\/digitWin_logo_small.png","contentUrl":"https:\/\/www.digitwin-ce.com\/wp-content\/uploads\/2021\/03\/digitWin_logo_small.png","width":410,"height":200,"caption":"digitWin, s.r.o."},"image":{"@id":"https:\/\/www.digitwin-ce.com\/#logo"}},{"@type":"WebSite","@id":"https:\/\/www.digitwin-ce.com\/#website","url":"https:\/\/www.digitwin-ce.com\/","name":"digitWin","description":"holistick\u00e1 architekt\u00fara \/ enterprise n\u00e1stroj \/ rie\u0161enie","publisher":{"@id":"https:\/\/www.digitwin-ce.com\/#organization"},"potentialAction":[{"@type":"SearchAction","target":{"@type":"EntryPoint","urlTemplate":"https:\/\/www.digitwin-ce.com\/?s={search_term_string}"},"query-input":"required name=search_term_string"}],"inLanguage":"cs"},{"@type":"WebPage","@id":"https:\/\/digitwin-ce.com\/biznis-oblasti\/racionalizacia-aplikacneho-portfolia\/#webpage","url":"https:\/\/digitwin-ce.com\/biznis-oblasti\/racionalizacia-aplikacneho-portfolia\/","name":"Racionaliz\u00e1cia aplika\u010dn\u00e9ho portf\u00f3lia - digitWin","isPartOf":{"@id":"https:\/\/www.digitwin-ce.com\/#website"},"datePublished":"2021-03-10T10:17:47+00:00","dateModified":"2021-03-10T18:06:26+00:00","description":"Vyu\u017e\u00edvajte len aplik\u00e1cie, ktor\u00e9 s\u00fa nevyhnutn\u00e9 pre dodanie Va\u0161ich k\u013e\u00fa\u010dov\u00fdch produktov a\u202fslu\u017eieb, efekt\u00edvne, bez nadbyto\u010dn\u00fdch n\u00e1kladov a\u202fr\u00fdchlo.","breadcrumb":{"@id":"https:\/\/digitwin-ce.com\/biznis-oblasti\/racionalizacia-aplikacneho-portfolia\/#breadcrumb"},"inLanguage":"cs","potentialAction":[{"@type":"ReadAction","target":["https:\/\/digitwin-ce.com\/biznis-oblasti\/racionalizacia-aplikacneho-portfolia\/"]}]},{"@type":"BreadcrumbList","@id":"https:\/\/digitwin-ce.com\/biznis-oblasti\/racionalizacia-aplikacneho-portfolia\/#breadcrumb","itemListElement":[{"@type":"ListItem","position":1,"name":"Domovsk\u00e1 str\u00e1nka","item":"https:\/\/www.digitwin-ce.com\/"},{"@type":"ListItem","position":2,"name":"Biznis oblasti","item":"https:\/\/www.digitwin-ce.com\/biznis-oblasti\/"},{"@type":"ListItem","position":3,"name":"Racionaliz\u00e1cia aplika\u010dn\u00e9ho portf\u00f3lia"}]}]}},"_links":{"self":[{"href":"https:\/\/www.digitwin-ce.com\/cz\/wp-json\/wp\/v2\/pages\/3206"}],"collection":[{"href":"https:\/\/www.digitwin-ce.com\/cz\/wp-json\/wp\/v2\/pages"}],"about":[{"href":"https:\/\/www.digitwin-ce.com\/cz\/wp-json\/wp\/v2\/types\/page"}],"author":[{"embeddable":true,"href":"https:\/\/www.digitwin-ce.com\/cz\/wp-json\/wp\/v2\/users\/1"}],"replies":[{"embeddable":true,"href":"https:\/\/www.digitwin-ce.com\/cz\/wp-json\/wp\/v2\/comments?post=3206"}],"version-history":[{"count":1,"href":"https:\/\/www.digitwin-ce.com\/cz\/wp-json\/wp\/v2\/pages\/3206\/revisions"}],"predecessor-version":[{"id":3207,"href":"https:\/\/www.digitwin-ce.com\/cz\/wp-json\/wp\/v2\/pages\/3206\/revisions\/3207"}],"up":[{"embeddable":true,"href":"https:\/\/www.digitwin-ce.com\/cz\/wp-json\/wp\/v2\/pages\/7"}],"wp:attachment":[{"href":"https:\/\/www.digitwin-ce.com\/cz\/wp-json\/wp\/v2\/media?parent=3206"}],"curies":[{"name":"wp","href":"https:\/\/api.w.org\/{rel}","templated":true}]}}